{"id":170583,"date":"2025-04-18T18:58:19","date_gmt":"2025-04-18T18:58:19","guid":{"rendered":"https:\/\/ruumistruumi.ee\/pood\/nutikas-ukselukk-avatto-sdl-s1-b80-sormejalg-ic-kaart-bluetooth-80-mm-must\/"},"modified":"2025-08-21T08:19:32","modified_gmt":"2025-08-21T08:19:32","slug":"nutikas-ukselukk-avatto-sdl-s1-b80-sormejalg-ic-kaart-bluetooth-80-mm-must","status":"publish","type":"product","link":"https:\/\/blankpage.ee\/_ruumist-ruumi\/pood\/nutikas-ukselukk-avatto-sdl-s1-b80-sormejalg-ic-kaart-bluetooth-80-mm-must\/","title":{"rendered":"Nutikas ukselukk Avatto SDL-S1-B80 (s\u00f5rmej\u00e4lg, IC-kaart, Bluetooth, 80 mm, must)"},"content":{"rendered":"<h3>Nutikas ukselukk Avatto SDL-S1-B80 \u2013 s\u00f5rmej\u00e4lg, IC-kaart, Bluetooth, must<\/h3>\n<p>Avatto SDL-S1-B80 nutikas ukselukk pakub kaasaegset ja turvalist lahendust ukse avamiseks mitmel erineval moel: kiire s\u00f5rmej\u00e4lje tuvastuse, IC-kaardi, Bluetooth-\u00fchendusega Tuya mobiilirakenduse ning tavalise v\u00f5tmega. T\u00f5hus kaugjuhtimine v\u00f5imaldab ligip\u00e4\u00e4se mugavalt haldada ka eemal viibides ning kogu seadme kasutamine on lihtne ja intuitiivne.<\/p>\n<p>\n<img decoding=\"async\" src=\"https:\/\/blankpage.ee\/_ruumist-ruumi\/wp-content\/uploads\/2025\/04\/1-271.webp\" alt=\"Nutikas ukselukk Avatto SDL-S1-B80 must silinder ukse jaoks\"\/>\n<\/p>\n<h3>Mitu avamisv\u00f5imalust nutilahele<\/h3>\n<p>SDL-S1-B80 v\u00f5imaldab avamist neljal viisil: kiire ja t\u00e4pne 360\u00b0 s\u00f5rmej\u00e4ljetuvastus (vaid 0,3 sekundi jooksul), mugav IC-kaart, kaugjuhtimine Tuya mobiilirakenduse kaudu ning vajadusel klassikaline mehaaniline v\u00f5ti. See teeb lahenduse sobivaks nii pere k\u00f5ikidele liikmetele kui ka k\u00fclalistele.<\/p>\n<p>\n<img decoding=\"async\" src=\"https:\/\/blankpage.ee\/_ruumist-ruumi\/wp-content\/uploads\/2025\/04\/4-245.webp\" alt=\"Ukse avamine nutika ukselukuga \u2013 s\u00f5rmej\u00e4lje ja IC-kaardi kasutamine\"\/>\n<\/p>\n<h3>Lihtne paigaldus igale uksele<\/h3>\n<p>Uue uksesisu paigaldamiseks piisab \u00fchest kuuskantv\u00f5tmest ja t\u00f6\u00f6 saab tehtud umbes 10 minutiga. Ukse ega lengi ehituslik \u00fcmbertegemine pole vajalik. T\u00e4nu reguleeritavale pikkusele sobib Uksesilinder enamikele ustele ning asendab h\u00f5lpsalt tavalise luku s\u00fcdamiku.<\/p>\n<p>\n<img decoding=\"async\" src=\"https:\/\/blankpage.ee\/_ruumist-ruumi\/wp-content\/uploads\/2025\/04\/5-215.webp\" alt=\"Digitaalne must uksesilinder \u2014 paigaldusprotsess nutikale ukselukule\"\/>\n<\/p>\n<h3>Kaugjuhtimine ja kasutajate haldamine Tuya rakendusega<\/h3>\n<p>Kasutades Tuya nutirakendust, saate h\u00f5lpsalt hallata ligip\u00e4\u00e4se, j\u00e4lgida avamiste ajalugu, lisada ja eemaldada kasutajaid ning m\u00e4\u00e4rata erinevaid ligip\u00e4\u00e4sutasemeid. See annab \u00fclevaate teie kodu turvalisusest igal ajal, olenemata asukohast.<\/p>\n<p>\n<img decoding=\"async\" src=\"https:\/\/blankpage.ee\/_ruumist-ruumi\/wp-content\/uploads\/2025\/04\/7-169.webp\" alt=\"Nutika ukseluku kaugjuhtimine Tuya rakenduse abil\"\/>\n<\/p>\n<h3>Energias\u00e4\u00e4stlik ja t\u00f6\u00f6kindel digitaalne uksesilinder<\/h3>\n<p>Seade t\u00f6\u00f6tab CR123A patareiga. T\u00e4nu madalale energiatarbimisele kestab aku kaua ning madala laetuse korral saadetakse automaatne m\u00e4rguanne. H\u00e4daolukorraks on olemas USB-laadimisliides.<\/p>\n<p>\n<img decoding=\"async\" src=\"https:\/\/blankpage.ee\/_ruumist-ruumi\/wp-content\/uploads\/2025\/04\/3-252.webp\" alt=\"Nutikas uksesilinder patarei ja USB-laadimisega\"\/>\n<\/p>\n<h3>Kvaliteetne ja vastupidav nutikas ukselukk igasse koju<\/h3>\n<p>Avatto nutikas ukselukk on valmistatud kvaliteetsetest, vastupidavatest materjalidest \u2013 see on vastupidav nii mehaanilistele m\u00f5jutustele kui ka veele. 360\u00b0 s\u00f5rmej\u00e4lje tuvastus ning tugev korpus tagavad pika kasutusea ja k\u00f5rge turvalisuse igap\u00e4evasel kasutamisel.<\/p>\n<p>\n<img decoding=\"async\" src=\"https:\/\/blankpage.ee\/_ruumist-ruumi\/wp-content\/uploads\/2025\/04\/2-275.webp\" alt=\"Veekindel digitaalne uksesilinder Avatto tugevast materjalist\"\/>\n<\/p>\n<div class=\"table-wrapper\">\n<table>\n<tbody>\n<tr>\n<th>Tootja<\/th>\n<td>Avatto<\/td>\n<\/tr>\n<tr>\n<th>Mudel<\/th>\n<td>SDL-S1-B80<\/td>\n<\/tr>\n<tr>\n<th>Avamisviisid<\/th>\n<td>S\u00f5rmej\u00e4lg, IC-kaart, Tuya rakendus, mehaaniline v\u00f5ti<\/td>\n<\/tr>\n<tr>\n<th>Toide<\/th>\n<td>CR123A patarei<\/td>\n<\/tr>\n<tr>\n<th>S\u00f5rmej\u00e4lje tuvastuse aeg<\/th>\n<td>0,3 s<\/td>\n<\/tr>\n<tr>\n<th>Maksimaalne kasutajate arv<\/th>\n<td>Kuni 100<\/td>\n<\/tr>\n<tr>\n<th>\u00dchenduvus<\/th>\n<td>Bluetooth Low Energy (BLE)<\/td>\n<\/tr>\n<tr>\n<th>Madala aku hoiatus<\/th>\n<td>Jah<\/td>\n<\/tr>\n<tr>\n<th>Veekindlus<\/th>\n<td>Jah<\/td>\n<\/tr>\n<tr>\n<th>USB-laadimisliides<\/th>\n<td>Jah<\/td>\n<\/tr>\n<tr>\n<th>M\u00f5\u00f5dud<\/th>\n<td>170 \u00d7 100 \u00d7 80 mm<\/td>\n<\/tr>\n<tr>\n<th>Silindri pikkus<\/th>\n<td>80 mm<\/td>\n<\/tr>\n<tr>\n<th>Kaal<\/th>\n<td>0,55 kg<\/td>\n<\/tr>\n<tr>\n<th>V\u00e4rvus<\/th>\n<td>Must<\/td>\n<\/tr>\n<\/tbody>\n<\/table>\n<\/div>\n","protected":false},"excerpt":{"rendered":"<p>Nutikas ukselukk Avatto SDL-S1-B80 \u2013 s\u00f5rmej\u00e4lg, IC-kaart, Bluetooth, must Avatto SDL-S1-B80 nutikas ukselukk pakub kaasaegset ja turvalist lahendust ukse avamiseks mitmel erineval moel: kiire s\u00f5rmej\u00e4lje tuvastuse, IC-kaardi, Bluetooth-\u00fchendusega Tuya mobiilirakenduse ning tavalise v\u00f5tmega. T\u00f5hus kaugjuhtimine v\u00f5imaldab ligip\u00e4\u00e4se mugavalt haldada ka eemal viibides ning kogu seadme kasutamine on lihtne ja intuitiivne. Mitu avamisv\u00f5imalust nutilahele SDL-S1-B80 v\u00f5imaldab [&hellip;]<\/p>\n","protected":false},"featured_media":170590,"comment_status":"open","ping_status":"open","template":"","meta":[],"product_brand":[3063],"product_cat":[3044],"product_tag":[],"class_list":{"0":"post-170583","1":"product","2":"type-product","3":"status-publish","4":"has-post-thumbnail","6":"product_brand-avatto","7":"product_cat-juurdepaasu-kontroll","8":"product_shipping_class-innpro","10":"first","11":"instock","12":"sale","13":"taxable","14":"shipping-taxable","15":"purchasable","16":"product-type-simple"},"_links":{"self":[{"href":"https:\/\/blankpage.ee\/_ruumist-ruumi\/wp-json\/wp\/v2\/product\/170583","targetHints":{"allow":["GET"]}}],"collection":[{"href":"https:\/\/blankpage.ee\/_ruumist-ruumi\/wp-json\/wp\/v2\/product"}],"about":[{"href":"https:\/\/blankpage.ee\/_ruumist-ruumi\/wp-json\/wp\/v2\/types\/product"}],"replies":[{"embeddable":true,"href":"https:\/\/blankpage.ee\/_ruumist-ruumi\/wp-json\/wp\/v2\/comments?post=170583"}],"wp:featuredmedia":[{"embeddable":true,"href":"https:\/\/blankpage.ee\/_ruumist-ruumi\/wp-json\/wp\/v2\/media\/170590"}],"wp:attachment":[{"href":"https:\/\/blankpage.ee\/_ruumist-ruumi\/wp-json\/wp\/v2\/media?parent=170583"}],"wp:term":[{"taxonomy":"product_brand","embeddable":true,"href":"https:\/\/blankpage.ee\/_ruumist-ruumi\/wp-json\/wp\/v2\/product_brand?post=170583"},{"taxonomy":"product_cat","embeddable":true,"href":"https:\/\/blankpage.ee\/_ruumist-ruumi\/wp-json\/wp\/v2\/product_cat?post=170583"},{"taxonomy":"product_tag","embeddable":true,"href":"https:\/\/blankpage.ee\/_ruumist-ruumi\/wp-json\/wp\/v2\/product_tag?post=170583"}],"curies":[{"name":"wp","href":"https:\/\/api.w.org\/{rel}","templated":true}]}}