{"id":170656,"date":"2025-04-18T19:04:07","date_gmt":"2025-04-18T19:04:07","guid":{"rendered":"https:\/\/ruumistruumi.ee\/pood\/nutikas-ukselukk-switchbot-lock-pro-bluetooth-automaatlukustus\/"},"modified":"2025-08-21T08:19:30","modified_gmt":"2025-08-21T08:19:30","slug":"nutikas-ukselukk-switchbot-lock-pro-bluetooth-automaatlukustus","status":"publish","type":"product","link":"https:\/\/blankpage.ee\/_ruumist-ruumi\/pood\/nutikas-ukselukk-switchbot-lock-pro-bluetooth-automaatlukustus\/","title":{"rendered":"Nutikas ukselukk SwitchBot Lock Pro (Bluetooth, automaatlukustus)"},"content":{"rendered":"<h3>Nutikas ukselukk SwitchBot Lock Pro (Bluetooth, automaatlukustus)<\/h3>\n<p>Nutikas ukselukk SwitchBot Lock Pro toob sinu koju t\u00e4iustatud turvalisuse ja mugavuse. Selle aruka seadme abil saad ust avada erinevatel viisidel ning hallata lukku spetsiaalse mobiilirakendusega kas v\u00f5i distantsilt. Automaatne lukustus kindlustab, et uks on alati suletud ning turvaline, aidates sul v\u00e4ltida muret, kas lukk on kindlasti peale j\u00e4\u00e4nud. Paigaldus on kiire ja lihtne ning v\u00f5id j\u00e4tkata olemasolevate v\u00f5tmete kasutamist.<\/p>\n<p><img decoding=\"async\" src=\"https:\/\/blankpage.ee\/_ruumist-ruumi\/wp-content\/uploads\/2025\/04\/12-9.webp\" alt=\"nutikas ukselukk SwitchBot Lock Pro l\u00e4hiv\u00f5te\" border=\"0\" \/><\/p>\n<h3>Turvalisus ja meelerahu nutika ukse lukuga<\/h3>\n<p>Automaatlukustuse funktsioon hoiab kodu alati kaitstuna, lukustades ukse vastavalt selle asendile. Mobiilirakendus saadab teavitusi, kui uks j\u00e4\u00e4b lahti, ning v\u00f5imaldab j\u00e4lgida, millal ja kes ust avas v\u00f5i sulges. Nii saad kindel olla, et su kodu on alati kontrolli all ka siis, kui ise eemal viibid.<\/p>\n<p><img decoding=\"async\" src=\"https:\/\/blankpage.ee\/_ruumist-ruumi\/wp-content\/uploads\/2025\/04\/11-24.webp\" alt=\"ukseluku automaatse lukustumise illustratsioon\" border=\"0\" \/><\/p>\n<h3>Mitmek\u00fclgsed avamis- ja juhtimisv\u00f5imalused<\/h3>\n<p>Nutikas ukselukk v\u00f5imaldab ust avada Bluetoothi kaudu nutitelefonist ning jagada \u00f5igusi teistele pereliikmetele v\u00f5i k\u00fclalistele. Soovi korral saad kasutada ka traditsioonilist v\u00f5tit. Kui lisandub numbriklahvistik (Keypad), saab ust avada PIN-koodi, s\u00f5rmej\u00e4lje v\u00f5i NFC-kaardiga. Koos SwitchBot Hub 2-ga (saadaval eraldi) on v\u00f5imalik lukku juhtida ka h\u00e4\u00e4lk\u00e4sklustega ning siduda Apple Home\u2019iga.<\/p>\n<p><img decoding=\"async\" src=\"https:\/\/blankpage.ee\/_ruumist-ruumi\/wp-content\/uploads\/2025\/04\/4-252.webp\" alt=\"ukseluku juhtimine nutitelefoniga\" border=\"0\" \/><\/p>\n<h3>Pikk akukestvus ja paindlik toiteallikas<\/h3>\n<p>Seda arukat lukku toidavad 4 AA patareid, mis kestavad kuni 9 kuud. Kui patareid hakkavad t\u00fchjenema, v\u00f5id kasutada varutoiteallikat ning h\u00e4daolukorras on ukse avamine alati tagatud. Soetades Dual Power Packi, pikeneb t\u00f6\u00f6aeg kuni 12 kuuni ning automaatne \u00fcmberl\u00fclitus kaitseb luku t\u00f6\u00f6kindlust ka voolukatkestuse korral.<\/p>\n<p><img decoding=\"async\" src=\"https:\/\/blankpage.ee\/_ruumist-ruumi\/wp-content\/uploads\/2025\/04\/9-75.webp\" alt=\"LED-indikaatoritega nutikas lukk paigaldatud uksele\" border=\"0\" \/><\/p>\n<h3>Modernne minimalistlik disain<\/h3>\n<p>Alumiiniumkorpusega nutikas ukselukk SwitchBot Lock Pro sobitub kaasaegsetesse interj\u00f6\u00f6ridesse. Kiirlukustuse (Quick Key) funktsioon v\u00f5imaldab ust kiiresti ja intuitiivselt avada. T\u00e4nu lihtsale paigaldusele sobib modernne ukse lukk enamikele ust\u00fc\u00fcpidele ja s\u00e4ilitab v\u00f5imaluse kasutada olemasolevaid v\u00f5tmeid.<\/p>\n<p><img decoding=\"async\" src=\"https:\/\/blankpage.ee\/_ruumist-ruumi\/wp-content\/uploads\/2025\/04\/5-222.webp\" alt=\"modernse disainiga ukse lukk\" border=\"0\" \/><\/p>\n<div class=\"table-wrapper\">\n<h3>Tehnilised andmed<\/h3>\n<table>\n<tbody>\n<tr>\n<th>Tootja<\/th>\n<td>SwitchBot<\/td>\n<\/tr>\n<tr>\n<th>Mudel<\/th>\n<td>Lock Pro<\/td>\n<\/tr>\n<tr>\n<th>Avamisviisid<\/th>\n<td>Bluetooth \/ \u00fchiskasutus \/ f\u00fc\u00fcsiline v\u00f5ti<\/td>\n<\/tr>\n<tr>\n<th>\u00dchenduvus<\/th>\n<td>Bluetooth 4.2 v\u00f5i uuem<\/td>\n<\/tr>\n<tr>\n<th>Toide<\/th>\n<td>4 x AA patarei (1,5V 2900 mAh)<\/td>\n<\/tr>\n<tr>\n<th>Akukestvus<\/th>\n<td>Kuni 9 kuud<\/td>\n<\/tr>\n<tr>\n<th>Materjal<\/th>\n<td>Alumiinium-magneesiumisulamid, PC+ABS<\/td>\n<\/tr>\n<tr>\n<th>S\u00fcsteemin\u00f5uded<\/th>\n<td>iOS 14.0+, Android OS 5.0+<\/td>\n<\/tr>\n<tr>\n<th>T\u00f6\u00f6temperatuur<\/th>\n<td>-10\u00b0C kuni 45\u00b0C<\/td>\n<\/tr>\n<tr>\n<th>\u00d5huniiskus<\/th>\n<td>10%\u201390%<\/td>\n<\/tr>\n<tr>\n<th>Kasutuskoht<\/th>\n<td>Siseruumides<\/td>\n<\/tr>\n<tr>\n<th>M\u00f5\u00f5dud<\/th>\n<td>120 x 59 x 83,9 mm<\/td>\n<\/tr>\n<tr>\n<th>Kaal<\/th>\n<td>435 g<\/td>\n<\/tr>\n<\/tbody>\n<\/table>\n<\/div>\n","protected":false},"excerpt":{"rendered":"<p>Nutikas ukselukk SwitchBot Lock Pro (Bluetooth, automaatlukustus) Nutikas ukselukk SwitchBot Lock Pro toob sinu koju t\u00e4iustatud turvalisuse ja mugavuse. Selle aruka seadme abil saad ust avada erinevatel viisidel ning hallata lukku spetsiaalse mobiilirakendusega kas v\u00f5i distantsilt. Automaatne lukustus kindlustab, et uks on alati suletud ning turvaline, aidates sul v\u00e4ltida muret, kas lukk on kindlasti peale [&hellip;]<\/p>\n","protected":false},"featured_media":170662,"comment_status":"open","ping_status":"closed","template":"","meta":[],"product_brand":[3062],"product_cat":[3044],"product_tag":[],"class_list":{"0":"post-170656","1":"product","2":"type-product","3":"status-publish","4":"has-post-thumbnail","6":"product_brand-switchbot","7":"product_cat-juurdepaasu-kontroll","8":"product_shipping_class-innpro","10":"first","11":"instock","12":"sale","13":"taxable","14":"shipping-taxable","15":"purchasable","16":"product-type-simple"},"_links":{"self":[{"href":"https:\/\/blankpage.ee\/_ruumist-ruumi\/wp-json\/wp\/v2\/product\/170656","targetHints":{"allow":["GET"]}}],"collection":[{"href":"https:\/\/blankpage.ee\/_ruumist-ruumi\/wp-json\/wp\/v2\/product"}],"about":[{"href":"https:\/\/blankpage.ee\/_ruumist-ruumi\/wp-json\/wp\/v2\/types\/product"}],"replies":[{"embeddable":true,"href":"https:\/\/blankpage.ee\/_ruumist-ruumi\/wp-json\/wp\/v2\/comments?post=170656"}],"wp:featuredmedia":[{"embeddable":true,"href":"https:\/\/blankpage.ee\/_ruumist-ruumi\/wp-json\/wp\/v2\/media\/170662"}],"wp:attachment":[{"href":"https:\/\/blankpage.ee\/_ruumist-ruumi\/wp-json\/wp\/v2\/media?parent=170656"}],"wp:term":[{"taxonomy":"product_brand","embeddable":true,"href":"https:\/\/blankpage.ee\/_ruumist-ruumi\/wp-json\/wp\/v2\/product_brand?post=170656"},{"taxonomy":"product_cat","embeddable":true,"href":"https:\/\/blankpage.ee\/_ruumist-ruumi\/wp-json\/wp\/v2\/product_cat?post=170656"},{"taxonomy":"product_tag","embeddable":true,"href":"https:\/\/blankpage.ee\/_ruumist-ruumi\/wp-json\/wp\/v2\/product_tag?post=170656"}],"curies":[{"name":"wp","href":"https:\/\/api.w.org\/{rel}","templated":true}]}}