{"id":170690,"date":"2025-04-18T19:04:07","date_gmt":"2025-04-18T19:04:07","guid":{"rendered":"https:\/\/ruumistruumi.ee\/pood\/nutikas-led-ribavalgus-avatto-sls06-55-65-hdmi-wi-fi-tuya-alexa\/"},"modified":"2025-08-21T08:19:30","modified_gmt":"2025-08-21T08:19:30","slug":"nutikas-led-ribavalgus-avatto-sls06-55-65-hdmi-wi-fi-tuya-alexa","status":"publish","type":"product","link":"https:\/\/blankpage.ee\/_ruumist-ruumi\/pood\/nutikas-led-ribavalgus-avatto-sls06-55-65-hdmi-wi-fi-tuya-alexa\/","title":{"rendered":"Nutikas LED ribavalgus Avatto SLS06 55\u201365&#8221; (HDMI, Wi-Fi, Tuya, Alexa)"},"content":{"rendered":"<h3>Nutikas LED ribavalgus Avatto SLS06 55\u201365&#8221; (HDMI, Wi-Fi, Tuya, Alexa)<\/h3>\n<p>Nutikas LED ribavalgus Avatto SLS06 on kaasaegne taustavalgustus, mis muudab teleka vaatamise ja m\u00e4ngimise elamused p\u00f5nevamaks. See nutikas LED ribavalgus \u00fchildub sujuvalt Alexa ja Google Home s\u00fcsteemidega ning seda saab h\u00f5lpsalt juhtida Tuya ja Smart Life rakenduste kaudu. Valguse seadistamine on lihtne ja mugav, sobides suurep\u00e4raselt erinevate meeleolude ning meediumite t\u00e4iustamiseks.<\/p>\n<p><img decoding=\"async\" src=\"https:\/\/blankpage.ee\/_ruumist-ruumi\/wp-content\/uploads\/2025\/04\/2-283.webp\" alt=\"LED ribavalgus Avatto SLS06 koos toiteadapteri ja juhtimiskarbiga rullis\" \/><\/p>\n<h3>Kvaliteetne v\u00e4rvituvastus ja reaalajas s\u00fcnkroonimine<\/h3>\n<p>Seadme kontroller t\u00f6\u00f6tleb reaalajas HDMI kaudu edastatavat videosignaali ning tuvastab ekraanil kuvatavad v\u00e4rvid t\u00e4nu t\u00e4iustatud FPGA-tehnoloogiale. N\u00f5nda on valgusefektid alati s\u00fcnkroonis ekraanisisuga, pakkudes sujuvat ning kaasahaaravat m\u00e4ngu- ja filmikogemust.<\/p>\n<p><img decoding=\"async\" src=\"https:\/\/blankpage.ee\/_ruumist-ruumi\/wp-content\/uploads\/2025\/04\/9-76.webp\" alt=\"LED valguse juhtimiskontroller HDMI-\u00fchendusega t\u00f6\u00f6hoos\" \/><\/p>\n<h3>Tipptasemel HDMI j\u00f5udlus<\/h3>\n<p>Avatto SLS06 toetab HDMI 2.0b standardit \u2013 kuni 4K eraldusv\u00f5imega (60 fps), YCbCr 4:4:4 ning RGB v\u00e4rviruumi. 1080p resolutsioonil on maksimaalne kaadrisagedus lausa 240 Hz \u2013 see tagab detailse ja sujuva pildi nii filmis\u00f5pradele kui ka spordihuvilistele.<\/p>\n<p><img decoding=\"async\" src=\"https:\/\/blankpage.ee\/_ruumist-ruumi\/wp-content\/uploads\/2025\/04\/8-94.webp\" alt=\"HDMI kaabliga LED ribavalgus teleri taga\" \/><\/p>\n<h3>Lihtne paigaldada ja automaatse tuvastusega<\/h3>\n<p>LED-riba paigaldamine on lihtne ega n\u00f5ua eriteadmisi \u2013 automaatne tuvastusfunktsioon v\u00f5imaldab s\u00fcsteemi kohe p\u00e4rast \u00fchendamist kasutama hakata ning tagab muretu kasutuselev\u00f5tu.<\/p>\n<p><img decoding=\"async\" src=\"https:\/\/blankpage.ee\/_ruumist-ruumi\/wp-content\/uploads\/2025\/04\/3-261.webp\" alt=\"LED ribavalgus paigaldatuna teleri tagak\u00fcljel\" \/><\/p>\n<h3>T\u00e4ielik kontroll \u00e4pi ja h\u00e4\u00e4lk\u00e4sklustega<\/h3>\n<p>Toodet saab mugavalt juhtida nutitelefoni rakenduse v\u00f5i h\u00e4\u00e4lassistentide (Alexa, Google Home) kaudu \u2013 tehes valgusseadete muutmise v\u00f5imalikuks k\u00e4ed-vabalt.<\/p>\n<p><img decoding=\"async\" src=\"https:\/\/blankpage.ee\/_ruumist-ruumi\/wp-content\/uploads\/2025\/04\/6-202.webp\" alt=\"Nutikas LED ribavalgus juhtimine rakenduse kaudu\" \/><\/p>\n<h3>Mitu valgusre\u017eiimi ja stseeni<\/h3>\n<p>Valikus on erinevad valgusre\u017eiimid nagu muusika, video ning lai ekraan, samuti 12 stseeni (nt romantiline, v\u00e4rviline, unen\u00e4oline), et kohandada valgus vastavalt meeleolule.<\/p>\n<p><img decoding=\"async\" src=\"https:\/\/blankpage.ee\/_ruumist-ruumi\/wp-content\/uploads\/2025\/04\/7-176.webp\" alt=\"LED ribavalguse valgusre\u017eiimid ja stseenide valik\" \/><\/p>\n<h3>Muusikaga s\u00fcnkroonimine<\/h3>\n<p>Sisseehitatud mikrofon v\u00f5imaldab LED-ribal reageerida valgusefektidega muusika v\u00f5i muu heli r\u00fctmile, luues d\u00fcnaamilise atmosf\u00e4\u00e4ri n\u00e4iteks pidudel v\u00f5i \u00fcritustel.<\/p>\n<p><img decoding=\"async\" src=\"https:\/\/blankpage.ee\/_ruumist-ruumi\/wp-content\/uploads\/2025\/04\/1-280.webp\" alt=\"LED ribavalgus, mis vilgub muusika taktis\" \/><\/p>\n<h3>Grupijuhtimine ja seadistuste jagamine<\/h3>\n<p>Valguslahendused saab \u00fchildada mitme seadmega ning jagada kontrolli pereliikmetele, mis on kasulik suuremates ruumides.<\/p>\n<p><img decoding=\"async\" src=\"https:\/\/blankpage.ee\/_ruumist-ruumi\/wp-content\/uploads\/2025\/04\/4-255.webp\" alt=\"Nutikate valgustite grupijuhtimise liides\" \/><\/p>\n<h3>Lai \u00fchilduvus teiste nutiseadmetega<\/h3>\n<p>Avatto LED-riba saab siduda teiste nutiseadmetega, v\u00f5imaldades luua keerukamaid stseene kui n\u00e4iteks &#8220;magama minemise&#8221; v\u00f5i &#8220;kodust lahkumise&#8221; re\u017eiim.<\/p>\n<p><img decoding=\"async\" src=\"https:\/\/blankpage.ee\/_ruumist-ruumi\/wp-content\/uploads\/2025\/04\/5-224.webp\" alt=\"LED ribavalgus kokkusobivatena teiste nutiseadmetega kodus\" \/><\/p>\n<h3>Komplekti kuulub<\/h3>\n<ul>\n<li>LED-riba (sobib 55\u201365-tollisele telerile, pikkus 3,8 m)<\/li>\n<li>Wi-Fi kontroller<\/li>\n<li>Andmekaabel<\/li>\n<li>Kinnitused<\/li>\n<li>Toiteadapter<\/li>\n<li>Kasutusjuhend<\/li>\n<\/ul>\n<h3>Tehnilised andmed<\/h3>\n<table>\n<tbody>\n<tr>\n<th>Toide:<\/th>\n<td>12V 2A<\/td>\n<\/tr>\n<tr>\n<th>LED-t\u00fc\u00fcp:<\/th>\n<td>5050 RGB 2811 IC<\/td>\n<\/tr>\n<tr>\n<th>LED-ide hulk:<\/th>\n<td>30 LED\/m<\/td>\n<\/tr>\n<tr>\n<th>Veekindlus:<\/th>\n<td>IP68<\/td>\n<\/tr>\n<tr>\n<th>Juhtimine:<\/th>\n<td>Tuya Smart, Alexa, Google Home, Smart Life<\/td>\n<\/tr>\n<tr>\n<th>HDMI:<\/th>\n<td>2.0b, HDCP2.2, HDR10, HLG, Dolby Vision<\/td>\n<\/tr>\n<tr>\n<th>Maksimaalne teleri suurus:<\/th>\n<td>120&#8243;<\/td>\n<\/tr>\n<\/tbody>\n<\/table>\n","protected":false},"excerpt":{"rendered":"<p>Nutikas LED ribavalgus Avatto SLS06 55\u201365&#8221; (HDMI, Wi-Fi, Tuya, Alexa) Nutikas LED ribavalgus Avatto SLS06 on kaasaegne taustavalgustus, mis muudab teleka vaatamise ja m\u00e4ngimise elamused p\u00f5nevamaks. See nutikas LED ribavalgus \u00fchildub sujuvalt Alexa ja Google Home s\u00fcsteemidega ning seda saab h\u00f5lpsalt juhtida Tuya ja Smart Life rakenduste kaudu. Valguse seadistamine on lihtne ja mugav, sobides [&hellip;]<\/p>\n","protected":false},"featured_media":170700,"comment_status":"open","ping_status":"closed","template":"","meta":[],"product_brand":[3063],"product_cat":[3033],"product_tag":[],"class_list":{"0":"post-170690","1":"product","2":"type-product","3":"status-publish","4":"has-post-thumbnail","6":"product_brand-avatto","7":"product_cat-led-ribad","8":"product_shipping_class-innpro","10":"first","11":"instock","12":"sale","13":"taxable","14":"shipping-taxable","15":"purchasable","16":"product-type-simple"},"_links":{"self":[{"href":"https:\/\/blankpage.ee\/_ruumist-ruumi\/wp-json\/wp\/v2\/product\/170690","targetHints":{"allow":["GET"]}}],"collection":[{"href":"https:\/\/blankpage.ee\/_ruumist-ruumi\/wp-json\/wp\/v2\/product"}],"about":[{"href":"https:\/\/blankpage.ee\/_ruumist-ruumi\/wp-json\/wp\/v2\/types\/product"}],"replies":[{"embeddable":true,"href":"https:\/\/blankpage.ee\/_ruumist-ruumi\/wp-json\/wp\/v2\/comments?post=170690"}],"wp:featuredmedia":[{"embeddable":true,"href":"https:\/\/blankpage.ee\/_ruumist-ruumi\/wp-json\/wp\/v2\/media\/170700"}],"wp:attachment":[{"href":"https:\/\/blankpage.ee\/_ruumist-ruumi\/wp-json\/wp\/v2\/media?parent=170690"}],"wp:term":[{"taxonomy":"product_brand","embeddable":true,"href":"https:\/\/blankpage.ee\/_ruumist-ruumi\/wp-json\/wp\/v2\/product_brand?post=170690"},{"taxonomy":"product_cat","embeddable":true,"href":"https:\/\/blankpage.ee\/_ruumist-ruumi\/wp-json\/wp\/v2\/product_cat?post=170690"},{"taxonomy":"product_tag","embeddable":true,"href":"https:\/\/blankpage.ee\/_ruumist-ruumi\/wp-json\/wp\/v2\/product_tag?post=170690"}],"curies":[{"name":"wp","href":"https:\/\/api.w.org\/{rel}","templated":true}]}}