{"id":170702,"date":"2025-04-18T19:09:44","date_gmt":"2025-04-18T19:09:44","guid":{"rendered":"https:\/\/ruumistruumi.ee\/pood\/nutikas-videouksekell-avatto-svd01-1080p-wi-fi-4400-mah\/"},"modified":"2025-05-05T08:34:48","modified_gmt":"2025-05-05T08:34:48","slug":"nutikas-videouksekell-avatto-svd01-1080p-wi-fi-4400-mah","status":"publish","type":"product","link":"https:\/\/blankpage.ee\/_ruumist-ruumi\/pood\/nutikas-videouksekell-avatto-svd01-1080p-wi-fi-4400-mah\/","title":{"rendered":"Nutikas videouksekell Avatto SVD01 (1080P, Wi-Fi, 4400 mAh)"},"content":{"rendered":"<h3>Nutikas videouksekell Avatto SVD01 (1080P, Wi-Fi, 4400 mAh)<\/h3>\n<p>Nutikas videouksekell Avatto SVD01 \u00fchendab selge 1080P Full HD pildi ning laia, 150\u00b0 vaatenurgaga kaamera. See tagab, et Teil on alati \u00fclevaade sellest, mis toimub Teie ukse taga. Uksekellal on \u00f6\u00f6n\u00e4gemine, liikumisandur ning v\u00f5imalus kahepoolseks suhtluseks \u2013 n\u00e4ete k\u00fclalisi ning saate nendega suhelda, olenemata oma asukohast. Avatto SVD01 aitab suurendada igap\u00e4evast turvalisust koduukse juures.<\/p>\n<p><img decoding=\"async\" src=\"https:\/\/blankpage.ee\/_ruumist-ruumi\/wp-content\/uploads\/2025\/04\/4-256.webp\" alt=\"nutikas videouksekell ukse ees, Avatto SVD01 eesvaates\" \/><\/p>\n<h3>Kvaliteetne pilt ja kahepoolne suhtlus<\/h3>\n<p>Videouksekella lai vaatenurk v\u00f5imaldab h\u00f5lpsasti j\u00e4lgida kogu ukseesist ala. Integreeritud mikrofon ja k\u00f5lar v\u00f5imaldavad k\u00fclalistega suhelda l\u00e4bi rakenduse. Videopildi ja heli edastus muudavad Avatto SVD01 uksekella usaldusv\u00e4\u00e4rseks valikuks koduturvalisuse jaoks.<\/p>\n<p><img decoding=\"async\" src=\"https:\/\/blankpage.ee\/_ruumist-ruumi\/wp-content\/uploads\/2025\/04\/2-284.webp\" alt=\"videouksekell kahepoolse heliga \u2013 Avatto SVD01\" \/><\/p>\n<h3>Salvestusv\u00f5imalused ja turvalisus<\/h3>\n<p>Avatto SVD01 toetab TF m\u00e4lukaarte (8 kuni 64 GB), mis lubab videote salvestamist korduvkasutataval kandjal. Lisaks on v\u00f5imalus kasutada pilvesalvestust, v\u00f5imaldades hiljem videoid lihtsalt \u00fcle vaadata.<\/p>\n<p><img decoding=\"async\" src=\"https:\/\/blankpage.ee\/_ruumist-ruumi\/wp-content\/uploads\/2025\/04\/5-225.webp\" alt=\"TF m\u00e4lukaart nutika videouksekella sees\" \/><\/p>\n<h3>Lihtne paigaldus ja Family Share funktsioon<\/h3>\n<p>K\u00f5ik m\u00e4rguanded, videok\u00f5ned ja ukse j\u00e4lgimine toimub Smart Life v\u00f5i Tuya Smart rakenduse kaudu. Uksekell t\u00f6\u00f6tab koos Amazon Echo Show ja Google Home Hub seadmetega. Family Share funktsioon v\u00f5imaldab pereliikmetel uksekella mugavalt \u00fchiskasutada, suurendades kogu pere turvalisust.<\/p>\n<p><img decoding=\"async\" src=\"https:\/\/blankpage.ee\/_ruumist-ruumi\/wp-content\/uploads\/2025\/04\/3-262.webp\" alt=\"pereliikmed kasutavad videouksekella rakendusega\" \/><\/p>\n<h3>\u00d6\u00f6n\u00e4gemine ja t\u00e4psed andurid<\/h3>\n<p>T\u00e4nu neljale infrapuna LED-ile, valgus- ja liikumisandurile t\u00f6\u00f6tab uksekell usaldusv\u00e4\u00e4rselt nii p\u00e4eval kui \u00f6\u00f6sel. Telefonile saadetakse automaatsed m\u00e4rguanded, kui ukse ees on tuvastatud liikumist \u2013 Teie kodu j\u00e4\u00e4b \u00f6\u00f6p\u00e4evaringselt valvatuks.<\/p>\n<p><img decoding=\"async\" src=\"https:\/\/blankpage.ee\/_ruumist-ruumi\/wp-content\/uploads\/2025\/04\/6-203.webp\" alt=\"videouksekell Avatto SVD01 \u00f6\u00f6n\u00e4gemisega\" \/><\/p>\n<h3>Tugev aku ja \u00f6konoomne t\u00f6\u00f6<\/h3>\n<p>4400 mAh liitiumaku v\u00f5imaldab seadmel t\u00f6\u00f6tada ootere\u017eiimis kuu aega (10 \u00e4ratust p\u00e4evas, 15 sekundit korraga). Aku laadimine toimub micro-USB kaudu, vajadusel saab kasutada ka akupanka.<\/p>\n<p><img decoding=\"async\" src=\"https:\/\/blankpage.ee\/_ruumist-ruumi\/wp-content\/uploads\/2025\/04\/7-177.webp\" alt=\"videouksekella aku laadimine micro-USB kaudu\" \/><\/p>\n<h3>Tehnilised andmed<\/h3>\n<table>\n<tbody>\n<tr>\n<th>Tootja<\/th>\n<td>Avatto<\/td>\n<\/tr>\n<tr>\n<th>Mudel<\/th>\n<td>SVD01<\/td>\n<\/tr>\n<tr>\n<th>Resolutsioon<\/th>\n<td>1080P Full HD<\/td>\n<\/tr>\n<tr>\n<th>Vaatenurk<\/th>\n<td>150\u00b0<\/td>\n<\/tr>\n<tr>\n<th>Akut\u00fc\u00fcp<\/th>\n<td>liitium<\/td>\n<\/tr>\n<tr>\n<th>Akumaht<\/th>\n<td>4400 mAh<\/td>\n<\/tr>\n<tr>\n<th>T\u00f6\u00f6aeg ootere\u017eiimil<\/th>\n<td>Kuni 1 kuu (10 \u00e4ratust p\u00e4evas, 15 sekundit korraga)<\/td>\n<\/tr>\n<tr>\n<th>TF kaardi tugi<\/th>\n<td>Jah (8\u201364 GB)<\/td>\n<\/tr>\n<tr>\n<th>\u00dchilduvus<\/th>\n<td>Amazon Echo Show, Google Home Hub<\/td>\n<\/tr>\n<tr>\n<th>Rakendused<\/th>\n<td>Smart Life, Tuya Smart<\/td>\n<\/tr>\n<tr>\n<th>M\u00f5\u00f5dud<\/th>\n<td>200 \u00d7 180 \u00d7 50 mm<\/td>\n<\/tr>\n<tr>\n<th>Kaal<\/th>\n<td>0,33 kg<\/td>\n<\/tr>\n<\/tbody>\n<\/table>\n<p>Nutikas videouksekell sobib erinevatele sissep\u00e4\u00e4sudele, v\u00f5imaldades \u00f6\u00f6p\u00e4evaringset turvalisust ja lihtsat j\u00e4lgimist otse rakendusest.<\/p>\n","protected":false},"excerpt":{"rendered":"<p>Nutikas videouksekell Avatto SVD01 (1080P, Wi-Fi, 4400 mAh) Nutikas videouksekell Avatto SVD01 \u00fchendab selge 1080P Full HD pildi ning laia, 150\u00b0 vaatenurgaga kaamera. See tagab, et Teil on alati \u00fclevaade sellest, mis toimub Teie ukse taga. Uksekellal on \u00f6\u00f6n\u00e4gemine, liikumisandur ning v\u00f5imalus kahepoolseks suhtluseks \u2013 n\u00e4ete k\u00fclalisi ning saate nendega suhelda, olenemata oma asukohast. Avatto [&hellip;]<\/p>\n","protected":false},"featured_media":170709,"comment_status":"open","ping_status":"closed","template":"","meta":[],"product_brand":[3063],"product_cat":[3044],"product_tag":[],"class_list":{"0":"post-170702","1":"product","2":"type-product","3":"status-publish","4":"has-post-thumbnail","6":"product_brand-avatto","7":"product_cat-juurdepaasu-kontroll","8":"product_shipping_class-innpro","10":"first","11":"outofstock","12":"taxable","13":"shipping-taxable","14":"purchasable","15":"product-type-simple"},"_links":{"self":[{"href":"https:\/\/blankpage.ee\/_ruumist-ruumi\/wp-json\/wp\/v2\/product\/170702","targetHints":{"allow":["GET"]}}],"collection":[{"href":"https:\/\/blankpage.ee\/_ruumist-ruumi\/wp-json\/wp\/v2\/product"}],"about":[{"href":"https:\/\/blankpage.ee\/_ruumist-ruumi\/wp-json\/wp\/v2\/types\/product"}],"replies":[{"embeddable":true,"href":"https:\/\/blankpage.ee\/_ruumist-ruumi\/wp-json\/wp\/v2\/comments?post=170702"}],"wp:featuredmedia":[{"embeddable":true,"href":"https:\/\/blankpage.ee\/_ruumist-ruumi\/wp-json\/wp\/v2\/media\/170709"}],"wp:attachment":[{"href":"https:\/\/blankpage.ee\/_ruumist-ruumi\/wp-json\/wp\/v2\/media?parent=170702"}],"wp:term":[{"taxonomy":"product_brand","embeddable":true,"href":"https:\/\/blankpage.ee\/_ruumist-ruumi\/wp-json\/wp\/v2\/product_brand?post=170702"},{"taxonomy":"product_cat","embeddable":true,"href":"https:\/\/blankpage.ee\/_ruumist-ruumi\/wp-json\/wp\/v2\/product_cat?post=170702"},{"taxonomy":"product_tag","embeddable":true,"href":"https:\/\/blankpage.ee\/_ruumist-ruumi\/wp-json\/wp\/v2\/product_tag?post=170702"}],"curies":[{"name":"wp","href":"https:\/\/api.w.org\/{rel}","templated":true}]}}