{"id":170711,"date":"2025-04-18T19:09:44","date_gmt":"2025-04-18T19:09:44","guid":{"rendered":"https:\/\/ruumistruumi.ee\/pood\/nutikas-valgustuse-dimmer-shelly-pro-dimmer-1-wi-fi-lan-bluetooth-din-liist-1-kanal-200-w\/"},"modified":"2025-08-21T08:19:29","modified_gmt":"2025-08-21T08:19:29","slug":"nutikas-valgustuse-dimmer-shelly-pro-dimmer-1-wi-fi-lan-bluetooth-din-liist-1-kanal-200-w","status":"publish","type":"product","link":"https:\/\/blankpage.ee\/_ruumist-ruumi\/pood\/nutikas-valgustuse-dimmer-shelly-pro-dimmer-1-wi-fi-lan-bluetooth-din-liist-1-kanal-200-w\/","title":{"rendered":"Nutikas valgustuse dimmer Shelly Pro Dimmer 1 (Wi-Fi, LAN, Bluetooth, DIN-liist, 1 kanal, 200 W)"},"content":{"rendered":"<h3>Nutikas valgustuse dimmer Shelly Pro Dimmer 1 \u2013 \u00fchekanaliline DIN-liistule paigaldatav dimmer nutikaks valguse juhtimiseks<\/h3>\n<p>Shelly Pro Dimmer 1 on kaasaegne \u00fchekanaliline nutikas valgustuse dimmer, mis v\u00f5imaldab valguse juhtimist nii kodus kui kontoris. Seade kinnitub mugavalt DIN-liistule ning seda saab hallata kohapeal f\u00fc\u00fcsilise l\u00fcliti v\u00f5i nupu abil ja eemalt Wi-Fi v\u00f5i LAN \u00fchenduse kaudu. T\u00e4nu sisseehitatud veebiliidesele saab valgusteid ja seadeid mugavalt j\u00e4lgida ja muuta k\u00f5ikjalt interneti teel. T\u00e4iendavaid kontrollerid pole vaja \u2013 k\u00f5ik funktsioonid toimivad nii Shelly Smart Control rakenduse kui ka kolmandate osapoolte s\u00fcsteemide kaudu.<\/p>\n<p>\n<img decoding=\"async\" src=\"https:\/\/blankpage.ee\/_ruumist-ruumi\/wp-content\/uploads\/2025\/04\/4-257.webp\" alt=\"Nutikas valgustuse dimmer Shelly Pro Dimmer 1 DIN-liistule paigaldatav seade\"\/>\n<\/p>\n<h3>P\u00f5hifunktsioonid ja valguse juhtimine<\/h3>\n<p>Dimmeril on automaatne kalibreerimine, mis tagab sujuva heleduse reguleerimise kogu valgusulatuses. Kasutaja saab valida, kas juhib valgust l\u00fcliti v\u00f5i nupu abil, mis teeb paigaldamise paindlikuks k\u00f5ikjal. T\u00f6\u00f6kindlust ja mugavust lisavad \u00f6\u00f6re\u017eiim, milles saab m\u00e4\u00e4rata pimedal ajaperioodil automaatse heleduse taseme ning reguleeritav heleduse muutumise kiirus. Lisaks saab seadistada taustavalguse kestuse vastavalt soovile.<\/p>\n<p>\n<img decoding=\"async\" src=\"https:\/\/blankpage.ee\/_ruumist-ruumi\/wp-content\/uploads\/2025\/04\/1-281.webp\" alt=\"Shelly Pro Dimmer 1 juhtpaneeli kasutajaliides ja heleduse reguleerimine\"\/>\n<\/p>\n<h3>Ajastused ja automatiseerimine<\/h3>\n<p>V\u00f5imalus koostada n\u00e4dalap\u00f5hiseid ajakavasid muudab igap\u00e4evaselt valguse juhtimise lihtsamaks. Dimmer v\u00f5imaldab automaatselt muuta heleduse taset v\u00f5i sisse- ja v\u00e4ljal\u00fclitamist just teie graafiku j\u00e4rgi. Seadistage individuaalsed valgusskeemid, ajastage taimerid ja automatiseerige valguse reguleerimine vastavalt oma elu- v\u00f5i t\u00f6\u00f6ruumi vajadustele.<\/p>\n<p>\n<img decoding=\"async\" src=\"https:\/\/blankpage.ee\/_ruumist-ruumi\/wp-content\/uploads\/2025\/04\/3-263.webp\" alt=\"Automatiseerimise ja ajastuse v\u00f5imalused Shelly Pro Dimmer 1 nutiseadmega\"\/>\n<\/p>\n<h3>Rakendused ja \u00fchenduvus<\/h3>\n<p>Valgustuse juhtimise saab h\u00f5lpsasti kohandada iga olukorra jaoks. Shelly Pro Dimmer 1 \u00fchildub Amazon Alexa, Google Home&#8217;i ja Samsung SmartThingsiga \u2013 juhid valgusteid oma lemmikrakenduste kaudu. \u00dchendamiseks saab kasutada nii Wi-Fi, LAN kui ka Bluetoothi, mis muudab seadme kasutamise paindlikuks igas nutikas kodus.<\/p>\n<p>\n<img decoding=\"async\" src=\"https:\/\/blankpage.ee\/_ruumist-ruumi\/wp-content\/uploads\/2025\/04\/6-204.webp\" alt=\"Valgustuse juhtimise integratsioon erinevate arukate kodus\u00fcsteemidega\"\/>\n<\/p>\n<h3>Turvalisus ja \u00fchilduvus<\/h3>\n<p>Seade on kaitstud \u00fclekuumenemise, pinge\u00fclekannete, \u00fclekoormuse ja liigse tarbimise eest. Maksimaalne v\u00e4ljundv\u00f5imsus on 200 W, mist\u00f5ttu sobib dimmer h\u00e4sti LED-pirnidele, h\u00f5\u00f5g- ja halogeenlampidele ning madalpingetrafodega valgustitele. Nutika dimmeri kasutamine tagab turvalise ja paindliku valguse juhtimise iga p\u00e4ev.<\/p>\n<p>\n<img decoding=\"async\" src=\"https:\/\/blankpage.ee\/_ruumist-ruumi\/wp-content\/uploads\/2025\/04\/2-285.webp\" alt=\"Turvalisus ja kaitse funktsioonid Shelly Pro Dimmer 1 nutika valgustuse dimmeril\"\/>\n<\/p>\n<h3>Tehnilised andmed<\/h3>\n<table>\n<tr>\n<th>Tootja<\/th>\n<td>Shelly<\/td>\n<\/tr>\n<tr>\n<th>Mudel<\/th>\n<td>ProDimmer1<\/td>\n<\/tr>\n<tr>\n<th>Toitepinge<\/th>\n<td>110\u2013240 V ~ 50\/60 Hz<\/td>\n<\/tr>\n<tr>\n<th>Energiatarve<\/th>\n<td>&lt; 2 W<\/td>\n<\/tr>\n<tr>\n<th>Maksimaalne v\u00e4ljundv\u00f5imsus<\/th>\n<td>200 W<\/td>\n<\/tr>\n<tr>\n<th>Wi-Fi<\/th>\n<td>802.11 b\/g\/n (kuni 30 m siseruumides \/ kuni 50 m v\u00e4litingimustes)<\/td>\n<\/tr>\n<tr>\n<th>Bluetooth<\/th>\n<td>4.2 (kuni 10 m siseruumides \/ kuni 30 m v\u00e4litingimustes)<\/td>\n<\/tr>\n<tr>\n<th>Protsessor<\/th>\n<td>ESP32-D0WDQ6<\/td>\n<\/tr>\n<tr>\n<th>V\u00e4lkm\u00e4lu<\/th>\n<td>8 MB<\/td>\n<\/tr>\n<tr>\n<th>Maks. ajakavasid<\/th>\n<td>20<\/td>\n<\/tr>\n<tr>\n<th>T\u00f6\u00f6temperatuur<\/th>\n<td>-20\u00b0C kuni 40\u00b0C<\/td>\n<\/tr>\n<tr>\n<th>\u00d5huniiskus<\/th>\n<td>30% kuni 70% RH<\/td>\n<\/tr>\n<tr>\n<th>M\u00f5\u00f5dud<\/th>\n<td>94 \u00d7 19 \u00d7 69 mm<\/td>\n<\/tr>\n<tr>\n<th>Kaal<\/th>\n<td>75 g<\/td>\n<\/tr>\n<tr>\n<th>Kinnitus<\/th>\n<td>DIN-liist<\/td>\n<\/tr>\n<tr>\n<th>\u00dchilduvus<\/th>\n<td>Amazon Alexa, Google Home, Samsung SmartThings<\/td>\n<\/tr>\n<\/table>\n","protected":false},"excerpt":{"rendered":"<p>Nutikas valgustuse dimmer Shelly Pro Dimmer 1 \u2013 \u00fchekanaliline DIN-liistule paigaldatav dimmer nutikaks valguse juhtimiseks Shelly Pro Dimmer 1 on kaasaegne \u00fchekanaliline nutikas valgustuse dimmer, mis v\u00f5imaldab valguse juhtimist nii kodus kui kontoris. Seade kinnitub mugavalt DIN-liistule ning seda saab hallata kohapeal f\u00fc\u00fcsilise l\u00fcliti v\u00f5i nupu abil ja eemalt Wi-Fi v\u00f5i LAN \u00fchenduse kaudu. T\u00e4nu [&hellip;]<\/p>\n","protected":false},"featured_media":170717,"comment_status":"open","ping_status":"open","template":"","meta":[],"product_brand":[3069],"product_cat":[3043],"product_tag":[],"class_list":{"0":"post-170711","1":"product","2":"type-product","3":"status-publish","4":"has-post-thumbnail","6":"product_brand-shelly","7":"product_cat-nutikontrollerid","8":"product_shipping_class-innpro","10":"first","11":"instock","12":"sale","13":"taxable","14":"shipping-taxable","15":"purchasable","16":"product-type-simple"},"_links":{"self":[{"href":"https:\/\/blankpage.ee\/_ruumist-ruumi\/wp-json\/wp\/v2\/product\/170711","targetHints":{"allow":["GET"]}}],"collection":[{"href":"https:\/\/blankpage.ee\/_ruumist-ruumi\/wp-json\/wp\/v2\/product"}],"about":[{"href":"https:\/\/blankpage.ee\/_ruumist-ruumi\/wp-json\/wp\/v2\/types\/product"}],"replies":[{"embeddable":true,"href":"https:\/\/blankpage.ee\/_ruumist-ruumi\/wp-json\/wp\/v2\/comments?post=170711"}],"wp:featuredmedia":[{"embeddable":true,"href":"https:\/\/blankpage.ee\/_ruumist-ruumi\/wp-json\/wp\/v2\/media\/170717"}],"wp:attachment":[{"href":"https:\/\/blankpage.ee\/_ruumist-ruumi\/wp-json\/wp\/v2\/media?parent=170711"}],"wp:term":[{"taxonomy":"product_brand","embeddable":true,"href":"https:\/\/blankpage.ee\/_ruumist-ruumi\/wp-json\/wp\/v2\/product_brand?post=170711"},{"taxonomy":"product_cat","embeddable":true,"href":"https:\/\/blankpage.ee\/_ruumist-ruumi\/wp-json\/wp\/v2\/product_cat?post=170711"},{"taxonomy":"product_tag","embeddable":true,"href":"https:\/\/blankpage.ee\/_ruumist-ruumi\/wp-json\/wp\/v2\/product_tag?post=170711"}],"curies":[{"name":"wp","href":"https:\/\/api.w.org\/{rel}","templated":true}]}}