{"id":170762,"date":"2025-04-18T19:09:44","date_gmt":"2025-04-18T19:09:44","guid":{"rendered":"https:\/\/ruumistruumi.ee\/pood\/nutikas-gaasiandur-shelly-gas-lpg-wi-fi-uhendusega-led-70-db-alexa-google\/"},"modified":"2025-08-21T08:19:29","modified_gmt":"2025-08-21T08:19:29","slug":"nutikas-gaasiandur-shelly-gas-lpg-wi-fi-uhendusega-led-70-db-alexa-google","status":"publish","type":"product","link":"https:\/\/blankpage.ee\/_ruumist-ruumi\/pood\/nutikas-gaasiandur-shelly-gas-lpg-wi-fi-uhendusega-led-70-db-alexa-google\/","title":{"rendered":"Nutikas gaasiandur Shelly Gas LPG Wi-Fi \u00fchendusega (LED, 70 dB, Alexa\/Google)"},"content":{"rendered":"<h3>Nutikas gaasiandur Shelly Gas LPG Wi-Fi \u00fchendusega<\/h3>\n<p>Nutikas gaasiandur Shelly Gas LPG on loodud vedelgaasi (LPG) lekete tuvastamiseks, et tagada sinu kodu parem turvalisus. Seadme peamisteks tugevusteks on k\u00f5rge tundlikkus ja t\u00e4psus ning usaldusv\u00e4\u00e4rne t\u00f6\u00f6kindlus. T\u00e4nu Wi-Fi \u00fchendusele saad kiiresti teavituse v\u00f5imaliku gaasilekke kohta otse oma nutitelefoni. Seade \u00fchildub Google Assistanti ja Amazon Alexaga, v\u00f5imaldades mugavat kaugjuhtimist.<\/p>\n<p>\n<img decoding=\"async\" src=\"https:\/\/blankpage.ee\/_ruumist-ruumi\/wp-content\/uploads\/2025\/04\/2-291.webp\" alt=\"Nutikas gaasiandur Shelly Gas LPG valge korpusega laual\"\/>\n<\/p>\n<h3>Turvaline ja kiire hoiatuss\u00fcsteem<\/h3>\n<p>Shelly Gas LPG nutikas gaasiandur annab kohe m\u00e4rku ohu korral, kasutades valju (v\u00e4hemalt 70 dB) helisignaali ja eredat LED-tuld. Kui tuvastatakse gaasileke, saadetakse koheselt m\u00e4rguanne nii seadme kaudu kui ka sinu nutiseadmesse, v\u00f5imaldades kiiret reageerimist.<\/p>\n<p>\n<img decoding=\"async\" src=\"https:\/\/blankpage.ee\/_ruumist-ruumi\/wp-content\/uploads\/2025\/04\/5-231.webp\" alt=\"LED-m\u00e4rgutuli ja tugev helisignaal Shelly nutikal gaasianduril\"\/>\n<\/p>\n<h3>Paindlik integratsioon ja lai \u00fchilduvus<\/h3>\n<p>Nutikas gaasiandur toetab \u00fchendust erinevate Shelly seadmete, Androidi ning iOS-platvormide ja h\u00e4\u00e4labilistega. Seadet saab juhtida mobiilirakenduse, Alexa v\u00f5i Google Assistanti kaudu. Lisaks toetab see MQTT, CoAP ja REST API liideseid ning sobib kasutamiseks ka Arduino projektides, v\u00f5imaldades paindlikku s\u00fcsteemi \u00fclesehitust.<\/p>\n<p>\n<img decoding=\"async\" src=\"https:\/\/blankpage.ee\/_ruumist-ruumi\/wp-content\/uploads\/2025\/04\/3-268.webp\" alt=\"Shelly seadmete \u00f6kos\u00fcsteemi \u00fchendatud nutikas gaasiandur\"\/>\n<\/p>\n<h3>Turvalisus ja vastupidav ehitus<\/h3>\n<p>Leegikindel korpus suurendab ohutust ka tulekahju korral. Andur t\u00f6\u00f6tab laias temperatuurivahemikus (-10\u00b0C kuni 50\u00b0C) ning selle voolutarve on alla 3 W. See muudab nutika gaasianduri sobivaks pikaajaliseks kasutuseks igas kodus.<\/p>\n<p>\n<img decoding=\"async\" src=\"https:\/\/blankpage.ee\/_ruumist-ruumi\/wp-content\/uploads\/2025\/04\/4-260.webp\" alt=\"Leegikindel valge korpus Shelly Gas LPG anduril\"\/>\n<\/p>\n<h3>Lihtne paigaldus ja mugav kasutamine<\/h3>\n<p>Shelly Gas LPG nutikat gaasiandurit on lihtne paigaldada ja seadistada, kuna see ei vaja lisakeskust. T\u00e4nu Wi-Fi levialale saab seadet paigutada paindlikult: leviulatus on kuni 50 m v\u00e4litingimustes ja kuni 30 m siseruumides.<\/p>\n<p>\n<img decoding=\"async\" src=\"https:\/\/blankpage.ee\/_ruumist-ruumi\/wp-content\/uploads\/2025\/04\/6-208.webp\" alt=\"Nutikas gaasiandur k\u00f6\u00f6gis, Shelly Gas LPG paigaldatud seinale\"\/>\n<\/p>\n<div class=\"table-wrapper\">\n<table>\n<tbody>\n<tr>\n<th>Tootja<\/th>\n<td>Shelly<\/td>\n<\/tr>\n<tr>\n<th>Mudel<\/th>\n<td>Gas LPG<\/td>\n<\/tr>\n<tr>\n<th>Toitepinge<\/th>\n<td>110\u2013230 V \u00b110% 50\/60 Hz<\/td>\n<\/tr>\n<tr>\n<th>Tuvastatav gaas<\/th>\n<td>Vedelgaas (LPG)<\/td>\n<\/tr>\n<tr>\n<th>Kaitse k\u00f5rgete temperatuuride eest<\/th>\n<td>Jah, leegikindel korpus<\/td>\n<\/tr>\n<tr>\n<th>H\u00e4ires\u00fcsteem<\/th>\n<td>LED-tuli ja helisignaal<\/td>\n<\/tr>\n<tr>\n<th>Alarmi tundlikkus<\/th>\n<td>6% LEL<\/td>\n<\/tr>\n<tr>\n<th>Helitugevus<\/th>\n<td>\u2265 70 dB<\/td>\n<\/tr>\n<tr>\n<th>Ventiili juhtv\u00e4ljund<\/th>\n<td>11\u201313 V, 500 mA<\/td>\n<\/tr>\n<tr>\n<th>T\u00f6\u00f6temperatuur<\/th>\n<td>-10\u00b0C kuni 50\u00b0C<\/td>\n<\/tr>\n<tr>\n<th>Voolutarve<\/th>\n<td>&lt; 3 W<\/td>\n<\/tr>\n<tr>\n<th>Nutikas sisse-v\u00e4ljal\u00fclitamine<\/th>\n<td>Jah<\/td>\n<\/tr>\n<tr>\n<th>Kohalik ja kaugjuhtimine<\/th>\n<td>Jah<\/td>\n<\/tr>\n<tr>\n<th>Wi-Fi standard<\/th>\n<td>802.11 b\/g\/n<\/td>\n<\/tr>\n<tr>\n<th>Raadiosagedus<\/th>\n<td>2400\u20132484 MHz<\/td>\n<\/tr>\n<tr>\n<th>Leviulatus<\/th>\n<td>Kuni 50 m v\u00e4litingimustes \/ kuni 30 m siseruumides<\/td>\n<\/tr>\n<tr>\n<th>M\u00f5\u00f5dud (ilma pistikuta)<\/th>\n<td>89,5 x 89,5 x 38 mm<\/td>\n<\/tr>\n<\/tbody>\n<\/table>\n<\/div>\n","protected":false},"excerpt":{"rendered":"<p>Nutikas gaasiandur Shelly Gas LPG Wi-Fi \u00fchendusega Nutikas gaasiandur Shelly Gas LPG on loodud vedelgaasi (LPG) lekete tuvastamiseks, et tagada sinu kodu parem turvalisus. Seadme peamisteks tugevusteks on k\u00f5rge tundlikkus ja t\u00e4psus ning usaldusv\u00e4\u00e4rne t\u00f6\u00f6kindlus. T\u00e4nu Wi-Fi \u00fchendusele saad kiiresti teavituse v\u00f5imaliku gaasilekke kohta otse oma nutitelefoni. Seade \u00fchildub Google Assistanti ja Amazon Alexaga, v\u00f5imaldades [&hellip;]<\/p>\n","protected":false},"featured_media":170768,"comment_status":"open","ping_status":"open","template":"","meta":[],"product_brand":[3069],"product_cat":[3042],"product_tag":[],"class_list":{"0":"post-170762","1":"product","2":"type-product","3":"status-publish","4":"has-post-thumbnail","6":"product_brand-shelly","7":"product_cat-andurid","8":"product_shipping_class-innpro","10":"first","11":"instock","12":"sale","13":"taxable","14":"shipping-taxable","15":"purchasable","16":"product-type-simple"},"_links":{"self":[{"href":"https:\/\/blankpage.ee\/_ruumist-ruumi\/wp-json\/wp\/v2\/product\/170762","targetHints":{"allow":["GET"]}}],"collection":[{"href":"https:\/\/blankpage.ee\/_ruumist-ruumi\/wp-json\/wp\/v2\/product"}],"about":[{"href":"https:\/\/blankpage.ee\/_ruumist-ruumi\/wp-json\/wp\/v2\/types\/product"}],"replies":[{"embeddable":true,"href":"https:\/\/blankpage.ee\/_ruumist-ruumi\/wp-json\/wp\/v2\/comments?post=170762"}],"wp:featuredmedia":[{"embeddable":true,"href":"https:\/\/blankpage.ee\/_ruumist-ruumi\/wp-json\/wp\/v2\/media\/170768"}],"wp:attachment":[{"href":"https:\/\/blankpage.ee\/_ruumist-ruumi\/wp-json\/wp\/v2\/media?parent=170762"}],"wp:term":[{"taxonomy":"product_brand","embeddable":true,"href":"https:\/\/blankpage.ee\/_ruumist-ruumi\/wp-json\/wp\/v2\/product_brand?post=170762"},{"taxonomy":"product_cat","embeddable":true,"href":"https:\/\/blankpage.ee\/_ruumist-ruumi\/wp-json\/wp\/v2\/product_cat?post=170762"},{"taxonomy":"product_tag","embeddable":true,"href":"https:\/\/blankpage.ee\/_ruumist-ruumi\/wp-json\/wp\/v2\/product_tag?post=170762"}],"curies":[{"name":"wp","href":"https:\/\/api.w.org\/{rel}","templated":true}]}}