{"id":170792,"date":"2025-04-18T19:15:25","date_gmt":"2025-04-18T19:15:25","guid":{"rendered":"https:\/\/ruumistruumi.ee\/pood\/valitingimuste-wifi-ip-turvakaamera-imou-bullet-3-3mp-oovaatlus-sireen-kahepoolne-heli-ip67\/"},"modified":"2025-08-21T08:19:28","modified_gmt":"2025-08-21T08:19:28","slug":"valitingimuste-wifi-ip-turvakaamera-imou-bullet-3-3mp-oovaatlus-sireen-kahepoolne-heli-ip67","status":"publish","type":"product","link":"https:\/\/blankpage.ee\/_ruumist-ruumi\/pood\/valitingimuste-wifi-ip-turvakaamera-imou-bullet-3-3mp-oovaatlus-sireen-kahepoolne-heli-ip67\/","title":{"rendered":"V\u00e4litingimuste WiFi IP-turvakaamera Imou Bullet 3 3MP (\u00f6\u00f6vaatlus, sireen, kahepoolne heli, IP67)"},"content":{"rendered":"<h3>V\u00e4likaamera wifi Imou Bullet 3 3MP \u2013 usaldusv\u00e4\u00e4rne valve igas olukorras<\/h3>\n<p><strong>V\u00e4likaamera wifi<\/strong> on mitmek\u00fclgne IP-turvakaamera, mis sobib \u00fchtviisi h\u00e4sti nii koduse kui ka \u00e4rilise territooriumi j\u00e4lgimiseks. 3-megapiksline (2304\u00d71296) videopilt pakub suuremat detailsust kui tavaline Full HD. 2,8 mm fikseeritud objektiiv avab laia 124\u00b0 vaatenurga, uusi salvestusi aitab talletada kaasaegne H.265 videokodek, mis tagab salvestiste v\u00e4iksema m\u00e4lumahu.<\/p>\n<p><img decoding=\"async\" src=\"https:\/\/blankpage.ee\/_ruumist-ruumi\/wp-content\/uploads\/2025\/04\/1-284.webp\" alt=\"v\u00e4likaamera wifi koos kahe antenniga, paigaldatud v\u00e4liseinale\"\/><\/p>\n<h3>Nutikas \u00f6\u00f6n\u00e4gemine ja liikumise tuvastus<\/h3>\n<p>Kaameral on neli erinevat \u00f6\u00f6re\u017eiimi, mis tagavad selge pildi ka kottpimedas. Sisseehitatud LED-valgusti suurendab n\u00e4htavust h\u00e4maral ajal ja v\u00f5imaldab isegi v\u00e4rvilist \u00f6\u00f6vaatlust. Tuvastuss\u00fcsteem IMOU SENSE eristab t\u00e4pselt inimesi ning s\u00f5idukeid, v\u00e4hendades valeh\u00e4ireid ja t\u00f5stes turvalisuse taset.<\/p>\n<p><img decoding=\"async\" src=\"https:\/\/blankpage.ee\/_ruumist-ruumi\/wp-content\/uploads\/2025\/04\/5-235.webp\" alt=\"turvakaamera \u00f6\u00f6vaate pildikvaliteet, n\u00e4htav detailne kuva ka pimedas\"\/><\/p>\n<h3>Kahepoolne suhtlus ja aktiivne kaitse<\/h3>\n<p>IMOU Bullet 3 sisseehitatud mikrofon ja k\u00f5lar v\u00f5imaldavad reaalajas kahepoolset suhtlust \u2013 juhenda kullerit v\u00f5i hoiata soovimatuid k\u00fclalisi. V\u00f5imas 110 dB sireen ja valguss\u00e4hvatus aitavad kahtlased isikud eemale peletada.<\/p>\n<p><img decoding=\"async\" src=\"https:\/\/blankpage.ee\/_ruumist-ruumi\/wp-content\/uploads\/2025\/04\/6-211.webp\" alt=\"kaamera objektiiv ja sisseehitatud valgusallikas l\u00e4hipildis\"\/><\/p>\n<h3>T\u00e4ppistuvastus ja t\u00f5hus hoiatuss\u00fcsteem<\/h3>\n<p>Uuendatud algoritmid v\u00f5imaldavad kiiret ja t\u00e4pset inimeste ning s\u00f5idukite tuvastamist. Valeh\u00e4ired on minimaalsed ning teavitused saadetakse vaid vajadusel, kui tuvastatakse tegelik sissetungija.<\/p>\n<p><img decoding=\"async\" src=\"https:\/\/blankpage.ee\/_ruumist-ruumi\/wp-content\/uploads\/2025\/04\/4-263.webp\" alt=\"liikuvate objektide tuvastamine turvakaamera abil, n\u00e4idatud m\u00e4rked intruudil\"\/><\/p>\n<h3>Kaksisuhtlus ja rakenduse kaudu juhtimine<\/h3>\n<p>Kaamerat saab mugavalt hallata tasuta Imou rakendusega (iOS, Android). Kogu suhtlus ja juhtimine k\u00e4ib mobiilseadme kaudu \u2013 sobib nii ala haldamiseks, j\u00e4lgimiseks kui ka hoiatamiseks.<\/p>\n<p><img decoding=\"async\" src=\"https:\/\/blankpage.ee\/_ruumist-ruumi\/wp-content\/uploads\/2025\/04\/2-292.webp\" alt=\"v\u00e4likaamera wifi rakenduse kasutamine nutitelefonis\"\/><\/p>\n<h3>Stabiilne WiFi \u00fchendus ja kaugj\u00e4lgimine<\/h3>\n<p>Seadmel on tugev WiFi \u00fchendus kahe antenniga (IEEE802.11b\/g\/n\/ax, 2.4 GHz), mis tagab kindla pildiedastuse. Kaamera toetab otse\u00fclekannet nutiseadmesse, olgu tegu Androidi v\u00f5i iOSiga.<\/p>\n<p><img decoding=\"async\" src=\"https:\/\/blankpage.ee\/_ruumist-ruumi\/wp-content\/uploads\/2025\/04\/7-183.webp\" alt=\"wifi-v\u00f5rguga \u00fchendatud valvekaamera seade, n\u00e4htav signaalitugevus\"\/><\/p>\n<h3>Paindlikud salvestusv\u00f5imalused<\/h3>\n<p>IMOU Bullet 3 v\u00f5imaldab salvestada NVR-seadmesse, pilveteenusesse v\u00f5i kuni 256 GB microSD kaardile, mist\u00f5ttu leiab iga\u00fcks endale sobiva lahenduse ja ligip\u00e4\u00e4su videosalvestistele.<\/p>\n<p><img decoding=\"async\" src=\"https:\/\/blankpage.ee\/_ruumist-ruumi\/wp-content\/uploads\/2025\/04\/8-95.webp\" alt=\"v\u00e4likaamera salvestusv\u00f5imalused: pilv, NVR, microSD kaart skeemina\"\/><\/p>\n<h3>Ilmastikukindel v\u00e4likaamera wifi \u2013 loodud Eesti tingimustesse<\/h3>\n<p>Imou Bullet 3 on tolmu- ja veekindel (IP67), mist\u00f5ttu sobib ideaalselt \u00f5uepaigalduseks. Kaamera talub edukalt nii pakast kui ka kuumust (\u221230\u00b0C kuni +50\u00b0C), tagades vastupidavuse ja usaldusv\u00e4\u00e4rse t\u00f6\u00f6 aastaringselt.<\/p>\n<p><img decoding=\"async\" src=\"https:\/\/blankpage.ee\/_ruumist-ruumi\/wp-content\/uploads\/2025\/04\/3-271.webp\" alt=\"ilmastikukindel v\u00e4likaamera vihmas ja k\u00fclmas\"\/><\/p>\n<h3>Komplekt sisaldab:<\/h3>\n<ul class=\"list-disc pl-5\">\n<li>Kaamera<\/li>\n<li>Toiteadapter<\/li>\n<li>Kruvid<\/li>\n<li>Veekindel \u00fchendusmuhv<\/li>\n<li>Kiirjuhend<\/li>\n<\/ul>\n<div class=\"table-wrapper\">\n<h3>Tehnilised andmed<\/h3>\n<table>\n<tbody>\n<tr>\n<th>Tootja<\/th>\n<td>IMOU<\/td>\n<\/tr>\n<tr>\n<th>Mudel<\/th>\n<td>IPC-S3EP-3M0WE<\/td>\n<\/tr>\n<tr>\n<th>Kaamera sensor<\/th>\n<td>1\/2.8&#8243; 3MP Progressive CMOS<\/td>\n<\/tr>\n<tr>\n<th>Resolutsioon<\/th>\n<td>3 MP (2304\u00d71296)<\/td>\n<\/tr>\n<tr>\n<th>\u00d6\u00f6vaate ulatus<\/th>\n<td>30 m<\/td>\n<\/tr>\n<tr>\n<th>Objektiiv<\/th>\n<td>2,8 mm (fikseeritud)<\/td>\n<\/tr>\n<tr>\n<th>Vaatenurk<\/th>\n<td>104\u00b0 (H), 55\u00b0 (V), 124\u00b0 (D)<\/td>\n<\/tr>\n<tr>\n<th>Videotihendus<\/th>\n<td>H.265\/H.264<\/td>\n<\/tr>\n<tr>\n<th>Kadrisagedus<\/th>\n<td>Kuni 25\/30 fps<\/td>\n<\/tr>\n<tr>\n<th>Digitaalne suum<\/th>\n<td>8x<\/td>\n<\/tr>\n<tr>\n<th>Sisseehitatud mikrofon ja k\u00f5lar<\/th>\n<td>Jah<\/td>\n<\/tr>\n<tr>\n<th>Sireen<\/th>\n<td>110 dB<\/td>\n<\/tr>\n<tr>\n<th>Sisseehitatud pro\u017eektor<\/th>\n<td>Jah<\/td>\n<\/tr>\n<tr>\n<th>Liikumise tuvastus<\/th>\n<td>Jah<\/td>\n<\/tr>\n<tr>\n<th>S\u00f5iduki tuvastus<\/th>\n<td>Jah<\/td>\n<\/tr>\n<tr>\n<th>Inimese tuvastus<\/th>\n<td>Jah<\/td>\n<\/tr>\n<tr>\n<th>Konfigureeritavad alad<\/th>\n<td>Jah<\/td>\n<\/tr>\n<tr>\n<th>Ethernet port<\/th>\n<td>1 x 100Mbps<\/td>\n<\/tr>\n<tr>\n<th>Wi-Fi<\/th>\n<td>IEEE802.11b\/g\/n\/ax, kaks antenni<\/td>\n<\/tr>\n<tr>\n<th>Toetatud rakendused<\/th>\n<td>Imou (iOS, Android)<\/td>\n<\/tr>\n<tr>\n<th>ONVIF standard<\/th>\n<td>Jah<\/td>\n<\/tr>\n<tr>\n<th>MicroSD kaardi pesa<\/th>\n<td>Jah (kuni 256 GB)<\/td>\n<\/tr>\n<tr>\n<th>Taastamisnupp<\/th>\n<td>Jah<\/td>\n<\/tr>\n<tr>\n<th>Toiteallikas<\/th>\n<td>DC 12V 1A<\/td>\n<\/tr>\n<tr>\n<th>V\u00f5imsustarve<\/th>\n<td><7.3W<\/td>\n<\/tr>\n<tr>\n<th>Materjal<\/th>\n<td>Plastik ja metall<\/td>\n<\/tr>\n<tr>\n<th>T\u00f6\u00f6temperatuur<\/th>\n<td>\u221230\u00b0C kuni +50\u00b0C<\/td>\n<\/tr>\n<tr>\n<th>T\u00f6\u00f6niiskus<\/th>\n<td><95% RH<\/td>\n<\/tr>\n<tr>\n<th>M\u00f5\u00f5tmed<\/th>\n<td>147.7 x 74.2 x 75.6 mm<\/td>\n<\/tr>\n<tr>\n<th>Kaal<\/th>\n<td>290 g<\/td>\n<\/tr>\n<tr>\n<th>Sertifikaadid<\/th>\n<td>CE<\/td>\n<\/tr>\n<tr>\n<th>Vastupidavus<\/th>\n<td>IP67<\/td>\n<\/tr>\n<\/tbody>\n<\/table>\n<\/div>\n<p>V\u00e4likaamera wifi on praktiline ja kaasaegne valvekaamera, mis \u00fchendab k\u00f5rge videokvaliteedi, ilmastikukindluse ning olulised turvafunktsioonid k\u00f5ik \u00fches seadmes.<\/p>\n","protected":false},"excerpt":{"rendered":"<p>V\u00e4likaamera wifi Imou Bullet 3 3MP \u2013 usaldusv\u00e4\u00e4rne valve igas olukorras V\u00e4likaamera wifi on mitmek\u00fclgne IP-turvakaamera, mis sobib \u00fchtviisi h\u00e4sti nii koduse kui ka \u00e4rilise territooriumi j\u00e4lgimiseks. 3-megapiksline (2304\u00d71296) videopilt pakub suuremat detailsust kui tavaline Full HD. 2,8 mm fikseeritud objektiiv avab laia 124\u00b0 vaatenurga, uusi salvestusi aitab talletada kaasaegne H.265 videokodek, mis tagab salvestiste [&hellip;]<\/p>\n","protected":false},"featured_media":170802,"comment_status":"open","ping_status":"open","template":"","meta":[],"product_brand":[3003],"product_cat":[3056],"product_tag":[],"class_list":{"0":"post-170792","1":"product","2":"type-product","3":"status-publish","4":"has-post-thumbnail","6":"product_brand-imou","7":"product_cat-ip-kaamerad","8":"product_shipping_class-innpro","10":"first","11":"outofstock","12":"sale","13":"taxable","14":"shipping-taxable","15":"purchasable","16":"product-type-simple"},"_links":{"self":[{"href":"https:\/\/blankpage.ee\/_ruumist-ruumi\/wp-json\/wp\/v2\/product\/170792","targetHints":{"allow":["GET"]}}],"collection":[{"href":"https:\/\/blankpage.ee\/_ruumist-ruumi\/wp-json\/wp\/v2\/product"}],"about":[{"href":"https:\/\/blankpage.ee\/_ruumist-ruumi\/wp-json\/wp\/v2\/types\/product"}],"replies":[{"embeddable":true,"href":"https:\/\/blankpage.ee\/_ruumist-ruumi\/wp-json\/wp\/v2\/comments?post=170792"}],"wp:featuredmedia":[{"embeddable":true,"href":"https:\/\/blankpage.ee\/_ruumist-ruumi\/wp-json\/wp\/v2\/media\/170802"}],"wp:attachment":[{"href":"https:\/\/blankpage.ee\/_ruumist-ruumi\/wp-json\/wp\/v2\/media?parent=170792"}],"wp:term":[{"taxonomy":"product_brand","embeddable":true,"href":"https:\/\/blankpage.ee\/_ruumist-ruumi\/wp-json\/wp\/v2\/product_brand?post=170792"},{"taxonomy":"product_cat","embeddable":true,"href":"https:\/\/blankpage.ee\/_ruumist-ruumi\/wp-json\/wp\/v2\/product_cat?post=170792"},{"taxonomy":"product_tag","embeddable":true,"href":"https:\/\/blankpage.ee\/_ruumist-ruumi\/wp-json\/wp\/v2\/product_tag?post=170792"}],"curies":[{"name":"wp","href":"https:\/\/api.w.org\/{rel}","templated":true}]}}