{"id":170826,"date":"2025-04-18T19:15:25","date_gmt":"2025-04-18T19:15:25","guid":{"rendered":"https:\/\/ruumistruumi.ee\/pood\/nutikas-seinaluliti-sonoff-r5w-6-nuppu-ewelink-valge\/"},"modified":"2025-08-21T08:19:29","modified_gmt":"2025-08-21T08:19:29","slug":"nutikas-seinaluliti-sonoff-r5w-6-nuppu-ewelink-valge","status":"publish","type":"product","link":"https:\/\/blankpage.ee\/_ruumist-ruumi\/pood\/nutikas-seinaluliti-sonoff-r5w-6-nuppu-ewelink-valge\/","title":{"rendered":"Nutikas seinal\u00fcliti Sonoff R5W, 6 nuppu, eWeLink, valge"},"content":{"rendered":"<h3>Nutikas seinal\u00fcliti Sonoff R5W \u2013 kaasaegne lahendus sinu nutikodule<\/h3>\n<p>Sonoff R5W on uuenduslik nutikas seinal\u00fcliti, millel on kuus eraldi nuppu ning mis t\u00f6\u00f6tab eWeLink-Remote l\u00fc\u00fcsi kaudu. See v\u00f5imaldab mugavalt juhtida erinevaid nutiseadmeid, mis on \u00fchendatud eWeLink rakendusega. K\u00f5igi funktsioonide t\u00e4ielikuks kasutamiseks peab sul olema eWeLink-Remote l\u00fc\u00fcsi toetav seade, nagu n\u00e4iteks MINIR4, NSPanel Pro v\u00f5i iHost.<\/p>\n<div class=\"desc_img col-md-6 p-md-0 d-flex justify-content-center align-items-center\">\n<img decoding=\"async\" alt=\"Valge nutikas seinal\u00fcliti Sonoff R5 laual ja seinal\" class=\"d-block w-100 border-radius-24 smooth_load --right --delay-100\" src=\"https:\/\/blankpage.ee\/_ruumist-ruumi\/wp-content\/uploads\/2025\/04\/Inteligentny-przelacznik-scienny-Sonoff-R5.webp\"\/>\n<\/div>\n<h3>Paindlik juhtimine ja mitmek\u00fclgne kasutus<\/h3>\n<p>Sonoff nutikas seinal\u00fcliti suudab juhtida nutiseadmeid kohapeal kuni 90 meetri raadiuses, ilma telefoni vajamata. \u00dche seadmega saad l\u00fclitada kas \u00fcksikuid seadmeid v\u00f5i aktiveerida terviklikke stseene. L\u00fcliti toetab kolme erinevat vajutusviisi: \u00fche vajutuse, topeltvajutuse ja pikalt all hoidmisega vajutuse. Nuppudele saab m\u00e4\u00e4rata erinevaid funktsioone \u2013 n\u00e4iteks \u00fche vajutusega l\u00fclitad k\u00f5ik tuled sisse, topeltvajutusega ainult \u00f6\u00f6lambid ja pika vajutusega kustutad k\u00f5ik tuled korraga.<\/p>\n<div class=\"desc_img col-md-6 p-md-0 d-flex justify-content-center align-items-center\">\n<img decoding=\"async\" alt=\"Sonoffi seinapaigaldatav valge seinal\u00fcliti k\u00f6\u00f6gis, lastetoas ja magamistoas\" class=\"d-block w-100 border-radius-24 smooth_load --left --delay-100\" src=\"https:\/\/blankpage.ee\/_ruumist-ruumi\/wp-content\/uploads\/2025\/04\/Inteligentny-przelacznik-scienny-Sonoff-R5-bialy.webp\"\/>\n<\/div>\n<h3>Kaugjuhtimine ja nutikas automaatika v\u00f5imalused<\/h3>\n<p>Nutikas seinal\u00fcliti v\u00f5imaldab seadistada eWeLink rakenduses stseene, mida saad aktiveerida \u00fche nupuvajutusega. Interneti\u00fchenduse korral on v\u00f5imalik n\u00e4iteks l\u00fclitada korraga sisse k\u00f6\u00f6gituled v\u00f5i kustutada magamistoa \u00f6\u00f6lambid. eWeLink Remote l\u00fc\u00fcsiga saab \u00fchest kohast juhtida kuni 8 R5 puldiga seadet ning \u00fche valgusti \u00fchendamine mitme l\u00fclitiga on samuti toetatud.<\/p>\n<div class=\"desc_img d-flex justify-content-center align-items-center\">\n<img decoding=\"async\" alt=\"Magamistuba enne ja p\u00e4rast valgustuse kaugjuhtimist Sonoff seinal\u00fclitiga\" class=\"d-block w-100 border-radius-24 smooth_load --scale --delay-100\" src=\"https:\/\/blankpage.ee\/_ruumist-ruumi\/wp-content\/uploads\/2025\/04\/Inteligentny-przelacznik-scienny-Sonoff-R5-bialy-eWeLink.webp\"\/>\n<\/div>\n<h3>Mitmek\u00fclgsed juhtimisv\u00f5imalused<\/h3>\n<p>Nutikas seinal\u00fcliti Sonoff R5 v\u00f5imaldab valida kolme erineva l\u00fclitusviisi vahel \u2013 \u00fche kl\u00f5psu, topeltkl\u00f5psu v\u00f5i pika vajutuse. Iga toimingut saad m\u00e4\u00e4rata eri seadmetele v\u00f5i stseenidele vastavalt oma vajadustele, muutes kodu juhtimise mugavaks ja individuaalseks.<\/p>\n<div class=\"desc_img col-md-6 p-md-0 d-flex justify-content-center align-items-center\">\n<img decoding=\"async\" alt=\"Kaks valget Sonoff nutikat seinal\u00fclitit laual\" class=\"d-block w-100 border-radius-24 smooth_load --right --delay-100\" src=\"https:\/\/blankpage.ee\/_ruumist-ruumi\/wp-content\/uploads\/2025\/04\/Inteligentny-przelacznik-scienny.webp\"\/>\n<\/div>\n<h3>Lihtne paigaldus ja pikaajaline t\u00f6\u00f6<\/h3>\n<p>Sonoff R5 nutikas seinal\u00fcliti paigaldamine on lihtne \u2013 komplektis on isekleepuvad teibid, millega saab l\u00fcliti kinnitada otse seinale ilma juhtmeid paigaldamata. V\u00f5imalik on kasutada l\u00fclitit ka puldina laual v\u00f5i riiulil. T\u00f6\u00f6ks on vajalikud kaks CR2032 patareid, mille eluiga on kuni kaks aastat.<\/p>\n<div class=\"desc_img col-md-6 p-md-0 d-flex justify-content-center align-items-center\">\n<img decoding=\"async\" alt=\"Nutikas seinal\u00fcliti elutoas diivanilaua k\u00f5rval\" class=\"d-block w-100 border-radius-24 smooth_load --left --delay-100\" src=\"https:\/\/blankpage.ee\/_ruumist-ruumi\/wp-content\/uploads\/2025\/04\/Inteligentny-przelacznik-scienny-Sonoff-R5-bialy-1.webp\"\/>\n<\/div>\n<h3>Kohandatavad nupud ja funktsioonikleebised<\/h3>\n<p>Komplektis on 20 erinevat kleebist, millega saad h\u00f5lpsalt nuppude funktsioonid t\u00e4histada ja seinal\u00fcliti oma vajaduste j\u00e4rgi personaliseerida. Nii leiad igale ruumile ja kasutusele sobiva seadistuse, tagades mugava juhtimise ja lihtsa kasutuskogemuse.<\/p>\n<div class=\"desc_img d-flex justify-content-center align-items-center\">\n<img decoding=\"async\" alt=\"Nutikas seinal\u00fcliti Sonoff R5 erinevates interj\u00f6\u00f6rides, k\u00f6\u00f6gis ja magamistoas\" class=\"d-block w-100 border-radius-24 smooth_load --scale --delay-100\" src=\"https:\/\/blankpage.ee\/_ruumist-ruumi\/wp-content\/uploads\/2025\/04\/Inteligentny-przelacznik-scienny-Sonoff-R5-bialy-eWeLink-1.webp\"\/>\n<\/div>\n<table>\n<tr>\n<th>Tootja<\/th>\n<td>Sonoff<\/td>\n<\/tr>\n<tr>\n<th>Mudel<\/th>\n<td>R5W<\/td>\n<\/tr>\n<tr>\n<th>Nuppude arv<\/th>\n<td>6<\/td>\n<\/tr>\n<tr>\n<th>Toiteallikas<\/th>\n<td>2 \u00d7 3V CR2032 patarei<\/td>\n<\/tr>\n<tr>\n<th>T\u00f6\u00f6tamistemperatuur<\/th>\n<td>0\u00b0C \u2013 40\u00b0C<\/td>\n<\/tr>\n<tr>\n<th>M\u00f5\u00f5dud<\/th>\n<td>86 \u00d7 86 \u00d7 13,5 mm<\/td>\n<\/tr>\n<tr>\n<th>V\u00e4rv<\/th>\n<td>valge<\/td>\n<\/tr>\n<\/table>\n<p>Nutikas seinal\u00fcliti Sonoff R5 on lihtne ja usaldusv\u00e4\u00e4rne viis valgustuse ning teiste nutikodu seadmete mugavaks juhtimiseks.<\/p>\n","protected":false},"excerpt":{"rendered":"<p>Nutikas seinal\u00fcliti Sonoff R5W \u2013 kaasaegne lahendus sinu nutikodule Sonoff R5W on uuenduslik nutikas seinal\u00fcliti, millel on kuus eraldi nuppu ning mis t\u00f6\u00f6tab eWeLink-Remote l\u00fc\u00fcsi kaudu. See v\u00f5imaldab mugavalt juhtida erinevaid nutiseadmeid, mis on \u00fchendatud eWeLink rakendusega. K\u00f5igi funktsioonide t\u00e4ielikuks kasutamiseks peab sul olema eWeLink-Remote l\u00fc\u00fcsi toetav seade, nagu n\u00e4iteks MINIR4, NSPanel Pro v\u00f5i iHost. [&hellip;]<\/p>\n","protected":false},"featured_media":170833,"comment_status":"open","ping_status":"open","template":"","meta":[],"product_brand":[3037],"product_cat":[3039],"product_tag":[],"class_list":{"0":"post-170826","1":"product","2":"type-product","3":"status-publish","4":"has-post-thumbnail","6":"product_brand-sonoff","7":"product_cat-lulitid","8":"product_shipping_class-innpro","10":"first","11":"instock","12":"sale","13":"taxable","14":"shipping-taxable","15":"purchasable","16":"product-type-simple"},"_links":{"self":[{"href":"https:\/\/blankpage.ee\/_ruumist-ruumi\/wp-json\/wp\/v2\/product\/170826","targetHints":{"allow":["GET"]}}],"collection":[{"href":"https:\/\/blankpage.ee\/_ruumist-ruumi\/wp-json\/wp\/v2\/product"}],"about":[{"href":"https:\/\/blankpage.ee\/_ruumist-ruumi\/wp-json\/wp\/v2\/types\/product"}],"replies":[{"embeddable":true,"href":"https:\/\/blankpage.ee\/_ruumist-ruumi\/wp-json\/wp\/v2\/comments?post=170826"}],"wp:featuredmedia":[{"embeddable":true,"href":"https:\/\/blankpage.ee\/_ruumist-ruumi\/wp-json\/wp\/v2\/media\/170833"}],"wp:attachment":[{"href":"https:\/\/blankpage.ee\/_ruumist-ruumi\/wp-json\/wp\/v2\/media?parent=170826"}],"wp:term":[{"taxonomy":"product_brand","embeddable":true,"href":"https:\/\/blankpage.ee\/_ruumist-ruumi\/wp-json\/wp\/v2\/product_brand?post=170826"},{"taxonomy":"product_cat","embeddable":true,"href":"https:\/\/blankpage.ee\/_ruumist-ruumi\/wp-json\/wp\/v2\/product_cat?post=170826"},{"taxonomy":"product_tag","embeddable":true,"href":"https:\/\/blankpage.ee\/_ruumist-ruumi\/wp-json\/wp\/v2\/product_tag?post=170826"}],"curies":[{"name":"wp","href":"https:\/\/api.w.org\/{rel}","templated":true}]}}