{"id":170917,"date":"2025-04-18T19:19:39","date_gmt":"2025-04-18T19:19:39","guid":{"rendered":"https:\/\/ruumistruumi.ee\/pood\/zigbee-nutikas-luliti-sonoff-zbminil2-2-tk-ilma-neutraaljuhtmeta\/"},"modified":"2025-08-21T08:19:28","modified_gmt":"2025-08-21T08:19:28","slug":"zigbee-nutikas-luliti-sonoff-zbminil2-2-tk-ilma-neutraaljuhtmeta","status":"publish","type":"product","link":"https:\/\/blankpage.ee\/_ruumist-ruumi\/pood\/zigbee-nutikas-luliti-sonoff-zbminil2-2-tk-ilma-neutraaljuhtmeta\/","title":{"rendered":"Zigbee nutikas l\u00fcliti Sonoff ZBMINIL2 (2 tk, ilma neutraaljuhtmeta)"},"content":{"rendered":"<h3>Zigbee nutikas l\u00fcliti Sonoff ZBMINIL2 (2 tk, ilma neutraaljuhtmeta)<\/h3>\n<p>Zigbee nutikas l\u00fcliti Sonoff ZBMINIL2 pakub mugavat ja paindlikku lahendust valgustuse juhtimiseks kodus. T\u00e4nu oma kompaktsele disainile mahub see h\u00f5lpsasti k\u00f5ikidesse elektrikarpidesse (EU\/86\/120 standard), kaasa arvatud v\u00e4ga v\u00e4ikestesse. Komplekt sisaldab kahte l\u00fclitit, mida saab kasutada erinevates paigalduskohtades.<\/p>\n<p>L\u00fcliti toetab ZigBee 3.0 protokolli ning v\u00f5imaldab juhtimist nii eWeLink rakenduse kaudu kui ka h\u00e4\u00e4ljuhtimisega. Seade \u00fchildub Google Home&#8217;i, Amazon Alexa ja Alice&#8217;iga, pakkudes mitmek\u00fclgseid koduautomaatika v\u00f5imalusi. ZigBee \u00fchendus tagab l\u00fcliti t\u00f6\u00f6kindluse ka siis, kui puudub interneti\u00fchendus \u2013 vajaliku \u00fchenduvuse tagab Zigbee v\u00f5rgusild (Hub) ja kodune v\u00f5rk (LAN).<\/p>\n<p><img decoding=\"async\" src=\"https:\/\/blankpage.ee\/_ruumist-ruumi\/wp-content\/uploads\/2025\/04\/1-291.webp\" alt=\"Kaks Zigbee nutikat l\u00fclitit Sonoff ZBMINIL2\"\/><\/p>\n<h3>Paindlik valik kodustele lahendustele<\/h3>\n<p>Zigbee nutikas l\u00fcliti Sonoff ZBMINIL2 pakub kahepoolset juhtimist \u2013 ideaalne n\u00e4iteks trepikodadele v\u00f5i kahel erineval nupul baseeruvatele s\u00fcsteemidele (kiik- v\u00f5i nupp-l\u00fcliti). Eraldi neutraaljuhet \u00fchendamiseks vaja ei ole. Lisaks saab seadet h\u00f5lpsasti siduda automaatsete ajastuste ja nutikate stseenidega, v\u00f5imaldades m\u00e4\u00e4rata valgustite t\u00f6\u00f6ajad ja l\u00fclitusi vastavalt teie elur\u00fctmile.<\/p>\n<p><img decoding=\"async\" src=\"https:\/\/blankpage.ee\/_ruumist-ruumi\/wp-content\/uploads\/2025\/04\/2-299.webp\" alt=\"Nutikas l\u00fcliti paigaldus elektrikilpi\"\/><\/p>\n<h3>Kasutajas\u00f5bralikkus ja turvalisus<\/h3>\n<p>L\u00fcliti seadistamine k\u00e4ib lihtsalt: \u00fchendage see soovitud seadme k\u00fclge, laadige eWeLink rakendus ja siduge l\u00fcliti Bluetoothi kaudu kiiresti oma nutiseadmega. Valgustust v\u00f5ib mugavalt juhtida ka eemalt \u2013 n\u00e4iteks t\u00f6\u00f6l v\u00f5i kodust v\u00e4ljas viibides.<\/p>\n<p><img decoding=\"async\" src=\"https:\/\/blankpage.ee\/_ruumist-ruumi\/wp-content\/uploads\/2025\/04\/7-185.webp\" alt=\"Zigbee nutika l\u00fcliti juhtimine eWeLink rakenduses\"\/><\/p>\n<p>Seadmel on tulekindlast PC V0 plastikust valmistatud korpus ja kindlad terminalid, mis hoiavad juhtmeid tugevalt paigal. Seadme s\u00fcdameks on energias\u00e4\u00e4stlik EFR32MG22 kiip. Zigbee nutikas l\u00fcliti v\u00f5imaldab juhtida valgusteid, mille minimaalne v\u00f5imsus on ainult 3 W.<\/p>\n<p><img decoding=\"async\" src=\"https:\/\/blankpage.ee\/_ruumist-ruumi\/wp-content\/uploads\/2025\/04\/3-278.webp\" alt=\"Sonoff ZBMINIL2 vastupidav tulekindel korpus ja juhtmeklemmid\"\/><\/p>\n<h3>Tehnilised andmed<\/h3>\n<table>\n<tr>\n<th>Tootja<\/th>\n<td>Sonoff<\/td>\n<\/tr>\n<tr>\n<th>Mudel<\/th>\n<td>ZBMINIL2<\/td>\n<\/tr>\n<tr>\n<th>Juhtmevaba \u00fchendus<\/th>\n<td>ZigBee 3.0<\/td>\n<\/tr>\n<tr>\n<th>M\u00f5\u00f5tmed<\/th>\n<td>39,5 \u00d7 32 \u00d7 18,4 mm<\/td>\n<\/tr>\n<tr>\n<th>Materjal<\/th>\n<td>PC V0<\/td>\n<\/tr>\n<tr>\n<th>Sisend<\/th>\n<td>100\u2013240 V ~ 50\/60 Hz, max. 6 A<\/td>\n<\/tr>\n<tr>\n<th>V\u00e4ljund<\/th>\n<td>100\u2013240 V ~ 50\/60 Hz, max. 6 A<\/td>\n<\/tr>\n<tr>\n<th>Komplektis<\/th>\n<td>2 l\u00fclitit<\/td>\n<\/tr>\n<\/table>\n","protected":false},"excerpt":{"rendered":"<p>Zigbee nutikas l\u00fcliti Sonoff ZBMINIL2 (2 tk, ilma neutraaljuhtmeta) Zigbee nutikas l\u00fcliti Sonoff ZBMINIL2 pakub mugavat ja paindlikku lahendust valgustuse juhtimiseks kodus. T\u00e4nu oma kompaktsele disainile mahub see h\u00f5lpsasti k\u00f5ikidesse elektrikarpidesse (EU\/86\/120 standard), kaasa arvatud v\u00e4ga v\u00e4ikestesse. Komplekt sisaldab kahte l\u00fclitit, mida saab kasutada erinevates paigalduskohtades. L\u00fcliti toetab ZigBee 3.0 protokolli ning v\u00f5imaldab juhtimist nii [&hellip;]<\/p>\n","protected":false},"featured_media":170922,"comment_status":"open","ping_status":"open","template":"","meta":[],"product_brand":[3037],"product_cat":[3043],"product_tag":[],"class_list":{"0":"post-170917","1":"product","2":"type-product","3":"status-publish","4":"has-post-thumbnail","6":"product_brand-sonoff","7":"product_cat-nutikontrollerid","8":"product_shipping_class-innpro","10":"first","11":"instock","12":"sale","13":"taxable","14":"shipping-taxable","15":"purchasable","16":"product-type-simple"},"_links":{"self":[{"href":"https:\/\/blankpage.ee\/_ruumist-ruumi\/wp-json\/wp\/v2\/product\/170917","targetHints":{"allow":["GET"]}}],"collection":[{"href":"https:\/\/blankpage.ee\/_ruumist-ruumi\/wp-json\/wp\/v2\/product"}],"about":[{"href":"https:\/\/blankpage.ee\/_ruumist-ruumi\/wp-json\/wp\/v2\/types\/product"}],"replies":[{"embeddable":true,"href":"https:\/\/blankpage.ee\/_ruumist-ruumi\/wp-json\/wp\/v2\/comments?post=170917"}],"wp:featuredmedia":[{"embeddable":true,"href":"https:\/\/blankpage.ee\/_ruumist-ruumi\/wp-json\/wp\/v2\/media\/170922"}],"wp:attachment":[{"href":"https:\/\/blankpage.ee\/_ruumist-ruumi\/wp-json\/wp\/v2\/media?parent=170917"}],"wp:term":[{"taxonomy":"product_brand","embeddable":true,"href":"https:\/\/blankpage.ee\/_ruumist-ruumi\/wp-json\/wp\/v2\/product_brand?post=170917"},{"taxonomy":"product_cat","embeddable":true,"href":"https:\/\/blankpage.ee\/_ruumist-ruumi\/wp-json\/wp\/v2\/product_cat?post=170917"},{"taxonomy":"product_tag","embeddable":true,"href":"https:\/\/blankpage.ee\/_ruumist-ruumi\/wp-json\/wp\/v2\/product_tag?post=170917"}],"curies":[{"name":"wp","href":"https:\/\/api.w.org\/{rel}","templated":true}]}}