{"id":170938,"date":"2025-04-18T19:19:39","date_gmt":"2025-04-18T19:19:39","guid":{"rendered":"https:\/\/ruumistruumi.ee\/pood\/nutikas-valgusluliti-wifi-ja-rf-iga-sonoff-t2eu1c-tx-1-kanal\/"},"modified":"2025-08-21T08:19:28","modified_gmt":"2025-08-21T08:19:28","slug":"nutikas-valgusluliti-wifi-ja-rf-iga-sonoff-t2eu1c-tx-1-kanal","status":"publish","type":"product","link":"https:\/\/blankpage.ee\/_ruumist-ruumi\/pood\/nutikas-valgusluliti-wifi-ja-rf-iga-sonoff-t2eu1c-tx-1-kanal\/","title":{"rendered":"Nutikas valgusl\u00fcliti WiFi ja RF-iga Sonoff T2EU1C-TX (1 kanal)"},"content":{"rendered":"<h3>Nutikas valgusl\u00fcliti WiFi ja RF-iga Sonoff T2EU1C-TX (1 kanal)<\/h3>\n<p><strong>Nutikas valgusl\u00fcliti<\/strong> Sonoff T2EU1C-TX v\u00f5imaldab valgust juhtida puudutuse, mobiilirakenduse v\u00f5i RF-puldi abil. Lisaks puutetundlikule juhtimisele saad l\u00fclitit kasutada kaugelt \u2013 ka siis, kui oled kodust eemal. Kvaliteetne karastatud klaasist esipind ning kuumakindel ABS-korpus tagavad ohutuse, samas kui modernne v\u00e4limus sobib iga interj\u00f6\u00f6riga. Nuppu \u00fcmbritsev tagasihoidlik taustavalgus muudab <strong>nutika valgusl\u00fcliti<\/strong> pimedas lihtsalt leitavaks.<\/p>\n<p><img decoding=\"async\" src=\"https:\/\/blankpage.ee\/_ruumist-ruumi\/wp-content\/uploads\/2025\/04\/1-292.webp\" alt=\"Nutikas valgusl\u00fcliti Sonoff puutetundliku klaasiga\" \/><\/p>\n<h3>K\u00f5igile majapidamise liikmetele<\/h3>\n<p>Rakenduses saab l\u00fcliti juhtimise \u00f5igusi jagada teiste pereliikmetega \u2013 nii saavad k\u00f5ik kodus valguseid nutiseadmega h\u00f5lpsasti sisse ja v\u00e4lja l\u00fclitada.<\/p>\n<p><img decoding=\"async\" src=\"https:\/\/blankpage.ee\/_ruumist-ruumi\/wp-content\/uploads\/2025\/04\/2-300.webp\" alt=\"Valgustuse kaugjuhtimine eWeLink \u00e4pi kaudu\" \/><\/p>\n<h3>K\u00f5rge kasutusmugavus<\/h3>\n<p>Nutikas valgusl\u00fcliti toetab eWeLinki rakendust iOS-i ja Androidi seadmetel ning v\u00f5imaldab juhtida valgust ka 433 MHz kaugjuhtimispuldiga. T\u00e4nu v\u00f5rgu\u00fchendusele kuvatakse l\u00fcliti olek reaalajas sinu telefonis ning voolutarbimise muutused on kohe n\u00e4htavad.<\/p>\n<p><img decoding=\"async\" src=\"https:\/\/blankpage.ee\/_ruumist-ruumi\/wp-content\/uploads\/2025\/04\/3-280.webp\" alt=\"Sonoff nutikas l\u00fcliti kaugjuhtimispuldi kasutamisega\" \/><\/p>\n<h3>Automaatika v\u00f5imalused nutikodus<\/h3>\n<p>Seadista taimerid ja ajastused \u2013 <strong>nutikas valgusl\u00fcliti<\/strong> lubab valgustust automaatselt sisse v\u00f5i v\u00e4lja l\u00fclitada soovitud aegadel v\u00f5i ajavahemikel.<\/p>\n<p><img decoding=\"async\" src=\"https:\/\/blankpage.ee\/_ruumist-ruumi\/wp-content\/uploads\/2025\/04\/4-271.webp\" alt=\"Automaatika funktsiooniga valgusl\u00fcliti ajastusrakenduses\" \/><\/p>\n<h3>Tehnilised andmed<\/h3>\n<table>\n<tr>\n<th>Mudel<\/th>\n<td>T2EU1C-TX<\/td>\n<\/tr>\n<tr>\n<th>Pinge<\/th>\n<td>100\u2013240 V AC<\/td>\n<\/tr>\n<tr>\n<th>Maksimaalne voolutugevus<\/th>\n<td>2 A (\u00fche kanali kohta)<\/td>\n<\/tr>\n<tr>\n<th>Maksimaalne koormusv\u00f5imsus<\/th>\n<td>480 W<\/td>\n<\/tr>\n<tr>\n<th>V\u00e4rv<\/th>\n<td>Valge<\/td>\n<\/tr>\n<tr>\n<th>WiFi<\/th>\n<td>IEEE 802.11 b\/g\/n<\/td>\n<\/tr>\n<tr>\n<th>WiFi turve<\/th>\n<td>WPA-PSK \/ WPA2-PSK<\/td>\n<\/tr>\n<tr>\n<th>Materjal<\/th>\n<td>Karastatud klaas \/ PC V0<\/td>\n<\/tr>\n<tr>\n<th>Kanalite arv<\/th>\n<td>1<\/td>\n<\/tr>\n<tr>\n<th>Paigaldusava m\u00f5\u00f5dud<\/th>\n<td>86 \u00d7 86 \u00d7 35 mm<\/td>\n<\/tr>\n<\/table>\n<p>Suurenda oma nutikodu v\u00f5imalusi \u2013 vali usaldusv\u00e4\u00e4rne nutikas valgusl\u00fcliti ja naudi igal ajal ning igas kohas mugavat ning turvalist valgustuse juhtimist.<\/p>\n","protected":false},"excerpt":{"rendered":"<p>Nutikas valgusl\u00fcliti WiFi ja RF-iga Sonoff T2EU1C-TX (1 kanal) Nutikas valgusl\u00fcliti Sonoff T2EU1C-TX v\u00f5imaldab valgust juhtida puudutuse, mobiilirakenduse v\u00f5i RF-puldi abil. Lisaks puutetundlikule juhtimisele saad l\u00fclitit kasutada kaugelt \u2013 ka siis, kui oled kodust eemal. Kvaliteetne karastatud klaasist esipind ning kuumakindel ABS-korpus tagavad ohutuse, samas kui modernne v\u00e4limus sobib iga interj\u00f6\u00f6riga. Nuppu \u00fcmbritsev tagasihoidlik taustavalgus [&hellip;]<\/p>\n","protected":false},"featured_media":170943,"comment_status":"open","ping_status":"open","template":"","meta":[],"product_brand":[3037],"product_cat":[3039],"product_tag":[],"class_list":{"0":"post-170938","1":"product","2":"type-product","3":"status-publish","4":"has-post-thumbnail","6":"product_brand-sonoff","7":"product_cat-lulitid","8":"product_shipping_class-innpro","10":"first","11":"instock","12":"sale","13":"taxable","14":"shipping-taxable","15":"purchasable","16":"product-type-simple"},"_links":{"self":[{"href":"https:\/\/blankpage.ee\/_ruumist-ruumi\/wp-json\/wp\/v2\/product\/170938","targetHints":{"allow":["GET"]}}],"collection":[{"href":"https:\/\/blankpage.ee\/_ruumist-ruumi\/wp-json\/wp\/v2\/product"}],"about":[{"href":"https:\/\/blankpage.ee\/_ruumist-ruumi\/wp-json\/wp\/v2\/types\/product"}],"replies":[{"embeddable":true,"href":"https:\/\/blankpage.ee\/_ruumist-ruumi\/wp-json\/wp\/v2\/comments?post=170938"}],"wp:featuredmedia":[{"embeddable":true,"href":"https:\/\/blankpage.ee\/_ruumist-ruumi\/wp-json\/wp\/v2\/media\/170943"}],"wp:attachment":[{"href":"https:\/\/blankpage.ee\/_ruumist-ruumi\/wp-json\/wp\/v2\/media?parent=170938"}],"wp:term":[{"taxonomy":"product_brand","embeddable":true,"href":"https:\/\/blankpage.ee\/_ruumist-ruumi\/wp-json\/wp\/v2\/product_brand?post=170938"},{"taxonomy":"product_cat","embeddable":true,"href":"https:\/\/blankpage.ee\/_ruumist-ruumi\/wp-json\/wp\/v2\/product_cat?post=170938"},{"taxonomy":"product_tag","embeddable":true,"href":"https:\/\/blankpage.ee\/_ruumist-ruumi\/wp-json\/wp\/v2\/product_tag?post=170938"}],"curies":[{"name":"wp","href":"https:\/\/api.w.org\/{rel}","templated":true}]}}