{"id":170956,"date":"2025-04-18T19:19:39","date_gmt":"2025-04-18T19:19:39","guid":{"rendered":"https:\/\/ruumistruumi.ee\/pood\/nutikas-valgusluliti-sonoff-t2-eu-tx-puutetundlik-wifi-rf-3-kanalit\/"},"modified":"2025-08-21T08:19:28","modified_gmt":"2025-08-21T08:19:28","slug":"nutikas-valgusluliti-sonoff-t2-eu-tx-puutetundlik-wifi-rf-3-kanalit","status":"publish","type":"product","link":"https:\/\/blankpage.ee\/_ruumist-ruumi\/pood\/nutikas-valgusluliti-sonoff-t2-eu-tx-puutetundlik-wifi-rf-3-kanalit\/","title":{"rendered":"Nutikas valgusl\u00fcliti Sonoff T2 EU TX puutetundlik (WiFi, RF, 3 kanalit)"},"content":{"rendered":"<h3>Nutikas valgusl\u00fcliti Sonoff T2 EU TX puutetundlik (WiFi, RF, 3 kanalit)<\/h3>\n<p>Nutikas valgusl\u00fcliti Sonoff T2 EU TX on kaasaegne puutetundlik l\u00fcliti, mis v\u00f5imaldab juhtida kodu valgustust nii traditsiooniliselt puudutades kui ka eWeLink nutirakenduse kaudu. Valgustite l\u00fclitamine toimub mugavalt nii WiFi kui 433 MHz raadiosageduse abil, mist\u00f5ttu saad valgust juhtida s\u00f5ltumata oma asukohast. Targa kodu valgusl\u00fcliti muudab valguse igap\u00e4evase juhtimise lihtsaks ja paindlikuks.<\/p>\n<p><img decoding=\"async\" src=\"https:\/\/blankpage.ee\/_ruumist-ruumi\/wp-content\/uploads\/2025\/04\/1-293.webp\" alt=\"Nutikas valgusl\u00fcliti Sonoff T2 EU TX kolme kanaliga puutetundlikul paneelil\"\/><\/p>\n<h3>Jagamine pere ja kaaslastega<\/h3>\n<p>Nutikas valgusl\u00fcliti v\u00f5imaldab h\u00f5lpsasti jagada ligip\u00e4\u00e4su teistele pereliikmetele l\u00e4bi tasuta eWeLink rakenduse, mis t\u00f6\u00f6tab nii iOS-i kui Androidi seadmetel. See teeb valguse juhtimise k\u00e4ttesaadavaks k\u00f5igile kodus.<\/p>\n<p><img decoding=\"async\" src=\"https:\/\/blankpage.ee\/_ruumist-ruumi\/wp-content\/uploads\/2025\/04\/2-301.webp\" alt=\"Valguse juhtimine ja jagamine eWeLinki kaudu nutiseadmes\"\/><\/p>\n<h3>Selge \u00fclevaade ja lihtne juhtimine<\/h3>\n<p>Puutetundlik ja kaugjuhtimise v\u00f5imalus (sh 433 MHz pult) annab paindliku lahenduse igasse koju. Rakendus s\u00fcnkroniseerib l\u00fcliti oleku reaalajas, nii saad alati \u00fclevaate seadmete seisust ning vajadusel l\u00fclitada valgust sisse-v\u00e4lja ka distantsilt.<\/p>\n<p><img decoding=\"async\" src=\"https:\/\/blankpage.ee\/_ruumist-ruumi\/wp-content\/uploads\/2025\/04\/3-282.webp\" alt=\"Nutikas valgusl\u00fcliti juhtimine eWeLink rakenduse abil\"\/><\/p>\n<h3>Automaatne ajastus ja koduautomaatika<\/h3>\n<p>Seadista isikup\u00e4rased ajagraafikud ning l\u00fclita valgus vastavalt soovitud ajale v\u00f5i s\u00fcndmustele. Nutikas valgusl\u00fcliti aitab muuta koduautomaatika mugavaks ja aitab hoida energiat kokku.<\/p>\n<p><img decoding=\"async\" src=\"https:\/\/blankpage.ee\/_ruumist-ruumi\/wp-content\/uploads\/2025\/04\/4-273.webp\" alt=\"Valgusl\u00fcliti automaatse ajastuse seadistamine eWeLink rakenduses\"\/><\/p>\n<h3>Kaugjuhtimine igal ajal<\/h3>\n<p>Isegi kui viibid kodust eemal, saad valgustuse juhtida otse \u00e4pist. T\u00e4nu nutikale valgusl\u00fclitile v\u00f5id kindel olla, et \u00fchtegi tuld ei j\u00e4\u00e4 kogemata p\u00f5lema ja kodu on alati sinu kontrolli all.<\/p>\n<p><img decoding=\"async\" src=\"https:\/\/blankpage.ee\/_ruumist-ruumi\/wp-content\/uploads\/2025\/04\/5-242.webp\" alt=\"Nutikas valgusl\u00fcliti kaugjuhtimine nutirakendusega eWeLink\"\/><\/p>\n<table>\n<tr>\n<th>Mudel<\/th>\n<td>T2EU3C-TX<\/td>\n<\/tr>\n<tr>\n<th>Pinge<\/th>\n<td>100\u2013240 V AC<\/td>\n<\/tr>\n<tr>\n<th>Maksimaalne vool<\/th>\n<td>1 A (kanal)<\/td>\n<\/tr>\n<tr>\n<th>Maksimaalne LED v\u00f5imsus<\/th>\n<td>100 W (kanal)<\/td>\n<\/tr>\n<tr>\n<th>V\u00e4rvus<\/th>\n<td>valge<\/td>\n<\/tr>\n<tr>\n<th>WiFi<\/th>\n<td>802.11 b\/g\/n<\/td>\n<\/tr>\n<tr>\n<th>WiFi turvalisus<\/th>\n<td>WPA-PSK\/WPA2-PSK<\/td>\n<\/tr>\n<tr>\n<th>Materjal<\/th>\n<td>karastatud klaas \/ PC V0<\/td>\n<\/tr>\n<tr>\n<th>Kanalite arv<\/th>\n<td>3<\/td>\n<\/tr>\n<tr>\n<th>Paigaldusava m\u00f5\u00f5dud<\/th>\n<td>86 \u00d7 86 \u00d7 35 mm<\/td>\n<\/tr>\n<\/table>\n","protected":false},"excerpt":{"rendered":"<p>Nutikas valgusl\u00fcliti Sonoff T2 EU TX puutetundlik (WiFi, RF, 3 kanalit) Nutikas valgusl\u00fcliti Sonoff T2 EU TX on kaasaegne puutetundlik l\u00fcliti, mis v\u00f5imaldab juhtida kodu valgustust nii traditsiooniliselt puudutades kui ka eWeLink nutirakenduse kaudu. Valgustite l\u00fclitamine toimub mugavalt nii WiFi kui 433 MHz raadiosageduse abil, mist\u00f5ttu saad valgust juhtida s\u00f5ltumata oma asukohast. Targa kodu valgusl\u00fcliti [&hellip;]<\/p>\n","protected":false},"featured_media":170962,"comment_status":"open","ping_status":"open","template":"","meta":[],"product_brand":[3037],"product_cat":[3039],"product_tag":[],"class_list":{"0":"post-170956","1":"product","2":"type-product","3":"status-publish","4":"has-post-thumbnail","6":"product_brand-sonoff","7":"product_cat-lulitid","8":"product_shipping_class-innpro","10":"first","11":"instock","12":"sale","13":"taxable","14":"shipping-taxable","15":"purchasable","16":"product-type-simple"},"_links":{"self":[{"href":"https:\/\/blankpage.ee\/_ruumist-ruumi\/wp-json\/wp\/v2\/product\/170956","targetHints":{"allow":["GET"]}}],"collection":[{"href":"https:\/\/blankpage.ee\/_ruumist-ruumi\/wp-json\/wp\/v2\/product"}],"about":[{"href":"https:\/\/blankpage.ee\/_ruumist-ruumi\/wp-json\/wp\/v2\/types\/product"}],"replies":[{"embeddable":true,"href":"https:\/\/blankpage.ee\/_ruumist-ruumi\/wp-json\/wp\/v2\/comments?post=170956"}],"wp:featuredmedia":[{"embeddable":true,"href":"https:\/\/blankpage.ee\/_ruumist-ruumi\/wp-json\/wp\/v2\/media\/170962"}],"wp:attachment":[{"href":"https:\/\/blankpage.ee\/_ruumist-ruumi\/wp-json\/wp\/v2\/media?parent=170956"}],"wp:term":[{"taxonomy":"product_brand","embeddable":true,"href":"https:\/\/blankpage.ee\/_ruumist-ruumi\/wp-json\/wp\/v2\/product_brand?post=170956"},{"taxonomy":"product_cat","embeddable":true,"href":"https:\/\/blankpage.ee\/_ruumist-ruumi\/wp-json\/wp\/v2\/product_cat?post=170956"},{"taxonomy":"product_tag","embeddable":true,"href":"https:\/\/blankpage.ee\/_ruumist-ruumi\/wp-json\/wp\/v2\/product_tag?post=170956"}],"curies":[{"name":"wp","href":"https:\/\/api.w.org\/{rel}","templated":true}]}}