{"id":171022,"date":"2025-04-18T19:25:31","date_gmt":"2025-04-18T19:25:31","guid":{"rendered":"https:\/\/ruumistruumi.ee\/pood\/wifi-valivalvekaamera-zosi-c296-8mp-pan-tilt-ip66-32gb-microsd\/"},"modified":"2025-08-21T08:19:27","modified_gmt":"2025-08-21T08:19:27","slug":"wifi-valivalvekaamera-zosi-c296-8mp-pan-tilt-ip66-32gb-microsd","status":"publish","type":"product","link":"https:\/\/blankpage.ee\/_ruumist-ruumi\/pood\/wifi-valivalvekaamera-zosi-c296-8mp-pan-tilt-ip66-32gb-microsd\/","title":{"rendered":"WiFi v\u00e4livalvekaamera ZOSI C296 8MP, Pan Tilt, IP66, 32GB microSD"},"content":{"rendered":"<h3>WiFi v\u00e4livalvekaamera ZOSI C296 8MP, Pan Tilt, IP66, 32GB microSD<\/h3>\n<p><strong>WiFi v\u00e4likaamera<\/strong> ZOSI C296 sobib ideaalselt neile, kes otsivad t\u00f6\u00f6kindlat ja t\u00f5husat turvalahendust oma kodu v\u00f5i kinnisvara valveks. See mudel on varustatud 8MP CMOS sensoriga, mis tagab terava ja detailse kujutise nii p\u00e4eval kui \u00f6\u00f6sel. 4,0 mm F1.6 objektiiv ja kohanduv katik v\u00f5imaldavad suurep\u00e4rast pildikvaliteeti igas olukorras. T\u00e4nu H.265 videokodekile salvestab kaamera pilti efektiivselt, s\u00e4\u00e4stes salvestusruumi. Kaasas olev 32GB microSD kaart v\u00f5imaldab oluliste salvestiste kiiret ja mugavat talletamist.<\/p>\n<p><img decoding=\"async\" src=\"https:\/\/blankpage.ee\/_ruumist-ruumi\/wp-content\/uploads\/2025\/04\/4-279.webp\" alt=\"Seinale paigaldatud WiFi v\u00e4likaamera ZOSI C296 koos LED-tuledega\" \/><\/p>\n<h3>Suurep\u00e4rane pildikvaliteet ja \u00f6\u00f6n\u00e4gemise v\u00f5imalus<\/h3>\n<p>Valvekaameral on 2880&#215;1620 pikslit resolutsioon, mis v\u00f5imaldab j\u00e4lgida territooriumi \u00e4\u00e4rmiselt selge pildiga. Sisseehitatud infrapuna-LEDid v\u00f5imaldavad kasutada \u00f6\u00f6n\u00e4gemist kuni 30 meetri kaugusel, nelja soojus- ja infrapuna-allikaga tagatakse hea n\u00e4htavus k\u00f5ikides tingimustes.<\/p>\n<p><img decoding=\"async\" src=\"https:\/\/blankpage.ee\/_ruumist-ruumi\/wp-content\/uploads\/2025\/04\/1-299.webp\" alt=\"Valvekaamera \u00f6ise j\u00e4lgimise funktsioon\" \/><\/p>\n<h3>Targad AI funktsioonid ja turvalisus<\/h3>\n<p>Kaamera suudab tuvastada liikumist, inimesi, s\u00f5idukeid ja n\u00e4gusid ning reageerida ebatavalistele helidele (m\u00f5nedes pakettides). T\u00e4iustatud tehisintellekti algoritmid v\u00f5imaldavad saada viivitamatult teavitusi, kui ilmneb v\u00f5imaliku ohu olukord. AI-tehnoloogia muudab j\u00e4lgimise t\u00e4psemaks ja t\u00f5stab turvalisuse taset.<\/p>\n<p><img decoding=\"async\" src=\"https:\/\/blankpage.ee\/_ruumist-ruumi\/wp-content\/uploads\/2025\/04\/2-307.webp\" alt=\"Nutika AI funktsiooniga v\u00e4likaamera tuvastab inimesi ja s\u00f5idukeid\" \/><\/p>\n<h3>Lihtne paigaldus ja t\u00f6\u00f6kindel \u00fchenduvus<\/h3>\n<p><strong>WiFi v\u00e4likaamera<\/strong> ZOSI C296 on IP66 tolmu- ja veekindlusega korpuses, sobides ka k\u00f5ige raskematesse ilmastikuoludesse. Kahel 5dB WiFi antennil p\u00f5hinev \u00fchendus tagab stabiilse ja t\u00f6\u00f6kindla v\u00f5rgu\u00fchenduse. Kaamera \u00fchilduvus levinumate protokollidega (IPV4 DHCP, ONVIF, TCP\/IP, NTP, RTSP, P2P) v\u00f5imaldab seda h\u00f5lpsasti liita erinevate turvas\u00fcsteemidega.<\/p>\n<p><img decoding=\"async\" src=\"https:\/\/blankpage.ee\/_ruumist-ruumi\/wp-content\/uploads\/2025\/04\/6-217.webp\" alt=\"V\u00e4likaamera antennid ja seinakinnituslahendus\" \/><\/p>\n<h3>Kvaliteetne heli ja lisafunktsioonid<\/h3>\n<p>Kaamera pakub kahepoolset heli t\u00e4nu sisseehitatud mikrofonile ja k\u00f5larile \u2013 v\u00f5imalik suhelda n\u00e4iteks ukse taga oleva inimesega. T\u00e4iustatud omadused nagu 3D digitaalm\u00fcrasummutus, lai d\u00fcnaamiline ulatus ning tagantvalguse kompensatsioon parandavad veelgi heli- ja pildikvaliteeti. Salvestamine on v\u00f5imalik kuni 128GB microSD kaardile v\u00f5i pilve.<\/p>\n<p><img decoding=\"async\" src=\"https:\/\/blankpage.ee\/_ruumist-ruumi\/wp-content\/uploads\/2025\/04\/5-246.webp\" alt=\"V\u00e4likaamera kahepoolse suhtluse funktsioon sisseehitatud mikrofoniga\" \/><\/p>\n<h3>Komplekti kuulub:<\/h3>\n<ul>\n<li>Kaamera<\/li>\n<li>Toiteadapter<\/li>\n<li>Veekindel kaitsekate<\/li>\n<li>Hoiatuskleebis<\/li>\n<li>Paigaldusmall<\/li>\n<li>Kruvid ja t\u00fc\u00fcblid<\/li>\n<li>Kasutusjuhend<\/li>\n<\/ul>\n<h3>Tehnilised andmed<\/h3>\n<table>\n<tr>\n<th>Tootja<\/th>\n<td>ZOSI<\/td>\n<\/tr>\n<tr>\n<th>Mudel<\/th>\n<td>C296<\/td>\n<\/tr>\n<tr>\n<th>Pikslid<\/th>\n<td>8 MP<\/td>\n<\/tr>\n<tr>\n<th>Sensor<\/th>\n<td>1\/2,7&#8243; CMOS, progressiivne skaneerimine<\/td>\n<\/tr>\n<tr>\n<th>Objektiiv<\/th>\n<td>4,0 mm F1.6<\/td>\n<\/tr>\n<tr>\n<th>Kaitseklass<\/th>\n<td>IP66, tolmu- ja veekindel<\/td>\n<\/tr>\n<tr>\n<th>Infrapuna ulatus<\/th>\n<td>30 m<\/td>\n<\/tr>\n<tr>\n<th>Maks. salvestusv\u00f5imalus<\/th>\n<td>128GB microSD, pilvesalvestuse tugi<\/td>\n<\/tr>\n<tr>\n<th>Toide<\/th>\n<td>DC 12V, maks. tarbimine 8W<\/td>\n<\/tr>\n<tr>\n<th>M\u00f5\u00f5dud<\/th>\n<td>179 \u00d7 111,8 \u00d7 161,8 mm<\/td>\n<\/tr>\n<tr>\n<th>Kaal<\/th>\n<td>ca 514 g<\/td>\n<\/tr>\n<\/table>\n","protected":false},"excerpt":{"rendered":"<p>WiFi v\u00e4livalvekaamera ZOSI C296 8MP, Pan Tilt, IP66, 32GB microSD WiFi v\u00e4likaamera ZOSI C296 sobib ideaalselt neile, kes otsivad t\u00f6\u00f6kindlat ja t\u00f5husat turvalahendust oma kodu v\u00f5i kinnisvara valveks. See mudel on varustatud 8MP CMOS sensoriga, mis tagab terava ja detailse kujutise nii p\u00e4eval kui \u00f6\u00f6sel. 4,0 mm F1.6 objektiiv ja kohanduv katik v\u00f5imaldavad suurep\u00e4rast pildikvaliteeti [&hellip;]<\/p>\n","protected":false},"featured_media":171028,"comment_status":"open","ping_status":"open","template":"","meta":[],"product_brand":[3074],"product_cat":[3056],"product_tag":[],"class_list":{"0":"post-171022","1":"product","2":"type-product","3":"status-publish","4":"has-post-thumbnail","6":"product_brand-zosi","7":"product_cat-ip-kaamerad","8":"product_shipping_class-innpro","10":"first","11":"instock","12":"sale","13":"taxable","14":"shipping-taxable","15":"purchasable","16":"product-type-simple"},"_links":{"self":[{"href":"https:\/\/blankpage.ee\/_ruumist-ruumi\/wp-json\/wp\/v2\/product\/171022","targetHints":{"allow":["GET"]}}],"collection":[{"href":"https:\/\/blankpage.ee\/_ruumist-ruumi\/wp-json\/wp\/v2\/product"}],"about":[{"href":"https:\/\/blankpage.ee\/_ruumist-ruumi\/wp-json\/wp\/v2\/types\/product"}],"replies":[{"embeddable":true,"href":"https:\/\/blankpage.ee\/_ruumist-ruumi\/wp-json\/wp\/v2\/comments?post=171022"}],"wp:featuredmedia":[{"embeddable":true,"href":"https:\/\/blankpage.ee\/_ruumist-ruumi\/wp-json\/wp\/v2\/media\/171028"}],"wp:attachment":[{"href":"https:\/\/blankpage.ee\/_ruumist-ruumi\/wp-json\/wp\/v2\/media?parent=171022"}],"wp:term":[{"taxonomy":"product_brand","embeddable":true,"href":"https:\/\/blankpage.ee\/_ruumist-ruumi\/wp-json\/wp\/v2\/product_brand?post=171022"},{"taxonomy":"product_cat","embeddable":true,"href":"https:\/\/blankpage.ee\/_ruumist-ruumi\/wp-json\/wp\/v2\/product_cat?post=171022"},{"taxonomy":"product_tag","embeddable":true,"href":"https:\/\/blankpage.ee\/_ruumist-ruumi\/wp-json\/wp\/v2\/product_tag?post=171022"}],"curies":[{"name":"wp","href":"https:\/\/api.w.org\/{rel}","templated":true}]}}