{"id":171076,"date":"2025-04-18T19:32:21","date_gmt":"2025-04-18T19:32:21","guid":{"rendered":"https:\/\/ruumistruumi.ee\/pood\/nutikas-led-valgusriba-meross-msl320-rgbww-5-m-wi-fi-homekit\/"},"modified":"2025-08-21T08:19:26","modified_gmt":"2025-08-21T08:19:26","slug":"nutikas-led-valgusriba-meross-msl320-rgbww-5-m-wi-fi-homekit","status":"publish","type":"product","link":"https:\/\/blankpage.ee\/_ruumist-ruumi\/pood\/nutikas-led-valgusriba-meross-msl320-rgbww-5-m-wi-fi-homekit\/","title":{"rendered":"Nutikas LED valgusriba Meross MSL320 RGBWW (5 m, Wi-Fi, HomeKit)"},"content":{"rendered":"<h3>Nutikas LED valgusriba Meross MSL320 RGBWW \u2013 5 m, Wi-Fi, HomeKit<\/h3>\n<p><strong>Nutikas LED valgusriba<\/strong> Meross MSL320 on viie meetri pikkune painduv valgusriba, millega saad oma kodu v\u00f5i kontori valgustust lihtsasti isikup\u00e4rasemaks ning hubasemaks muuta. Kleepuva aluspinnaga valgusriba paigaldamine on kiire ja lihtne \u2013 vajuta riba soovitud pinnale ning vajadusel l\u00f5ika selle pikkust enda jaoks sobivaks. Kaasasolev Wi-Fi juhtkontroller v\u00f5imaldab valgusriba mugavalt juhtida nii Meross kui ka Apple Home rakenduse kaudu.<\/p>\n<p><img decoding=\"async\" src=\"https:\/\/blankpage.ee\/_ruumist-ruumi\/wp-content\/uploads\/2025\/04\/4-284.webp\" alt=\"nutikas LED valgusriba Meross MSL320 rullis koos juhtkontrolleriga\"><\/p>\n<h3>Mugav juhtimine ja lai \u00fchilduvus<\/h3>\n<p>Lisaks tavalisele rakendusep\u00f5hisele juhtimisele on valgusriba \u00fchilduv Apple HomeKit\/Siri, Amazon Alexa, Google Assistant ja SmartThings lahendustega. Saad valguse sisse- ja v\u00e4ljal\u00fclitamiseks ning v\u00e4rvi v\u00f5i heleduse reguleerimiseks kasutada mugavalt ka h\u00e4\u00e4lk\u00e4sklusi. Kaugjuhtimine toimib alati s\u00f5ltumata sellest, kas oled kodus v\u00f5i eemal ning valgusriba sobib ideaalselt nii eluruumidesse, kontorisse kui ka \u00e4riettev\u00f5tetesse.<\/p>\n<p><img decoding=\"async\" src=\"https:\/\/blankpage.ee\/_ruumist-ruumi\/wp-content\/uploads\/2025\/04\/7-197.webp\" alt=\"painduv LED valgusriba installatsioonin\u00e4ide seinal\"><\/p>\n<h3>Kohanda valgust vastavalt soovile<\/h3>\n<p>Vali Meross v\u00f5i Apple Home rakenduses endale meelep\u00e4rane valguse v\u00e4rv, heleduse tase v\u00f5i vali v\u00e4rvitemperatuur vahemikus 2700K\u20136500K. Rikkalikud RGB v\u00e4rvitoonid ning eelh\u00e4\u00e4lestatud valgusstseenid v\u00f5imaldavad kiiresti luua sobiva meeleolu film\u00f5htuks, peoks v\u00f5i \u00f5dusaks argi\u00f5htuks.<\/p>\n<p><img decoding=\"async\" src=\"https:\/\/blankpage.ee\/_ruumist-ruumi\/wp-content\/uploads\/2025\/04\/3-291.webp\" alt=\"v\u00e4rvimuutused rakenduses nutika LED valgusriba jaoks\"><\/p>\n<h3>Ajasta valgustus t\u00e4pselt enda j\u00e4rgi<\/h3>\n<p>Rakenduses saad <strong>nutikas LED valgusriba<\/strong> t\u00f6\u00f6d lihtsalt ajastada: programmi sisse- ja v\u00e4ljal\u00fclitused just nii, nagu soovid. Nii on valgustus alati valmis, kui seda vajad \u2013 olgu \u00f5htuseks puhkehetkeks v\u00f5i hommikuse \u00e4ratuse ajal.<\/p>\n<p><img decoding=\"async\" src=\"https:\/\/blankpage.ee\/_ruumist-ruumi\/wp-content\/uploads\/2025\/04\/2-313.webp\" alt=\"nutika LED valgusriba ajastatud sisse- ja v\u00e4ljal\u00fclitus rakenduses\"><\/p>\n<h3>Komplekti sisu<\/h3>\n<ul>\n<li>5 m LED valgusriba<\/li>\n<li>Wi-Fi juhtkontroller<\/li>\n<li>\u00dchendusjuhe<\/li>\n<li>Toiteadapter<\/li>\n<li>5 tk kinnitusklemme<\/li>\n<\/ul>\n<table>\n<tbody>\n<tr>\n<th>Br\u00e4nd<\/th>\n<td>Meross<\/td>\n<\/tr>\n<tr>\n<th>Mudel<\/th>\n<td>MSL320<\/td>\n<\/tr>\n<tr>\n<th>Sisend<\/th>\n<td>12V\/1,5A<\/td>\n<\/tr>\n<tr>\n<th>Valguse v\u00e4rvus<\/th>\n<td>RGBWW (2700K\u20136500K)<\/td>\n<\/tr>\n<tr>\n<th>Pikkus<\/th>\n<td>5 m<\/td>\n<\/tr>\n<tr>\n<th>\u00dchilduvus<\/th>\n<td>Apple HomeKit\/Siri, Amazon Alexa, Google Assistant, SmartThings<\/td>\n<\/tr>\n<tr>\n<th>\u00dchendus<\/th>\n<td>Wi-Fi<\/td>\n<\/tr>\n<tr>\n<th>Rakendus<\/th>\n<td>Meross v\u00f5i Apple Home<\/td>\n<\/tr>\n<\/tbody>\n<\/table>\n<p>Lisa oma ellu nutikust ja atmosf\u00e4\u00e4ri \u2013 <strong>nutikas LED valgusriba<\/strong> aitab valgustuse alati lihtsalt ja stiilselt juhtimise all hoida!<\/p>\n","protected":false},"excerpt":{"rendered":"<p>Nutikas LED valgusriba Meross MSL320 RGBWW \u2013 5 m, Wi-Fi, HomeKit Nutikas LED valgusriba Meross MSL320 on viie meetri pikkune painduv valgusriba, millega saad oma kodu v\u00f5i kontori valgustust lihtsasti isikup\u00e4rasemaks ning hubasemaks muuta. Kleepuva aluspinnaga valgusriba paigaldamine on kiire ja lihtne \u2013 vajuta riba soovitud pinnale ning vajadusel l\u00f5ika selle pikkust enda jaoks sobivaks. [&hellip;]<\/p>\n","protected":false},"featured_media":171081,"comment_status":"open","ping_status":"open","template":"","meta":[],"product_brand":[3050],"product_cat":[3033],"product_tag":[],"class_list":{"0":"post-171076","1":"product","2":"type-product","3":"status-publish","4":"has-post-thumbnail","6":"product_brand-meross","7":"product_cat-led-ribad","8":"product_shipping_class-innpro","10":"first","11":"outofstock","12":"sale","13":"taxable","14":"shipping-taxable","15":"purchasable","16":"product-type-simple"},"_links":{"self":[{"href":"https:\/\/blankpage.ee\/_ruumist-ruumi\/wp-json\/wp\/v2\/product\/171076","targetHints":{"allow":["GET"]}}],"collection":[{"href":"https:\/\/blankpage.ee\/_ruumist-ruumi\/wp-json\/wp\/v2\/product"}],"about":[{"href":"https:\/\/blankpage.ee\/_ruumist-ruumi\/wp-json\/wp\/v2\/types\/product"}],"replies":[{"embeddable":true,"href":"https:\/\/blankpage.ee\/_ruumist-ruumi\/wp-json\/wp\/v2\/comments?post=171076"}],"wp:featuredmedia":[{"embeddable":true,"href":"https:\/\/blankpage.ee\/_ruumist-ruumi\/wp-json\/wp\/v2\/media\/171081"}],"wp:attachment":[{"href":"https:\/\/blankpage.ee\/_ruumist-ruumi\/wp-json\/wp\/v2\/media?parent=171076"}],"wp:term":[{"taxonomy":"product_brand","embeddable":true,"href":"https:\/\/blankpage.ee\/_ruumist-ruumi\/wp-json\/wp\/v2\/product_brand?post=171076"},{"taxonomy":"product_cat","embeddable":true,"href":"https:\/\/blankpage.ee\/_ruumist-ruumi\/wp-json\/wp\/v2\/product_cat?post=171076"},{"taxonomy":"product_tag","embeddable":true,"href":"https:\/\/blankpage.ee\/_ruumist-ruumi\/wp-json\/wp\/v2\/product_tag?post=171076"}],"curies":[{"name":"wp","href":"https:\/\/api.w.org\/{rel}","templated":true}]}}