{"id":171126,"date":"2025-04-18T19:32:21","date_gmt":"2025-04-18T19:32:21","guid":{"rendered":"https:\/\/ruumistruumi.ee\/pood\/paikesepaneeliga-turvakaamera-dekco-dc9l-5mp-wi-fi-pooratav\/"},"modified":"2025-06-20T20:33:51","modified_gmt":"2025-06-20T20:33:51","slug":"paikesepaneeliga-turvakaamera-dekco-dc9l-5mp-wi-fi-pooratav","status":"publish","type":"product","link":"https:\/\/blankpage.ee\/_ruumist-ruumi\/pood\/paikesepaneeliga-turvakaamera-dekco-dc9l-5mp-wi-fi-pooratav\/","title":{"rendered":"P\u00e4ikesepaneeliga turvakaamera DEKCO DC9L, 5MP, Wi-Fi, p\u00f6\u00f6ratav"},"content":{"rendered":"<h3>P\u00e4ikesepaneeliga turvakaamera DEKCO DC9L, 5MP, Wi-Fi, p\u00f6\u00f6ratav<\/h3>\n<p><strong>P\u00e4ikesepaneeliga turvakaamera<\/strong> DEKCO DC9L on t\u00e4nap\u00e4evane 5MP v\u00e4likaamera, mis sobib ideaalselt nii kodu kui kontori turvalisuse tagamiseks. T\u00e4nu sisseehitatud p\u00e4ikesepaneelile t\u00f6\u00f6tab see kaamera energias\u00e4\u00e4stlikult ja juhtmevabalt ka kohtades, kus puudub elektri\u00fchendus. Vastupidav IP65 kaitseklassiga korpus tagab t\u00f6\u00f6kindluse igasugustes ilmastikutingimustes. Kaamera salvestab terava 2560 \u00d7 1920 lahutusv\u00f5imega videosignaali nii p\u00e4eval kui \u00f6\u00f6sel ning p\u00f6\u00f6ratav konstruktsioon (355\u00b0 horisontaalsuunas, 90\u00b0 vertikaalsuunas) v\u00f5imaldab j\u00e4lgida laia ala.<\/p>\n<p>\n<img decoding=\"async\" src=\"https:\/\/blankpage.ee\/_ruumist-ruumi\/wp-content\/uploads\/2025\/04\/1-306.webp\" alt=\"DEKCO DC9L p\u00e4ikesepaneeliga turvakaamera v\u00e4lisseinal p\u00e4ikesepaneeliga kinnitatuna\"\/>\n<\/p>\n<h3>Kvaliteetne pildiedastus<\/h3>\n<p>DEKCO DC9L <strong>p\u00e4ikesepaneeliga turvakaamera<\/strong> on 5MP objektiiviga, mis tagab kristallselge ja detailirohke videopildi. K\u00f5ik olulised detailid on h\u00e4sti n\u00e4htavad, et tagada t\u00f5hus valve \u00f6\u00f6p\u00e4evaringselt. Lai p\u00f6\u00f6rdenurk \u2013 355\u00b0 horisontaalselt ja 90\u00b0 vertikaalselt \u2013 v\u00f5imaldab j\u00e4lgida suurt ala ning suurendada turvatunnet.<\/p>\n<p>\n<img decoding=\"async\" src=\"https:\/\/blankpage.ee\/_ruumist-ruumi\/wp-content\/uploads\/2025\/04\/7-199.webp\" alt=\"V\u00e4likaamera laia vaatev\u00e4lja illustreeriv skeem DEKCO DC9L kohta\"\/>\n<\/p>\n<h3>Kaks-viisi heli suhtlemiseks<\/h3>\n<p>P\u00e4ikesepaneeliga turvakaameral on olemas kahesuunaline heli \u2013 saad nii kuulata toimuvat kui r\u00e4\u00e4kida inimestega kaamera l\u00e4heduses. See v\u00f5imaldab n\u00e4iteks tervitada kullerit, hoiatada k\u00fclalisi v\u00f5i anda pereliikmetele juhiseid, pakkudes mugavat ja turvalist suhtlust igap\u00e4evastes olukordades.<\/p>\n<p>\n<img decoding=\"async\" src=\"https:\/\/blankpage.ee\/_ruumist-ruumi\/wp-content\/uploads\/2025\/04\/4-289.webp\" alt=\"DEKCO \u00e4piga suhtlemisv\u00f5imalust n\u00e4itav turvakaamera funktsioon\"\/>\n<\/p>\n<h3>T\u00f5hus turvakaitse ja m\u00e4rguanded<\/h3>\n<p>DEKCO DC9L on varustatud valgus- ja helisignaaliga h\u00e4irete korral. Kaamera tuvastab soovimatu liikumise ning aktiveerib koheselt valgus- ja helisignaali, et hoiatada sind ja t\u00f5rjuda v\u00f5imalikke sissetungijaid. Nii on sinu vara usaldusv\u00e4\u00e4rselt kaitstud.<\/p>\n<p>\n<img decoding=\"async\" src=\"https:\/\/blankpage.ee\/_ruumist-ruumi\/wp-content\/uploads\/2025\/04\/5-254.webp\" alt=\"Kaamera valgus- ja helih\u00e4ire m\u00e4rguande n\u00e4ide DEKCO seadmes\"\/>\n<\/p>\n<h3>Turvaline salvestamine ja pilveteenus<\/h3>\n<p>DEKCO DC9L v\u00f5imaldab turvaliselt salvestada kuni 128 GB mahus microSD-m\u00e4lukaardile v\u00f5i kasutada pilveteenust. Nii p\u00e4\u00e4sed salvestistele ligi k\u00f5ikjal ja vajaduse korral arhiveerid v\u00f5i vaatad videosid lihtsalt j\u00e4rele.<\/p>\n<p>\n<img decoding=\"async\" src=\"https:\/\/blankpage.ee\/_ruumist-ruumi\/wp-content\/uploads\/2025\/04\/2-318.webp\" alt=\"DEKCO turvakaamera videosalvestuse v\u00f5imalused \u2013 pilvesalvestus ja microSD\"\/>\n<\/p>\n<h3>Juhtimine telefoni\u00e4piga ja h\u00e4\u00e4lk\u00e4sklustega<\/h3>\n<p>Dekco mobiilirakendus v\u00f5imaldab kaamerat juhtida ja j\u00e4lgida otse\u00fclekannet igal ajal ja igast asukohast. Seadista nurka, j\u00e4lgi s\u00fcndmusi reaalajas ning kasuta Google Home v\u00f5i Amazon Alexa h\u00e4\u00e4ljuhtimist veelgi mugavamaks kasutuseks \u2013 k\u00f5ik \u00fchest seadmest ilma piiranguteta.<\/p>\n<p>\n<img decoding=\"async\" src=\"https:\/\/blankpage.ee\/_ruumist-ruumi\/wp-content\/uploads\/2025\/04\/6-225.webp\" alt=\"P\u00e4ikesepaneeliga turvakaamera Dekco \u00e4pi kaudu kaugjuhtimise n\u00e4idis\"\/>\n<\/p>\n<h3>Lihtne paigaldus ja juhtmevaba t\u00f6\u00f6<\/h3>\n<p>DEKCO DC9L on loodud kiireks ja mugavaks paigaldamiseks \u2013 p\u00e4ikesepaneel ning Wi-Fi \u00fchendus v\u00f5imaldavad kaamera paigutada k\u00f5ikjale, kus elektritoidet pole l\u00e4hedal. Kaamera t\u00f6\u00f6tab s\u00e4\u00e4stlikult ning peab vastu aastateks, sobides valvama nii kodu kui \u00e4ripindu.<\/p>\n<p>\n<img decoding=\"async\" src=\"https:\/\/blankpage.ee\/_ruumist-ruumi\/wp-content\/uploads\/2025\/04\/3-296.webp\" alt=\"P\u00e4ikesepaneeliga turvakaamera DEKCO DC9L paigaldus ning t\u00f6\u00f6tamine v\u00e4listingimustes\"\/>\n<\/p>\n<h3>Komplektis:<\/h3>\n<ul>\n<li>DEKCO DC9L turvakaamera<\/li>\n<li>P\u00e4ikesepaneel<\/li>\n<li>Kinnitusvahendid ja alused<\/li>\n<li>USB-C \u2013 USB-A laadimiskaabel<\/li>\n<li>Paigalduskleebis<\/li>\n<li>Liigend<\/li>\n<li>Pesa mutter<\/li>\n<li>Lukustuskork<\/li>\n<li>Kruvide komplekt<\/li>\n<li>Kasutusjuhend<\/li>\n<\/ul>\n<h3>Tehnilised andmed:<\/h3>\n<table>\n<tr>\n<th>Tootja<\/th>\n<td>DEKCO<\/td>\n<\/tr>\n<tr>\n<th>Mudel<\/th>\n<td>DC9L<\/td>\n<\/tr>\n<tr>\n<th>Resolutsioon<\/th>\n<td>5MP (2560 \u00d7 1920)<\/td>\n<\/tr>\n<tr>\n<th>Kaitseklass<\/th>\n<td>IP65<\/td>\n<\/tr>\n<tr>\n<th>Toiteallikas<\/th>\n<td>P\u00e4ikesepaneel, DC5V\/1A, 5W<\/td>\n<\/tr>\n<tr>\n<th>M\u00e4lukaart<\/th>\n<td>Kuni 128 GB microSD, pilvesalvestus<\/td>\n<\/tr>\n<tr>\n<th>P\u00f6\u00f6rdenurk<\/th>\n<td>355\u00b0 horisontaalne, 90\u00b0 vertikaalne<\/td>\n<\/tr>\n<tr>\n<th>\u00d6\u00f6n\u00e4gemine<\/th>\n<td>Kuni 8 m (IR ja valge LED)<\/td>\n<\/tr>\n<tr>\n<th>Kaks-viisi heli<\/th>\n<td>Jah (mikrofon ja k\u00f5lar)<\/td>\n<\/tr>\n<tr>\n<th>\u00dchendused<\/th>\n<td>Wi-Fi 2,4 GHz, Bluetooth<\/td>\n<\/tr>\n<tr>\n<th>M\u00f5\u00f5tmed, kaal<\/th>\n<td>10 \u00d7 13,85 \u00d7 16,41 cm; 0,46 kg<\/td>\n<\/tr>\n<\/table>\n","protected":false},"excerpt":{"rendered":"<p>P\u00e4ikesepaneeliga turvakaamera DEKCO DC9L, 5MP, Wi-Fi, p\u00f6\u00f6ratav P\u00e4ikesepaneeliga turvakaamera DEKCO DC9L on t\u00e4nap\u00e4evane 5MP v\u00e4likaamera, mis sobib ideaalselt nii kodu kui kontori turvalisuse tagamiseks. T\u00e4nu sisseehitatud p\u00e4ikesepaneelile t\u00f6\u00f6tab see kaamera energias\u00e4\u00e4stlikult ja juhtmevabalt ka kohtades, kus puudub elektri\u00fchendus. Vastupidav IP65 kaitseklassiga korpus tagab t\u00f6\u00f6kindluse igasugustes ilmastikutingimustes. Kaamera salvestab terava 2560 \u00d7 1920 lahutusv\u00f5imega videosignaali nii [&hellip;]<\/p>\n","protected":false},"featured_media":171134,"comment_status":"open","ping_status":"open","template":"","meta":[],"product_brand":[3076],"product_cat":[3056],"product_tag":[],"class_list":{"0":"post-171126","1":"product","2":"type-product","3":"status-publish","4":"has-post-thumbnail","6":"product_brand-dekco","7":"product_cat-ip-kaamerad","8":"product_shipping_class-innpro","10":"first","11":"outofstock","12":"sale","13":"taxable","14":"shipping-taxable","15":"purchasable","16":"product-type-simple"},"_links":{"self":[{"href":"https:\/\/blankpage.ee\/_ruumist-ruumi\/wp-json\/wp\/v2\/product\/171126","targetHints":{"allow":["GET"]}}],"collection":[{"href":"https:\/\/blankpage.ee\/_ruumist-ruumi\/wp-json\/wp\/v2\/product"}],"about":[{"href":"https:\/\/blankpage.ee\/_ruumist-ruumi\/wp-json\/wp\/v2\/types\/product"}],"replies":[{"embeddable":true,"href":"https:\/\/blankpage.ee\/_ruumist-ruumi\/wp-json\/wp\/v2\/comments?post=171126"}],"wp:featuredmedia":[{"embeddable":true,"href":"https:\/\/blankpage.ee\/_ruumist-ruumi\/wp-json\/wp\/v2\/media\/171134"}],"wp:attachment":[{"href":"https:\/\/blankpage.ee\/_ruumist-ruumi\/wp-json\/wp\/v2\/media?parent=171126"}],"wp:term":[{"taxonomy":"product_brand","embeddable":true,"href":"https:\/\/blankpage.ee\/_ruumist-ruumi\/wp-json\/wp\/v2\/product_brand?post=171126"},{"taxonomy":"product_cat","embeddable":true,"href":"https:\/\/blankpage.ee\/_ruumist-ruumi\/wp-json\/wp\/v2\/product_cat?post=171126"},{"taxonomy":"product_tag","embeddable":true,"href":"https:\/\/blankpage.ee\/_ruumist-ruumi\/wp-json\/wp\/v2\/product_tag?post=171126"}],"curies":[{"name":"wp","href":"https:\/\/api.w.org\/{rel}","templated":true}]}}