{"id":171231,"date":"2025-04-19T05:30:21","date_gmt":"2025-04-19T05:30:21","guid":{"rendered":"https:\/\/ruumistruumi.ee\/pood\/nutikas-veelekkeandur-heiman-hs1wl-e-zigbee-tuya-ip67\/"},"modified":"2025-08-21T08:19:25","modified_gmt":"2025-08-21T08:19:25","slug":"nutikas-veelekkeandur-heiman-hs1wl-e-zigbee-tuya-ip67","status":"publish","type":"product","link":"https:\/\/blankpage.ee\/_ruumist-ruumi\/pood\/nutikas-veelekkeandur-heiman-hs1wl-e-zigbee-tuya-ip67\/","title":{"rendered":"Nutikas veelekkeandur Heiman HS1WL-E (Zigbee, Tuya, IP67)"},"content":{"rendered":"<h3>Nutikas veelekkeandur Heiman HS1WL-E (Zigbee, Tuya, IP67)<\/h3>\n<p><img decoding=\"async\" src=\"https:\/\/blankpage.ee\/_ruumist-ruumi\/wp-content\/uploads\/2025\/04\/1-313.webp\" alt=\"Nutikas veelekkeandur Zigbee mooduli ja sensorikaabliga\" \/><br \/>\nHeiman HS1WL-E on t\u00e4pne ja t\u00f6\u00f6kindel nutikas veelekkeandur, mis avastab torustiku v\u00f5i kodu veelekked kiiresti ja saadab viivitamatu teavituse nutitelefoni kaudu Tuya (Smart Life) rakenduses. See v\u00f5imaldab sul reageerida \u00f5igeaegselt ja s\u00e4\u00e4sta v\u00f5imalike veekahjude eest.<\/p>\n<h3>Energiat\u00f5hus ja pika kasutuseaga veelekkeandur<\/h3>\n<p><img decoding=\"async\" src=\"https:\/\/blankpage.ee\/_ruumist-ruumi\/wp-content\/uploads\/2025\/04\/2-324.webp\" alt=\"Nutikas veelekkeandur ja patareidega energias\u00e4\u00e4stlik lahendus\" \/><br \/>\nAndur t\u00f6\u00f6tab kahe AAA patareiga (DC 3V). T\u00e4nu madalale energiatarbimisele kestavad patareid kaua ning neid tuleb harva vahetada.<\/p>\n<h3>Usaldusv\u00e4\u00e4rne andur niiskete ruumide jaoks<\/h3>\n<p><img decoding=\"async\" src=\"https:\/\/blankpage.ee\/_ruumist-ruumi\/wp-content\/uploads\/2025\/04\/4-297.webp\" alt=\"Veelekkeandur eraldiseisva sensorikaabli ehitusega\" \/><br \/>\nSensori ja seadme p\u00f5hiosa eraldiseisvast ehitusest tulenevalt on veelekkeandur h\u00e4sti kaitstud niiskuse eest ja sobib kasutamiseks nii vannitoas, keldris, katlaruumis kui k\u00f6\u00f6gis. Lisaeelisena pakub konstruktsioon kaitset juhusliku eemaldamise v\u00f5i lemmikloomade p\u00f5hjustatud liikumise vastu.<\/p>\n<h3>T\u00e4pne tuvastus erinevates ruumides<\/h3>\n<p><img decoding=\"async\" src=\"https:\/\/blankpage.ee\/_ruumist-ruumi\/wp-content\/uploads\/2025\/04\/6-231.webp\" alt=\"Reaalajas reageeriv veelekkeandur\" \/><br \/>\nVeelekke sensoorne tundlikkus on k\u00f5rge: andur reageerib kiiresti v\u00f5imalikele lekkekohtadele, v\u00e4hendades v\u00f5imalust suuremate kahjustuste tekkeks. Lisaks v\u00f5imaldab seade seadistada kodusele automaatikale erinevaid stsenaariume igak\u00fclgseks veekahjude ennetuseks.<\/p>\n<h3>Paindlik kasutus mitmetes kohtades<\/h3>\n<p><img decoding=\"async\" src=\"https:\/\/blankpage.ee\/_ruumist-ruumi\/wp-content\/uploads\/2025\/04\/5-260.webp\" alt=\"Veeavariide avastamiseks p\u00f5randale paigaldatav veelekkeandur\" \/><br \/>\nAndurit saab kasutada keldrites, pesumasinate v\u00f5i boilerite juures, veetornides, hotellides ja ujulates v\u00f5i igal pool, kus veelekke risk on olemas.<\/p>\n<h3>Kiired teavitused nutiseadmesse<\/h3>\n<p><img decoding=\"async\" src=\"https:\/\/blankpage.ee\/_ruumist-ruumi\/wp-content\/uploads\/2025\/04\/7-202.webp\" alt=\"Mobiilirakendusse saadetavad teavitused veelekkeandurist\" \/><br \/>\nKui nutikas veelekkeandur tuvastab lekke, saadetakse reaalajas teavitus sinu nutitelefoni Tuya (Smart Life) \u00e4ppiga. Seadme t\u00f6\u00f6kindlus tagab info k\u00e4ttesaadavuse ka v\u00f5rgu\u00fchenduse kadumise korral, hoides sind alati kursis kodu turvalisusega.<\/p>\n<div class=\"table-wrapper\">\n<h3>Tehnilised andmed<\/h3>\n<table>\n<tr>\n<th>Tootja<\/th>\n<td>Heiman<\/td>\n<\/tr>\n<tr>\n<th>Tootekood<\/th>\n<td>HS1WL-E<\/td>\n<\/tr>\n<tr>\n<th>T\u00f6\u00f6pinge<\/th>\n<td>DC 3V (2x AAA patareid)<\/td>\n<\/tr>\n<tr>\n<th>Staatiline vool<\/th>\n<td>\u22645 \u03bcA<\/td>\n<\/tr>\n<tr>\n<th>H\u00e4irevool<\/th>\n<td>\u226435 mA<\/td>\n<\/tr>\n<tr>\n<th>V\u00f5rgure\u017eiim<\/th>\n<td>Ad-Hoc Zigbee v\u00f5rk<\/td>\n<\/tr>\n<tr>\n<th>Juhtmevaba \u00fchenduse ulatus<\/th>\n<td>\u226570 m (avatud alal)<\/td>\n<\/tr>\n<tr>\n<th>Kaitseklass<\/th>\n<td>IP67<\/td>\n<\/tr>\n<tr>\n<th>T\u00f6\u00f6tamise niiskus<\/th>\n<td>kuni 95% RH (kondenseerumata)<\/td>\n<\/tr>\n<tr>\n<th>P\u00f5hiosa m\u00f5\u00f5tmed<\/th>\n<td>76 \u00d7 36,6 \u00d7 16,5 mm<\/td>\n<\/tr>\n<tr>\n<th>Sensori m\u00f5\u00f5tmed<\/th>\n<td>28,3 \u00d7 26,5 \u00d7 12,2 mm<\/td>\n<\/tr>\n<\/table>\n<\/div>\n<p>Nutikas veelekkeandur Heiman HS1WL-E sobib kasutamiseks igap\u00e4evases kodus, pakkudes nutikat teavitust ja usaldusv\u00e4\u00e4rset kaitset veekahjude vastu just seal, kus seda enim vajad.<\/p>\n","protected":false},"excerpt":{"rendered":"<p>Nutikas veelekkeandur Heiman HS1WL-E (Zigbee, Tuya, IP67) Heiman HS1WL-E on t\u00e4pne ja t\u00f6\u00f6kindel nutikas veelekkeandur, mis avastab torustiku v\u00f5i kodu veelekked kiiresti ja saadab viivitamatu teavituse nutitelefoni kaudu Tuya (Smart Life) rakenduses. See v\u00f5imaldab sul reageerida \u00f5igeaegselt ja s\u00e4\u00e4sta v\u00f5imalike veekahjude eest. Energiat\u00f5hus ja pika kasutuseaga veelekkeandur Andur t\u00f6\u00f6tab kahe AAA patareiga (DC 3V). T\u00e4nu [&hellip;]<\/p>\n","protected":false},"featured_media":171238,"comment_status":"open","ping_status":"open","template":"","meta":[],"product_brand":[3077],"product_cat":[3042],"product_tag":[],"class_list":{"0":"post-171231","1":"product","2":"type-product","3":"status-publish","4":"has-post-thumbnail","6":"product_brand-heiman","7":"product_cat-andurid","8":"product_shipping_class-innpro","10":"first","11":"instock","12":"sale","13":"taxable","14":"shipping-taxable","15":"purchasable","16":"product-type-simple"},"_links":{"self":[{"href":"https:\/\/blankpage.ee\/_ruumist-ruumi\/wp-json\/wp\/v2\/product\/171231","targetHints":{"allow":["GET"]}}],"collection":[{"href":"https:\/\/blankpage.ee\/_ruumist-ruumi\/wp-json\/wp\/v2\/product"}],"about":[{"href":"https:\/\/blankpage.ee\/_ruumist-ruumi\/wp-json\/wp\/v2\/types\/product"}],"replies":[{"embeddable":true,"href":"https:\/\/blankpage.ee\/_ruumist-ruumi\/wp-json\/wp\/v2\/comments?post=171231"}],"wp:featuredmedia":[{"embeddable":true,"href":"https:\/\/blankpage.ee\/_ruumist-ruumi\/wp-json\/wp\/v2\/media\/171238"}],"wp:attachment":[{"href":"https:\/\/blankpage.ee\/_ruumist-ruumi\/wp-json\/wp\/v2\/media?parent=171231"}],"wp:term":[{"taxonomy":"product_brand","embeddable":true,"href":"https:\/\/blankpage.ee\/_ruumist-ruumi\/wp-json\/wp\/v2\/product_brand?post=171231"},{"taxonomy":"product_cat","embeddable":true,"href":"https:\/\/blankpage.ee\/_ruumist-ruumi\/wp-json\/wp\/v2\/product_cat?post=171231"},{"taxonomy":"product_tag","embeddable":true,"href":"https:\/\/blankpage.ee\/_ruumist-ruumi\/wp-json\/wp\/v2\/product_tag?post=171231"}],"curies":[{"name":"wp","href":"https:\/\/api.w.org\/{rel}","templated":true}]}}