{"id":171423,"date":"2025-04-19T05:42:43","date_gmt":"2025-04-19T05:42:43","guid":{"rendered":"https:\/\/ruumistruumi.ee\/pood\/360-poorlev-siseruumide-turvakaamera-botslab-c213-3mp-oonagemine-kahesuunaline-heli-pilve-ja-sd-salvestus\/"},"modified":"2025-08-21T08:19:24","modified_gmt":"2025-08-21T08:19:24","slug":"360-poorlev-siseruumide-turvakaamera-botslab-c213-3mp-oonagemine-kahesuunaline-heli-pilve-ja-sd-salvestus","status":"publish","type":"product","link":"https:\/\/blankpage.ee\/_ruumist-ruumi\/pood\/360-poorlev-siseruumide-turvakaamera-botslab-c213-3mp-oonagemine-kahesuunaline-heli-pilve-ja-sd-salvestus\/","title":{"rendered":"360\u00b0 p\u00f6\u00f6rlev siseruumide turvakaamera Botslab C213 3MP (\u00f6\u00f6n\u00e4gemine, kahesuunaline heli, pilve- ja SD-salvestus)"},"content":{"rendered":"<h3>Siseruumide turvakaamera Botslab C213 3MP 360\u00b0 WiFi<\/h3>\n<p>Botslab C213 on usaldusv\u00e4\u00e4rne siseruumide turvakaamera, mis pakub kvaliteetset 3 MP (2304 x 1296) lahutusv\u00f5imega pilti. Kaamera kasutab 1\/2.8&#8243; CMOS sensorit ja valgusj\u00f5ulist F2.2 avaga objektiivi, tagades selge ning detailse videopildi ka v\u00e4hese valguse tingimustes. Kahe 850 nm infrapunase LED-iga \u00f6\u00f6n\u00e4gemine v\u00f5imaldab j\u00e4relevalvet pimedas kuni 10 meetri kaugusele ning privaatsuse huvides saab objektiivi vajadusel varjutada.<\/p>\n<p><img decoding=\"async\" src=\"https:\/\/blankpage.ee\/_ruumist-ruumi\/wp-content\/uploads\/2025\/04\/1-325.webp\" alt=\"Valge siseruumide turvakaamera Botslab C213 koos nutitelefoniga\"\/><\/p>\n<h3>Lai vaatenurk ja automaatne j\u00e4lgimine<\/h3>\n<p>Selle siseruumide turvakaamera vaatev\u00e4li on 100,6\u00b0 x 81\u00b0 x 43\u00b0, horisontaalse p\u00f6\u00f6rdenurgaga 360\u00b0 ja vertikaalse liikumisulatusena 149,9\u00b0. Nutikad liikumistuvastus- ja j\u00e4lgimisfunktsioonid v\u00f5imaldavad kaameral automaatselt fookustada ning liikuvaid objekte j\u00e4lgida. Lisaks on olemas n\u00e4otuvastus, mis v\u00f5imaldab t\u00e4psemat turvaseiret.<\/p>\n<p><img decoding=\"async\" src=\"https:\/\/blankpage.ee\/_ruumist-ruumi\/wp-content\/uploads\/2025\/04\/4-310.webp\" alt=\"IP-kaamera intelligentse liikumisj\u00e4lgimise ja n\u00e4otuvastuse funktsioonidega\"\/><\/p>\n<h3>Kohesed teavitused ja helialarm<\/h3>\n<p>Kaamera saadab teavitusi sinu nutitelefoni iga kord, kui tuvastab liikumise v\u00f5i inimese. Saad ise seadistada, milliseid teavitusi soovid saada, et v\u00e4ltida tarbetuid h\u00e4ireid. Lisaks on kaameral helialarm, mis aktiveerub v\u00f5imaliku sissetungi korral ja suurendab veelgi turvalisust.<\/p>\n<p><img decoding=\"async\" src=\"https:\/\/blankpage.ee\/_ruumist-ruumi\/wp-content\/uploads\/2025\/04\/2-334.webp\" alt=\"Liikumisteavitused ja h\u00e4iresignaal siseruumide turvakaameras Botslab\"\/><\/p>\n<h3>Kaugvaatlus ja kahesuunaline suhtlus<\/h3>\n<p>Botslab rakenduse kaudu saad j\u00e4lgida oma kodu reaalajas otsepildi vahendusel nutitelefoni v\u00f5i tahvelarvutiga. Rakendus v\u00f5imaldab vaadata kuni nelja kaamera otsepilti samaaegselt. Kahesuunaline heli annab v\u00f5imaluse suhelda pereliikmete v\u00f5i hoiatada soovimatuid k\u00fclalisi isegi siis, kui sind endal kodus ei ole.<\/p>\n<p><img decoding=\"async\" src=\"https:\/\/blankpage.ee\/_ruumist-ruumi\/wp-content\/uploads\/2025\/04\/3-312.webp\" alt=\"Reaalajas kaugvaatlus ja kahepoolne h\u00e4\u00e4lkanal siseruumides\"\/><\/p>\n<h3>Paindlikud salvestusv\u00f5imalused<\/h3>\n<p>Kaamera toetab salvestamist kuni 256 GB microSD m\u00e4lukaardile v\u00f5i Botslabi pilveteenusesse (\u00fcks aasta tasuta kasutust). Pilveteenuses salvestatakse liikumistuvastusega videol\u00f5igud, millest iga\u00fcks on kuni 5 sekundit pikk ning andmeid hoitakse seitse p\u00e4eva j\u00e4rjest. V\u00f5imalik on valida nii pideva kui s\u00fcndmusp\u00f5hise salvestamise vahel.<\/p>\n<p><img decoding=\"async\" src=\"https:\/\/blankpage.ee\/_ruumist-ruumi\/wp-content\/uploads\/2025\/04\/6-246.webp\" alt=\"Salvestusv\u00f5imalused: microSD ja Botslab pilveteenus turvakaamerale\"\/><\/p>\n<h3>Lihtne kasutus ja tugi populaarsetele assistentidele<\/h3>\n<p>Botslab C213 \u00fchildub nii Amazon Alexa kui ka Google Assistantiga, v\u00f5imaldades juhendada kaamerat h\u00e4\u00e4lk\u00e4sklustega. Seade toetab \u00fchendust 2,4 GHz Wi-Fi v\u00f5rgu kaudu v\u00f5i juhtmega. Wi-Fi seadistamine on mugav t\u00e4nu \u00fche nupu \u00fchendusele.<\/p>\n<p><img decoding=\"async\" src=\"https:\/\/blankpage.ee\/_ruumist-ruumi\/wp-content\/uploads\/2025\/04\/7-212.webp\" alt=\"Siseruumide turvakaamera juhtimine nutirakendusega ja h\u00e4\u00e4lk\u00e4sklustega\"\/><\/p>\n<h3>Komplektis<\/h3>\n<ul>\n<li>Botslab C213 siseruumide turvakaamera<\/li>\n<li>Toiteadapter<\/li>\n<li>USB-kaabel<\/li>\n<li>Kinnitusalus ja \u0161abloon<\/li>\n<li>Kruvid ja t\u00fc\u00fcblid<\/li>\n<li>Kasutusjuhend<\/li>\n<\/ul>\n<h3>Tehnilised andmed<\/h3>\n<table>\n<tr>\n<th>Tootja<\/th>\n<td>Botslab<\/td>\n<\/tr>\n<tr>\n<th>Mudel<\/th>\n<td>C213<\/td>\n<\/tr>\n<tr>\n<th>Lahutusv\u00f5ime<\/th>\n<td>3 MP (2304 x 1296)<\/td>\n<\/tr>\n<tr>\n<th>Sensor<\/th>\n<td>1\/2.8&#8243; CMOS<\/td>\n<\/tr>\n<tr>\n<th>Objektiivi ava<\/th>\n<td>F2.2<\/td>\n<\/tr>\n<tr>\n<th>Vaatenurk<\/th>\n<td>100,6\u00b0 x 81\u00b0 x 43\u00b0<\/td>\n<\/tr>\n<tr>\n<th>P\u00f6\u00f6rdenurgad<\/th>\n<td>360\u00b0 (horisontaalne), 149,9\u00b0 (vertikaalne)<\/td>\n<\/tr>\n<tr>\n<th>\u00d6\u00f6n\u00e4gemise ulatus<\/th>\n<td>10 m<\/td>\n<\/tr>\n<tr>\n<th>Infrapuna LED-id<\/th>\n<td>2 x 850 nm<\/td>\n<\/tr>\n<tr>\n<th>V\u00f5rgu\u00fchendus<\/th>\n<td>Wi-Fi 2,4 GHz, juhtmega<\/td>\n<\/tr>\n<tr>\n<th>Heli<\/th>\n<td>Kahesuunaline<\/td>\n<\/tr>\n<tr>\n<th>Pilvesalvestus<\/th>\n<td>Botslab (1 aasta prooviperiood)<\/td>\n<\/tr>\n<tr>\n<th>m\u00e4lukaardi tugi<\/th>\n<td>Kuni 256 GB microSD<\/td>\n<\/tr>\n<tr>\n<th>T\u00f6\u00f6temperatuur<\/th>\n<td>-10\u00b0C&#8230;+45\u00b0C<\/td>\n<\/tr>\n<tr>\n<th>H\u00e4\u00e4ljuhtimine<\/th>\n<td>Amazon Alexa, Google Assistant<\/td>\n<\/tr>\n<\/table>\n","protected":false},"excerpt":{"rendered":"<p>Siseruumide turvakaamera Botslab C213 3MP 360\u00b0 WiFi Botslab C213 on usaldusv\u00e4\u00e4rne siseruumide turvakaamera, mis pakub kvaliteetset 3 MP (2304 x 1296) lahutusv\u00f5imega pilti. Kaamera kasutab 1\/2.8&#8243; CMOS sensorit ja valgusj\u00f5ulist F2.2 avaga objektiivi, tagades selge ning detailse videopildi ka v\u00e4hese valguse tingimustes. Kahe 850 nm infrapunase LED-iga \u00f6\u00f6n\u00e4gemine v\u00f5imaldab j\u00e4relevalvet pimedas kuni 10 meetri kaugusele [&hellip;]<\/p>\n","protected":false},"featured_media":171430,"comment_status":"open","ping_status":"open","template":"","meta":[],"product_brand":[3078],"product_cat":[3056],"product_tag":[],"class_list":{"0":"post-171423","1":"product","2":"type-product","3":"status-publish","4":"has-post-thumbnail","6":"product_brand-botslab","7":"product_cat-ip-kaamerad","8":"product_shipping_class-innpro","10":"first","11":"instock","12":"sale","13":"taxable","14":"shipping-taxable","15":"purchasable","16":"product-type-simple"},"_links":{"self":[{"href":"https:\/\/blankpage.ee\/_ruumist-ruumi\/wp-json\/wp\/v2\/product\/171423","targetHints":{"allow":["GET"]}}],"collection":[{"href":"https:\/\/blankpage.ee\/_ruumist-ruumi\/wp-json\/wp\/v2\/product"}],"about":[{"href":"https:\/\/blankpage.ee\/_ruumist-ruumi\/wp-json\/wp\/v2\/types\/product"}],"replies":[{"embeddable":true,"href":"https:\/\/blankpage.ee\/_ruumist-ruumi\/wp-json\/wp\/v2\/comments?post=171423"}],"wp:featuredmedia":[{"embeddable":true,"href":"https:\/\/blankpage.ee\/_ruumist-ruumi\/wp-json\/wp\/v2\/media\/171430"}],"wp:attachment":[{"href":"https:\/\/blankpage.ee\/_ruumist-ruumi\/wp-json\/wp\/v2\/media?parent=171423"}],"wp:term":[{"taxonomy":"product_brand","embeddable":true,"href":"https:\/\/blankpage.ee\/_ruumist-ruumi\/wp-json\/wp\/v2\/product_brand?post=171423"},{"taxonomy":"product_cat","embeddable":true,"href":"https:\/\/blankpage.ee\/_ruumist-ruumi\/wp-json\/wp\/v2\/product_cat?post=171423"},{"taxonomy":"product_tag","embeddable":true,"href":"https:\/\/blankpage.ee\/_ruumist-ruumi\/wp-json\/wp\/v2\/product_tag?post=171423"}],"curies":[{"name":"wp","href":"https:\/\/api.w.org\/{rel}","templated":true}]}}