{"id":171437,"date":"2025-04-19T05:42:43","date_gmt":"2025-04-19T05:42:43","guid":{"rendered":"https:\/\/ruumistruumi.ee\/pood\/nutikas-turvakaamera-botslab-2-pro-c221-360-wifi-5mp-5g-ai-ooreziim\/"},"modified":"2025-05-12T06:49:11","modified_gmt":"2025-05-12T06:49:11","slug":"nutikas-turvakaamera-botslab-2-pro-c221-360-wifi-5mp-5g-ai-ooreziim","status":"publish","type":"product","link":"https:\/\/blankpage.ee\/_ruumist-ruumi\/pood\/nutikas-turvakaamera-botslab-2-pro-c221-360-wifi-5mp-5g-ai-ooreziim\/","title":{"rendered":"Nutikas turvakaamera Botslab 2 Pro C221 360\u00b0 WiFi 5MP (5G, AI, \u00f6\u00f6re\u017eiim)"},"content":{"rendered":"<h3>Nutikas turvakaamera Botslab 2 Pro C221 360\u00b0 WiFi 5MP (5G, AI, \u00f6\u00f6re\u017eiim)<\/h3>\n<p>Nutikas turvakaamera Botslab 2 Pro C221 pakub sisekasutuseks tippklassi turvalahendust. See WiFi kaamera sobib ideaalselt kodu, kontori v\u00f5i teiste siseruumide j\u00e4relevalveks. T\u00e4nu 5 MP sensorile (2880 x 1620 pikslit) ja 1\/2.7-tollisele CMOS- andurile koos avaga F1.6 on j\u00e4\u00e4dvustatav pilt alati terav ja detailne, ka h\u00e4maras. 10 sisseehitatud infrapuna LED-i (940 nm) v\u00f5imaldavad kvaliteetset \u00f6\u00f6re\u017eiimi kuni 10 meetri kaugusele.<\/p>\n<p><img decoding=\"async\" src=\"https:\/\/blankpage.ee\/_ruumist-ruumi\/wp-content\/uploads\/2025\/04\/1-326.webp\" alt=\"Botslab 2 Pro C221 nutikas turvakaamera esivaates\"\/><\/p>\n<h3>Paindlik p\u00f6\u00f6rdenurk ja uuenduslikud AI-funktsioonid<\/h3>\n<p>Kaameral on lai vaatenurk (109,1\u00b0 \u00d7 60,9\u00b0 \u00d7 126,7\u00b0), korpuse p\u00f6\u00f6ratavus horisontaalselt 351\u00b0 ja kallutus vertikaalselt 73\u00b0, mis v\u00f5imaldab sul j\u00e4lgida kogu ruumi. Arendatud tehisintellekti (AI) funktsioonidega tuvastab seade inimesed, lemmikloomad, beebi nutu ja ruumist lahkumise, t\u00f5stes kodu turvalisust ning mugavust.<\/p>\n<p><img decoding=\"async\" src=\"https:\/\/blankpage.ee\/_ruumist-ruumi\/wp-content\/uploads\/2025\/04\/6-247.webp\" alt=\"AI-funktsioonidega Botslab C221 nutika turvakaamera kasutamine\"\/><\/p>\n<h3>Mitmed j\u00e4relevalve re\u017eiimid ja 360\u00b0 \u00fclevaade<\/h3>\n<p>Nutikas turvakaamera toetab erinevaid j\u00e4lgimisre\u017eiime: panoraampunktilist patrulli, fikseeritud patrullimist olulistes piirkondades ja v\u00f5imalust teostada t\u00e4ielik 360\u00b0 \u00fclevaade \u00fche nupuvajutusega.<\/p>\n<p><img decoding=\"async\" src=\"https:\/\/blankpage.ee\/_ruumist-ruumi\/wp-content\/uploads\/2025\/04\/5-271.webp\" alt=\"Panoraamvaatega Botslab turvakaamera t\u00f6\u00f6\"\/><\/p>\n<h3>Kohene m\u00e4rguanne ja privaatsuse kaitse<\/h3>\n<p>Botslab C221 saadab sulle teavitusi telefoni liikumise v\u00f5i ebahariliku heli avastamisel. M\u00e4rguandes\u00fcsteemi saab seadistada valeh\u00e4irete v\u00e4ltimiseks. Kaamera sisseehitatud helialarm aktiveerub sissetungi korral. Privaatsusre\u017eiimi saab mugavalt k\u00e4sitsi v\u00f5i automaatselt seadistada (iOS seadmetes), tagades andmete turvalisuse.<\/p>\n<p><img decoding=\"async\" src=\"https:\/\/blankpage.ee\/_ruumist-ruumi\/wp-content\/uploads\/2025\/04\/3-313.webp\" alt=\"Nutikas turvakaamera saates m\u00e4rguande nutiseadmesse\"\/><\/p>\n<h3>Usaldusv\u00e4\u00e4rne \u00fchendus ja kahepoolne heliside<\/h3>\n<p>Kaamerat saab kontrollida Botslab rakenduse kaudu (iOS &#038; Android). Kahepoolne heliside koos m\u00fcrasummutuse ja h\u00e4\u00e4lev\u00f5imendusega v\u00f5imaldab sul suhelda pereliikmete v\u00f5i k\u00fclalistega kuni 6 meetri raadiuses. Kaks mikrofoni tagavad selge helikvaliteedi.<\/p>\n<p><img decoding=\"async\" src=\"https:\/\/blankpage.ee\/_ruumist-ruumi\/wp-content\/uploads\/2025\/04\/4-311.webp\" alt=\"Kahepoolse helisidega siseruumides kasutatav nutikas valvekaamera\"\/><\/p>\n<h3>Paindlik andmesalvestus pilve ja microSD kaardile<\/h3>\n<p>Botslab 2 Pro C221 v\u00f5imaldab salvestada andmeid kas microSD kaardile (kuni 256 GB, ei kuulu komplekti) v\u00f5i pilveteenusesse. Kaasas on Botslab Cloud 7-p\u00e4evane proovipakett. V\u00f5imalik valida pideva v\u00f5i s\u00fcndmusp\u00f5hise salvestamise vahel vastavalt vajadusele.<\/p>\n<p><img decoding=\"async\" src=\"https:\/\/blankpage.ee\/_ruumist-ruumi\/wp-content\/uploads\/2025\/04\/2-335.webp\" alt=\"Botslab turvakaamera andmesalvestuse valikud\"\/><\/p>\n<h3>Lihtne integreerimine ja lai \u00fchilduvus<\/h3>\n<p>Kaamera \u00fchildub Amazon Alexa ja Google Assistantiga, toetades h\u00e4\u00e4ljuhtimist. Seadmel on tugi nii 2.4 GHz kui 5 GHz WiFi-le ning v\u00f5imalus kasutada ka kaabel\u00fchendust. S\u00f5numid ja viipk\u00f5ned muudavad suhtlemise veelgi mugavamaks.<\/p>\n<p><img decoding=\"async\" src=\"https:\/\/blankpage.ee\/_ruumist-ruumi\/wp-content\/uploads\/2025\/04\/7-213.webp\" alt=\"Botslab C221 kaamera \u00fchilduvus Alexa ja Google Assistantiga\"\/><\/p>\n<h3>Komplekti kuulub<\/h3>\n<ul>\n<li>Nutikas turvakaamera Botslab 2 Pro C221<\/li>\n<li>Toiteadapter<\/li>\n<li>USB-kaabel (2 m)<\/li>\n<li>Kinnitusalus<\/li>\n<li>Kinnitusmall<\/li>\n<li>Kasutusjuhend<\/li>\n<li>Kruvid (2 tk)<\/li>\n<li>T\u00fc\u00fcblid (2 tk)<\/li>\n<\/ul>\n<h3>Olulisemad tehnilised andmed<\/h3>\n<table>\n<tr>\n<th>Tootja<\/th>\n<td>Botslab<\/td>\n<\/tr>\n<tr>\n<th>Mudel<\/th>\n<td>C221<\/td>\n<\/tr>\n<tr>\n<th>Eraldusv\u00f5ime<\/th>\n<td>5 MP (2880 x 1620)<\/td>\n<\/tr>\n<tr>\n<th>Vaatenurk<\/th>\n<td>360\u00b0 (horisontaalne), 133\u00b0 (vertikaalne)<\/td>\n<\/tr>\n<tr>\n<th>Korpuse p\u00f6\u00f6ramine<\/th>\n<td>351\u00b0<\/td>\n<\/tr>\n<tr>\n<th>Kallutus<\/th>\n<td>73\u00b0<\/td>\n<\/tr>\n<tr>\n<th>Sensor<\/th>\n<td>1\/2.7&#8243; CMOS<\/td>\n<\/tr>\n<tr>\n<th>Objektiiv<\/th>\n<td>3 mm<\/td>\n<\/tr>\n<tr>\n<th>Ava<\/th>\n<td>F1.6<\/td>\n<\/tr>\n<tr>\n<th>Infrapuna LED-id<\/th>\n<td>10 tk (940 nm)<\/td>\n<\/tr>\n<tr>\n<th>Infrapunavalgustus<\/th>\n<td>Kuni 10 m<\/td>\n<\/tr>\n<tr>\n<th>Minimaalne valgus<\/th>\n<td>0 lux (infrapuna re\u017eiimis)<\/td>\n<\/tr>\n<tr>\n<th>Pilveandmete salvestus<\/th>\n<td>Botslab Cloud<\/td>\n<\/tr>\n<tr>\n<th>Kohalik salvestus<\/th>\n<td>microSD kaart kuni 256 GB<\/td>\n<\/tr>\n<tr>\n<th>Wi-Fi<\/th>\n<td>2,4\/5 GHz<\/td>\n<\/tr>\n<tr>\n<th>Tarkvara<\/th>\n<td>Botslab App (iOS, Android)<\/td>\n<\/tr>\n<tr>\n<th>H.265 video tihendus<\/th>\n<td>Jah<\/td>\n<\/tr>\n<tr>\n<th>T\u00f6\u00f6temperatuur<\/th>\n<td>-10\u00b0C kuni +45\u00b0C<\/td>\n<\/tr>\n<\/table>\n","protected":false},"excerpt":{"rendered":"<p>Nutikas turvakaamera Botslab 2 Pro C221 360\u00b0 WiFi 5MP (5G, AI, \u00f6\u00f6re\u017eiim) Nutikas turvakaamera Botslab 2 Pro C221 pakub sisekasutuseks tippklassi turvalahendust. See WiFi kaamera sobib ideaalselt kodu, kontori v\u00f5i teiste siseruumide j\u00e4relevalveks. T\u00e4nu 5 MP sensorile (2880 x 1620 pikslit) ja 1\/2.7-tollisele CMOS- andurile koos avaga F1.6 on j\u00e4\u00e4dvustatav pilt alati terav ja detailne, [&hellip;]<\/p>\n","protected":false},"featured_media":171445,"comment_status":"open","ping_status":"open","template":"","meta":[],"product_brand":[3078],"product_cat":[3056],"product_tag":[],"class_list":{"0":"post-171437","1":"product","2":"type-product","3":"status-publish","4":"has-post-thumbnail","6":"product_brand-botslab","7":"product_cat-ip-kaamerad","8":"product_shipping_class-innpro","10":"first","11":"outofstock","12":"taxable","13":"shipping-taxable","14":"purchasable","15":"product-type-simple"},"_links":{"self":[{"href":"https:\/\/blankpage.ee\/_ruumist-ruumi\/wp-json\/wp\/v2\/product\/171437","targetHints":{"allow":["GET"]}}],"collection":[{"href":"https:\/\/blankpage.ee\/_ruumist-ruumi\/wp-json\/wp\/v2\/product"}],"about":[{"href":"https:\/\/blankpage.ee\/_ruumist-ruumi\/wp-json\/wp\/v2\/types\/product"}],"replies":[{"embeddable":true,"href":"https:\/\/blankpage.ee\/_ruumist-ruumi\/wp-json\/wp\/v2\/comments?post=171437"}],"wp:featuredmedia":[{"embeddable":true,"href":"https:\/\/blankpage.ee\/_ruumist-ruumi\/wp-json\/wp\/v2\/media\/171445"}],"wp:attachment":[{"href":"https:\/\/blankpage.ee\/_ruumist-ruumi\/wp-json\/wp\/v2\/media?parent=171437"}],"wp:term":[{"taxonomy":"product_brand","embeddable":true,"href":"https:\/\/blankpage.ee\/_ruumist-ruumi\/wp-json\/wp\/v2\/product_brand?post=171437"},{"taxonomy":"product_cat","embeddable":true,"href":"https:\/\/blankpage.ee\/_ruumist-ruumi\/wp-json\/wp\/v2\/product_cat?post=171437"},{"taxonomy":"product_tag","embeddable":true,"href":"https:\/\/blankpage.ee\/_ruumist-ruumi\/wp-json\/wp\/v2\/product_tag?post=171437"}],"curies":[{"name":"wp","href":"https:\/\/api.w.org\/{rel}","templated":true}]}}