{"id":171466,"date":"2025-04-19T05:42:43","date_gmt":"2025-04-19T05:42:43","guid":{"rendered":"https:\/\/ruumistruumi.ee\/pood\/nutikas-turvakaamera-4k-botslab-c224-360-8mp-kahepoolne-heli-wifi\/"},"modified":"2025-08-21T08:19:24","modified_gmt":"2025-08-21T08:19:24","slug":"nutikas-turvakaamera-4k-botslab-c224-360-8mp-kahepoolne-heli-wifi","status":"publish","type":"product","link":"https:\/\/blankpage.ee\/_ruumist-ruumi\/pood\/nutikas-turvakaamera-4k-botslab-c224-360-8mp-kahepoolne-heli-wifi\/","title":{"rendered":"Nutikas turvakaamera 4K Botslab C224 (360\u00b0, 8MP, kahepoolne heli, WiFi)"},"content":{"rendered":"<h3>Nutikas turvakaamera Botslab C224 4K 8MP \u2013 360\u00b0 WiFi turvakaamera sisetingimustesse<\/h3>\n<p>Botslab C224 on nutikas turvakaamera, mis sobib ideaalselt kodu v\u00f5i kontori ruumide t\u00e4ielikuks j\u00e4lgimiseks. T\u00e4nu 4K 8MP sensori ja F1.6 avaga objektiivile salvestab kaamera v\u00e4ga detailset ning selget pilti nii p\u00e4eva- kui ka \u00f6\u00f6valgustingimustes. WiFi 2.4 GHz ja WiFi 6 \u00fchendused tagavad katkestusteta ning kiire pildiedastuse. Kaamera \u00fchildub lihtsalt Amazon Alexa, Google Assistanti ja IFTTT platvormidega, v\u00f5imaldades mugavat integreerimist teistesse nutikodulahendustesse.<\/p>\n<p><img decoding=\"async\" src=\"https:\/\/blankpage.ee\/_ruumist-ruumi\/wp-content\/uploads\/2025\/04\/2-337.webp\" alt=\"Nutikas turvakaamera Botslab C224 \u2013 valge korpus, vaade eest ja k\u00fcljelt\"\/><\/p>\n<h3>T\u00e4ielik ruumimonitooring ja targad funktsioonid<\/h3>\n<p>Botslab C224 pakub laia 360\u00b0 horisontaalset ja 156\u00b0 vertikaalset vaatenurka, v\u00f5imaldades j\u00e4lgida kogu ruumi. Kaameras on liikumis- ja objektituvastus, beebi nutu tuvastus, n\u00e4otuvastus ning ohuteadete funktsioonid. V\u00f5imalus seadistada virtuaalseid turvatsoone annab kohese \u00fclevaate olukordadest, kui tuvastatakse midagi tavap\u00e4ratut, pakkudes kindlustunnet ja kontrolli iga hetke \u00fcle.<\/p>\n<p><img decoding=\"async\" src=\"https:\/\/blankpage.ee\/_ruumist-ruumi\/wp-content\/uploads\/2025\/04\/7-215.webp\" alt=\"Turvakaamera kasutamine nutiseadmega, liikumisanduri vaade\"\/><\/p>\n<h3>Salvestusv\u00f5imalused ja privaatsus<\/h3>\n<p>Kaamera toetab microSD m\u00e4lukaarte kuni 256 GB ning Botslab pilvesalvestusteenust. Pilveteenusega kaasneb \u00fcheaastane prooviperiood, mille jooksul saab s\u00e4ilitada kuni 7 p\u00e4eva jooksul 5-sekundilisi liikumisaluseid videol\u00f5ike. Privaatsuse kaitseks on v\u00f5imalik seadistada objektiivi automaatset sulgemist (iOS seadmetel) ning m\u00e4\u00e4rata t\u00e4psed ajad, millal see aktiveerub.<\/p>\n<p><img decoding=\"async\" src=\"https:\/\/blankpage.ee\/_ruumist-ruumi\/wp-content\/uploads\/2025\/04\/1-328.webp\" alt=\"microSD kaardi ja pilvesalvestuse v\u00f5imalused Botslabi turvakaameral\"\/><\/p>\n<h3>Lihtne seadistamine ja mitmek\u00fclgne paigaldus<\/h3>\n<p>Botslab C224 n\u00f5uab kiiret seadistust ning \u00fchendub lihtsalt nutitelefoniga. Kahepoolne heli v\u00f5imaldab vestelda ruumis viibijatega kas v\u00f5i teisel pool maailma. Kaamera saab paigaldada lakke, seinale v\u00f5i lihtsalt asetada lauale \u2013 vastavalt vajadusele.<\/p>\n<p><img decoding=\"async\" src=\"https:\/\/blankpage.ee\/_ruumist-ruumi\/wp-content\/uploads\/2025\/04\/3-315.webp\" alt=\"Botslab nutika turvakaamera paigaldamine lauale v\u00f5i lakke\"\/><\/p>\n<h3>Nutikas juhtimine ja kohesed teavitused<\/h3>\n<p>Kaamerat saab lihtsalt juhtida nii \u017eestide kui puudutustega ja k\u00f5ik olulised teavitused j\u00f5uavad kasutajani viivitamatult. Nutikas turvakaamera Botslab C224 \u00fchildub erinevate nutikodu assistentidega ning annab m\u00e4rku kahtlastest liikumistest v\u00f5i pereliikmete ja lemmikloomade saabumisest ja lahkumisest turvatsoonist.<\/p>\n<p><img decoding=\"async\" src=\"https:\/\/blankpage.ee\/_ruumist-ruumi\/wp-content\/uploads\/2025\/04\/4-313.webp\" alt=\"Gestijuhtimine ja kiirteavitused Botslab turvakaamerast\"\/><\/p>\n<h3>Komplektis<\/h3>\n<ul>\n<li>Turvakaamera<\/li>\n<li>Toiteadapter<\/li>\n<li>USB-kaabel<\/li>\n<li>Kinnitusalus<\/li>\n<li>Paigaldusmall<\/li>\n<li>Kasutusjuhend<\/li>\n<li>2 kruvi<\/li>\n<li>2 t\u00fc\u00fcblit<\/li>\n<li>Mutriv\u00f5ti<\/li>\n<\/ul>\n<div class=\"table-wrapper\">\n<table>\n<tbody>\n<tr>\n<th>Tootja<\/th>\n<td>Botslab<\/td>\n<\/tr>\n<tr>\n<th>Mudel<\/th>\n<td>C224<\/td>\n<\/tr>\n<tr>\n<th>Lahutusv\u00f5ime<\/th>\n<td>4K 8MP<\/td>\n<\/tr>\n<tr>\n<th>Ava<\/th>\n<td>F1.6<\/td>\n<\/tr>\n<tr>\n<th>Juhtmevaba \u00fchendus<\/th>\n<td>Wi-Fi 2.4 GHz, Wi-Fi 6<\/td>\n<\/tr>\n<tr>\n<th>Juhtimine<\/th>\n<td>Amazon Alexa, Google Assistant, IFTTT<\/td>\n<\/tr>\n<tr>\n<th>Salvestus<\/th>\n<td>Botslab pilv, microSD kuni 256 GB<\/td>\n<\/tr>\n<tr>\n<th>Vaatenurk<\/th>\n<td>360\u00b0 (horisontaalne), 156\u00b0 (vertikaalne)<\/td>\n<\/tr>\n<tr>\n<th>Kahepoolne heli<\/th>\n<td>Jah<\/td>\n<\/tr>\n<tr>\n<th>Nutikad funktsioonid<\/th>\n<td>\u00dche puudutusega k\u00f5ned, \u017eestijuhtimine, objekti j\u00e4lgimine, beebi nutu tuvastus, liikumisandurid, ohutuvastus, virtuaalse turvatsooni seadistamine<\/td>\n<\/tr>\n<\/tbody>\n<\/table>\n<\/div>\n","protected":false},"excerpt":{"rendered":"<p>Nutikas turvakaamera Botslab C224 4K 8MP \u2013 360\u00b0 WiFi turvakaamera sisetingimustesse Botslab C224 on nutikas turvakaamera, mis sobib ideaalselt kodu v\u00f5i kontori ruumide t\u00e4ielikuks j\u00e4lgimiseks. T\u00e4nu 4K 8MP sensori ja F1.6 avaga objektiivile salvestab kaamera v\u00e4ga detailset ning selget pilti nii p\u00e4eva- kui ka \u00f6\u00f6valgustingimustes. WiFi 2.4 GHz ja WiFi 6 \u00fchendused tagavad katkestusteta ning [&hellip;]<\/p>\n","protected":false},"featured_media":171472,"comment_status":"open","ping_status":"open","template":"","meta":[],"product_brand":[3078],"product_cat":[3056],"product_tag":[],"class_list":{"0":"post-171466","1":"product","2":"type-product","3":"status-publish","4":"has-post-thumbnail","6":"product_brand-botslab","7":"product_cat-ip-kaamerad","8":"product_shipping_class-innpro","10":"first","11":"instock","12":"sale","13":"taxable","14":"shipping-taxable","15":"purchasable","16":"product-type-simple"},"_links":{"self":[{"href":"https:\/\/blankpage.ee\/_ruumist-ruumi\/wp-json\/wp\/v2\/product\/171466","targetHints":{"allow":["GET"]}}],"collection":[{"href":"https:\/\/blankpage.ee\/_ruumist-ruumi\/wp-json\/wp\/v2\/product"}],"about":[{"href":"https:\/\/blankpage.ee\/_ruumist-ruumi\/wp-json\/wp\/v2\/types\/product"}],"replies":[{"embeddable":true,"href":"https:\/\/blankpage.ee\/_ruumist-ruumi\/wp-json\/wp\/v2\/comments?post=171466"}],"wp:featuredmedia":[{"embeddable":true,"href":"https:\/\/blankpage.ee\/_ruumist-ruumi\/wp-json\/wp\/v2\/media\/171472"}],"wp:attachment":[{"href":"https:\/\/blankpage.ee\/_ruumist-ruumi\/wp-json\/wp\/v2\/media?parent=171466"}],"wp:term":[{"taxonomy":"product_brand","embeddable":true,"href":"https:\/\/blankpage.ee\/_ruumist-ruumi\/wp-json\/wp\/v2\/product_brand?post=171466"},{"taxonomy":"product_cat","embeddable":true,"href":"https:\/\/blankpage.ee\/_ruumist-ruumi\/wp-json\/wp\/v2\/product_cat?post=171466"},{"taxonomy":"product_tag","embeddable":true,"href":"https:\/\/blankpage.ee\/_ruumist-ruumi\/wp-json\/wp\/v2\/product_tag?post=171466"}],"curies":[{"name":"wp","href":"https:\/\/api.w.org\/{rel}","templated":true}]}}