{"id":171557,"date":"2025-04-19T05:50:52","date_gmt":"2025-04-19T05:50:52","guid":{"rendered":"https:\/\/ruumistruumi.ee\/pood\/paikesepaneeliga-4g-wifi-valikaamera-imou-cell-pt-3mp-360-pooratav-ip66-15-000-mah\/"},"modified":"2025-07-16T20:24:39","modified_gmt":"2025-07-16T20:24:39","slug":"paikesepaneeliga-4g-wifi-valikaamera-imou-cell-pt-3mp-360-pooratav-ip66-15-000-mah","status":"publish","type":"product","link":"https:\/\/blankpage.ee\/_ruumist-ruumi\/pood\/paikesepaneeliga-4g-wifi-valikaamera-imou-cell-pt-3mp-360-pooratav-ip66-15-000-mah\/","title":{"rendered":"P\u00e4ikesepaneeliga 4G\/WiFi v\u00e4likaamera Imou Cell PT 3MP (360\u00b0 p\u00f6\u00f6ratav, IP66, 15 000 mAh)"},"content":{"rendered":"<h3>P\u00e4ikesepaneeliga valvekaamera Imou Cell PT 3MP \u2013 4G ja WiFi \u00fchendusega<\/h3>\n<p>P\u00e4ikesepaneeliga valvekaamera Imou Cell PT 3MP pakub paindlikku ja t\u00f6\u00f6kindlat j\u00e4relevalvet kohtadesse, kus elektritoide puudub v\u00f5i Wi-Fi-levi on piiratud. See 3-megapiksline (2304 \u00d7 1296 pikslit) v\u00e4likaamera v\u00f5imaldab kuni 330\u00b0 horisontaalset ning 90\u00b0 vertikaalset p\u00f6\u00f6ramist, tagades suure katvuse. V\u00f5imas, kuni 15 000 mAh aku ja p\u00e4ikesepaneel lubavad kasutada kaamerat \u00fche laadimisega kuni 280 p\u00e4eva j\u00e4rjest, muutes selle ideaalseks lahenduseks koduaeda, maamajja, ehitusplatsile v\u00f5i ladudesse.<\/p>\n<p><img decoding=\"async\" src=\"https:\/\/blankpage.ee\/_ruumist-ruumi\/wp-content\/uploads\/2025\/04\/1-334.webp\" alt=\"p\u00e4ikesepaneeliga valvekaamera paigaldatuna seinale, v\u00e4litingimustes\" \/><\/p>\n<h3>T\u00e4pne ja selge pildikvaliteet p\u00e4evast-\u00f6\u00f6ni<\/h3>\n<p>Kaamera kasutab 1\/2.8&#8243; CMOS-sensorit, mis v\u00f5imaldab salvestada teravaid 2K QHD videoid nii p\u00e4eval kui \u00f6\u00f6sel. Infrapuna\u00f6\u00f6n\u00e4gemine t\u00f6\u00f6tab kuni 20 meetri kauguselt. Kolm \u00f6\u00f6re\u017eiimi \u2013 v\u00e4rviline, mustvalge v\u00f5i nutikas automaatre\u017eiim liikumistuvastusega \u2013 tagavad hea pildi igas olukorras, t\u00e4nu sisseehitatud LED-tulele on olemas ka v\u00e4rviline \u00f6\u00f6vaade.<\/p>\n<p><img decoding=\"async\" src=\"https:\/\/blankpage.ee\/_ruumist-ruumi\/wp-content\/uploads\/2025\/04\/9-82.webp\" alt=\"p\u00e4eval salvestatav selge 3MP valvekaamera pilt\" \/><\/p>\n<h3>Liikumistuvastus ja kahesuunaline suhtlus<\/h3>\n<p>Imou Cell PT tunneb liikumist ja inimesi nutika PIR-anduri abil, mis aitab v\u00e4hendada valeh\u00e4ireid. Kui tuvastatakse liikumine, aktiveerub 120 dB sireen. Kaameral on kahesuunaline heli \u2013 saad rakenduse kaudu otse r\u00e4\u00e4kida inimestega kaamera l\u00e4heduses.<\/p>\n<p><img decoding=\"async\" src=\"https:\/\/blankpage.ee\/_ruumist-ruumi\/wp-content\/uploads\/2025\/04\/8-102.webp\" alt=\"kaamera kahesuunaline suhtlus funktsioon Imou rakenduses\" \/><\/p>\n<h3>Vastupidavus igale ilmale<\/h3>\n<p>Valvekaamera vastab IP66 standardile, olles vettpidav ning taludes vihma, tuult ja tolmu. Sobib kasutamiseks temperatuuridel -20\u00b0C kuni +50\u00b0C, olles t\u00f6\u00f6kindel aastaringselt ka rasketes ilmastikuoludes.<\/p>\n<p><img decoding=\"async\" src=\"https:\/\/blankpage.ee\/_ruumist-ruumi\/wp-content\/uploads\/2025\/04\/7-221.webp\" alt=\"ilmastikukindel p\u00e4ikesepaneeliga v\u00e4lisvalvekaamera l\u00e4hivaates\" \/><\/p>\n<h3>\u00dchenduvus igal pool: 4G ja WiFi toega p\u00e4ikesepaneeliga valvekaamera<\/h3>\n<p>Imou Cell PT toetab SIM-kaarti ja 4G LTE v\u00f5rku, v\u00f5imaldades videopilti j\u00e4lgida ka ilma Wi-Fi-\u00fchenduseta. Kaamera juhtimine, seadistamine ja reaalajas pildi j\u00e4lgimine k\u00e4ib mugavalt Imou Life mobiilirakenduses (iOS &#038; Android tugi).<\/p>\n<p><img decoding=\"async\" src=\"https:\/\/blankpage.ee\/_ruumist-ruumi\/wp-content\/uploads\/2025\/04\/10-25.webp\" alt=\"Imou Life mobiilirakenduse vaade nutitelefonil\" \/><\/p>\n<h3>Komplektis on:<\/h3>\n<ul>\n<li>Imou Cell PT 3MP valvekaamera<\/li>\n<li>1 m USB-C toitekaabel<\/li>\n<li>P\u00e4ikesepaneel<\/li>\n<li>Kinnitusmall<\/li>\n<li>Neli kruvi<\/li>\n<li>Kinnitusklamber<\/li>\n<li>Neli seinakinnitust<\/li>\n<li>Kasutusjuhend<\/li>\n<\/ul>\n<h3>P\u00f5hiandmed<\/h3>\n<table>\n<tbody>\n<tr>\n<th>Tootja<\/th>\n<td>IMOU<\/td>\n<\/tr>\n<tr>\n<th>Mudel<\/th>\n<td>KIT\/IPC-K9EP-3T0TE-EU\/FSP12-TYPEC<\/td>\n<\/tr>\n<tr>\n<th>Sensor<\/th>\n<td>1\/2.8&#8243; CMOS Progressive<\/td>\n<\/tr>\n<tr>\n<th>Resolutsioon<\/th>\n<td>3MP (2304 \u00d7 1296)<\/td>\n<\/tr>\n<tr>\n<th>\u00d6\u00f6n\u00e4gemise ulatus<\/th>\n<td>kuni 20 m<\/td>\n<\/tr>\n<tr>\n<th>Objektiiv<\/th>\n<td>3,6 mm<\/td>\n<\/tr>\n<tr>\n<th>Vaatev\u00e4li<\/th>\n<td>88\u00b0 horisontaalne, 45\u00b0 vertikaalne, 107\u00b0 diagonaalne<\/td>\n<\/tr>\n<tr>\n<th>P\u00f6\u00f6rdenurk<\/th>\n<td>0\u2013330\u00b0 p\u00f6\u00f6ratav, 0\u201390\u00b0 kallutatav<\/td>\n<\/tr>\n<tr>\n<th>Salvestusvorming<\/th>\n<td>H.265\/H.264<\/td>\n<\/tr>\n<tr>\n<th>Kuni<\/th>\n<td>15 fps<\/td>\n<\/tr>\n<tr>\n<th>M\u00e4lukaart<\/th>\n<td>MicroSD kuni 256 GB<\/td>\n<\/tr>\n<tr>\n<th>Toiteallikas<\/th>\n<td>Laadimine USB-C kaudu, p\u00e4ikeseenergia<\/td>\n<\/tr>\n<tr>\n<th>Veekindlus<\/th>\n<td>IP66<\/td>\n<\/tr>\n<tr>\n<th>M\u00f5\u00f5dud<\/th>\n<td>177 \u00d7 110 \u00d7 142 mm<\/td>\n<\/tr>\n<tr>\n<th>Kaal<\/th>\n<td>737,7 g<\/td>\n<\/tr>\n<\/tbody>\n<\/table>\n","protected":false},"excerpt":{"rendered":"<p>P\u00e4ikesepaneeliga valvekaamera Imou Cell PT 3MP \u2013 4G ja WiFi \u00fchendusega P\u00e4ikesepaneeliga valvekaamera Imou Cell PT 3MP pakub paindlikku ja t\u00f6\u00f6kindlat j\u00e4relevalvet kohtadesse, kus elektritoide puudub v\u00f5i Wi-Fi-levi on piiratud. See 3-megapiksline (2304 \u00d7 1296 pikslit) v\u00e4likaamera v\u00f5imaldab kuni 330\u00b0 horisontaalset ning 90\u00b0 vertikaalset p\u00f6\u00f6ramist, tagades suure katvuse. V\u00f5imas, kuni 15 000 mAh aku ja [&hellip;]<\/p>\n","protected":false},"featured_media":171563,"comment_status":"open","ping_status":"open","template":"","meta":[],"product_brand":[3003],"product_cat":[3056],"product_tag":[],"class_list":{"0":"post-171557","1":"product","2":"type-product","3":"status-publish","4":"has-post-thumbnail","6":"product_brand-imou","7":"product_cat-ip-kaamerad","8":"product_shipping_class-innpro","10":"first","11":"outofstock","12":"sale","13":"taxable","14":"shipping-taxable","15":"purchasable","16":"product-type-simple"},"_links":{"self":[{"href":"https:\/\/blankpage.ee\/_ruumist-ruumi\/wp-json\/wp\/v2\/product\/171557","targetHints":{"allow":["GET"]}}],"collection":[{"href":"https:\/\/blankpage.ee\/_ruumist-ruumi\/wp-json\/wp\/v2\/product"}],"about":[{"href":"https:\/\/blankpage.ee\/_ruumist-ruumi\/wp-json\/wp\/v2\/types\/product"}],"replies":[{"embeddable":true,"href":"https:\/\/blankpage.ee\/_ruumist-ruumi\/wp-json\/wp\/v2\/comments?post=171557"}],"wp:featuredmedia":[{"embeddable":true,"href":"https:\/\/blankpage.ee\/_ruumist-ruumi\/wp-json\/wp\/v2\/media\/171563"}],"wp:attachment":[{"href":"https:\/\/blankpage.ee\/_ruumist-ruumi\/wp-json\/wp\/v2\/media?parent=171557"}],"wp:term":[{"taxonomy":"product_brand","embeddable":true,"href":"https:\/\/blankpage.ee\/_ruumist-ruumi\/wp-json\/wp\/v2\/product_brand?post=171557"},{"taxonomy":"product_cat","embeddable":true,"href":"https:\/\/blankpage.ee\/_ruumist-ruumi\/wp-json\/wp\/v2\/product_cat?post=171557"},{"taxonomy":"product_tag","embeddable":true,"href":"https:\/\/blankpage.ee\/_ruumist-ruumi\/wp-json\/wp\/v2\/product_tag?post=171557"}],"curies":[{"name":"wp","href":"https:\/\/api.w.org\/{rel}","templated":true}]}}