{"id":171570,"date":"2025-04-19T05:50:52","date_gmt":"2025-04-19T05:50:52","guid":{"rendered":"https:\/\/ruumistruumi.ee\/pood\/valiturvakaamera-wifi-imou-cruiser-dual-6mp-nutirakendusega-ip66-360\/"},"modified":"2025-05-12T06:49:06","modified_gmt":"2025-05-12T06:49:06","slug":"valiturvakaamera-wifi-imou-cruiser-dual-6mp-nutirakendusega-ip66-360","status":"publish","type":"product","link":"https:\/\/blankpage.ee\/_ruumist-ruumi\/pood\/valiturvakaamera-wifi-imou-cruiser-dual-6mp-nutirakendusega-ip66-360\/","title":{"rendered":"V\u00e4liturvakaamera WiFi IMOU Cruiser Dual 6MP (nutirakendusega, IP66, 360\u00b0)"},"content":{"rendered":"<h3>V\u00e4liturvakaamera WiFi IMOU Cruiser Dual 6MP (nutirakendusega, IP66, 360\u00b0)<\/h3>\n<p>V\u00e4liturvakaamera WiFi IMOU Cruiser Dual 6MP on usaldusv\u00e4\u00e4rne ja mitmek\u00fclgne seade \u00f5uealade turvamiseks, pakkudes kahte 3 MP sensoriga objektiivi, millega saad samaaegselt j\u00e4lgida erinevaid piirkondi. Sama kaamera tagab h\u00e4sti n\u00e4htava, detailse pildi nii p\u00e4evavalguses kui pimedas, toetades \u00f6\u00f6re\u017eiime \u2013 t\u00e4isv\u00e4rv, infrapuna, nutikas re\u017eiim ja v\u00e4ljal\u00fclitatud olek.<\/p>\n<h3>Lai vaatev\u00e4li kahe objektiiviga turvakaameras<\/h3>\n<p>IMOU Cruiser Dual 6MP kahe objektiiviga v\u00e4liturvakaamera katab laia j\u00e4lgimisala \u2013 alumine objektiiv p\u00f6\u00f6rdub horisontaalselt 355\u00b0 ja vertikaalselt 90\u00b0, \u00fclemise objektiivi liikumisulatus on 260\u00b0 horisontaalselt ja 30\u00b0 vertikaalselt. Liikumine, n\u00e4iteks \u00f6isel ajal, tuvastatakse selgelt kuni 30 meetri kauguselt t\u00e4nu kvaliteetsele pildile ja 8x digitaalsele suumile.<\/p>\n<p><img decoding=\"async\" border=\"0\" src=\"https:\/\/blankpage.ee\/_ruumist-ruumi\/wp-content\/uploads\/2025\/04\/6-255.webp\" alt=\"v\u00e4liturvakaamera wifi IMOU Cruiser Dual kahe objektiiviga\"\/><\/p>\n<h3>T\u00e4pne liikumistuvastus ja nutikas j\u00e4lgimine<\/h3>\n<p>Kaameras olev IMOU SENSE algoritm tuvastab nii inimesi kui ka s\u00f5idukeid v\u00e4ga t\u00e4pselt \u2013 inimesi kuni 22 meetri ja autosid kuni 44 meetri kauguselt. Nutika j\u00e4lgimisega liigub kaamera automaatselt tuvastatud objektiga kaasa. Valeh\u00e4ired, n\u00e4iteks putukad v\u00f5i tuules liikuvad oksad, on t\u00e4nu arukale tarkvarale v\u00e4lditud.<\/p>\n<p><img decoding=\"async\" border=\"0\" src=\"https:\/\/blankpage.ee\/_ruumist-ruumi\/wp-content\/uploads\/2025\/04\/5-276.webp\" alt=\"IP66 ilmastikukindel v\u00e4liturvakaamera Cruiser Dual kahe objektiiviga\"\/><\/p>\n<h3>Kestvus ja t\u00f6\u00f6kindlus igas ilmas<\/h3>\n<p>IMOU Cruiser Dual v\u00e4liturvakaamera WiFi on varustatud vee- ja tolmukindla IP66 korpusega ning t\u00f6\u00f6tab usaldusv\u00e4\u00e4rselt temperatuurivahemikus -30\u00b0C kuni +50\u00b0C. Wi-Fi 6 ja 100 Mbps Ethernet tagavad kindla \u00fchenduse igas olukorras.<\/p>\n<p><img decoding=\"async\" border=\"0\" src=\"https:\/\/blankpage.ee\/_ruumist-ruumi\/wp-content\/uploads\/2025\/04\/3-318.webp\" alt=\"IMOU Cruiser Dual wifi kaamera paigaldus v\u00e4litingimustes\"\/><\/p>\n<h3>Kahepoolne suhtlus ja h\u00e4ires\u00fcsteem<\/h3>\n<p>Integreeritud mikrofon ja k\u00f5lar kajaeemaldusega v\u00f5imaldavad mugavat kahepoolset suhtlust. V\u00f5imsa 110 dB h\u00e4iresireeni ja h\u00e4\u00e4lsalvestusega saad alati sissetungijaid hoiatada.<\/p>\n<p><img decoding=\"async\" border=\"0\" src=\"https:\/\/blankpage.ee\/_ruumist-ruumi\/wp-content\/uploads\/2025\/04\/2-343.webp\" alt=\"v\u00e4liturvakaamera wifi h\u00e4iresireeni ja mikrofoniga IMOU Cruiser Dual\"\/><\/p>\n<h3>Targalt juhitav \u00e4pist<\/h3>\n<p>IMOU nutirakendusega saad kiiresti seadistada j\u00e4lgimisalasid, m\u00e4\u00e4rata t\u00f6\u00f6graafikuid ja vahetada teavitusi, kasuta iOS v\u00f5i Android telefoni. Kaamera toetab kuni 256 GB microSD salvestuskaarti.<\/p>\n<p><img decoding=\"async\" border=\"0\" src=\"https:\/\/blankpage.ee\/_ruumist-ruumi\/wp-content\/uploads\/2025\/04\/1-335.webp\" alt=\"IMOU Cruiser Dual v\u00e4liturvakaamera wifi juhtimine telefonist\"\/><\/p>\n<h3>Tehnilised andmed<\/h3>\n<table>\n<tr>\n<th>Mudel<\/th>\n<td>Cruiser Dual 6MP<\/td>\n<\/tr>\n<tr>\n<th>Sensorid<\/th>\n<td>2 \u00d7 1\/2.8&#8243; CMOS, 3 MP<\/td>\n<\/tr>\n<tr>\n<th>L\u00e4\u00e4tsede vaatenurk<\/th>\n<td>88\u00b0 (H), 45\u00b0 (V), 107\u00b0 (D)<\/td>\n<\/tr>\n<tr>\n<th>IP-klass<\/th>\n<td>IP66<\/td>\n<\/tr>\n<tr>\n<th>\u00dchenduvus<\/th>\n<td>Wi-Fi 6 (IEEE 802.11 ax\/b\/g\/n), 100 Mbps Ethernet<\/td>\n<\/tr>\n<tr>\n<th>M\u00f5\u00f5tmed \/ kaal<\/th>\n<td>158,7 \u00d7 125 \u00d7 201,9 mm \/ 642 g<\/td>\n<\/tr>\n<tr>\n<th>Salvestus<\/th>\n<td>microSD kuni 256 GB<\/td>\n<\/tr>\n<tr>\n<th>Toide<\/th>\n<td>DC 12V\/1A, energiatarve alla 12 W<\/td>\n<\/tr>\n<\/table>\n<p>Komplektis: IMOU Cruiser Dual v\u00e4liturvakaamera wifi, toiteadapter, kinnitustarvikud, veekindel \u00fchendus, paigaldusmall ja kasutusjuhend.<\/p>\n<p><img decoding=\"async\" border=\"0\" src=\"https:\/\/blankpage.ee\/_ruumist-ruumi\/wp-content\/uploads\/2025\/04\/7-222.webp\" alt=\"v\u00e4liturvakaamera wifi paigalduskomplekt ja lisatarvikud\"\/><\/p>\n","protected":false},"excerpt":{"rendered":"<p>V\u00e4liturvakaamera WiFi IMOU Cruiser Dual 6MP (nutirakendusega, IP66, 360\u00b0) V\u00e4liturvakaamera WiFi IMOU Cruiser Dual 6MP on usaldusv\u00e4\u00e4rne ja mitmek\u00fclgne seade \u00f5uealade turvamiseks, pakkudes kahte 3 MP sensoriga objektiivi, millega saad samaaegselt j\u00e4lgida erinevaid piirkondi. Sama kaamera tagab h\u00e4sti n\u00e4htava, detailse pildi nii p\u00e4evavalguses kui pimedas, toetades \u00f6\u00f6re\u017eiime \u2013 t\u00e4isv\u00e4rv, infrapuna, nutikas re\u017eiim ja v\u00e4ljal\u00fclitatud olek. [&hellip;]<\/p>\n","protected":false},"featured_media":171577,"comment_status":"open","ping_status":"open","template":"","meta":[],"product_brand":[3003],"product_cat":[3056],"product_tag":[],"class_list":{"0":"post-171570","1":"product","2":"type-product","3":"status-publish","4":"has-post-thumbnail","6":"product_brand-imou","7":"product_cat-ip-kaamerad","8":"product_shipping_class-innpro","10":"first","11":"outofstock","12":"taxable","13":"shipping-taxable","14":"purchasable","15":"product-type-simple"},"_links":{"self":[{"href":"https:\/\/blankpage.ee\/_ruumist-ruumi\/wp-json\/wp\/v2\/product\/171570","targetHints":{"allow":["GET"]}}],"collection":[{"href":"https:\/\/blankpage.ee\/_ruumist-ruumi\/wp-json\/wp\/v2\/product"}],"about":[{"href":"https:\/\/blankpage.ee\/_ruumist-ruumi\/wp-json\/wp\/v2\/types\/product"}],"replies":[{"embeddable":true,"href":"https:\/\/blankpage.ee\/_ruumist-ruumi\/wp-json\/wp\/v2\/comments?post=171570"}],"wp:featuredmedia":[{"embeddable":true,"href":"https:\/\/blankpage.ee\/_ruumist-ruumi\/wp-json\/wp\/v2\/media\/171577"}],"wp:attachment":[{"href":"https:\/\/blankpage.ee\/_ruumist-ruumi\/wp-json\/wp\/v2\/media?parent=171570"}],"wp:term":[{"taxonomy":"product_brand","embeddable":true,"href":"https:\/\/blankpage.ee\/_ruumist-ruumi\/wp-json\/wp\/v2\/product_brand?post=171570"},{"taxonomy":"product_cat","embeddable":true,"href":"https:\/\/blankpage.ee\/_ruumist-ruumi\/wp-json\/wp\/v2\/product_cat?post=171570"},{"taxonomy":"product_tag","embeddable":true,"href":"https:\/\/blankpage.ee\/_ruumist-ruumi\/wp-json\/wp\/v2\/product_tag?post=171570"}],"curies":[{"name":"wp","href":"https:\/\/api.w.org\/{rel}","templated":true}]}}