{"id":171582,"date":"2025-04-19T05:50:52","date_gmt":"2025-04-19T05:50:52","guid":{"rendered":"https:\/\/ruumistruumi.ee\/pood\/wifi-valvekaamera-imou-ranger-2c-360-5mp-nutikas-sisevalvekaamera\/"},"modified":"2025-08-21T08:19:23","modified_gmt":"2025-08-21T08:19:23","slug":"wifi-valvekaamera-imou-ranger-2c-360-5mp-nutikas-sisevalvekaamera","status":"publish","type":"product","link":"https:\/\/blankpage.ee\/_ruumist-ruumi\/pood\/wifi-valvekaamera-imou-ranger-2c-360-5mp-nutikas-sisevalvekaamera\/","title":{"rendered":"WiFi valvekaamera IMOU Ranger 2C, 360\u00b0, 5MP, nutikas sisevalvekaamera"},"content":{"rendered":"<h3>WiFi valvekaamera IMOU Ranger 2C \u2013 360\u00b0 nutikas sisevalvekaamera 5MP sensori ja Wi-Fi toega<\/h3>\n<p>WiFi valvekaamera IMOU Ranger 2C on usaldusv\u00e4\u00e4rne ja nutikas 5-megapiksline sisevalvekaamera, millega saad \u00f6\u00f6p\u00e4evaringselt j\u00e4lgida oma kodu v\u00f5i b\u00fcrooruume. P\u00f6\u00f6rlev korpus ning lai, kuni 355\u00b0 horisontaalne ja 80\u00b0 vertikaalne vaatenurk katavad h\u00f5lpsasti kogu ruumi.<\/p>\n<h3>Liikumistuvastus ja isikutuvastus<\/h3>\n<p>Kaamera kasutab t\u00e4iustatud pildit\u00f6\u00f6tlust, tuvastades kiiresti inimesed ning saates reaalajas teavituse Sinu telefoni. Arukas tehnoloogia aitab v\u00e4hendada valeh\u00e4ireid, n\u00e4iteks beebi nutu v\u00f5i muu valju m\u00fcra tuvastamisel.<\/p>\n<p><img decoding=\"async\" src=\"https:\/\/blankpage.ee\/_ruumist-ruumi\/wp-content\/uploads\/2025\/04\/4-319.webp\" alt=\"WiFi valvekaamera IMOU Ranger 2C mobiili kaudu juhitav\" \/><\/p>\n<h3>Tere pilt p\u00e4eval ja \u00f6\u00f6sel<\/h3>\n<p>IMOU Ranger 2C pakub 2688 \u00d7 1664 px lahutusv\u00f5imet ning selgeid detaile nii p\u00e4eval kui \u00f6\u00f6sel. Sisseehitatud IR algoritm loob kvaliteetse mustvalge \u00f6\u00f6pildi kuni 10 meetri kaugusele. \u00d6\u00f6re\u017eiim l\u00fclitub automaatselt vastavalt valgusoludele.<\/p>\n<p><img decoding=\"async\" src=\"https:\/\/blankpage.ee\/_ruumist-ruumi\/wp-content\/uploads\/2025\/04\/2-344.webp\" alt=\"Turvakaamera inimese tuvastusega ruumis\" \/><\/p>\n<h3>Lai vaatenurk ja automaatne j\u00e4lgimine<\/h3>\n<p>IMOU Ranger 2C WiFi valvekaamera katab kuni 355\u00b0 horisontaalsuunas ja 80\u00b0 vertikaalselt ning tuvastab ja j\u00e4lgib automaatselt liikuvaid inimesi v\u00f5i objekte.<\/p>\n<p><img decoding=\"async\" src=\"https:\/\/blankpage.ee\/_ruumist-ruumi\/wp-content\/uploads\/2025\/04\/1-336.webp\" alt=\"IMOU nutika valvekaamera p\u00f6\u00f6rlev korpus ja lai vaatenurk\" \/><\/p>\n<h3>Puhas pilt igal ajal<\/h3>\n<p>Kaamera edastab k\u00f5rge eraldusv\u00f5imega videopilti nii p\u00e4eval kui \u00f6\u00f6sel. \u00d6\u00f6vaatlus t\u00f6\u00f6tab kuni 10 meetrit ja pilt on alati selge t\u00e4nu t\u00f5husale IR-algoritmile.<\/p>\n<p><img decoding=\"async\" src=\"https:\/\/blankpage.ee\/_ruumist-ruumi\/wp-content\/uploads\/2025\/04\/6-256.webp\" alt=\"IMOU Ranger 2C valvekaamera \u00f6\u00f6pildi n\u00e4ide\" \/><\/p>\n<h3>Kahepoolne helisuhtlus ja kaugjuhtimine<\/h3>\n<p>Kaameral on integreeritud mikrofon ja k\u00f5lar, et saaksid \u00e4pi kaudu kaksikheli abil vestelda ruumis olijatega \u2013 olgu tegemist pereliikme v\u00f5i lemmikloomaga. See v\u00f5imaldab reageerida ohuolukordadele ka siis, kui Sind ennast ei ole kohapeal.<\/p>\n<p><img decoding=\"async\" src=\"https:\/\/blankpage.ee\/_ruumist-ruumi\/wp-content\/uploads\/2025\/04\/3-319.webp\" alt=\"WiFi valvekaamera kahepoolne heli funktsiooniga IMOU Ranger 2C\" \/><\/p>\n<h3>Salvestusv\u00f5imalused ja andmete turvalisus<\/h3>\n<p>Salvestised saab talletada kuni 512 GB suurusele microSD-kaardile, \u00fchilduvale NVR seadmele v\u00f5i IMOU pilveteenusesse, millele on lihtne ligi p\u00e4\u00e4seda telefoni kaudu.<\/p>\n<p><img decoding=\"async\" src=\"https:\/\/blankpage.ee\/_ruumist-ruumi\/wp-content\/uploads\/2025\/04\/8-103.webp\" alt=\"IMOU Ranger 2C valvekaamera: SD-kaardi, pilveteenuse ja NVR salvestus\" \/><\/p>\n<h3>Tehnilised andmed<\/h3>\n<table>\n<tbody>\n<tr>\n<th>Tootja<\/th>\n<td>IMOU<\/td>\n<\/tr>\n<tr>\n<th>Mudel<\/th>\n<td>Ranger 2C<\/td>\n<\/tr>\n<tr>\n<th>Pildisensor<\/th>\n<td>1\/3&#8243; CMOS<\/td>\n<\/tr>\n<tr>\n<th>Eraldusv\u00f5ime<\/th>\n<td>2688 x 1664 (5 MP)<\/td>\n<\/tr>\n<tr>\n<th>P\u00f6\u00f6rdenurgad<\/th>\n<td>355\u00b0 horisontaal, -5\u00b0 kuni 80\u00b0 vertikaal<\/td>\n<\/tr>\n<tr>\n<th>Objektiiv<\/th>\n<td>3,6 mm fikseeritud<\/td>\n<\/tr>\n<tr>\n<th>\u00d6\u00f6n\u00e4gemine<\/th>\n<td>Kuni 10 m<\/td>\n<\/tr>\n<tr>\n<th>Rakenduse tugi<\/th>\n<td>IMOU (iOS, Android)<\/td>\n<\/tr>\n<tr>\n<th>V\u00f5rgu\u00fchendus<\/th>\n<td>Wi-Fi IEEE802.11b\/g\/n, kuni 50 m avatud ruumis<\/td>\n<\/tr>\n<tr>\n<th>M\u00f5\u00f5dud<\/th>\n<td>77,4 \u00d7 77,4 \u00d7 108,1 mm<\/td>\n<\/tr>\n<tr>\n<th>Kaal<\/th>\n<td>201 g<\/td>\n<\/tr>\n<\/tbody>\n<\/table>\n<h3>Komplektis<\/h3>\n<ul>\n<li>IMOU Ranger 2C WiFi valvekaamera<\/li>\n<li>Kasutusjuhend<\/li>\n<li>Toiteadapter koos kaabliga<\/li>\n<li>Kruvikomplekt<\/li>\n<li>Kinnitusklamber<\/li>\n<li>Paigaldusmall<\/li>\n<\/ul>\n<p>Nutika funktsionaalsuse ja paindlike salvestusv\u00f5imalustega WiFi valvekaamera IMOU Ranger 2C sobib ideaalselt nii kodu kui kontori turvamiseks, pakkudes usaldusv\u00e4\u00e4rset j\u00e4relevalvet ja kaasaegseid kasutusv\u00f5imalusi.<\/p>\n","protected":false},"excerpt":{"rendered":"<p>WiFi valvekaamera IMOU Ranger 2C \u2013 360\u00b0 nutikas sisevalvekaamera 5MP sensori ja Wi-Fi toega WiFi valvekaamera IMOU Ranger 2C on usaldusv\u00e4\u00e4rne ja nutikas 5-megapiksline sisevalvekaamera, millega saad \u00f6\u00f6p\u00e4evaringselt j\u00e4lgida oma kodu v\u00f5i b\u00fcrooruume. P\u00f6\u00f6rlev korpus ning lai, kuni 355\u00b0 horisontaalne ja 80\u00b0 vertikaalne vaatenurk katavad h\u00f5lpsasti kogu ruumi. Liikumistuvastus ja isikutuvastus Kaamera kasutab t\u00e4iustatud pildit\u00f6\u00f6tlust, [&hellip;]<\/p>\n","protected":false},"featured_media":171589,"comment_status":"open","ping_status":"open","template":"","meta":[],"product_brand":[3003],"product_cat":[3056],"product_tag":[],"class_list":{"0":"post-171582","1":"product","2":"type-product","3":"status-publish","4":"has-post-thumbnail","6":"product_brand-imou","7":"product_cat-ip-kaamerad","8":"product_shipping_class-innpro","10":"first","11":"instock","12":"sale","13":"taxable","14":"shipping-taxable","15":"purchasable","16":"product-type-simple"},"_links":{"self":[{"href":"https:\/\/blankpage.ee\/_ruumist-ruumi\/wp-json\/wp\/v2\/product\/171582","targetHints":{"allow":["GET"]}}],"collection":[{"href":"https:\/\/blankpage.ee\/_ruumist-ruumi\/wp-json\/wp\/v2\/product"}],"about":[{"href":"https:\/\/blankpage.ee\/_ruumist-ruumi\/wp-json\/wp\/v2\/types\/product"}],"replies":[{"embeddable":true,"href":"https:\/\/blankpage.ee\/_ruumist-ruumi\/wp-json\/wp\/v2\/comments?post=171582"}],"wp:featuredmedia":[{"embeddable":true,"href":"https:\/\/blankpage.ee\/_ruumist-ruumi\/wp-json\/wp\/v2\/media\/171589"}],"wp:attachment":[{"href":"https:\/\/blankpage.ee\/_ruumist-ruumi\/wp-json\/wp\/v2\/media?parent=171582"}],"wp:term":[{"taxonomy":"product_brand","embeddable":true,"href":"https:\/\/blankpage.ee\/_ruumist-ruumi\/wp-json\/wp\/v2\/product_brand?post=171582"},{"taxonomy":"product_cat","embeddable":true,"href":"https:\/\/blankpage.ee\/_ruumist-ruumi\/wp-json\/wp\/v2\/product_cat?post=171582"},{"taxonomy":"product_tag","embeddable":true,"href":"https:\/\/blankpage.ee\/_ruumist-ruumi\/wp-json\/wp\/v2\/product_tag?post=171582"}],"curies":[{"name":"wp","href":"https:\/\/api.w.org\/{rel}","templated":true}]}}