{"id":171778,"date":"2025-04-19T07:23:48","date_gmt":"2025-04-19T07:23:48","guid":{"rendered":"https:\/\/ruumistruumi.ee\/pood\/valikaamera-wifi-iegeek-zs-gq2-2k-juhtmevaba-poorlev-valvekaamera-valge\/"},"modified":"2025-06-20T20:33:43","modified_gmt":"2025-06-20T20:33:43","slug":"valikaamera-wifi-iegeek-zs-gq2-2k-juhtmevaba-poorlev-valvekaamera-valge","status":"publish","type":"product","link":"https:\/\/blankpage.ee\/_ruumist-ruumi\/pood\/valikaamera-wifi-iegeek-zs-gq2-2k-juhtmevaba-poorlev-valvekaamera-valge\/","title":{"rendered":"V\u00e4likaamera WiFi ieGeek ZS-GQ2 2K juhtmevaba p\u00f6\u00f6rlev valvekaamera (valge)"},"content":{"rendered":"<h3>V\u00e4likaamera WiFi ieGeek ZS-GQ2 2K juhtmevaba p\u00f6\u00f6rlev valvekaamera (valge)<\/h3>\n<p>ieGeek ZS-GQ2 on tipptasemel juhtmevaba v\u00e4likaamera wifi toega, mis sobib ideaalselt kodu v\u00f5i ettev\u00f5tte v\u00e4likaitseks. Sellel v\u00e4likaameral on k\u00f5rge 2K Super HD pildikvaliteet, \u00f6\u00f6p\u00e4evaringne t\u00f6\u00f6v\u00f5ime ja paindlik paigaldus ilma keerulise juhtmestikuta.<\/p>\n<p><img decoding=\"async\" src=\"https:\/\/blankpage.ee\/_ruumist-ruumi\/wp-content\/uploads\/2025\/04\/1-350.webp\" alt=\"Valge p\u00f6\u00f6rlev v\u00e4likaamera WiFi \u00fchendusega ja kahe antenniga paigaldatud seinale\" \/><\/p>\n<h3>Selge pilt nii p\u00e4eval kui \u00f6\u00f6sel<\/h3>\n<p>Kaamera 4 mm F1.6 objektiiv ja kvaliteetne CMOS sensor pakuvad detailirohket ja loomulike v\u00e4rvidega kaamerapilti ka \u00f6\u00f6sel v\u00f5i h\u00e4maras. Toetatud on kolm \u00f6\u00f6re\u017eiimi: v\u00e4rviline, mustvalge ja nutikas automaatre\u017eiim. Nii ei j\u00e4\u00e4 \u00fckski oluline hetk m\u00e4rkamatuks.<\/p>\n<p><img decoding=\"async\" src=\"https:\/\/blankpage.ee\/_ruumist-ruumi\/wp-content\/uploads\/2025\/04\/2-359.webp\" alt=\"V\u00e4likaamera WiFi \u00fchendusega ja LED-tuledega \u00f6\u00f6re\u017eiimis kirkate v\u00e4rvidega\" \/><\/p>\n<h3>Tugev LED-valgustus<\/h3>\n<p>Kaameral on kaks v\u00f5imsat 2600 luumeniga LED-tuld ning reguleeritav heledus seitsmes astmes. See v\u00f5imaldab tagada hea n\u00e4htavuse turvakaalutlustel v\u00f5i luua \u00f5dusa valguse aeda ka \u00f5htul.<\/p>\n<p><img decoding=\"async\" src=\"https:\/\/blankpage.ee\/_ruumist-ruumi\/wp-content\/uploads\/2025\/04\/8-108.webp\" alt=\"LED-tuledega v\u00e4likaamera eri valgusre\u017eiimidega ja aiataustal\" \/><\/p>\n<h3>Tark liikumistuvastus ja hoiatused<\/h3>\n<p>T\u00e4nu t\u00e4pselt reguleeritavale liikumisandurile (tundlikkus astmetel 1\u201310) sobib kaamera suurep\u00e4raselt n\u00e4iteks laste, eakate v\u00f5i lemmikloomade j\u00e4lgimiseks. V\u00f5imalik on seada ajakava valguse automaatseks sissel\u00fclitamiseks. Seadistatavad heli- ja valgushoiatused aitavad soovimatuid k\u00fclalisi eemale hoida, vajadusel saab l\u00e4bi rakenduse kasutada ka isikup\u00e4rastatud helisid.<\/p>\n<p><img decoding=\"async\" src=\"https:\/\/blankpage.ee\/_ruumist-ruumi\/wp-content\/uploads\/2025\/04\/3-333.webp\" alt=\"Liikumistuvastusega v\u00e4likaamera koos erinevate valguss\u00e4tetega \u00f6\u00f6aia stseenis\" \/><\/p>\n<h3>Kerge paigaldada ning kasutajas\u00f5bralik<\/h3>\n<p>K\u00f5ik vajalikud \u00fchendused on paigutatud \u00fchte kaablisse ning juhtmevaba \u00fchendus muudab seadistamise kiireks ja lihtsaks. ieGeek Cam nutirakendus teeb kasutamise selgeks ka uuele kasutajale.<\/p>\n<p><img decoding=\"async\" src=\"https:\/\/blankpage.ee\/_ruumist-ruumi\/wp-content\/uploads\/2025\/04\/4-329.webp\" alt=\"Juhtmevaba v\u00e4likaamera WiFi \u00fchendusega tarvikutega paigaldamiseks\" \/><\/p>\n<h3>Pidev salvestus ja turvaline talletus<\/h3>\n<p>Videod salvestatakse pidevalt \u2013 kas kuni 128GB microSD kaardile v\u00f5i turvalisse pilveteenusesse. Nii on salvestised alati kiiresti ligip\u00e4\u00e4setavad.<\/p>\n<p><img decoding=\"async\" src=\"https:\/\/blankpage.ee\/_ruumist-ruumi\/wp-content\/uploads\/2025\/04\/5-285.webp\" alt=\"V\u00e4likaamera WiFi \u00fchendusega, SD-kaardi ja pilveteenuse v\u00f5imalustega\" \/><\/p>\n<h3>Tehnilised andmed<\/h3>\n<table>\n<tbody>\n<tr>\n<th>Tootja<\/th>\n<td>ieGeek<\/td>\n<\/tr>\n<tr>\n<th>Mudel<\/th>\n<td>ZS-GQ2<\/td>\n<\/tr>\n<tr>\n<th>V\u00e4rv<\/th>\n<td>valge<\/td>\n<\/tr>\n<tr>\n<th>Videoresolutsioon<\/th>\n<td>2K HD (2034 \u00d7 1296)<\/td>\n<\/tr>\n<tr>\n<th>Kadrisagedus<\/th>\n<td>25 fps<\/td>\n<\/tr>\n<tr>\n<th>\u00d6\u00f6re\u017eiim<\/th>\n<td>3 LED-tuld, 3 valget valgust<\/td>\n<\/tr>\n<tr>\n<th>P\u00e4ev\/\u00f6\u00f6<\/th>\n<td>IR-CUT filter koos helil\u00fclitiga<\/td>\n<\/tr>\n<tr>\n<th>Objektiiv<\/th>\n<td>4 mm F1.6<\/td>\n<\/tr>\n<tr>\n<th>\u00d6\u00f6n\u00e4gemise ulatus<\/th>\n<td>15 m<\/td>\n<\/tr>\n<tr>\n<th>Vaatev\u00e4li<\/th>\n<td>110\u00b0<\/td>\n<\/tr>\n<tr>\n<th>P\u00f6\u00f6rdefunktsioon<\/th>\n<td>Horisontaalne 355\u00b0, vertikaalne 120\u00b0<\/td>\n<\/tr>\n<tr>\n<th>Hoiatusre\u017eiimid<\/th>\n<td>Heli, valgus v\u00f5i m\u00f5lemad<\/td>\n<\/tr>\n<tr>\n<th>Heli sisse\/v\u00e4ljund<\/th>\n<td>Sisseehitatud mikrofon ja valjuh\u00e4\u00e4ldi<\/td>\n<\/tr>\n<tr>\n<th>M\u00e4lu<\/th>\n<td>MicroSD (kuni 128 GB), pilvetalletus<\/td>\n<\/tr>\n<tr>\n<th>WiFi<\/th>\n<td>3dBi antenn<\/td>\n<\/tr>\n<tr>\n<th>Traadita turvalisus<\/th>\n<td>WEP, WPA, WPA2<\/td>\n<\/tr>\n<tr>\n<th>Certifikaadid<\/th>\n<td>RoHS, CE, FCC<\/td>\n<\/tr>\n<\/tbody>\n<\/table>\n<h3>Komplektis:<\/h3>\n<ul>\n<li>Valvekaamera WiFi toega<\/li>\n<li>Toiteadapter<\/li>\n<li>Kruvid (3 tk)<\/li>\n<li>Mutterid (3 tk)<\/li>\n<li>Kasutusjuhend<\/li>\n<\/ul>\n","protected":false},"excerpt":{"rendered":"<p>V\u00e4likaamera WiFi ieGeek ZS-GQ2 2K juhtmevaba p\u00f6\u00f6rlev valvekaamera (valge) ieGeek ZS-GQ2 on tipptasemel juhtmevaba v\u00e4likaamera wifi toega, mis sobib ideaalselt kodu v\u00f5i ettev\u00f5tte v\u00e4likaitseks. Sellel v\u00e4likaameral on k\u00f5rge 2K Super HD pildikvaliteet, \u00f6\u00f6p\u00e4evaringne t\u00f6\u00f6v\u00f5ime ja paindlik paigaldus ilma keerulise juhtmestikuta. Selge pilt nii p\u00e4eval kui \u00f6\u00f6sel Kaamera 4 mm F1.6 objektiiv ja kvaliteetne CMOS sensor [&hellip;]<\/p>\n","protected":false},"featured_media":171785,"comment_status":"open","ping_status":"open","template":"","meta":[],"product_brand":[3080],"product_cat":[3056],"product_tag":[],"class_list":{"0":"post-171778","1":"product","2":"type-product","3":"status-publish","4":"has-post-thumbnail","6":"product_brand-iegeek","7":"product_cat-ip-kaamerad","8":"product_shipping_class-innpro","10":"first","11":"outofstock","12":"sale","13":"taxable","14":"shipping-taxable","15":"purchasable","16":"product-type-simple"},"_links":{"self":[{"href":"https:\/\/blankpage.ee\/_ruumist-ruumi\/wp-json\/wp\/v2\/product\/171778","targetHints":{"allow":["GET"]}}],"collection":[{"href":"https:\/\/blankpage.ee\/_ruumist-ruumi\/wp-json\/wp\/v2\/product"}],"about":[{"href":"https:\/\/blankpage.ee\/_ruumist-ruumi\/wp-json\/wp\/v2\/types\/product"}],"replies":[{"embeddable":true,"href":"https:\/\/blankpage.ee\/_ruumist-ruumi\/wp-json\/wp\/v2\/comments?post=171778"}],"wp:featuredmedia":[{"embeddable":true,"href":"https:\/\/blankpage.ee\/_ruumist-ruumi\/wp-json\/wp\/v2\/media\/171785"}],"wp:attachment":[{"href":"https:\/\/blankpage.ee\/_ruumist-ruumi\/wp-json\/wp\/v2\/media?parent=171778"}],"wp:term":[{"taxonomy":"product_brand","embeddable":true,"href":"https:\/\/blankpage.ee\/_ruumist-ruumi\/wp-json\/wp\/v2\/product_brand?post=171778"},{"taxonomy":"product_cat","embeddable":true,"href":"https:\/\/blankpage.ee\/_ruumist-ruumi\/wp-json\/wp\/v2\/product_cat?post=171778"},{"taxonomy":"product_tag","embeddable":true,"href":"https:\/\/blankpage.ee\/_ruumist-ruumi\/wp-json\/wp\/v2\/product_tag?post=171778"}],"curies":[{"name":"wp","href":"https:\/\/api.w.org\/{rel}","templated":true}]}}