{"id":171878,"date":"2025-04-19T07:30:26","date_gmt":"2025-04-19T07:30:26","guid":{"rendered":"https:\/\/ruumistruumi.ee\/pood\/suitsuandur-10-aastat-x-sense-sd11-fotoelektriline-10-aastase-akuga\/"},"modified":"2025-08-21T08:19:10","modified_gmt":"2025-08-21T08:19:10","slug":"suitsuandur-10-aastat-x-sense-sd11-fotoelektriline-10-aastase-akuga","status":"publish","type":"product","link":"https:\/\/blankpage.ee\/_ruumist-ruumi\/pood\/suitsuandur-10-aastat-x-sense-sd11-fotoelektriline-10-aastase-akuga\/","title":{"rendered":"Suitsuandur 10 aastat X-Sense SD11, fotoelektriline, 10-aastase akuga"},"content":{"rendered":"<h3>Suitsuandur 10 aastat X-Sense SD11 \u2013 usaldusv\u00e4\u00e4rne tuleohutus sinu kodus<\/h3>\n<p><b>Suitsuandur 10 aastat<\/b> pakub kaasaegset ja t\u00f6\u00f6kindlat tuleohutust sinu kodule. Fotoelektriline X-Sense SD11 suudab kiirelt avastada suitsu, mis tekib materjalide h\u00f5\u00f5gumisel, v\u00f5imaldades ohu varajast tuvastamist. V\u00f5rreldes tava-ionisatsioonianduritega on selle suitsuanduri puhul valeh\u00e4irete risk v\u00e4iksem \u2013 n\u00e4iteks ei aktiveeru seade valeh\u00e4irele veeauru v\u00f5i toidutegemise suitsu t\u00f5ttu.<\/p>\n<p>\n<img decoding=\"async\" src=\"https:\/\/blankpage.ee\/_ruumist-ruumi\/wp-content\/uploads\/2025\/04\/1-358.webp\" alt=\"X-Sense SD11 suitsuandur valgena esivaates\"\/>\n<\/p>\n<h3>10-aastane hooldusvaba aku tagab muretu kasutamise<\/h3>\n<p>Oluliseks eeliseks on <b>suitsuandur 10 aastat<\/b> sisseehitatud, mittevahetatav liitiumaku, mis peab vastu kogu seadme eluea \u2013 k\u00fcmme aastat. See t\u00e4hendab v\u00e4hem hooldust, ei pea akut vahetama ning v\u00f5id kindel olla, et seade t\u00f6\u00f6tab alati, kui seda vajad.<\/p>\n<p>\n<img decoding=\"async\" src=\"https:\/\/blankpage.ee\/_ruumist-ruumi\/wp-content\/uploads\/2025\/04\/3-340.webp\" alt=\"X-Sense SD11 suitsuanduri sisseehitatud aku l\u00e4hivaade\"\/>\n<\/p>\n<h3>Tugev alarmihelin ja selge LED-tuli<\/h3>\n<p>Kui \u00f5hus tuvastatakse ohtlik suitsukontsentratsioon, annab andur endast m\u00e4rku 85 dB helisignaaliga, mis on h\u00e4sti kuuldav ka kaugemal olles. Punane LED-indikaator annab selge visuaalse signaali \u2013 abiks m\u00fcrarikkas keskkonnas v\u00f5i kuulmispuudega inimestele.<\/p>\n<p>\n<img decoding=\"async\" src=\"https:\/\/blankpage.ee\/_ruumist-ruumi\/wp-content\/uploads\/2025\/04\/6-269.webp\" alt=\"X-Sense SD11 suitsuanduri punane LED-tuli t\u00f6\u00f6hoos\"\/>\n<\/p>\n<h3>Kerge testida ja summutada, mugav paigaldada kuhu vaja<\/h3>\n<p>X-Sense SD11 sobib ideaalselt paigaldamiseks magamistuppa, elutuppa v\u00f5i mujale kodus, kus on oluline kiire suitsu tuvastamine. Suitsuandurit saab h\u00f5lpsasti testida v\u00f5i valeh\u00e4ire korral summutada seadmel oleva nupu abil \u2013 selleks ei pea andurit laest eemaldama.<\/p>\n<p>\n<img decoding=\"async\" src=\"https:\/\/blankpage.ee\/_ruumist-ruumi\/wp-content\/uploads\/2025\/04\/4-338.webp\" alt=\"X-Sense SD11 suitsuanduri kinnitusaluse l\u00e4hivaade\"\/>\n<\/p>\n<h3>Kaitse putukate vastu ja vastavus ohutusstandarditele<\/h3>\n<p>Anduri spetsiaalne konstruktsioon v\u00e4listab putukate sattumise sisemusse, mis aitab v\u00e4ltida valeh\u00e4ireid. Seade vastab rangetele Euroopa ohutusstandarditele EN 14604:2005 ja AC:2008.<\/p>\n<p>\n<img decoding=\"async\" src=\"https:\/\/blankpage.ee\/_ruumist-ruumi\/wp-content\/uploads\/2025\/04\/5-291.webp\" alt=\"X-Sense SD11 suitsuanduri tihe kaitsev\u00f5re putukate vastu\"\/>\n<\/p>\n<h3>Kompaktne disain ja lihtne paigaldus<\/h3>\n<p>122 \u00d7 122 \u00d7 44 mm m\u00f5\u00f5tmetega suitsuandur sobib visuaalselt iga ruumi. Kompaktne lahendus v\u00f5imaldab seadme m\u00e4rkamatut paigaldamist ning k\u00f5ik paigalduseks vajalikud vahendid on komplektis.<\/p>\n<p>\n<img decoding=\"async\" src=\"https:\/\/blankpage.ee\/_ruumist-ruumi\/wp-content\/uploads\/2025\/04\/8-114.webp\" alt=\"X-Sense SD11 suitsuanduri paigalduskomplekt \u2013 alusplaat, kruvid ja t\u00fc\u00fcblid\"\/>\n<\/p>\n<h3>Komplekti kuulub:<\/h3>\n<ul>\n<li>Suitsuandur<\/li>\n<li>Kinnitusalus<\/li>\n<li>2 kruvi ja 2 t\u00fc\u00fcblit<\/li>\n<li>Kasutusjuhend<\/li>\n<\/ul>\n<div class=\"table-wrapper\">\n<table>\n<tbody>\n<tr>\n<th>Tootja<\/th>\n<td>X-Sense<\/td>\n<\/tr>\n<tr>\n<th>Mudel<\/th>\n<td>SD11<\/td>\n<\/tr>\n<tr>\n<th>Ohutusstandardid<\/th>\n<td>EN 14604:2005 + AC:2008<\/td>\n<\/tr>\n<tr>\n<th>Anduri t\u00fc\u00fcp<\/th>\n<td>Fotoelektriline<\/td>\n<\/tr>\n<tr>\n<th>Toiteallikas<\/th>\n<td>3 V CR123A liitiumaku (mittevahetatav, 10 aastat)<\/td>\n<\/tr>\n<tr>\n<th>Alarmi helitugevus<\/th>\n<td>&ge; 85 dB \/ 3 m kaugusel<\/td>\n<\/tr>\n<tr>\n<th>T\u00f6\u00f6temperatuur<\/th>\n<td>4,4\u201337,8\u00b0C<\/td>\n<\/tr>\n<tr>\n<th>M\u00f5\u00f5dud<\/th>\n<td>122 x 122 x 44 mm<\/td>\n<\/tr>\n<tr>\n<th>Kaal<\/th>\n<td>171 g<\/td>\n<\/tr>\n<\/tbody>\n<\/table>\n<\/div>\n","protected":false},"excerpt":{"rendered":"<p>Suitsuandur 10 aastat X-Sense SD11 \u2013 usaldusv\u00e4\u00e4rne tuleohutus sinu kodus Suitsuandur 10 aastat pakub kaasaegset ja t\u00f6\u00f6kindlat tuleohutust sinu kodule. Fotoelektriline X-Sense SD11 suudab kiirelt avastada suitsu, mis tekib materjalide h\u00f5\u00f5gumisel, v\u00f5imaldades ohu varajast tuvastamist. V\u00f5rreldes tava-ionisatsioonianduritega on selle suitsuanduri puhul valeh\u00e4irete risk v\u00e4iksem \u2013 n\u00e4iteks ei aktiveeru seade valeh\u00e4irele veeauru v\u00f5i toidutegemise suitsu t\u00f5ttu. [&hellip;]<\/p>\n","protected":false},"featured_media":171885,"comment_status":"open","ping_status":"open","template":"","meta":[],"product_brand":[3066],"product_cat":[3042],"product_tag":[],"class_list":{"0":"post-171878","1":"product","2":"type-product","3":"status-publish","4":"has-post-thumbnail","6":"product_brand-x-sense","7":"product_cat-andurid","8":"product_shipping_class-innpro","10":"first","11":"instock","12":"sale","13":"taxable","14":"shipping-taxable","15":"purchasable","16":"product-type-simple"},"_links":{"self":[{"href":"https:\/\/blankpage.ee\/_ruumist-ruumi\/wp-json\/wp\/v2\/product\/171878","targetHints":{"allow":["GET"]}}],"collection":[{"href":"https:\/\/blankpage.ee\/_ruumist-ruumi\/wp-json\/wp\/v2\/product"}],"about":[{"href":"https:\/\/blankpage.ee\/_ruumist-ruumi\/wp-json\/wp\/v2\/types\/product"}],"replies":[{"embeddable":true,"href":"https:\/\/blankpage.ee\/_ruumist-ruumi\/wp-json\/wp\/v2\/comments?post=171878"}],"wp:featuredmedia":[{"embeddable":true,"href":"https:\/\/blankpage.ee\/_ruumist-ruumi\/wp-json\/wp\/v2\/media\/171885"}],"wp:attachment":[{"href":"https:\/\/blankpage.ee\/_ruumist-ruumi\/wp-json\/wp\/v2\/media?parent=171878"}],"wp:term":[{"taxonomy":"product_brand","embeddable":true,"href":"https:\/\/blankpage.ee\/_ruumist-ruumi\/wp-json\/wp\/v2\/product_brand?post=171878"},{"taxonomy":"product_cat","embeddable":true,"href":"https:\/\/blankpage.ee\/_ruumist-ruumi\/wp-json\/wp\/v2\/product_cat?post=171878"},{"taxonomy":"product_tag","embeddable":true,"href":"https:\/\/blankpage.ee\/_ruumist-ruumi\/wp-json\/wp\/v2\/product_tag?post=171878"}],"curies":[{"name":"wp","href":"https:\/\/api.w.org\/{rel}","templated":true}]}}