{"id":171938,"date":"2025-04-19T07:36:37","date_gmt":"2025-04-19T07:36:37","guid":{"rendered":"https:\/\/ruumistruumi.ee\/pood\/vingugaasiandur-kodu-jaoks-x-sense-xc01-m-link-pro-elektrokeemiline-lcd-aku-vorgutoega\/"},"modified":"2025-08-21T08:19:09","modified_gmt":"2025-08-21T08:19:09","slug":"vingugaasiandur-kodu-jaoks-x-sense-xc01-m-link-pro-elektrokeemiline-lcd-aku-vorgutoega","status":"publish","type":"product","link":"https:\/\/blankpage.ee\/_ruumist-ruumi\/pood\/vingugaasiandur-kodu-jaoks-x-sense-xc01-m-link-pro-elektrokeemiline-lcd-aku-vorgutoega\/","title":{"rendered":"Vingugaasiandur kodu jaoks X-Sense XC01-M Link+ Pro (elektrokeemiline, LCD, aku, v\u00f5rgutoega)"},"content":{"rendered":"<h3>Vingugaasiandur kodu jaoks X-Sense XC01-M Link+ Pro (elektrokeemiline, LCD, aku, v\u00f5rgutoega)<\/h3>\n<p>X-Sense XC01-M Link+ Pro vingugaasiandur kodu jaoks tagab usaldusv\u00e4\u00e4rse kaitse vingugaasi eest nii Sinu kodus kui ka ettev\u00f5ttes. Nutikas elektrokeemiline sensor tuvastab kiiresti \u00f5hus sisalduva vingugaasi ning selge LCD-ekraan kuvab reaalajas tuvastatud CO-kontsentratsiooni (PPM). Sisseehitatud m\u00e4lufunktsioon v\u00f5imaldab kontrollida k\u00f5rgeimaid m\u00f5\u00f5detud v\u00e4\u00e4rtusi, et j\u00e4lgida \u00f5hukvaliteeti isegi siis, kui Sa ei viibi kodus.<\/p>\n<p><img decoding=\"async\" src=\"https:\/\/blankpage.ee\/_ruumist-ruumi\/wp-content\/uploads\/2025\/04\/2-369.webp\" alt=\"LCD-ekraaniga vingugaasiandur kodu jaoks\"\/><\/p>\n<h3>Kuni 24 \u00fchendatavat vingugaasiandurit kodu v\u00f5i ettev\u00f5tte jaoks<\/h3>\n<p>XC01-M Link+ Pro sobib paigaldamiseks kohtadesse, kus on vaja \u00fchte v\u00f5rku \u00fchendada kuni 24 seadet \u2013 n\u00e4iteks suuremates kodudes, ettev\u00f5tetes v\u00f5i muudes hoonetes. V\u00f5rgutoega vingugaasiandur kodu jaoks v\u00f5imaldab, et kui \u00fches seadmes tuvastatakse oht, aktiveeruvad k\u00f5ik v\u00f5rku \u00fchendatud alarmid \u00fcheaegselt, suurendades nii turvalisust kogu majas v\u00f5i hoones.<\/p>\n<p><img decoding=\"async\" src=\"https:\/\/blankpage.ee\/_ruumist-ruumi\/wp-content\/uploads\/2025\/04\/3-346.webp\" alt=\"V\u00f5rku \u00fchendatavad vingugaasiandurid erinevates ruumides\"\/><\/p>\n<h3>Mugav juhtimine mobiilirakendusega<\/h3>\n<p>Seadet on lihtne kontrollida ja j\u00e4lgida l\u00e4bi mobiilirakenduse, kus saad testida k\u00f5ikide andurite seisundit ning saad koheselt teavitusi aku t\u00fchjenemise v\u00f5i rikete kohta. \u00c4pi kaudu saab andurit ka distantsilt testida, mist\u00f5ttu puudub vajadus seadme k\u00e4sitsi kontrollimiseks.<\/p>\n<p><img decoding=\"async\" src=\"https:\/\/blankpage.ee\/_ruumist-ruumi\/wp-content\/uploads\/2025\/04\/4-342.webp\" alt=\"CO anduri testimine mobiilirakenduse abil kodus\"\/><\/p>\n<h3>Tugev 85 dB helialarm kogu kodule<\/h3>\n<p>Kui vingugaasi tase \u00fcletab ohutuspiiri, annab andur v\u00e4lja tugeva v\u00e4hemalt 85 dB helisignaali, mis on selgesti kuuldav ka suuremates ruumides ja kaugemates tubades, hoiatades k\u00f5iki viibijaid \u00f5igeaegselt.<\/p>\n<p><img decoding=\"async\" src=\"https:\/\/blankpage.ee\/_ruumist-ruumi\/wp-content\/uploads\/2025\/04\/7-237.webp\" alt=\"Vingugaasianduri helialarm hoiatab vingugaasi eest\"\/><\/p>\n<h3>Pikaealine ja h\u00f5lpsasti vahetatav aku<\/h3>\n<p>Vingugaasianduril kodu jaoks on kuni 10-aastane kasutusiga ning toiteallikaks kasutatakse vahetatavat CR123A v\u00f5i CR2\/3A patareid. Madal aku tase kuvatakse ekraanil ning saadetakse teavituse ka mobiilirakendusse, mis v\u00f5imaldab Sul hoida anduri alati t\u00f6\u00f6korras ja hoolikalt kontrollitud.<\/p>\n<p><img decoding=\"async\" src=\"https:\/\/blankpage.ee\/_ruumist-ruumi\/wp-content\/uploads\/2025\/04\/1-364.webp\" alt=\"Vingugaasianduri patarei vahetamine kodus\"\/><\/p>\n<h3>Komplekti kuulub:<\/h3>\n<ul>\n<li>Vingugaasiandur (eelpaigaldatud patareiga)<\/li>\n<li>Kruvid ja t\u00fc\u00fcblid paigaldamiseks<\/li>\n<li>Kasutusjuhend<\/li>\n<\/ul>\n<h3>T\u00e4psemad tehnilised andmed<\/h3>\n<table>\n<tr>\n<th>Tootja<\/th>\n<td>X-Sense<\/td>\n<\/tr>\n<tr>\n<th>Mudel<\/th>\n<td>XC01-M Link+ Pro<\/td>\n<\/tr>\n<tr>\n<th>Toide<\/th>\n<td>CR123A v\u00f5i CR2\/3A patarei (vahetatav)<\/td>\n<\/tr>\n<tr>\n<th>Kasutusiga<\/th>\n<td>10 aastat<\/td>\n<\/tr>\n<tr>\n<th>Sensor<\/th>\n<td>Elektrokeemiline<\/td>\n<\/tr>\n<tr>\n<th>Sertifikaat<\/th>\n<td>EN 50291-1:2018<\/td>\n<\/tr>\n<tr>\n<th>T\u00f6\u00f6temperatuur<\/th>\n<td>4,4\u201337,8\u00b0C<\/td>\n<\/tr>\n<tr>\n<th>T\u00f6\u00f6niiskus<\/th>\n<td>10%\u201385% suhteline \u00f5huniiskus (mittekondenseeruv)<\/td>\n<\/tr>\n<tr>\n<th>H\u00e4iresignaali tugevus<\/th>\n<td>\u226585 dB (3 m kaugusel)<\/td>\n<\/tr>\n<tr>\n<th>Salvestus- ja transporttingimused<\/th>\n<td>\u201320\u201360\u00b0C, 5%\u201395% suhteline \u00f5huniiskus<\/td>\n<\/tr>\n<tr>\n<th>Summutamisre\u017eiimi kestus<\/th>\n<td>ca 9 minutit<\/td>\n<\/tr>\n<tr>\n<th>T\u00f6\u00f6sagedus<\/th>\n<td>868 MHz<\/td>\n<\/tr>\n<tr>\n<th>Maksimaalne \u00fchendatud seadmete arv<\/th>\n<td>24 (ainult X-Sense Link+)<\/td>\n<\/tr>\n<\/table>\n","protected":false},"excerpt":{"rendered":"<p>Vingugaasiandur kodu jaoks X-Sense XC01-M Link+ Pro (elektrokeemiline, LCD, aku, v\u00f5rgutoega) X-Sense XC01-M Link+ Pro vingugaasiandur kodu jaoks tagab usaldusv\u00e4\u00e4rse kaitse vingugaasi eest nii Sinu kodus kui ka ettev\u00f5ttes. Nutikas elektrokeemiline sensor tuvastab kiiresti \u00f5hus sisalduva vingugaasi ning selge LCD-ekraan kuvab reaalajas tuvastatud CO-kontsentratsiooni (PPM). Sisseehitatud m\u00e4lufunktsioon v\u00f5imaldab kontrollida k\u00f5rgeimaid m\u00f5\u00f5detud v\u00e4\u00e4rtusi, et j\u00e4lgida \u00f5hukvaliteeti [&hellip;]<\/p>\n","protected":false},"featured_media":171944,"comment_status":"open","ping_status":"open","template":"","meta":[],"product_brand":[3066],"product_cat":[3042],"product_tag":[],"class_list":{"0":"post-171938","1":"product","2":"type-product","3":"status-publish","4":"has-post-thumbnail","6":"product_brand-x-sense","7":"product_cat-andurid","8":"product_shipping_class-innpro","10":"first","11":"instock","12":"sale","13":"taxable","14":"shipping-taxable","15":"purchasable","16":"product-type-simple"},"_links":{"self":[{"href":"https:\/\/blankpage.ee\/_ruumist-ruumi\/wp-json\/wp\/v2\/product\/171938","targetHints":{"allow":["GET"]}}],"collection":[{"href":"https:\/\/blankpage.ee\/_ruumist-ruumi\/wp-json\/wp\/v2\/product"}],"about":[{"href":"https:\/\/blankpage.ee\/_ruumist-ruumi\/wp-json\/wp\/v2\/types\/product"}],"replies":[{"embeddable":true,"href":"https:\/\/blankpage.ee\/_ruumist-ruumi\/wp-json\/wp\/v2\/comments?post=171938"}],"wp:featuredmedia":[{"embeddable":true,"href":"https:\/\/blankpage.ee\/_ruumist-ruumi\/wp-json\/wp\/v2\/media\/171944"}],"wp:attachment":[{"href":"https:\/\/blankpage.ee\/_ruumist-ruumi\/wp-json\/wp\/v2\/media?parent=171938"}],"wp:term":[{"taxonomy":"product_brand","embeddable":true,"href":"https:\/\/blankpage.ee\/_ruumist-ruumi\/wp-json\/wp\/v2\/product_brand?post=171938"},{"taxonomy":"product_cat","embeddable":true,"href":"https:\/\/blankpage.ee\/_ruumist-ruumi\/wp-json\/wp\/v2\/product_cat?post=171938"},{"taxonomy":"product_tag","embeddable":true,"href":"https:\/\/blankpage.ee\/_ruumist-ruumi\/wp-json\/wp\/v2\/product_tag?post=171938"}],"curies":[{"name":"wp","href":"https:\/\/api.w.org\/{rel}","templated":true}]}}