{"id":171947,"date":"2025-04-19T07:36:37","date_gmt":"2025-04-19T07:36:37","guid":{"rendered":"https:\/\/ruumistruumi.ee\/pood\/juhtmevaba-kuumaandur-x-sense-xh-2-m-link-pro-10-aastase-akuga\/"},"modified":"2025-08-21T08:19:10","modified_gmt":"2025-08-21T08:19:10","slug":"juhtmevaba-kuumaandur-x-sense-xh-2-m-link-pro-10-aastase-akuga","status":"publish","type":"product","link":"https:\/\/blankpage.ee\/_ruumist-ruumi\/pood\/juhtmevaba-kuumaandur-x-sense-xh-2-m-link-pro-10-aastase-akuga\/","title":{"rendered":"Juhtmevaba kuumaandur X-Sense XH-2-M Link+ Pro 10-aastase akuga"},"content":{"rendered":"<h3>Juhtmevaba kuumaandur X-Sense XH-2-M Link+ Pro 10-aastase akuga<\/h3>\n<p>Juhtmevaba kuumaandur tagab kiire ja usaldusv\u00e4\u00e4rse tuleohu tuvastamise sinu kodus. X-Sense XH-2-M Link+ Pro on varustatud tundliku A1-klassi NTC-termistoriga, mis j\u00e4lgib temperatuuri vahemikus 54\u201365\u202f\u00b0C ning aktiveerub koheselt, kui ruumis t\u00f5useb kuumus ohtliku tasemeni. T\u00e4nu spetsiifilisele t\u00f6\u00f6p\u00f5him\u00f5ttele sobib see kuumaandur ideaalselt sellistesse ruumidesse nagu k\u00f6\u00f6k v\u00f5i garaa\u017e, kus suitsuandurid v\u00f5ivad anda valeh\u00e4ireid auru v\u00f5i suitsu t\u00f5ttu.<\/p>\n<p><img decoding=\"async\" src=\"https:\/\/blankpage.ee\/_ruumist-ruumi\/wp-content\/uploads\/2025\/04\/4-343.webp\" alt=\"Valge juhtmevaba kuumaandur X-Sense XH-2-M\" \/><\/p>\n<h3>Usaldusv\u00e4\u00e4rne soojuse tuvastamine<\/h3>\n<p>Juhtmevaba kuumaandur reageerib ainult temperatuurit\u00f5usule ega h\u00e4lbi valeh\u00e4ireid, mis v\u00f5ivad kaasneda suitsu v\u00f5i auru esinemisel. Nii on see ideaalne lahendus k\u00f6\u00f6ki, garaa\u017ei v\u00f5i t\u00f6\u00f6ruumi, kus on suurem temperatuurimuutuste t\u00f5en\u00e4osus.<\/p>\n<p><img decoding=\"async\" src=\"https:\/\/blankpage.ee\/_ruumist-ruumi\/wp-content\/uploads\/2025\/04\/3-347.webp\" alt=\"Kuumaandur paigaldatuna lae alla\" \/><\/p>\n<h3>T\u00f5hus juhtmevaba \u00fchendus kogu kodus<\/h3>\n<p>Link+ Pro tehnoloogia abil saab \u00fchendada kuni 24 seadet \u00fchtsesse juhtmevabasse turvas\u00fcsteemi. Ohu korral aktiveeruvad k\u00f5ik v\u00f5rku \u00fchendatud kuumaandurid samaaegselt, tagades hoiatuse kogu hoones.<\/p>\n<p><img decoding=\"async\" src=\"https:\/\/blankpage.ee\/_ruumist-ruumi\/wp-content\/uploads\/2025\/04\/7-238.webp\" alt=\"Juhtmevaba kuumaanduri \u00fchendamise skeem\" \/><\/p>\n<h3>Kaks t\u00f6\u00f6re\u017eiimi \u2013 paindlik kasutus<\/h3>\n<p>Andurit saab kasutada kas iseseisva seadmena v\u00f5i \u00fchendada baasseadme kaudu, mis v\u00f5imaldab juhtimist nutirakenduse teel. Isegi iseseisvalt t\u00f6\u00f6tab kuumaandur pika, kuni 10-aastase liitiumakuga, mida vahetada ei ole vaja.<\/p>\n<p><img decoding=\"async\" src=\"https:\/\/blankpage.ee\/_ruumist-ruumi\/wp-content\/uploads\/2025\/04\/5-297.webp\" alt=\"Kuumaandur kinnitatult seinale\" \/><\/p>\n<h3>Kompaktne ja diskreetne disain<\/h3>\n<p>Kompaktsete m\u00f5\u00f5tmete ning neutraalse v\u00e4limusega juhtmevaba kuumaandur sobitub h\u00e4sti igasse interj\u00f6\u00f6ri. Seade on mugavalt ja kiiresti paigaldatav ega vaja erivarustust ega -oskusi.<\/p>\n<p><img decoding=\"async\" src=\"https:\/\/blankpage.ee\/_ruumist-ruumi\/wp-content\/uploads\/2025\/04\/1-365.webp\" alt=\"Kasutusvalmis kompaktne juhtmevaba kuumaandur\" \/><\/p>\n<h3>Tugev helisignaal ja automaatne enesekontroll<\/h3>\n<p>H\u00e4daolukorras k\u00f5lab seadme alarm v\u00e4hemalt 85 dB tugeva helisignaaliga, mis on selgesti kuuldav ka avaramates ruumides. Kuumaandur kontrollib regulaarselt iseenda t\u00f6\u00f6korda ning annab koheselt m\u00e4rku aku t\u00fchjenemisest v\u00f5i v\u00f5imalikust t\u00f5rkest \u2013 nii saad mured kiirelt lahendada.<\/p>\n<p><img decoding=\"async\" src=\"https:\/\/blankpage.ee\/_ruumist-ruumi\/wp-content\/uploads\/2025\/04\/6-274.webp\" alt=\"Juhtmevaba kuumaandur annab h\u00e4iresignaali\" \/><\/p>\n<h3>Komplektis:<\/h3>\n<ul>\n<li>Juhtmevaba kuumaandur<\/li>\n<li>Kinnitusplaat<\/li>\n<li>Kruvid (2 tk)<\/li>\n<li>T\u00fc\u00fcblid (2 tk)<\/li>\n<li>Kasutusjuhend<\/li>\n<\/ul>\n<div class=\"table-wrapper\">\n<table>\n<tbody>\n<tr>\n<th>Tootja<\/th>\n<td>X-Sense<\/td>\n<\/tr>\n<tr>\n<th>Mudel<\/th>\n<td>XH-2-M Link+ Pro<\/td>\n<\/tr>\n<tr>\n<th>Toiteallikas<\/th>\n<td>Ilma jaamata: 10-aastane kinnine liitiumaku (ei ole vahetatav); jaamaga \u00fchendatult: 7-aastane kinnine liitiumaku (ei ole vahetatav)<\/td>\n<\/tr>\n<tr>\n<th>Anduri t\u00fc\u00fcp<\/th>\n<td>NTC-termistor<\/td>\n<\/tr>\n<tr>\n<th>Kuumatundlikkus<\/th>\n<td>54\u201365\u202f\u00b0C<\/td>\n<\/tr>\n<tr>\n<th>Ohutusstandard<\/th>\n<td>BS 5446-2:2003<\/td>\n<\/tr>\n<tr>\n<th>T\u00f6\u00f6temperatuur<\/th>\n<td>4,4\u201337,8\u202f\u00b0C<\/td>\n<\/tr>\n<tr>\n<th>Sugulane \u00f5huniiskus<\/th>\n<td>kuni 85% (mittekondenseeruv)<\/td>\n<\/tr>\n<tr>\n<th>Alarmi helitugevus<\/th>\n<td>&ge; 85 dB 3 m kauguselt<\/td>\n<\/tr>\n<tr>\n<th>Vaigistamise kestus<\/th>\n<td>umbes 9 minutit<\/td>\n<\/tr>\n<tr>\n<th>T\u00f6\u00f6sagedus<\/th>\n<td>868 MHz<\/td>\n<\/tr>\n<tr>\n<th>Maksimaalne \u00fchendatavate seadmete arv<\/th>\n<td>24 (\u00fchilduv X-Sense Link+ Pro ja Link+ seadmetega)<\/td>\n<\/tr>\n<\/tbody>\n<\/table>\n<\/div>\n","protected":false},"excerpt":{"rendered":"<p>Juhtmevaba kuumaandur X-Sense XH-2-M Link+ Pro 10-aastase akuga Juhtmevaba kuumaandur tagab kiire ja usaldusv\u00e4\u00e4rse tuleohu tuvastamise sinu kodus. X-Sense XH-2-M Link+ Pro on varustatud tundliku A1-klassi NTC-termistoriga, mis j\u00e4lgib temperatuuri vahemikus 54\u201365\u202f\u00b0C ning aktiveerub koheselt, kui ruumis t\u00f5useb kuumus ohtliku tasemeni. T\u00e4nu spetsiifilisele t\u00f6\u00f6p\u00f5him\u00f5ttele sobib see kuumaandur ideaalselt sellistesse ruumidesse nagu k\u00f6\u00f6k v\u00f5i garaa\u017e, kus [&hellip;]<\/p>\n","protected":false},"featured_media":171954,"comment_status":"open","ping_status":"open","template":"","meta":[],"product_brand":[3066],"product_cat":[3042],"product_tag":[],"class_list":{"0":"post-171947","1":"product","2":"type-product","3":"status-publish","4":"has-post-thumbnail","6":"product_brand-x-sense","7":"product_cat-andurid","8":"product_shipping_class-innpro","10":"first","11":"instock","12":"sale","13":"taxable","14":"shipping-taxable","15":"purchasable","16":"product-type-simple"},"_links":{"self":[{"href":"https:\/\/blankpage.ee\/_ruumist-ruumi\/wp-json\/wp\/v2\/product\/171947","targetHints":{"allow":["GET"]}}],"collection":[{"href":"https:\/\/blankpage.ee\/_ruumist-ruumi\/wp-json\/wp\/v2\/product"}],"about":[{"href":"https:\/\/blankpage.ee\/_ruumist-ruumi\/wp-json\/wp\/v2\/types\/product"}],"replies":[{"embeddable":true,"href":"https:\/\/blankpage.ee\/_ruumist-ruumi\/wp-json\/wp\/v2\/comments?post=171947"}],"wp:featuredmedia":[{"embeddable":true,"href":"https:\/\/blankpage.ee\/_ruumist-ruumi\/wp-json\/wp\/v2\/media\/171954"}],"wp:attachment":[{"href":"https:\/\/blankpage.ee\/_ruumist-ruumi\/wp-json\/wp\/v2\/media?parent=171947"}],"wp:term":[{"taxonomy":"product_brand","embeddable":true,"href":"https:\/\/blankpage.ee\/_ruumist-ruumi\/wp-json\/wp\/v2\/product_brand?post=171947"},{"taxonomy":"product_cat","embeddable":true,"href":"https:\/\/blankpage.ee\/_ruumist-ruumi\/wp-json\/wp\/v2\/product_cat?post=171947"},{"taxonomy":"product_tag","embeddable":true,"href":"https:\/\/blankpage.ee\/_ruumist-ruumi\/wp-json\/wp\/v2\/product_tag?post=171947"}],"curies":[{"name":"wp","href":"https:\/\/api.w.org\/{rel}","templated":true}]}}