{"id":172022,"date":"2025-04-19T07:43:47","date_gmt":"2025-04-19T07:43:47","guid":{"rendered":"https:\/\/ruumistruumi.ee\/pood\/nutikas-oolamp-gosund-lb2s-rgbw-wifi-tuya-16-miljonit-varvi-api-juhtimine\/"},"modified":"2025-08-21T08:19:09","modified_gmt":"2025-08-21T08:19:09","slug":"nutikas-oolamp-gosund-lb2s-rgbw-wifi-tuya-16-miljonit-varvi-api-juhtimine","status":"publish","type":"product","link":"https:\/\/blankpage.ee\/_ruumist-ruumi\/pood\/nutikas-oolamp-gosund-lb2s-rgbw-wifi-tuya-16-miljonit-varvi-api-juhtimine\/","title":{"rendered":"Nutikas \u00f6\u00f6lamp Gosund LB2S, RGBW, WiFi, Tuya, 16 miljonit v\u00e4rvi, \u00e4pi juhtimine"},"content":{"rendered":"<h3>Nutikas \u00f6\u00f6lamp Gosund LB2S, RGBW, WiFi, Tuya, 16 miljonit v\u00e4rvi, \u00e4pi juhtimine<\/h3>\n<p><strong>Nutikas \u00f6\u00f6lamp<\/strong> Gosund LB2S on stiilne ja kaasaegne valgusti, mis sobib ideaalselt nii magamistuppa kui lastetuppa. Minimalistlik disain aitab lambil sulanduda igasse interj\u00f6\u00f6ri, pakkudes samal ajal laialdasi v\u00f5imalusi valguse reguleerimiseks vastavalt sinu soovile ja vajadusele.<\/p>\n<p>\n<img decoding=\"async\" src=\"https:\/\/blankpage.ee\/_ruumist-ruumi\/wp-content\/uploads\/2025\/04\/1-372.webp\" alt=\"Nutikas \u00f6\u00f6lamp Gosund LB2S valges valgusre\u017eiimis, asetatud voodi k\u00f5rval\" \/>\n<\/p>\n<h3>Valgustus 16 miljoni v\u00e4rviga<\/h3>\n<p>Vali \u00f6\u00f6lambi RGBW-paleti 16 miljoni v\u00e4rvitooni seast ning muuda oma magamis- v\u00f5i lastetoa \u00f5hkkonda. Nutikas \u00f6\u00f6lamp v\u00f5imaldab muuta valguse eredust ja v\u00e4rvust, olgu sul vaja pehmemat v\u00f5i kirkamat valgust erinevateks olukordadeks.<\/p>\n<p>\n<img decoding=\"async\" src=\"https:\/\/blankpage.ee\/_ruumist-ruumi\/wp-content\/uploads\/2025\/04\/7-243.webp\" alt=\"\u00d6\u00f6lamp RGB valgusega, erksad ja muudetavad v\u00e4rvid\" \/>\n<\/p>\n<h3>Mugav juhtimine \u00e4piga<\/h3>\n<p>Juhi valguse s\u00e4tteid h\u00f5lpsalt mobiilirakenduse abil \u2013 muuda heledust, vali soovitud v\u00e4rv v\u00f5i ajasta lamp automaatselt sisse ja v\u00e4lja l\u00fclituma. N\u00e4iteks on v\u00f5imalik kiirvalida sobiv valgustus lapse tuppa v\u00f5i seadistada \u00f6\u00f6lamp kustuma p\u00e4rast uinumist.<\/p>\n<p>\n<img decoding=\"async\" src=\"https:\/\/blankpage.ee\/_ruumist-ruumi\/wp-content\/uploads\/2025\/04\/3-352.webp\" alt=\"Nutika \u00f6\u00f6lambi juhtimine \u00e4piga nutitelefonis\" \/>\n<\/p>\n<h3>\u00dchenduvus Google Assistanti ja Alexa nutikoduga<\/h3>\n<p>T\u00e4nu Google Assistanti ja Alexa toe saab \u00f6\u00f6lampi juhtida ka h\u00e4\u00e4lk\u00e4sklustega ja siduda kodusesse nutis\u00fcsteemi. See nutikas \u00f6\u00f6lamp v\u00f5imaldab valguse mugavat kaugjuhtimist, ilma et peaksid l\u00fclitit puudutama.<\/p>\n<p>\n<img decoding=\"async\" src=\"https:\/\/blankpage.ee\/_ruumist-ruumi\/wp-content\/uploads\/2025\/04\/4-348.webp\" alt=\"Gosund LB2S \u00fchildumas Google Assistant ja Alexa s\u00fcsteemidega\" \/>\n<\/p>\n<div class=\"table-wrapper\">\n<h3>Tehnilised andmed<\/h3>\n<table>\n<tr>\n<th>Br\u00e4nd<\/th>\n<td>Gosund<\/td>\n<\/tr>\n<tr>\n<th>Mudel<\/th>\n<td>LB2S<\/td>\n<\/tr>\n<tr>\n<th>Sisend<\/th>\n<td>5V<\/td>\n<\/tr>\n<tr>\n<th>Voolutugevus<\/th>\n<td>1A<\/td>\n<\/tr>\n<tr>\n<th>Valguse v\u00e4rvid<\/th>\n<td>RGB + valge<\/td>\n<\/tr>\n<tr>\n<th>V\u00e4rvitemperatuur<\/th>\n<td>2700K<\/td>\n<\/tr>\n<tr>\n<th>V\u00e4rviedastustegur<\/th>\n<td>&ge;80Ra<\/td>\n<\/tr>\n<tr>\n<th>Valgustugevus<\/th>\n<td>50 lm<\/td>\n<\/tr>\n<tr>\n<th>\u00dchilduvus<\/th>\n<td>Amazon Alexa, Google Assistant<\/td>\n<\/tr>\n<tr>\n<th>Wi-Fi sagedus<\/th>\n<td>2,4 GHz<\/td>\n<\/tr>\n<tr>\n<th>Juhtimine<\/th>\n<td>\u00c4pi kaudu<\/td>\n<\/tr>\n<tr>\n<th>Rakendused<\/th>\n<td>Gosund, Smart Life (Tuya)<\/td>\n<\/tr>\n<\/table>\n<\/div>\n<p><strong>Nutikas \u00f6\u00f6lamp<\/strong> on suurep\u00e4rane valik igasse koju, pakkudes lihtsat ja mugavat valgustuse juhtimist ning hea integreeritavust erinevate nutikodu lahendustega.<\/p>\n","protected":false},"excerpt":{"rendered":"<p>Nutikas \u00f6\u00f6lamp Gosund LB2S, RGBW, WiFi, Tuya, 16 miljonit v\u00e4rvi, \u00e4pi juhtimine Nutikas \u00f6\u00f6lamp Gosund LB2S on stiilne ja kaasaegne valgusti, mis sobib ideaalselt nii magamistuppa kui lastetuppa. Minimalistlik disain aitab lambil sulanduda igasse interj\u00f6\u00f6ri, pakkudes samal ajal laialdasi v\u00f5imalusi valguse reguleerimiseks vastavalt sinu soovile ja vajadusele. Valgustus 16 miljoni v\u00e4rviga Vali \u00f6\u00f6lambi RGBW-paleti 16 [&hellip;]<\/p>\n","protected":false},"featured_media":172027,"comment_status":"open","ping_status":"open","template":"","meta":[],"product_brand":[2940],"product_cat":[3040],"product_tag":[],"class_list":{"0":"post-172022","1":"product","2":"type-product","3":"status-publish","4":"has-post-thumbnail","6":"product_brand-gosund","7":"product_cat-laua-ja-oolambid","8":"product_shipping_class-innpro","10":"first","11":"instock","12":"sale","13":"taxable","14":"shipping-taxable","15":"purchasable","16":"product-type-simple"},"_links":{"self":[{"href":"https:\/\/blankpage.ee\/_ruumist-ruumi\/wp-json\/wp\/v2\/product\/172022","targetHints":{"allow":["GET"]}}],"collection":[{"href":"https:\/\/blankpage.ee\/_ruumist-ruumi\/wp-json\/wp\/v2\/product"}],"about":[{"href":"https:\/\/blankpage.ee\/_ruumist-ruumi\/wp-json\/wp\/v2\/types\/product"}],"replies":[{"embeddable":true,"href":"https:\/\/blankpage.ee\/_ruumist-ruumi\/wp-json\/wp\/v2\/comments?post=172022"}],"wp:featuredmedia":[{"embeddable":true,"href":"https:\/\/blankpage.ee\/_ruumist-ruumi\/wp-json\/wp\/v2\/media\/172027"}],"wp:attachment":[{"href":"https:\/\/blankpage.ee\/_ruumist-ruumi\/wp-json\/wp\/v2\/media?parent=172022"}],"wp:term":[{"taxonomy":"product_brand","embeddable":true,"href":"https:\/\/blankpage.ee\/_ruumist-ruumi\/wp-json\/wp\/v2\/product_brand?post=172022"},{"taxonomy":"product_cat","embeddable":true,"href":"https:\/\/blankpage.ee\/_ruumist-ruumi\/wp-json\/wp\/v2\/product_cat?post=172022"},{"taxonomy":"product_tag","embeddable":true,"href":"https:\/\/blankpage.ee\/_ruumist-ruumi\/wp-json\/wp\/v2\/product_tag?post=172022"}],"curies":[{"name":"wp","href":"https:\/\/api.w.org\/{rel}","templated":true}]}}