{"id":172069,"date":"2025-04-19T07:47:28","date_gmt":"2025-04-19T07:47:28","guid":{"rendered":"https:\/\/ruumistruumi.ee\/pood\/nutikas-releemoodul-shelly-2pm-gen3-2-kanaliline-wi-fi-bluetooth-energiatarbimise-mootmisega\/"},"modified":"2025-08-21T08:19:08","modified_gmt":"2025-08-21T08:19:08","slug":"nutikas-releemoodul-shelly-2pm-gen3-2-kanaliline-wi-fi-bluetooth-energiatarbimise-mootmisega","status":"publish","type":"product","link":"https:\/\/blankpage.ee\/_ruumist-ruumi\/pood\/nutikas-releemoodul-shelly-2pm-gen3-2-kanaliline-wi-fi-bluetooth-energiatarbimise-mootmisega\/","title":{"rendered":"Nutikas releemoodul Shelly 2PM Gen3, 2-kanaliline, Wi-Fi\/Bluetooth, energiatarbimise m\u00f5\u00f5tmisega"},"content":{"rendered":"<h3>Nutikas releemoodul Shelly 2PM Gen3, Wi-Fi\/Bluetooth, energiatarbimise m\u00f5\u00f5tmisega<\/h3>\n<p><img decoding=\"async\" src=\"https:\/\/blankpage.ee\/_ruumist-ruumi\/wp-content\/uploads\/2025\/04\/1-377.webp\" alt=\"nutikas releemoodul Shelly 2PM Gen3 l\u00e4hivaates\"\/><\/p>\n<p><strong>Nutikas releemoodul<\/strong> Shelly 2PM Gen3 v\u00f5imaldab sul juhtida kahte erinevat elektriahelat v\u00f5i kaheteljelisi seadmeid (n\u00e4iteks mootori-, kardina- ja markiisijuhtimine) kaugjuhtimise teel ning j\u00e4lgida iga kanali energiatarbimist reaalajas. T\u00e4nu kompaktsele disainile sobib see ideaalselt paigaldamiseks standardsesse s\u00fcviskarpi v\u00f5i seinal\u00fcliti taha, mist\u00f5ttu sobib see h\u00e4sti ka piiratud ruumiga tingimustesse.<\/p>\n<h3>Kahekanaliline juhtimine ja energiatarbimise m\u00f5\u00f5tmine<\/h3>\n<p>Kaks s\u00f5ltumatut kanalit v\u00f5imaldavad valgustust, mootoreid v\u00f5i muid elektriseadmeid eraldi juhtida ning energiatarvet h\u00f5lpsalt m\u00f5\u00f5ta. See aitab optimeerida seadmete kasutust ja hallata energiakulu.<br \/>\n<img decoding=\"async\" src=\"https:\/\/blankpage.ee\/_ruumist-ruumi\/wp-content\/uploads\/2025\/04\/2-377.webp\" alt=\"energiatarbimise m\u00f5\u00f5tmise skeem nutikal releemoodulil\"\/><\/p>\n<h3>T\u00e4ielik kontroll kodu seadmete \u00fcle<\/h3>\n<p>Nutikas releemoodul v\u00f5imaldab sul automaatselt juhtida n\u00e4iteks aknakatteid, kardinaid, liuguksi v\u00f5i muid kahesuunalisi mootoreid, sealhulgas lamellide nurga reguleerimist, et ruumis oleks sinu jaoks alati sobiv valgus.<br \/>\n<img decoding=\"async\" src=\"https:\/\/blankpage.ee\/_ruumist-ruumi\/wp-content\/uploads\/2025\/04\/4-350.webp\" alt=\"nutika releemooduli automaatjuhtimise v\u00f5imalused aknakatetele\"\/><\/p>\n<h3>Kaasaegne tehnoloogia ja k\u00f5rge j\u00f5udlus<\/h3>\n<p>Seadmes on v\u00f5imas ESP-Shelly-C38F protsessor ja 8 MB v\u00e4lkm\u00e4lu, mis tagavad sujuva t\u00f6\u00f6 ja stabiilsuse ka n\u00f5udlikes tingimustes.<br \/>\n<img decoding=\"async\" src=\"https:\/\/blankpage.ee\/_ruumist-ruumi\/wp-content\/uploads\/2025\/04\/3-357.webp\" alt=\"releemooduli protsessor ja m\u00e4lumaht\"\/><\/p>\n<h3>Paindlik automaatika ning skriptimise tugi<\/h3>\n<p>Nutikas releemoodul toetab keerukaid automaatikalahendusi, sealhulgas skriptimist, WebSocket\u2019i, HTTPS-i, UDP ja TLS protokolle ning kohandatud sertifikaate. Webhookide abil saab seadistada kuni 20 automaatset s\u00fcndmust, iga\u00fchele kuni 5 URL-i, mis v\u00f5imaldab seadmeid t\u00e4pselt juhtida.<br \/>\n<img decoding=\"async\" src=\"https:\/\/blankpage.ee\/_ruumist-ruumi\/wp-content\/uploads\/2025\/04\/5-305.webp\" alt=\"releemooduli automaatikaseadistused ja webhookid\"\/><\/p>\n<h3>Wi-Fi ja Bluetooth \u00fchenduvus \u2013 laiem haare kodus<\/h3>\n<p>Toode toetab nii Wi-Fi kui ka Bluetooth \u00fchendust ning toimib ka Wi-Fi signaali laiendajana ja Bluetooth gateway\u2019na, mis teeb selle sobivaks ka suurematesse kodudesse. \u00dchilduvus KNXnet\/IP protokolliga v\u00f5imaldab laiendada nutikodu \u00f6kos\u00fcsteemi.<br \/>\n<img decoding=\"async\" src=\"https:\/\/blankpage.ee\/_ruumist-ruumi\/wp-content\/uploads\/2025\/04\/6-278.webp\" alt=\"nutika releemooduli Wi-Fi ja Bluetooth \u00fchenduvus\"\/><\/p>\n<h3>Turvaline ja t\u00f6\u00f6kindel kasutamine<\/h3>\n<p>Seade on varustatud \u00fclekuumenemis-, \u00fclepinge-, \u00fclekoormuse- ja liigv\u00f5imsuse kaitsega. Automaatjuhtimise re\u017eiimis tuvastab v\u00f5imalikke takistusi ning peatab liikumise, et v\u00e4ltida kahjustusi.<br \/>\n<img decoding=\"async\" src=\"https:\/\/blankpage.ee\/_ruumist-ruumi\/wp-content\/uploads\/2025\/04\/7-246.webp\" alt=\"releemooduli turvafunktsioonid ja kaitsemeetmed\"\/><\/p>\n<h3>Tehnilised andmed<\/h3>\n<table>\n<tr>\n<th>Tootja<\/th>\n<td>Shelly<\/td>\n<\/tr>\n<tr>\n<th>M\u00f5\u00f5dud<\/th>\n<td>37 x 42 x 16 mm<\/td>\n<\/tr>\n<tr>\n<th>Kaal<\/th>\n<td>30 g<\/td>\n<\/tr>\n<tr>\n<th>Toiteallikas<\/th>\n<td>110-240V~ \/ 24 V\u2393 \u00b110%<\/td>\n<\/tr>\n<tr>\n<th>Maksimaalne l\u00fclitusvool<\/th>\n<td>16A (240V~) \/ 10A (30V\u2393)<\/td>\n<\/tr>\n<tr>\n<th>Wi-Fi protokoll<\/th>\n<td>802.11 b\/g\/n (kuni 50 m v\u00e4ljas \/ 30 m siseruumis)<\/td>\n<\/tr>\n<tr>\n<th>Bluetooth protokoll<\/th>\n<td>4.2 (kuni 30 m v\u00e4ljas \/ 10 m siseruumis)<\/td>\n<\/tr>\n<tr>\n<th>T\u00f6\u00f6temperatuur<\/th>\n<td>-20\u00b0C kuni 40\u00b0C<\/td>\n<\/tr>\n<\/table>\n","protected":false},"excerpt":{"rendered":"<p>Nutikas releemoodul Shelly 2PM Gen3, Wi-Fi\/Bluetooth, energiatarbimise m\u00f5\u00f5tmisega Nutikas releemoodul Shelly 2PM Gen3 v\u00f5imaldab sul juhtida kahte erinevat elektriahelat v\u00f5i kaheteljelisi seadmeid (n\u00e4iteks mootori-, kardina- ja markiisijuhtimine) kaugjuhtimise teel ning j\u00e4lgida iga kanali energiatarbimist reaalajas. T\u00e4nu kompaktsele disainile sobib see ideaalselt paigaldamiseks standardsesse s\u00fcviskarpi v\u00f5i seinal\u00fcliti taha, mist\u00f5ttu sobib see h\u00e4sti ka piiratud ruumiga tingimustesse. [&hellip;]<\/p>\n","protected":false},"featured_media":172077,"comment_status":"open","ping_status":"open","template":"","meta":[],"product_brand":[3069],"product_cat":[3043],"product_tag":[],"class_list":{"0":"post-172069","1":"product","2":"type-product","3":"status-publish","4":"has-post-thumbnail","6":"product_brand-shelly","7":"product_cat-nutikontrollerid","8":"product_shipping_class-innpro","10":"first","11":"instock","12":"sale","13":"taxable","14":"shipping-taxable","15":"purchasable","16":"product-type-simple"},"_links":{"self":[{"href":"https:\/\/blankpage.ee\/_ruumist-ruumi\/wp-json\/wp\/v2\/product\/172069","targetHints":{"allow":["GET"]}}],"collection":[{"href":"https:\/\/blankpage.ee\/_ruumist-ruumi\/wp-json\/wp\/v2\/product"}],"about":[{"href":"https:\/\/blankpage.ee\/_ruumist-ruumi\/wp-json\/wp\/v2\/types\/product"}],"replies":[{"embeddable":true,"href":"https:\/\/blankpage.ee\/_ruumist-ruumi\/wp-json\/wp\/v2\/comments?post=172069"}],"wp:featuredmedia":[{"embeddable":true,"href":"https:\/\/blankpage.ee\/_ruumist-ruumi\/wp-json\/wp\/v2\/media\/172077"}],"wp:attachment":[{"href":"https:\/\/blankpage.ee\/_ruumist-ruumi\/wp-json\/wp\/v2\/media?parent=172069"}],"wp:term":[{"taxonomy":"product_brand","embeddable":true,"href":"https:\/\/blankpage.ee\/_ruumist-ruumi\/wp-json\/wp\/v2\/product_brand?post=172069"},{"taxonomy":"product_cat","embeddable":true,"href":"https:\/\/blankpage.ee\/_ruumist-ruumi\/wp-json\/wp\/v2\/product_cat?post=172069"},{"taxonomy":"product_tag","embeddable":true,"href":"https:\/\/blankpage.ee\/_ruumist-ruumi\/wp-json\/wp\/v2\/product_tag?post=172069"}],"curies":[{"name":"wp","href":"https:\/\/api.w.org\/{rel}","templated":true}]}}