{"id":172078,"date":"2025-04-19T07:47:28","date_gmt":"2025-04-19T07:47:28","guid":{"rendered":"https:\/\/ruumistruumi.ee\/pood\/nutikas-niiskusandur-ja-temperatuuriandur-meross-ms100fhhk-homekit-paikeseenergia-hub-komplektis\/"},"modified":"2025-08-21T08:19:08","modified_gmt":"2025-08-21T08:19:08","slug":"nutikas-niiskusandur-ja-temperatuuriandur-meross-ms100fhhk-homekit-paikeseenergia-hub-komplektis","status":"publish","type":"product","link":"https:\/\/blankpage.ee\/_ruumist-ruumi\/pood\/nutikas-niiskusandur-ja-temperatuuriandur-meross-ms100fhhk-homekit-paikeseenergia-hub-komplektis\/","title":{"rendered":"Nutikas niiskusandur ja temperatuuriandur Meross MS100FHHK (HomeKit, p\u00e4ikeseenergia, hub komplektis)"},"content":{"rendered":"<h3>Nutikas niiskusandur ja temperatuuriandur Meross MS100FHHK (HomeKit, p\u00e4ikeseenergia, hub komplektis)<\/h3>\n<p>Nutikas niiskusandur Meross MS100FHHK v\u00f5imaldab t\u00e4pselt j\u00e4lgida ruumiolusid ning integreerub h\u00f5lpsasti populaarsete nutikodu platvormidega nagu Apple HomeKit, Amazon Alexa, Google Assistant ja SmartThings. Lai \u00fchilduvus muudab selle seadme sobivaks igasse nutikodusse ning v\u00f5imaldab mugavalt j\u00e4lgida ja juhtida tingimusi erinevates ruumides. Kogutud m\u00f5\u00f5teandmeid saab arhiveerida kuni kahe aasta v\u00e4ltel ning vajadusel eksportida, et j\u00e4lgida temperatuuride ja niiskuse muutumise ajalugu.<\/p>\n<p><img decoding=\"async\" src=\"https:\/\/blankpage.ee\/_ruumist-ruumi\/wp-content\/uploads\/2025\/04\/3-358.webp\" alt=\"Nutikas niiskusandur Meross MS100FHHK valge korpusega ruumis\" \/><\/p>\n<h3>Nutikas juhtimine Meross hubi abil<\/h3>\n<p>Komplektis olev nutikas hub v\u00f5imaldab \u00fchendada anduri k\u00f5igi teiste Meross seadmetega ning automatiseerida v\u00f5i keskelt hallata koduseid nutiseadmeid. Hub toimib suhtluspunktina, v\u00f5imaldades seadmeid korraga hallata ning rakendada automaatseid stsenaariume kodu mugavuse ja energia kokkuhoiu nimel.<\/p>\n<p><img decoding=\"async\" src=\"https:\/\/blankpage.ee\/_ruumist-ruumi\/wp-content\/uploads\/2025\/04\/7-247.webp\" alt=\"Meross nutihub pakendis nutika temperatuuri- ja niiskusanduriga\" \/><\/p>\n<h3>Energias\u00e4\u00e4stlik p\u00e4ikeseenergia lahendus<\/h3>\n<p>Andur kasutab energias\u00e4\u00e4stlikku p\u00e4ikeseenergiat \u2013 piisava valgustugevusega (v\u00e4hemalt 150 luksi) toimib seade p\u00e4ikesetoitel, mis s\u00e4\u00e4stab patareide ressurssi ning v\u00e4hendab hooldusvajadust. T\u00e4nu sellele sobib see niiskusandur ka kohtadesse, kus akuvahetus on ebamugav.<\/p>\n<p><img decoding=\"async\" src=\"https:\/\/blankpage.ee\/_ruumist-ruumi\/wp-content\/uploads\/2025\/04\/1-378.webp\" alt=\"P\u00e4ikeseenergiat kasutav nutikas niiskusandur\" \/><\/p>\n<h3>Kaugj\u00e4lgimine ja teavitused igal ajal<\/h3>\n<p>Meross rakenduse kaudu saab ruumi temperatuuri ja niiskust igal ajal distantsilt j\u00e4lgida ning saada reaalajas teavitusi, kui m\u00f5\u00f5tev\u00e4\u00e4rtused \u00fcletavad seatud piirid. Praktiline lahendus n\u00e4iteks lastetoas, keldris, k\u00fclmkapis v\u00f5i garaa\u017eis kasutamiseks, kus ruumikliima on oluline.<\/p>\n<p><img decoding=\"async\" src=\"https:\/\/blankpage.ee\/_ruumist-ruumi\/wp-content\/uploads\/2025\/04\/2-378.webp\" alt=\"Temperatuuri ja niiskuse reaalajas j\u00e4lgimine Meross nutirakenduses\" \/><\/p>\n<h3>T\u00e4ppism\u00f5\u00f5tmine ja kiire reageerimine<\/h3>\n<p>Anduri s\u00fcdames on \u0160veitsi p\u00e4ritolu andur (4. p\u00f5lvkond), mis v\u00f5imaldab v\u00e4ga t\u00e4pseid m\u00f5\u00f5tmistulemusi ning reageerib kiiresti ka v\u00e4ikeste muutuste korral. Seega sobib nutikas niiskusandur ideaalselt kasutamiseks kohtades, kus olude kontroll on \u00fclioluline \u2013 n\u00e4iteks toiduainete, ravimite v\u00f5i muude tundlike esemete hoiustamisel.<\/p>\n<p><img decoding=\"async\" src=\"https:\/\/blankpage.ee\/_ruumist-ruumi\/wp-content\/uploads\/2025\/04\/4-351.webp\" alt=\"T\u00e4pne Meross MS100FHHK temperatuuri ja \u00f5huniiskuse m\u00f5\u00f5tmine\" \/><\/p>\n<h3>Automaatika ja energiakasutuse optimeerimine<\/h3>\n<p>Anduri saab siduda teiste Meross seadmetega, et automaatselt l\u00fclitada sisse v\u00f5i v\u00e4lja nutipistikuid, valgustust v\u00f5i l\u00fcliteid vastavalt seatud tingimustele. T\u00e4nu sellele on v\u00f5imalik optimeerida kodu energiatarbimist ning tagada mugavad tingimused automaatselt. Sobib suurep\u00e4raselt nutikodu keskseks niiskusanduriks v\u00f5i temperatuuri j\u00e4lgimiseks mitmes ruumis korraga.<\/p>\n<p><img decoding=\"async\" src=\"https:\/\/blankpage.ee\/_ruumist-ruumi\/wp-content\/uploads\/2025\/04\/6-279.webp\" alt=\"Kodutehnika automaatika nutika niiskusanduriga\" \/><\/p>\n<h3>Tehnilised andmed<\/h3>\n<table>\n<tr>\n<th>Tootja<\/th>\n<td>Meross<\/td>\n<\/tr>\n<tr>\n<th>Mudel<\/th>\n<td>MS100FHHK<\/td>\n<\/tr>\n<tr>\n<th>Temperatuurivahemik<\/th>\n<td>-10\u2103 kuni +50\u2103 (t\u00e4psus \u00b11\u00b0C vahemikus 0\u201340\u00b0C, \u00b12\u00b0C v\u00e4ljaspool seda)<\/td>\n<\/tr>\n<tr>\n<th>Temperatuurim\u00f5\u00f5tmise t\u00e4psus<\/th>\n<td>0,3\u2103<\/td>\n<\/tr>\n<tr>\n<th>\u00d5huniiskuse vahemik<\/th>\n<td>0\u201395% (t\u00e4psus \u00b15% vahemikus 50\u201380% suhtelist niiskust, \u00b110% v\u00e4ljaspool seda)<\/td>\n<\/tr>\n<tr>\n<th>Patarei<\/th>\n<td>CR2477<\/td>\n<\/tr>\n<tr>\n<th>P\u00e4ikeseenergia<\/th>\n<td>Aktiivne, kui valgustugevus \u2265150 luksi<\/td>\n<\/tr>\n<tr>\n<th>Toitepinge<\/th>\n<td>Andur: 2,6\u20133,6 V; hub: 5 V\/1 A<\/td>\n<\/tr>\n<tr>\n<th>M\u00f5\u00f5tmed<\/th>\n<td>Andur: 56 \u00d7 56 \u00d7 18 mm; hub: 59 \u00d7 41 \u00d7 21 mm<\/td>\n<\/tr>\n<tr>\n<th>Kaal<\/th>\n<td>Andur: 40 g; hub: 25 g<\/td>\n<\/tr>\n<tr>\n<th>Juhtmevaba standard<\/th>\n<td>Andur: 433 MHz; hub: 802.11 b\/g\/n 2,4 GHz Wi-Fi<\/td>\n<\/tr>\n<tr>\n<th>Sertifikaadid<\/th>\n<td>FCC, IC, CE, RoHS, WEEE<\/td>\n<\/tr>\n<tr>\n<th>S\u00fcsteemin\u00f5uded<\/th>\n<td>iOS 13+ v\u00f5i Android 6.0+ nutitelefon (hubi kasutamiseks)<\/td>\n<\/tr>\n<tr>\n<th>S\u00e4ilitustemperatuur<\/th>\n<td>-40\u00b0C kuni +70\u00b0C<\/td>\n<\/tr>\n<\/table>\n<h3>Komplektis<\/h3>\n<ul>\n<li>nutikas hub<\/li>\n<li>USB-kaabel<\/li>\n<li>toiteadapter<\/li>\n<li>kasutusjuhend<\/li>\n<\/ul>\n","protected":false},"excerpt":{"rendered":"<p>Nutikas niiskusandur ja temperatuuriandur Meross MS100FHHK (HomeKit, p\u00e4ikeseenergia, hub komplektis) Nutikas niiskusandur Meross MS100FHHK v\u00f5imaldab t\u00e4pselt j\u00e4lgida ruumiolusid ning integreerub h\u00f5lpsasti populaarsete nutikodu platvormidega nagu Apple HomeKit, Amazon Alexa, Google Assistant ja SmartThings. Lai \u00fchilduvus muudab selle seadme sobivaks igasse nutikodusse ning v\u00f5imaldab mugavalt j\u00e4lgida ja juhtida tingimusi erinevates ruumides. Kogutud m\u00f5\u00f5teandmeid saab arhiveerida kuni [&hellip;]<\/p>\n","protected":false},"featured_media":172085,"comment_status":"open","ping_status":"open","template":"","meta":[],"product_brand":[3050],"product_cat":[3042],"product_tag":[],"class_list":{"0":"post-172078","1":"product","2":"type-product","3":"status-publish","4":"has-post-thumbnail","6":"product_brand-meross","7":"product_cat-andurid","8":"product_shipping_class-innpro","10":"first","11":"instock","12":"sale","13":"taxable","14":"shipping-taxable","15":"purchasable","16":"product-type-simple"},"_links":{"self":[{"href":"https:\/\/blankpage.ee\/_ruumist-ruumi\/wp-json\/wp\/v2\/product\/172078","targetHints":{"allow":["GET"]}}],"collection":[{"href":"https:\/\/blankpage.ee\/_ruumist-ruumi\/wp-json\/wp\/v2\/product"}],"about":[{"href":"https:\/\/blankpage.ee\/_ruumist-ruumi\/wp-json\/wp\/v2\/types\/product"}],"replies":[{"embeddable":true,"href":"https:\/\/blankpage.ee\/_ruumist-ruumi\/wp-json\/wp\/v2\/comments?post=172078"}],"wp:featuredmedia":[{"embeddable":true,"href":"https:\/\/blankpage.ee\/_ruumist-ruumi\/wp-json\/wp\/v2\/media\/172085"}],"wp:attachment":[{"href":"https:\/\/blankpage.ee\/_ruumist-ruumi\/wp-json\/wp\/v2\/media?parent=172078"}],"wp:term":[{"taxonomy":"product_brand","embeddable":true,"href":"https:\/\/blankpage.ee\/_ruumist-ruumi\/wp-json\/wp\/v2\/product_brand?post=172078"},{"taxonomy":"product_cat","embeddable":true,"href":"https:\/\/blankpage.ee\/_ruumist-ruumi\/wp-json\/wp\/v2\/product_cat?post=172078"},{"taxonomy":"product_tag","embeddable":true,"href":"https:\/\/blankpage.ee\/_ruumist-ruumi\/wp-json\/wp\/v2\/product_tag?post=172078"}],"curies":[{"name":"wp","href":"https:\/\/api.w.org\/{rel}","templated":true}]}}