{"id":172087,"date":"2025-04-19T07:47:28","date_gmt":"2025-04-19T07:47:28","guid":{"rendered":"https:\/\/ruumistruumi.ee\/pood\/valikasutuse-turvakaamera-baseus-b1-2k-oonagemine-wi-fi-mikrofon\/"},"modified":"2025-08-21T08:19:08","modified_gmt":"2025-08-21T08:19:08","slug":"valikasutuse-turvakaamera-baseus-b1-2k-oonagemine-wi-fi-mikrofon","status":"publish","type":"product","link":"https:\/\/blankpage.ee\/_ruumist-ruumi\/pood\/valikasutuse-turvakaamera-baseus-b1-2k-oonagemine-wi-fi-mikrofon\/","title":{"rendered":"V\u00e4likasutuse turvakaamera Baseus B1 2K (\u00f6\u00f6n\u00e4gemine, Wi-Fi, mikrofon)"},"content":{"rendered":"<h3>V\u00e4likasutuse turvakaamera Baseus B1 2K (valge)<\/h3>\n<p>Baseus B1 2K v\u00e4likasutuse turvakaamera on t\u00f6\u00f6kindel ja kaasaegne lahendus Sinu kodu v\u00f5i ettev\u00f5tte kaitseks. Kaamera silmapaistvad omadused on 2K HD pildikvaliteet, nutikas liikumis- ja inimeste tuvastus, \u00f6\u00f6n\u00e4gemine ning mugav juhtimine nii mobiilirakenduse kui ka Alexa ja Google Home&#8217;i h\u00e4\u00e4lassistentide abil. T\u00e4nu sellele saad olla kursis k\u00f5ige olulisemaga, mis toimub Sinu kinnistul.<\/p>\n<p><img decoding=\"async\" src=\"https:\/\/blankpage.ee\/_ruumist-ruumi\/wp-content\/uploads\/2025\/04\/2-379.webp\" alt=\"v\u00e4likasutuse turvakaamera Baseus B1 k\u00fclgvaade valgena\" \/><\/p>\n<h3>Terav 2K pilt igal ajal<\/h3>\n<p>Kaamera salvestab detailset 2304 x 1296 resolutsiooniga videot, mis v\u00f5imaldab h\u00e4sti eristada k\u00f5ik vajalikud detailid nii p\u00e4eval kui ka \u00f6\u00f6sel. Sisseehitatud infrapuna-LED-id tagavad laitmatu \u00f6\u00f6n\u00e4gemise ning j\u00e4tkuva j\u00e4relvalve igas valguses.<\/p>\n<p><img decoding=\"async\" src=\"https:\/\/blankpage.ee\/_ruumist-ruumi\/wp-content\/uploads\/2025\/04\/6-280.webp\" alt=\"turvakaamera \u00f6\u00f6n\u00e4gemise re\u017eiim n\u00e4itab selget pilti ka pimedas\" \/><\/p>\n<h3>Nutikas j\u00e4lgimine ja automaatne tuvastus<\/h3>\n<p>Baseus B1 2K on varustatud 8\u00d7 digitaalse suumi ning AI-p\u00f5hise liikumise ja inimeste tuvastamisega, mis saadab Sulle teavituse iga kahtlase tegevuse puhul. Kaamera p\u00f6\u00f6ratavus 360\u00b0 ja kalletavus 90\u00b0 pakuvad paindlikku j\u00e4lgimisulatust ning v\u00f5imaldavad alati j\u00e4lgida just soovitud piirkonda. S\u00fcnon\u00fc\u00fcmina: valvekaamera j\u00e4lgimine on eriti lihtne t\u00e4nu nutikale funktsioonile.<\/p>\n<p><img decoding=\"async\" src=\"https:\/\/blankpage.ee\/_ruumist-ruumi\/wp-content\/uploads\/2025\/04\/5-306.webp\" alt=\"nutikas j\u00e4lgimisfunktsioon turvakaameras toob esile liikumise tuvastuse\" \/><\/p>\n<h3>Pidev salvestus ja turvaline andmekaitse<\/h3>\n<p>Kaamera toetab \u00f6\u00f6p\u00e4evaringset videosalvestust ning v\u00f5imaldab kasutada kuni 256 GB mahuga MicroSD-kaarti (mahutab kuni 25 p\u00e4eva salvestusi j\u00e4rjest). WPA2 kr\u00fcpteering kaitseb Sinu salvestisi ja kindlustab, et andmetele p\u00e4\u00e4seb ligi ainult omanik.<\/p>\n<p><img decoding=\"async\" src=\"https:\/\/blankpage.ee\/_ruumist-ruumi\/wp-content\/uploads\/2025\/04\/3-359.webp\" alt=\"Baseus B1 v\u00e4likasutuse turvakaamera salvestusv\u00f5imalused ja turvalisus\" \/><\/p>\n<h3>Kasutusmugavus ja kahepoolne heliedastus<\/h3>\n<p>Baseus B1 2K paigaldus on lihtne ning kaamera t\u00f6\u00f6tab sujuvalt Alexa ja Google Home&#8217;iga. Kahepoolne heli v\u00f5imaldab reaalajas suhelda \u2013 olgu selleks pere, k\u00fclalised v\u00f5i kuller.<\/p>\n<p><img decoding=\"async\" src=\"https:\/\/blankpage.ee\/_ruumist-ruumi\/wp-content\/uploads\/2025\/04\/4-352.webp\" alt=\"kahepoolne helisuhtlus Baseus valvekaameras\" \/><\/p>\n<h3>Minimalistlik disain ja paindlik paigaldus<\/h3>\n<p>Kaamera kompaktne disain sobitub erinevatesse keskkondadesse. Paigaldamine on kiire ja vajadusel saad kaamerat h\u00f5lpsalt p\u00f6\u00f6rata v\u00f5i kallutada, et tagada optimaalne vaatev\u00e4li.<\/p>\n<p><img decoding=\"async\" src=\"https:\/\/blankpage.ee\/_ruumist-ruumi\/wp-content\/uploads\/2025\/04\/9-100.webp\" alt=\"turvakaamera erinevad paigaldusv\u00f5imalused\" \/><\/p>\n<h3>Komplektis<\/h3>\n<ul>\n<li>Kaamera<\/li>\n<li>Laadimiskaabel<\/li>\n<li>Adapter<\/li>\n<li>Kinnitusjalg<\/li>\n<li>2 kruvi<\/li>\n<li>2 t\u00fc\u00fcblit<\/li>\n<\/ul>\n<h3>Tehnilised andmed<\/h3>\n<table>\n<tr>\n<th>Tootja<\/th>\n<td>Baseus<\/td>\n<\/tr>\n<tr>\n<th>Mudel<\/th>\n<td>B1 2K<\/td>\n<\/tr>\n<tr>\n<th>V\u00e4rv<\/th>\n<td>valge<\/td>\n<\/tr>\n<tr>\n<th>M\u00f5\u00f5dud<\/th>\n<td>75 \u00d7 121 mm (kaamera), 75 \u00d7 75 mm (kinnitus)<\/td>\n<\/tr>\n<tr>\n<th>Toiteallikas<\/th>\n<td>5V\/1A<\/td>\n<\/tr>\n<tr>\n<th>Salvestusresolutsioon<\/th>\n<td>2304 \u00d7 1296 (2K HD)<\/td>\n<\/tr>\n<tr>\n<th>\u00d6\u00f6re\u017eiim<\/th>\n<td>Jah<\/td>\n<\/tr>\n<tr>\n<th>P\u00f6\u00f6ratavus<\/th>\n<td>360\u00b0 p\u00f6\u00f6ramine, 90\u00b0 kalletamine<\/td>\n<\/tr>\n<tr>\n<th>Digitaalne suum<\/th>\n<td>8x<\/td>\n<\/tr>\n<tr>\n<th>H\u00e4\u00e4lassistentide tugi<\/th>\n<td>Alexa, Google Home<\/td>\n<\/tr>\n<tr>\n<th>M\u00e4lu<\/th>\n<td>MicroSD kuni 256GB<\/td>\n<\/tr>\n<tr>\n<th>T\u00f6\u00f6temperatuur<\/th>\n<td>-10\u00b0C kuni 40\u00b0C<\/td>\n<\/tr>\n<tr>\n<th>Wi-Fi sagedus<\/th>\n<td>2,4 GHz<\/td>\n<\/tr>\n<tr>\n<th>Turvalisus<\/th>\n<td>WPA2<\/td>\n<\/tr>\n<\/table>\n<p>Kui vajad usaldusv\u00e4\u00e4rset ja k\u00f5rgetasemelist lahendust, siis Baseus B1 2K v\u00e4likasutuse turvakaamera on ideaalne valik Sinu kodu v\u00f5i kontori turvamiseks.<\/p>\n","protected":false},"excerpt":{"rendered":"<p>V\u00e4likasutuse turvakaamera Baseus B1 2K (valge) Baseus B1 2K v\u00e4likasutuse turvakaamera on t\u00f6\u00f6kindel ja kaasaegne lahendus Sinu kodu v\u00f5i ettev\u00f5tte kaitseks. Kaamera silmapaistvad omadused on 2K HD pildikvaliteet, nutikas liikumis- ja inimeste tuvastus, \u00f6\u00f6n\u00e4gemine ning mugav juhtimine nii mobiilirakenduse kui ka Alexa ja Google Home&#8217;i h\u00e4\u00e4lassistentide abil. T\u00e4nu sellele saad olla kursis k\u00f5ige olulisemaga, mis [&hellip;]<\/p>\n","protected":false},"featured_media":172094,"comment_status":"open","ping_status":"open","template":"","meta":[],"product_brand":[2876],"product_cat":[3056],"product_tag":[],"class_list":{"0":"post-172087","1":"product","2":"type-product","3":"status-publish","4":"has-post-thumbnail","6":"product_brand-baseus","7":"product_cat-ip-kaamerad","8":"product_shipping_class-innpro","10":"first","11":"instock","12":"sale","13":"taxable","14":"shipping-taxable","15":"purchasable","16":"product-type-simple"},"_links":{"self":[{"href":"https:\/\/blankpage.ee\/_ruumist-ruumi\/wp-json\/wp\/v2\/product\/172087","targetHints":{"allow":["GET"]}}],"collection":[{"href":"https:\/\/blankpage.ee\/_ruumist-ruumi\/wp-json\/wp\/v2\/product"}],"about":[{"href":"https:\/\/blankpage.ee\/_ruumist-ruumi\/wp-json\/wp\/v2\/types\/product"}],"replies":[{"embeddable":true,"href":"https:\/\/blankpage.ee\/_ruumist-ruumi\/wp-json\/wp\/v2\/comments?post=172087"}],"wp:featuredmedia":[{"embeddable":true,"href":"https:\/\/blankpage.ee\/_ruumist-ruumi\/wp-json\/wp\/v2\/media\/172094"}],"wp:attachment":[{"href":"https:\/\/blankpage.ee\/_ruumist-ruumi\/wp-json\/wp\/v2\/media?parent=172087"}],"wp:term":[{"taxonomy":"product_brand","embeddable":true,"href":"https:\/\/blankpage.ee\/_ruumist-ruumi\/wp-json\/wp\/v2\/product_brand?post=172087"},{"taxonomy":"product_cat","embeddable":true,"href":"https:\/\/blankpage.ee\/_ruumist-ruumi\/wp-json\/wp\/v2\/product_cat?post=172087"},{"taxonomy":"product_tag","embeddable":true,"href":"https:\/\/blankpage.ee\/_ruumist-ruumi\/wp-json\/wp\/v2\/product_tag?post=172087"}],"curies":[{"name":"wp","href":"https:\/\/api.w.org\/{rel}","templated":true}]}}