{"id":172179,"date":"2025-04-19T07:52:56","date_gmt":"2025-04-19T07:52:56","guid":{"rendered":"https:\/\/ruumistruumi.ee\/pood\/siseruumide-turvakaamera-baseus-p1-pro-3k-wi-fi-valge-360-pooratav\/"},"modified":"2025-08-21T08:19:08","modified_gmt":"2025-08-21T08:19:08","slug":"siseruumide-turvakaamera-baseus-p1-pro-3k-wi-fi-valge-360-pooratav","status":"publish","type":"product","link":"https:\/\/blankpage.ee\/_ruumist-ruumi\/pood\/siseruumide-turvakaamera-baseus-p1-pro-3k-wi-fi-valge-360-pooratav\/","title":{"rendered":"Siseruumide turvakaamera Baseus P1 Pro 3K (Wi-Fi, valge, 360\u00b0 p\u00f6\u00f6ratav)"},"content":{"rendered":"<h3>Siseruumide turvakaamera Baseus P1 Pro 3K (Wi-Fi, valge, 360\u00b0 p\u00f6\u00f6ratav)<\/h3>\n<p>Siseruumide turvakaamera Baseus P1 Pro 3K tagab k\u00f5rgetasemelise valveteenuse ja selge pildikvaliteedi t\u00e4nu 3K resolutsioonile. See nutikas kaamera sobib suurep\u00e4raselt nii kodu- kui kontoriruumidesse, v\u00f5imaldades reaalajas j\u00e4lgida k\u00f5ike, mis toimub, otse sinu nutiseadmes.<\/p>\n<p><img decoding=\"async\" src=\"https:\/\/blankpage.ee\/_ruumist-ruumi\/wp-content\/uploads\/2025\/04\/7-250.webp\" alt=\"Siseruumide turvakaamera Baseus P1 Pro 3K valge paigaldusega\"\/><\/p>\n<h3>Selge 3K pildikvaliteet, \u00f6\u00f6re\u017eiim ja detailne j\u00e4lgimine<\/h3>\n<p>Kaamera 3K HD lahutusv\u00f5ime tagab selged ja teravad kaadrid igas valgusolukorras. Infrapuna-LEDide abil saad usaldusv\u00e4\u00e4rse j\u00e4relvalve ka \u00f6isel ajal, s\u00e4ilitades kvaliteetse videopildi nii h\u00e4maras kui pimedas.<\/p>\n<p><img decoding=\"async\" src=\"https:\/\/blankpage.ee\/_ruumist-ruumi\/wp-content\/uploads\/2025\/04\/5-311.webp\" alt=\"Baseus P1 Pro 3K valvekaamera \u00f6\u00f6re\u017eiimi pildin\u00e4ide\"\/><\/p>\n<h3>8x digitaalne suum, tehisintellekt ja liikumistuvastus<\/h3>\n<p>8x digitaalse suumi abil saab vaadelda iga detaili l\u00e4hemalt isegi kaugemal asuvatest objektidest. T\u00e4nu liikumistuvastusele ja inimese tuvastamisele annab siseruumide turvakaamera koheselt m\u00e4rku olulistest s\u00fcndmustest, lisaks tunneb \u00e4ra ka beebi nutmise ning l\u00e4kitab vastava teavituse otse sinu seadmesse.<\/p>\n<p><img decoding=\"async\" src=\"https:\/\/blankpage.ee\/_ruumist-ruumi\/wp-content\/uploads\/2025\/04\/1-382.webp\" alt=\"Nutikate funktsioonidega siseruumide valvekaamera Baseus\"\/><\/p>\n<h3>24\/7 salvestus ja kindel andmekaitse<\/h3>\n<p>Siseruumide turvakaamera toetab pidevat videomaterjali salvestamist ning \u00fchildub kuni 256GB MicroSD m\u00e4lukaardiga, mis v\u00f5imaldab salvestada keskmiselt 15 p\u00e4eva jagu salvestisi. WPA2 turvastandard tagab sinu isiklike andmete kaitse ja turvalise ligip\u00e4\u00e4su salvestistele vaid sinu jaoks.<\/p>\n<p><img decoding=\"async\" src=\"https:\/\/blankpage.ee\/_ruumist-ruumi\/wp-content\/uploads\/2025\/04\/8-125.webp\" alt=\"Turvakaameraga salvestatud videomaterjali n\u00e4ide\"\/><\/p>\n<h3>Kahepoolne heli ja intuitiivne juhtimine<\/h3>\n<p>Baseus P1 Pro 3K toetab kahepoolset k\u00f5nefunktsiooni, mis v\u00f5imaldab suhelda ruumis viibijatega otse rakenduse kaudu. Seade \u00fchildub Alexa ja Google Home&#8217;iga ning t\u00e4nu kiiretele reaalajas teadetele saad alati olla kursis sellega, mis sinu kodus v\u00f5i kontoris toimub.<\/p>\n<p><img decoding=\"async\" src=\"https:\/\/blankpage.ee\/_ruumist-ruumi\/wp-content\/uploads\/2025\/04\/4-357.webp\" alt=\"Kahepoolse heliga siseruumide turvakaamera kasutamine\"\/><\/p>\n<h3>Paindlik paigaldus ja kaasaegne disain<\/h3>\n<p>Minimalistlik ja kompaktne korpus lubab paigaldada turvakaamera diskreetselt igas ruumis. 360\u00b0 p\u00f6\u00f6rlemisv\u00f5ime ja 90\u00b0 kaldenurk v\u00f5imaldavad h\u00f5lpsalt valida soovitud j\u00e4lgimisala, s\u00e4ilitades samal ajal ruumi stiili.<\/p>\n<p><img decoding=\"async\" src=\"https:\/\/blankpage.ee\/_ruumist-ruumi\/wp-content\/uploads\/2025\/04\/3-364.webp\" alt=\"Baseus turvakaamera p\u00f6\u00f6rlemisfunktsioon\"\/><\/p>\n<table>\n<tr>\n<th>Tootja<\/th>\n<td>Baseus<\/td>\n<\/tr>\n<tr>\n<th>Mudel<\/th>\n<td>P1 Pro 3K<\/td>\n<\/tr>\n<tr>\n<th>V\u00e4rv<\/th>\n<td>valge<\/td>\n<\/tr>\n<tr>\n<th>M\u00f5\u00f5tmed<\/th>\n<td>81 x 112 mm (kaamera), 81 x 81 mm (alus)<\/td>\n<\/tr>\n<tr>\n<th>Sisendv\u00f5imsus<\/th>\n<td>5V\/1A<\/td>\n<\/tr>\n<tr>\n<th>Salvestusresolutsioon<\/th>\n<td>2880 x 1620<\/td>\n<\/tr>\n<tr>\n<th>\u00d6\u00f6re\u017eiim<\/th>\n<td>jah<\/td>\n<\/tr>\n<tr>\n<th>P\u00f6\u00f6rlemisv\u00f5imekus<\/th>\n<td>360\u00b0 p\u00f6\u00f6rlemine, 90\u00b0 kalle<\/td>\n<\/tr>\n<tr>\n<th>Sisseehitatud m\u00e4lu<\/th>\n<td>MicroSD kuni 256GB<\/td>\n<\/tr>\n<tr>\n<th>V\u00f5rgud<\/th>\n<td>2.4GHz, 5GHz Wi-Fi<\/td>\n<\/tr>\n<tr>\n<th>Kaasas<\/th>\n<td>kaamera, laadimiskaabel, adapter, kinnitusjalg, kruvid (2 tk), t\u00fc\u00fcblid (2 tk)<\/td>\n<\/tr>\n<\/table>\n<p>Kui vajad usaldusv\u00e4\u00e4rset ja intelligentset valvelahendust, pakub siseruumide turvakaamera Baseus P1 Pro 3K sulle meelerahu ja turvalisust igas interj\u00f6\u00f6ris.<\/p>\n","protected":false},"excerpt":{"rendered":"<p>Siseruumide turvakaamera Baseus P1 Pro 3K (Wi-Fi, valge, 360\u00b0 p\u00f6\u00f6ratav) Siseruumide turvakaamera Baseus P1 Pro 3K tagab k\u00f5rgetasemelise valveteenuse ja selge pildikvaliteedi t\u00e4nu 3K resolutsioonile. See nutikas kaamera sobib suurep\u00e4raselt nii kodu- kui kontoriruumidesse, v\u00f5imaldades reaalajas j\u00e4lgida k\u00f5ike, mis toimub, otse sinu nutiseadmes. Selge 3K pildikvaliteet, \u00f6\u00f6re\u017eiim ja detailne j\u00e4lgimine Kaamera 3K HD lahutusv\u00f5ime tagab [&hellip;]<\/p>\n","protected":false},"featured_media":172186,"comment_status":"open","ping_status":"open","template":"","meta":[],"product_brand":[2876],"product_cat":[3056],"product_tag":[],"class_list":{"0":"post-172179","1":"product","2":"type-product","3":"status-publish","4":"has-post-thumbnail","6":"product_brand-baseus","7":"product_cat-ip-kaamerad","8":"product_shipping_class-innpro","10":"first","11":"instock","12":"sale","13":"taxable","14":"shipping-taxable","15":"purchasable","16":"product-type-simple"},"_links":{"self":[{"href":"https:\/\/blankpage.ee\/_ruumist-ruumi\/wp-json\/wp\/v2\/product\/172179","targetHints":{"allow":["GET"]}}],"collection":[{"href":"https:\/\/blankpage.ee\/_ruumist-ruumi\/wp-json\/wp\/v2\/product"}],"about":[{"href":"https:\/\/blankpage.ee\/_ruumist-ruumi\/wp-json\/wp\/v2\/types\/product"}],"replies":[{"embeddable":true,"href":"https:\/\/blankpage.ee\/_ruumist-ruumi\/wp-json\/wp\/v2\/comments?post=172179"}],"wp:featuredmedia":[{"embeddable":true,"href":"https:\/\/blankpage.ee\/_ruumist-ruumi\/wp-json\/wp\/v2\/media\/172186"}],"wp:attachment":[{"href":"https:\/\/blankpage.ee\/_ruumist-ruumi\/wp-json\/wp\/v2\/media?parent=172179"}],"wp:term":[{"taxonomy":"product_brand","embeddable":true,"href":"https:\/\/blankpage.ee\/_ruumist-ruumi\/wp-json\/wp\/v2\/product_brand?post=172179"},{"taxonomy":"product_cat","embeddable":true,"href":"https:\/\/blankpage.ee\/_ruumist-ruumi\/wp-json\/wp\/v2\/product_cat?post=172179"},{"taxonomy":"product_tag","embeddable":true,"href":"https:\/\/blankpage.ee\/_ruumist-ruumi\/wp-json\/wp\/v2\/product_tag?post=172179"}],"curies":[{"name":"wp","href":"https:\/\/api.w.org\/{rel}","templated":true}]}}