{"id":172210,"date":"2025-04-19T07:55:57","date_gmt":"2025-04-19T07:55:57","guid":{"rendered":"https:\/\/ruumistruumi.ee\/pood\/nutikas-shelly-relee-wifi-bluetooth-1-gen3-16a-1-kanal\/"},"modified":"2025-08-21T08:19:08","modified_gmt":"2025-08-21T08:19:08","slug":"nutikas-shelly-relee-wifi-bluetooth-1-gen3-16a-1-kanal","status":"publish","type":"product","link":"https:\/\/blankpage.ee\/_ruumist-ruumi\/pood\/nutikas-shelly-relee-wifi-bluetooth-1-gen3-16a-1-kanal\/","title":{"rendered":"Nutikas Shelly relee WiFi\/Bluetooth 1 Gen3 (16A, 1 kanal)"},"content":{"rendered":"<h3>Nutikas Shelly relee 1 Gen3 \u2013 mugav ja paindlik nutikodu juhtimine<\/h3>\n<p><strong>Nutikas Shelly relee<\/strong> 1 Gen3 on uusima p\u00f5lvkonna nutikontroller, mis v\u00f5imaldab muuta tavalised elektris\u00fcsteemid energias\u00e4\u00e4stlikuks ja mugavaks. T\u00e4nu WiFi ja Bluetooth \u00fchendusele sobib see suurep\u00e4raselt nii koju kui kontorisse, pakkudes paindlikke lahendusi erinevate s\u00fcsteemide automatiseerimiseks ilma keeruka lisavarustuseta.<\/p>\n<p><img decoding=\"async\" src=\"https:\/\/blankpage.ee\/_ruumist-ruumi\/wp-content\/uploads\/2025\/04\/1-384.webp\" alt=\"Nutikas Shelly relee 1 Gen3 sinises plastikkorpuses\"\/><\/p>\n<h3>Lihtne juhtimine igast seadmest<\/h3>\n<p>Nutikas Shelly relee laseb sul juhtida valgustust, pistikuid, l\u00fcliteid ja teisi elektriseadmeid kodus v\u00f5i kontoris. See sobib suurep\u00e4raselt ka olemasolevate s\u00fcsteemide moderniseerimiseks. \u00dchekordne releekanal (16 A v\u00e4ljundiga) v\u00f5imaldab juhtida nii valgusteid kui v\u00f5imsamaid seadmeid.<\/p>\n<p><img decoding=\"async\" src=\"https:\/\/blankpage.ee\/_ruumist-ruumi\/wp-content\/uploads\/2025\/04\/4-359.webp\" alt=\"Shelly relee mooduli paigaldus elektrikilpi\"\/><\/p>\n<h3>T\u00e4iustatud tehnoloogia ning t\u00f6\u00f6kindel kasutus<\/h3>\n<p>Seadme v\u00f5imekuse taga on ESP-Shelly-C38F protsessor koos 8 MB m\u00e4luga, mis tagab sujuva t\u00f6\u00f6 ja efektiivse automatiseerimise. Integreeritud WiFi- ja Bluetooth-v\u00f5imendi aitab hoida stabiilset \u00fchendust ka suuremas majapidamises. Tugevad klemmid ja uuendatud turvameetmed tagavad seadme pikaajalise t\u00f6\u00f6kindluse.<\/p>\n<p><img decoding=\"async\" src=\"https:\/\/blankpage.ee\/_ruumist-ruumi\/wp-content\/uploads\/2025\/04\/6-284.webp\" alt=\"WiFi ja Bluetooth toega nutikas Shelly relee kontroller seinal\"\/><\/p>\n<h3>Lai \u00fchilduvus teiste lahendustega<\/h3>\n<p>Nutikas Shelly relee 1 Gen3 ei vaja eraldi juhtimiskeskust \u2013 seadet saab juhtida otse Shelly Smart Control rakendusega ja see \u00fchildub erinevate koduautomaatika s\u00fcsteemidega, n\u00e4iteks Alexa ja Google Home&#8217;i platvormidega. Toetatud on ka KNXnet\/IP keerukamate lahenduste jaoks.<\/p>\n<p><img decoding=\"async\" src=\"https:\/\/blankpage.ee\/_ruumist-ruumi\/wp-content\/uploads\/2025\/04\/2-384.webp\" alt=\"Sinist tooni Shelly nutikamooduli paigaldus seinal\"\/><\/p>\n<h3>Laiad nutikodu v\u00f5imalused<\/h3>\n<p>Shelly relee sobib suurep\u00e4raselt nii valgustuse juhtimiseks, garaa\u017eiukse automatiseerimiseks kui ka vanemate seadmete nutikamaks muutmiseks. V\u00f5imalik on luua isikup\u00e4raseid ajastusi, stseene ning \u00fchildada teiste Shelly seadmetega \u2013 nii saad kohandada s\u00fcsteemi vastavalt enda elustiilile, alates aiakastmisest kuni toa valgusstsenaariumiteni.<\/p>\n<p><img decoding=\"async\" src=\"https:\/\/blankpage.ee\/_ruumist-ruumi\/wp-content\/uploads\/2025\/04\/5-312.webp\" alt=\"Automatiseerimise stseen nutika Shelly relee abil\"\/><\/p>\n<h3>Turvalisus ja vastupidavus<\/h3>\n<p>Nutikas Shelly relee kasutab t\u00e4nap\u00e4evaseid kr\u00fcpteeringuid ja turvaprotokolle, kaitstes nii Sinu andmeid kui seadmeid. Kompaktne sinine korpus v\u00f5imaldab paigaldada seadme ka v\u00e4ikestesse elektrikilpidesse v\u00f5i seinakontaktidesse.<\/p>\n<p><img decoding=\"async\" src=\"https:\/\/blankpage.ee\/_ruumist-ruumi\/wp-content\/uploads\/2025\/04\/3-366.webp\" alt=\"Shelly Gen3 nutika relee l\u00e4hivaade\"\/><\/p>\n<h3>Tehnilised andmed<\/h3>\n<div class=\"table-wrapper\">\n<table>\n<tbody>\n<tr>\n<th>Tootja<\/th>\n<td>Shelly<\/td>\n<\/tr>\n<tr>\n<th>Mudel<\/th>\n<td>1 Gen3<\/td>\n<\/tr>\n<tr>\n<th>M\u00f5\u00f5tmed<\/th>\n<td>37 x 42 x 16 mm<\/td>\n<\/tr>\n<tr>\n<th>Kaal<\/th>\n<td>26 g<\/td>\n<\/tr>\n<tr>\n<th>Klemmide maks. pingutusmoment<\/th>\n<td>0,4 Nm<\/td>\n<\/tr>\n<tr>\n<th>Juhtme ristl\u00f5ige<\/th>\n<td>0,2\u20132,5 mm\u00b2<\/td>\n<\/tr>\n<tr>\n<th>Juhtme pikkus ilma isolatsioonita<\/th>\n<td>6\u20137 mm<\/td>\n<\/tr>\n<tr>\n<th>Paigaldusviis<\/th>\n<td>Seina sisse, karpi<\/td>\n<\/tr>\n<tr>\n<th>Korpuse materjal<\/th>\n<td>Plastik<\/td>\n<\/tr>\n<tr>\n<th>V\u00e4rv<\/th>\n<td>Sinine<\/td>\n<\/tr>\n<tr>\n<th>T\u00f6\u00f6keskkonna temperatuur<\/th>\n<td>-20\u00b0C kuni 40\u00b0C<\/td>\n<\/tr>\n<tr>\n<th>\u00d5huniiskus t\u00f6\u00f6 ajal<\/th>\n<td>30\u201370% RH<\/td>\n<\/tr>\n<tr>\n<th>Maksimaalne k\u00f5rgus<\/th>\n<td>2000 m<\/td>\n<\/tr>\n<tr>\n<th>Toide<\/th>\n<td>110\u2013240 V~ \/ 24\u201348 V\u2393 \/ 12 V\u2393<\/td>\n<\/tr>\n<tr>\n<th>V\u00f5imsustarve<\/th>\n<td>&lt; 1,2 W<\/td>\n<\/tr>\n<tr>\n<th>Maks. l\u00fclituspinge<\/th>\n<td>240 V~ \/ 30 V\u2393<\/td>\n<\/tr>\n<tr>\n<th>Maks. l\u00fclitusvool<\/th>\n<td>16 A (240 V~), 10 A (30 V\u2393)<\/td>\n<\/tr>\n<tr>\n<th>Sisemine temperatuuriandur<\/th>\n<td>Jah<\/td>\n<\/tr>\n<tr>\n<th>WiFi protokoll<\/th>\n<td>802.11 b\/g\/n<\/td>\n<\/tr>\n<tr>\n<th>WiFi sagedus<\/th>\n<td>2401\u20132483 MHz<\/td>\n<\/tr>\n<tr>\n<th>Maks. WiFi v\u00f5imsus<\/th>\n<td>&lt; 20 dBm<\/td>\n<\/tr>\n<tr>\n<th>WiFi katvus<\/th>\n<td>Kuni 50 m v\u00e4litingimustes, kuni 30 m siseruumides<\/td>\n<\/tr>\n<tr>\n<th>Bluetooth versioon<\/th>\n<td>4.2<\/td>\n<\/tr>\n<tr>\n<th>Bluetooth sagedus<\/th>\n<td>2400\u20132483.5 MHz<\/td>\n<\/tr>\n<tr>\n<th>Maks. Bluetooth v\u00f5imsus<\/th>\n<td>&lt;4 dBm<\/td>\n<\/tr>\n<tr>\n<th>Bluetooth katvus<\/th>\n<td>Kuni 30 m v\u00e4litingimustes, kuni 10 m siseruumides<\/td>\n<\/tr>\n<tr>\n<th>Protsessor<\/th>\n<td>ESP-Shelly-C38F<\/td>\n<\/tr>\n<tr>\n<th>Flash-m\u00e4lu<\/th>\n<td>8 MB<\/td>\n<\/tr>\n<tr>\n<th>Ajastuste arv<\/th>\n<td>20<\/td>\n<\/tr>\n<tr>\n<th>Webhookid<\/th>\n<td>20 (kuni 5 URL-i iga\u00fche kohta)<\/td>\n<\/tr>\n<tr>\n<th>WiFi katvuse suurendamine<\/th>\n<td>Jah<\/td>\n<\/tr>\n<tr>\n<th>BLE gateway<\/th>\n<td>Jah<\/td>\n<\/tr>\n<tr>\n<th>Skriptid<\/th>\n<td>Jah<\/td>\n<\/tr>\n<tr>\n<th>MQTT tugi<\/th>\n<td>Jah<\/td>\n<\/tr>\n<tr>\n<th>Kr\u00fcpteering<\/th>\n<td>Jah<\/td>\n<\/tr>\n<\/tbody>\n<\/table>\n<\/div>\n","protected":false},"excerpt":{"rendered":"<p>Nutikas Shelly relee 1 Gen3 \u2013 mugav ja paindlik nutikodu juhtimine Nutikas Shelly relee 1 Gen3 on uusima p\u00f5lvkonna nutikontroller, mis v\u00f5imaldab muuta tavalised elektris\u00fcsteemid energias\u00e4\u00e4stlikuks ja mugavaks. T\u00e4nu WiFi ja Bluetooth \u00fchendusele sobib see suurep\u00e4raselt nii koju kui kontorisse, pakkudes paindlikke lahendusi erinevate s\u00fcsteemide automatiseerimiseks ilma keeruka lisavarustuseta. Lihtne juhtimine igast seadmest Nutikas Shelly [&hellip;]<\/p>\n","protected":false},"featured_media":172217,"comment_status":"open","ping_status":"open","template":"","meta":[],"product_brand":[3069],"product_cat":[3043],"product_tag":[],"class_list":{"0":"post-172210","1":"product","2":"type-product","3":"status-publish","4":"has-post-thumbnail","6":"product_brand-shelly","7":"product_cat-nutikontrollerid","8":"product_shipping_class-innpro","10":"first","11":"instock","12":"sale","13":"taxable","14":"shipping-taxable","15":"purchasable","16":"product-type-simple"},"_links":{"self":[{"href":"https:\/\/blankpage.ee\/_ruumist-ruumi\/wp-json\/wp\/v2\/product\/172210","targetHints":{"allow":["GET"]}}],"collection":[{"href":"https:\/\/blankpage.ee\/_ruumist-ruumi\/wp-json\/wp\/v2\/product"}],"about":[{"href":"https:\/\/blankpage.ee\/_ruumist-ruumi\/wp-json\/wp\/v2\/types\/product"}],"replies":[{"embeddable":true,"href":"https:\/\/blankpage.ee\/_ruumist-ruumi\/wp-json\/wp\/v2\/comments?post=172210"}],"wp:featuredmedia":[{"embeddable":true,"href":"https:\/\/blankpage.ee\/_ruumist-ruumi\/wp-json\/wp\/v2\/media\/172217"}],"wp:attachment":[{"href":"https:\/\/blankpage.ee\/_ruumist-ruumi\/wp-json\/wp\/v2\/media?parent=172210"}],"wp:term":[{"taxonomy":"product_brand","embeddable":true,"href":"https:\/\/blankpage.ee\/_ruumist-ruumi\/wp-json\/wp\/v2\/product_brand?post=172210"},{"taxonomy":"product_cat","embeddable":true,"href":"https:\/\/blankpage.ee\/_ruumist-ruumi\/wp-json\/wp\/v2\/product_cat?post=172210"},{"taxonomy":"product_tag","embeddable":true,"href":"https:\/\/blankpage.ee\/_ruumist-ruumi\/wp-json\/wp\/v2\/product_tag?post=172210"}],"curies":[{"name":"wp","href":"https:\/\/api.w.org\/{rel}","templated":true}]}}