{"id":172230,"date":"2025-04-19T07:58:15","date_gmt":"2025-04-19T07:58:15","guid":{"rendered":"https:\/\/ruumistruumi.ee\/pood\/bluetooth-nutiluliti-shelly-blu-rc-button-4-neljanupuline-cr2032-30-m-home-assistant\/"},"modified":"2025-08-21T08:19:08","modified_gmt":"2025-08-21T08:19:08","slug":"bluetooth-nutiluliti-shelly-blu-rc-button-4-neljanupuline-cr2032-30-m-home-assistant","status":"publish","type":"product","link":"https:\/\/blankpage.ee\/_ruumist-ruumi\/pood\/bluetooth-nutiluliti-shelly-blu-rc-button-4-neljanupuline-cr2032-30-m-home-assistant\/","title":{"rendered":"Bluetooth nutil\u00fcliti Shelly BLU RC Button 4, neljanupuline (CR2032, 30 m, Home Assistant)"},"content":{"rendered":"<h3>Bluetooth nutil\u00fcliti Shelly BLU RC Button 4 \u2013 neljanupuline nutikas juhtimisl\u00fcliti<\/h3>\n<p>Bluetooth nutil\u00fcliti Shelly BLU RC Button 4 on nutikas neljanupuline l\u00fcliti, mis muudab koduste seadmete automatiseerimise lihtsaks ja mugavaks. T\u00e4nu kaasaegsele Bluetooth 5.4 tehnoloogiale ning minimalistlikule disainile sobib see nutil\u00fcliti igasse interj\u00f6\u00f6ri ja pakub paindlikke v\u00f5imalusi erinevate seadmete juhtimiseks.<\/p>\n<p>\n<img decoding=\"async\" src=\"https:\/\/blankpage.ee\/_ruumist-ruumi\/wp-content\/uploads\/2025\/04\/3-368.webp\" alt=\"Bluetooth nutil\u00fcliti Shelly BLU RC Button 4 minimalistliku disainiga\"\/>\n<\/p>\n<h3>Mitmek\u00fclgne paigaldus ja kasutamine<\/h3>\n<p>L\u00fclitit saab kasutada nii seinal kui ka kaasaskantava puldina. Nelja nupu kaudu on v\u00f5imalik programmeerida kuni 16 eri funktsiooni \u2013 nii \u00fche kui ka mitmekordsete vajutuste ning kombinatsioonidena. Shelly BLU RC Button 4 \u00fchildub erinevate raamidega, nagu Busch-Jaeger, Shelly, Legrand, Gira ja Merten, mist\u00f5ttu sobib see paljudesse kodudesse ning kontoritesse.<\/p>\n<p>\n<img decoding=\"async\" src=\"https:\/\/blankpage.ee\/_ruumist-ruumi\/wp-content\/uploads\/2025\/04\/1-386.webp\" alt=\"Neljanupuline Shelly nutil\u00fcliti kodu juhtimiseks rakenduses\"\/>\n<\/p>\n<h3>Kiire ja usaldusv\u00e4\u00e4rne Bluetooth-tehnoloogia<\/h3>\n<p>Bluetooth 5.4 tehnoloogia tagab kiire ja stabiilse \u00fchenduse \u2013 siseruumides kuni 10 m ning \u00f5ues kuni 30 m kaugusele. Nutiseadmeid saab juhtida mugavalt ning kaugjuhtimisega, ilma et peaks iga seadme juurde minema.<\/p>\n<p>\n<img decoding=\"async\" src=\"https:\/\/blankpage.ee\/_ruumist-ruumi\/wp-content\/uploads\/2025\/04\/4-361.webp\" alt=\"Juhtmevaba Bluetooth nutil\u00fcliti koduautomaatika jaoks\"\/>\n<\/p>\n<h3>Lihtne juhtimine ja pikk aku t\u00f6\u00f6iga<\/h3>\n<p>L\u00fclitil on neli kohandatavat nuppu, millega saab juhtida n\u00e4iteks valgustust, seadistada dimmerit v\u00f5i aktiveerida automaatseid nutikodu stseene. Toide tuleb 3V CR2032 patareist, mille eeldatav t\u00f6\u00f6iga on kuni 2 aastat. Ohutusre\u017eiim v\u00f5imaldab helisignaali iga 8 sekundi j\u00e4rel.<\/p>\n<p>\n<img decoding=\"async\" src=\"https:\/\/blankpage.ee\/_ruumist-ruumi\/wp-content\/uploads\/2025\/04\/5-313.webp\" alt=\"Bluetooth nutil\u00fcliti Shelly BLU RC Button 4 mitmek\u00fclgsete funktsioonidega\" \/>\n<\/p>\n<h3>Turvalisus ja \u00fchilduvus Home Assistantiga<\/h3>\n<p>Bluetooth nutil\u00fcliti Shelly BLU RC Button 4 sobib Home Assistant platvormiga ja k\u00f5igi BTHome-seadmetega. T\u00e4nu k\u00f5rgtasemel AES-kr\u00fcpteerimisele on andmeedastus turvaline. Kompaktne korpus (46 x 46 x 13 mm) ja kerge kaal (17 g) v\u00f5imaldavad paigaldada l\u00fcliti diskreetselt igale seinale. Bee\u017e v\u00e4rvus sobib h\u00e4sti kaasaegsesse interj\u00f6\u00f6ri.<\/p>\n<p>\n<img decoding=\"async\" src=\"https:\/\/blankpage.ee\/_ruumist-ruumi\/wp-content\/uploads\/2025\/04\/6-287.webp\" alt=\"Stiilne Bluetooth nutil\u00fcliti Shelly BLU interj\u00f6\u00f6ris\"\/>\n<\/p>\n<h3>Komplekti kuulub:<\/h3>\n<ul>\n<li>Neljanupuline Bluetooth nutil\u00fcliti Shelly BLU RC Button 4<\/li>\n<li>3V CR2032 patarei<\/li>\n<\/ul>\n<table>\n<tr>\n<th>Tootja<\/th>\n<td>Shelly<\/td>\n<\/tr>\n<tr>\n<th>Mudel<\/th>\n<td>BLU RC Button 4<\/td>\n<\/tr>\n<tr>\n<th>M\u00f5\u00f5tmed<\/th>\n<td>46 x 46 x 13 mm<\/td>\n<\/tr>\n<tr>\n<th>Kaal<\/th>\n<td>17 g<\/td>\n<\/tr>\n<tr>\n<th>Materjal<\/th>\n<td>Plastik<\/td>\n<\/tr>\n<tr>\n<th>V\u00e4rvus<\/th>\n<td>Bee\u017e<\/td>\n<\/tr>\n<tr>\n<th>T\u00f6\u00f6temperatuur<\/th>\n<td>-20\u00b0C kuni 40\u00b0C<\/td>\n<\/tr>\n<tr>\n<th>\u00d5huniiskus t\u00f6\u00f6s<\/th>\n<td>30% kuni 70% RH<\/td>\n<\/tr>\n<tr>\n<th>Toiteallikas<\/th>\n<td>3V patarei (CR2032, kaasas)<\/td>\n<\/tr>\n<tr>\n<th>Patarei eluiga<\/th>\n<td>kuni 2 aastat<\/td>\n<\/tr>\n<tr>\n<th>Bluetooth versioon<\/th>\n<td>5.4<\/td>\n<\/tr>\n<tr>\n<th>Sagedusala<\/th>\n<td>2400 \u2013 2483,5 MHz<\/td>\n<\/tr>\n<tr>\n<th>RF v\u00f5imsus<\/th>\n<td>&lt; 4 dBm<\/td>\n<\/tr>\n<tr>\n<th>Bluetooth ulatus<\/th>\n<td>kuni 30 m v\u00e4litingimustes, kuni 10 m siseruumides<\/td>\n<\/tr>\n<tr>\n<th>Kr\u00fcpteerimine<\/th>\n<td>AES (CCM-re\u017eiim)<\/td>\n<\/tr>\n<\/table>\n","protected":false},"excerpt":{"rendered":"<p>Bluetooth nutil\u00fcliti Shelly BLU RC Button 4 \u2013 neljanupuline nutikas juhtimisl\u00fcliti Bluetooth nutil\u00fcliti Shelly BLU RC Button 4 on nutikas neljanupuline l\u00fcliti, mis muudab koduste seadmete automatiseerimise lihtsaks ja mugavaks. T\u00e4nu kaasaegsele Bluetooth 5.4 tehnoloogiale ning minimalistlikule disainile sobib see nutil\u00fcliti igasse interj\u00f6\u00f6ri ja pakub paindlikke v\u00f5imalusi erinevate seadmete juhtimiseks. Mitmek\u00fclgne paigaldus ja kasutamine L\u00fclitit [&hellip;]<\/p>\n","protected":false},"featured_media":172236,"comment_status":"open","ping_status":"open","template":"","meta":[],"product_brand":[3069],"product_cat":[3039],"product_tag":[],"class_list":{"0":"post-172230","1":"product","2":"type-product","3":"status-publish","4":"has-post-thumbnail","6":"product_brand-shelly","7":"product_cat-lulitid","8":"product_shipping_class-innpro","10":"first","11":"instock","12":"sale","13":"taxable","14":"shipping-taxable","15":"purchasable","16":"product-type-simple"},"_links":{"self":[{"href":"https:\/\/blankpage.ee\/_ruumist-ruumi\/wp-json\/wp\/v2\/product\/172230","targetHints":{"allow":["GET"]}}],"collection":[{"href":"https:\/\/blankpage.ee\/_ruumist-ruumi\/wp-json\/wp\/v2\/product"}],"about":[{"href":"https:\/\/blankpage.ee\/_ruumist-ruumi\/wp-json\/wp\/v2\/types\/product"}],"replies":[{"embeddable":true,"href":"https:\/\/blankpage.ee\/_ruumist-ruumi\/wp-json\/wp\/v2\/comments?post=172230"}],"wp:featuredmedia":[{"embeddable":true,"href":"https:\/\/blankpage.ee\/_ruumist-ruumi\/wp-json\/wp\/v2\/media\/172236"}],"wp:attachment":[{"href":"https:\/\/blankpage.ee\/_ruumist-ruumi\/wp-json\/wp\/v2\/media?parent=172230"}],"wp:term":[{"taxonomy":"product_brand","embeddable":true,"href":"https:\/\/blankpage.ee\/_ruumist-ruumi\/wp-json\/wp\/v2\/product_brand?post=172230"},{"taxonomy":"product_cat","embeddable":true,"href":"https:\/\/blankpage.ee\/_ruumist-ruumi\/wp-json\/wp\/v2\/product_cat?post=172230"},{"taxonomy":"product_tag","embeddable":true,"href":"https:\/\/blankpage.ee\/_ruumist-ruumi\/wp-json\/wp\/v2\/product_tag?post=172230"}],"curies":[{"name":"wp","href":"https:\/\/api.w.org\/{rel}","templated":true}]}}