{"id":172244,"date":"2025-04-19T08:00:38","date_gmt":"2025-04-19T08:00:38","guid":{"rendered":"https:\/\/ruumistruumi.ee\/pood\/nutikas-termostaatventiil-shelly-blu-trv-komplekt-bluetooth-wi-fi-juhtseade-kaasas\/"},"modified":"2025-08-21T08:19:07","modified_gmt":"2025-08-21T08:19:07","slug":"nutikas-termostaatventiil-shelly-blu-trv-komplekt-bluetooth-wi-fi-juhtseade-kaasas","status":"publish","type":"product","link":"https:\/\/blankpage.ee\/_ruumist-ruumi\/pood\/nutikas-termostaatventiil-shelly-blu-trv-komplekt-bluetooth-wi-fi-juhtseade-kaasas\/","title":{"rendered":"Nutikas termostaatventiil Shelly BLU TRV komplekt (Bluetooth, Wi-Fi, juhtseade kaasas)"},"content":{"rendered":"<h3>Nutikas termostaatventiil Shelly BLU TRV komplekt (Bluetooth, Wi-Fi, juhtseade kaasas)<\/h3>\n<p>Nutikas termostaatventiil Shelly BLU TRV on kaasaegne lahendus kodu temperatuuri t\u00e4pseks juhtimiseks. See termostaatventiil t\u00f6\u00f6tab nii Bluetoothi kui ka Wi-Fi kaudu, kasutades komplektis olevat juhtseadet, mis v\u00f5imaldab juhendada k\u00fcttes\u00fcsteemi kohapeal v\u00f5i eemalt mobiilirakenduse abil.<\/p>\n<p><img decoding=\"async\" src=\"https:\/\/blankpage.ee\/_ruumist-ruumi\/wp-content\/uploads\/2025\/04\/5-315.webp\" alt=\"Shelly nutikas termostaatventiil BLU TRV koos juhtseadmega\"\/><\/p>\n<h3>T\u00e4pne temperatuuri seadistamine nutika termostaatventiiliga<\/h3>\n<p>Nutikas termostaatventiil v\u00f5imaldab m\u00e4\u00e4rata temperatuuri kuni \u00b10,1\u00b0C t\u00e4psusega. Nii saad tagada just sulle meelep\u00e4rase sisekliima ja hoida energiakulu kontrolli all.<\/p>\n<p><img decoding=\"async\" src=\"https:\/\/blankpage.ee\/_ruumist-ruumi\/wp-content\/uploads\/2025\/04\/1-388.webp\" alt=\"Temperatuuri seadete kuvamine Shelly termostaatventiili ekraanil\"\/><\/p>\n<h3>Boost-re\u017eiim kiireks k\u00fctmiseks<\/h3>\n<p>Boost-re\u017eiimi aktiveerides avab termostaatventiil ventiili t\u00e4ielikult ja ruum saavutab kiiresti soovitud temperatuuri. Boost-funktsiooni saad kasutada nii seadmel asuva p\u00f6\u00f6rdnupu kui ka nutirakenduse kaudu.<\/p>\n<p><img decoding=\"async\" src=\"https:\/\/blankpage.ee\/_ruumist-ruumi\/wp-content\/uploads\/2025\/04\/3-370.webp\" alt=\"Boost-re\u017eiimi aktiveerimine Shelly BLU TRV termostaatventiilil\"\/><\/p>\n<h3>Targad ajakavad ja energias\u00e4\u00e4st<\/h3>\n<p>Seadista k\u00fctte juhtimine vastavalt oma p\u00e4evakavale. Nutikas termostaadi pea v\u00f5imaldab panna paika personaalse t\u00f6\u00f6graafiku, et kodu oleks alati \u00f5ige temperatuuriga ja tarbetu energiakulu puuduks. Targa juhtimise abil saavutad mugavuse ja energias\u00e4\u00e4stu.<\/p>\n<p><img decoding=\"async\" src=\"https:\/\/blankpage.ee\/_ruumist-ruumi\/wp-content\/uploads\/2025\/04\/4-363.webp\" alt=\"Ajastatud k\u00fctte juhtimise graafik nutirakenduses\"\/><\/p>\n<h3>Laiendatud \u00fchilduvus anduritega<\/h3>\n<p>Shelly BLU TRV \u00fchildub eraldi m\u00fc\u00fcdavate temperatuuri- ning ukse- ja aknaanduritega. See v\u00f5imaldab veelgi t\u00e4psemat k\u00fcttes\u00fcsteemi juhtimist vastavalt kodu tegelikele oludele ning tagab veel suurema mugavuse.<\/p>\n<p><img decoding=\"async\" src=\"https:\/\/blankpage.ee\/_ruumist-ruumi\/wp-content\/uploads\/2025\/04\/6-288.webp\" alt=\"Smart Shelly termostaatventiili koost\u00f6\u00f6 erinevate anduritega\"\/><\/p>\n<h3>Pikk t\u00f6\u00f6aeg ja lihtne paigaldus<\/h3>\n<p>Nutikas termostaatventiil t\u00f6\u00f6tab kahe AA patareiga (kuuluvad komplekti), mille eluiga on kuni kaks aastat. Juhtseadme paigaldus on lihtne \u2013 piisab USB-toiteallikaga \u00fchendamisest ning seade on valmis kasutamiseks.<\/p>\n<p><img decoding=\"async\" src=\"https:\/\/blankpage.ee\/_ruumist-ruumi\/wp-content\/uploads\/2025\/04\/2-387.webp\" alt=\"Juhtseadme \u00fchendamine Shelly termostaatventiili komplektis\"\/><\/p>\n<h3>Kaugjuhtimine ja nutikodu tugi<\/h3>\n<p>K\u00f5iki s\u00e4tteid saad h\u00f5lpsalt j\u00e4lgida ning muuta Shelly mobiilirakenduses. Nutikas termostaatventiil \u00fchildub populaarsemate nutikodulahendustega, v\u00f5imaldades kodu automatiseerimist \u00fche platvormi kaudu.<\/p>\n<p><img decoding=\"async\" src=\"https:\/\/blankpage.ee\/_ruumist-ruumi\/wp-content\/uploads\/2025\/04\/7-253.webp\" alt=\"Nutikas termostaatventiil rakenduse kaudu kontrollitav\"\/><\/p>\n<h3>Komplektis<\/h3>\n<ul>\n<li>Termostaatventiili pea<\/li>\n<li>Juhtseade<\/li>\n<\/ul>\n<div class=\"table-wrapper\">\n<table>\n<tr>\n<th>Tootja<\/th>\n<td>Shelly<\/td>\n<\/tr>\n<tr>\n<th>Mudel<\/th>\n<td>TRVBLU1-pack<\/td>\n<\/tr>\n<tr>\n<th>M\u00f5\u00f5tmed<\/th>\n<td>78 x \u00d854 mm<\/td>\n<\/tr>\n<tr>\n<th>Kaal<\/th>\n<td>107 g<\/td>\n<\/tr>\n<tr>\n<th>Kinnitus<\/th>\n<td>M30 \/ 15<\/td>\n<\/tr>\n<tr>\n<th>Kinnitusr\u00f5nga materjal<\/th>\n<td>Nikkelkattega messing<\/td>\n<\/tr>\n<tr>\n<th>Korpus<\/th>\n<td>Plastik<\/td>\n<\/tr>\n<tr>\n<th>V\u00e4rv<\/th>\n<td>Valge<\/td>\n<\/tr>\n<tr>\n<th>T\u00f6\u00f6temperatuur<\/th>\n<td>-20\u00b0\u0421 kuni 60\u00b0\u0421<\/td>\n<\/tr>\n<tr>\n<th>\u00d5huniiskus<\/th>\n<td>25% kuni 80% RH<\/td>\n<\/tr>\n<tr>\n<th>Toiteallikas<\/th>\n<td>2x AA, 1.5V patarei (kaasas)<\/td>\n<\/tr>\n<tr>\n<th>Patareide eluiga<\/th>\n<td>Kuni 2 aastat<\/td>\n<\/tr>\n<tr>\n<th>Temperatuuriandur<\/th>\n<td>Jah<\/td>\n<\/tr>\n<tr>\n<th>Bluetooth<\/th>\n<td>4.2<\/td>\n<\/tr>\n<tr>\n<th>Raadiosagedus<\/th>\n<td>2400 &#8211; 2483.5 MHz<\/td>\n<\/tr>\n<tr>\n<th>Maksimaalne raadiosagedusv\u00f5imsus<\/th>\n<td>&lt; 5 dBm<\/td>\n<\/tr>\n<tr>\n<th>Leviulatus<\/th>\n<td>Kuni 30 m v\u00e4litingimustes, kuni 10 m siseruumides<\/td>\n<\/tr>\n<tr>\n<th>Ajastused<\/th>\n<td>Jah<\/td>\n<\/tr>\n<tr>\n<th>Kr\u00fcpteerimine<\/th>\n<td>AES (CCM-re\u017eiimis)<\/td>\n<\/tr>\n<\/table>\n<\/div>\n","protected":false},"excerpt":{"rendered":"<p>Nutikas termostaatventiil Shelly BLU TRV komplekt (Bluetooth, Wi-Fi, juhtseade kaasas) Nutikas termostaatventiil Shelly BLU TRV on kaasaegne lahendus kodu temperatuuri t\u00e4pseks juhtimiseks. See termostaatventiil t\u00f6\u00f6tab nii Bluetoothi kui ka Wi-Fi kaudu, kasutades komplektis olevat juhtseadet, mis v\u00f5imaldab juhendada k\u00fcttes\u00fcsteemi kohapeal v\u00f5i eemalt mobiilirakenduse abil. T\u00e4pne temperatuuri seadistamine nutika termostaatventiiliga Nutikas termostaatventiil v\u00f5imaldab m\u00e4\u00e4rata temperatuuri kuni [&hellip;]<\/p>\n","protected":false},"featured_media":172252,"comment_status":"open","ping_status":"open","template":"","meta":[],"product_brand":[3069],"product_cat":[3054],"product_tag":[],"class_list":{"0":"post-172244","1":"product","2":"type-product","3":"status-publish","4":"has-post-thumbnail","6":"product_brand-shelly","7":"product_cat-radiaatorite-termostaatid","8":"product_shipping_class-innpro","10":"first","11":"instock","12":"sale","13":"taxable","14":"shipping-taxable","15":"purchasable","16":"product-type-simple"},"_links":{"self":[{"href":"https:\/\/blankpage.ee\/_ruumist-ruumi\/wp-json\/wp\/v2\/product\/172244","targetHints":{"allow":["GET"]}}],"collection":[{"href":"https:\/\/blankpage.ee\/_ruumist-ruumi\/wp-json\/wp\/v2\/product"}],"about":[{"href":"https:\/\/blankpage.ee\/_ruumist-ruumi\/wp-json\/wp\/v2\/types\/product"}],"replies":[{"embeddable":true,"href":"https:\/\/blankpage.ee\/_ruumist-ruumi\/wp-json\/wp\/v2\/comments?post=172244"}],"wp:featuredmedia":[{"embeddable":true,"href":"https:\/\/blankpage.ee\/_ruumist-ruumi\/wp-json\/wp\/v2\/media\/172252"}],"wp:attachment":[{"href":"https:\/\/blankpage.ee\/_ruumist-ruumi\/wp-json\/wp\/v2\/media?parent=172244"}],"wp:term":[{"taxonomy":"product_brand","embeddable":true,"href":"https:\/\/blankpage.ee\/_ruumist-ruumi\/wp-json\/wp\/v2\/product_brand?post=172244"},{"taxonomy":"product_cat","embeddable":true,"href":"https:\/\/blankpage.ee\/_ruumist-ruumi\/wp-json\/wp\/v2\/product_cat?post=172244"},{"taxonomy":"product_tag","embeddable":true,"href":"https:\/\/blankpage.ee\/_ruumist-ruumi\/wp-json\/wp\/v2\/product_tag?post=172244"}],"curies":[{"name":"wp","href":"https:\/\/api.w.org\/{rel}","templated":true}]}}