{"id":172297,"date":"2025-04-19T08:02:11","date_gmt":"2025-04-19T08:02:11","guid":{"rendered":"https:\/\/ruumistruumi.ee\/pood\/zigbee-nutikodu-varav-sonoff-zbbridge-u-rj45-wi-fi-15-ghz-1-gb-ram-8-gb\/"},"modified":"2025-08-21T08:19:07","modified_gmt":"2025-08-21T08:19:07","slug":"zigbee-nutikodu-varav-sonoff-zbbridge-u-rj45-wi-fi-15-ghz-1-gb-ram-8-gb","status":"publish","type":"product","link":"https:\/\/blankpage.ee\/_ruumist-ruumi\/pood\/zigbee-nutikodu-varav-sonoff-zbbridge-u-rj45-wi-fi-15-ghz-1-gb-ram-8-gb\/","title":{"rendered":"Zigbee nutikodu v\u00e4rav SONOFF ZBBridge-U (RJ45, Wi-Fi, 1,5 GHz, 1 GB RAM, 8 GB)"},"content":{"rendered":"<h3>Zigbee nutikodu v\u00e4rav Matteri ja Zigbee \u00fchendamiseks \u2013 SONOFF ZBBridge-U<\/h3>\n<p><strong>Zigbee nutikodu v\u00e4rav<\/strong> SONOFF ZBBridge-U on kaasaegne keskseade, mis v\u00f5imaldab \u00fchendada k\u00f5ik sinu Zigbee seadmed Matteri \u00f6kos\u00fcsteemiga ning hallata neid mugavalt populaarsete platvormide kaudu: Apple Home, Google Home, Amazon Alexa ja SmartThings. Seade muudab nutikodu seadmete juhtimise lihtsaks nii rakenduse kui h\u00e4\u00e4lk\u00e4skluste abil.<\/p>\n<p>\n  <img decoding=\"async\" src=\"https:\/\/blankpage.ee\/_ruumist-ruumi\/wp-content\/uploads\/2025\/04\/4-366.webp\" alt=\"SONOFF Zigbee nutikodu v\u00e4rav valget v\u00e4rvi seade laual\"\/>\n<\/p>\n<h3>V\u00f5imas riistvara sujuvaks kasutuseks<\/h3>\n<p>ZBBridge-U nutikodu v\u00e4rava s\u00fcdameks on 1,5 GHz kahe tuumaga protsessor, 1 GB DDR4 muutm\u00e4lu ja 8 GB eMMC salvestusruum. T\u00e4nu sellele t\u00f6\u00f6tavad keerukad automaatikad kiirelt ning seade v\u00f5imaldab \u00fchendada kuni 256 Zigbee seadet t\u00f6\u00f6raadiusega kuni 200 meetrit.<\/p>\n<p>\n  <img decoding=\"async\" src=\"https:\/\/blankpage.ee\/_ruumist-ruumi\/wp-content\/uploads\/2025\/04\/2-391.webp\" alt=\"SONOFF Zigbee nutikodu keskseade l\u00e4hivaates\"\/>\n<\/p>\n<h3>Lai v\u00f5rgu\u00fchenduse ja protokollide tugi<\/h3>\n<p>Lisaks Wi-Fi toele saab SONOFF v\u00e4ravat \u00fchendada v\u00f5rku ka RJ45 Etherneti juhtmega, mis tagab stabiilse ja usaldusv\u00e4\u00e4rse \u00fchenduse. T\u00e4nu sellele on k\u00f5ik sinu nutikodu seadmed alati \u00fchendatud ning automaatikad toimivad viivitusteta.<\/p>\n<h3>Matter tugi ja kokkusobivus erinevate platvormidega<\/h3>\n<p>ZBBridge-U seob Zigbee seadmed Matteri keskkonnaga, v\u00f5imaldades kasutada Siri, Google Assistanti ja Alexa h\u00e4\u00e4lk\u00e4sklusi. K\u00f5ik seadmed t\u00f6\u00f6tavad \u00fchtselt ning juhtimine on t\u00e4nu platvormide \u00fchilduvusele lihtne ja mugav.<\/p>\n<p>\n  <img decoding=\"async\" src=\"https:\/\/blankpage.ee\/_ruumist-ruumi\/wp-content\/uploads\/2025\/04\/5-317.webp\" alt=\"Matteri Zigbee v\u00e4rav \u00fchilduvus Apple Home, Google Home ja teiste platvormidega\"\/>\n<\/p>\n<h3>Lisandv\u00e4\u00e4rtus \u2013 nutikas turvalahendus<\/h3>\n<p>Zigbee nutikodu v\u00e4rav v\u00f5imaldab luua erinevaid turvalisuse stsenaariume. Liikumisanduri tuvastades edastab v\u00e4rav m\u00e4rguande telefoni, muutes sinu kodu nutikamaks ja turvalisemaks.<\/p>\n<p>\n  <img decoding=\"async\" src=\"https:\/\/blankpage.ee\/_ruumist-ruumi\/wp-content\/uploads\/2025\/04\/1-391.webp\" alt=\"Nutikodu Zigbee liikumisandur SONOFF v\u00e4rava k\u00f5rval simuleerimas turvastsenaariumi\"\/>\n<\/p>\n<h3>Lai seadmete valik ja paindlikud automaatikad<\/h3>\n<p>SONOFF Zigbee nutikodu v\u00e4rav \u00fchildub l\u00fclitite, pistikute ja anduritega, pakkudes hulgaliselt v\u00f5imalusi s\u00fcsteemi laiendamiseks ja kohandamiseks vastavalt vajadustele.<\/p>\n<p>\n  <img decoding=\"async\" src=\"https:\/\/blankpage.ee\/_ruumist-ruumi\/wp-content\/uploads\/2025\/04\/3-374.webp\" alt=\"\u00dchilduvad Zigbee seadmed ja andurid SONOFF keskseadmega\"\/>\n<\/p>\n<h3>H\u00e4\u00e4ljuhtimine ja nutikad stsenaariumid igap\u00e4evaeluks<\/h3>\n<p>Automatiseeri kodu mugavaks \u2013 seadista automaatset ventilaatori sissel\u00fclitamist vastavalt temperatuurile v\u00f5i tuled kustuma lahkudes. H\u00e4\u00e4ljuhtimine muudab igap\u00e4evased toimingud lihtsaks.<\/p>\n<p>\n  <img decoding=\"async\" src=\"https:\/\/blankpage.ee\/_ruumist-ruumi\/wp-content\/uploads\/2025\/04\/6-291.webp\" alt=\"Nutikodu automaatikad Zigbee keskseadme ja h\u00e4\u00e4lassistentidega\"\/>\n<\/p>\n<h3>Komplekti sisu<\/h3>\n<ul>\n<li>Zigbee v\u00e4rav SONOFF ZBBridge-U<\/li>\n<li>V\u00f5rgukaabel (1 m)<\/li>\n<li>Kasutusjuhend<\/li>\n<li>USB-C kaabel (1 m)<\/li>\n<\/ul>\n<p>\n  <img decoding=\"async\" src=\"https:\/\/blankpage.ee\/_ruumist-ruumi\/wp-content\/uploads\/2025\/04\/7-256.webp\" alt=\"SONOFF Zigbee nutikodu v\u00e4rava komplekti kuuluvad tarvikud laual\"\/>\n<\/p>\n<h3>Tehnilised andmed<\/h3>\n<table>\n<tr>\n<th>Tootja<\/th>\n<td>SONOFF<\/td>\n<\/tr>\n<tr>\n<th>Mudel<\/th>\n<td>ZBBridge-U<\/td>\n<\/tr>\n<tr>\n<th>V\u00f5rgu\u00fchendus<\/th>\n<td>RJ45 (10 \/ 100 Mbps)<\/td>\n<\/tr>\n<tr>\n<th>Toitepesa<\/th>\n<td>USB-C<\/td>\n<\/tr>\n<tr>\n<th>Toiteallikas<\/th>\n<td>5 V \u2013 1 A<\/td>\n<\/tr>\n<tr>\n<th>\u00dchendused<\/th>\n<td>Wi-Fi \/ Ethernet<\/td>\n<\/tr>\n<tr>\n<th>Traadita \u00fchenduvus<\/th>\n<td>Wi-Fi IEEE 802.11 b\/g\/n 2.4 GHz, Zigbee 3.0<\/td>\n<\/tr>\n<tr>\n<th>T\u00f6\u00f6temperatuur<\/th>\n<td>-10\u00b0C kuni 40\u00b0C<\/td>\n<\/tr>\n<tr>\n<th>\u00d5huniiskus<\/th>\n<td>5\u201395% RH (ilma kondensaadita)<\/td>\n<\/tr>\n<tr>\n<th>Materjal<\/th>\n<td>PC + ABS<\/td>\n<\/tr>\n<tr>\n<th>Protsessor<\/th>\n<td>1,5 GHz kahe tuumaga<\/td>\n<\/tr>\n<tr>\n<th>M\u00e4lu<\/th>\n<td>1 GB DDR4, 8 GB eMMC<\/td>\n<\/tr>\n<tr>\n<th>Maksimaalne \u00fchendatud seadmete arv<\/th>\n<td>256<\/td>\n<\/tr>\n<tr>\n<th>\u00dchilduvus<\/th>\n<td>Apple Home, Amazon Alexa, Google Home, SmartThings<\/td>\n<\/tr>\n<\/table>\n<p><strong>Zigbee nutikodu v\u00e4rav<\/strong> v\u00f5imaldab k\u00f5iki sinu seadmeid ohutult ja kiirelt juhtida kaasaegse keskseadme kaudu.<\/p>\n","protected":false},"excerpt":{"rendered":"<p>Zigbee nutikodu v\u00e4rav Matteri ja Zigbee \u00fchendamiseks \u2013 SONOFF ZBBridge-U Zigbee nutikodu v\u00e4rav SONOFF ZBBridge-U on kaasaegne keskseade, mis v\u00f5imaldab \u00fchendada k\u00f5ik sinu Zigbee seadmed Matteri \u00f6kos\u00fcsteemiga ning hallata neid mugavalt populaarsete platvormide kaudu: Apple Home, Google Home, Amazon Alexa ja SmartThings. Seade muudab nutikodu seadmete juhtimise lihtsaks nii rakenduse kui h\u00e4\u00e4lk\u00e4skluste abil. V\u00f5imas riistvara [&hellip;]<\/p>\n","protected":false},"featured_media":172305,"comment_status":"open","ping_status":"open","template":"","meta":[],"product_brand":[3037],"product_cat":[3046],"product_tag":[],"class_list":{"0":"post-172297","1":"product","2":"type-product","3":"status-publish","4":"has-post-thumbnail","6":"product_brand-sonoff","7":"product_cat-nutikeskused","8":"product_shipping_class-innpro","10":"first","11":"instock","12":"sale","13":"taxable","14":"shipping-taxable","15":"purchasable","16":"product-type-simple"},"_links":{"self":[{"href":"https:\/\/blankpage.ee\/_ruumist-ruumi\/wp-json\/wp\/v2\/product\/172297","targetHints":{"allow":["GET"]}}],"collection":[{"href":"https:\/\/blankpage.ee\/_ruumist-ruumi\/wp-json\/wp\/v2\/product"}],"about":[{"href":"https:\/\/blankpage.ee\/_ruumist-ruumi\/wp-json\/wp\/v2\/types\/product"}],"replies":[{"embeddable":true,"href":"https:\/\/blankpage.ee\/_ruumist-ruumi\/wp-json\/wp\/v2\/comments?post=172297"}],"wp:featuredmedia":[{"embeddable":true,"href":"https:\/\/blankpage.ee\/_ruumist-ruumi\/wp-json\/wp\/v2\/media\/172305"}],"wp:attachment":[{"href":"https:\/\/blankpage.ee\/_ruumist-ruumi\/wp-json\/wp\/v2\/media?parent=172297"}],"wp:term":[{"taxonomy":"product_brand","embeddable":true,"href":"https:\/\/blankpage.ee\/_ruumist-ruumi\/wp-json\/wp\/v2\/product_brand?post=172297"},{"taxonomy":"product_cat","embeddable":true,"href":"https:\/\/blankpage.ee\/_ruumist-ruumi\/wp-json\/wp\/v2\/product_cat?post=172297"},{"taxonomy":"product_tag","embeddable":true,"href":"https:\/\/blankpage.ee\/_ruumist-ruumi\/wp-json\/wp\/v2\/product_tag?post=172297"}],"curies":[{"name":"wp","href":"https:\/\/api.w.org\/{rel}","templated":true}]}}