{"id":172453,"date":"2025-04-19T08:15:08","date_gmt":"2025-04-19T08:15:08","guid":{"rendered":"https:\/\/ruumistruumi.ee\/pood\/nutikas-zigbee-uksekell-heiman-hs2db-tuya-100-m-seadistatav-helin\/"},"modified":"2025-08-21T08:19:05","modified_gmt":"2025-08-21T08:19:05","slug":"nutikas-zigbee-uksekell-heiman-hs2db-tuya-100-m-seadistatav-helin","status":"publish","type":"product","link":"https:\/\/blankpage.ee\/_ruumist-ruumi\/pood\/nutikas-zigbee-uksekell-heiman-hs2db-tuya-100-m-seadistatav-helin\/","title":{"rendered":"Nutikas Zigbee uksekell Heiman HS2DB Tuya \u2013 100 m, seadistatav helin"},"content":{"rendered":"<h3>Nutikas Zigbee uksekell Heiman HS2DB Tuya \u2013 100 m, seadistatav helin<\/h3>\n<p>Nutikas Zigbee uksekell pakub igap\u00e4evast mugavust ja kindlustunnet. Saad h\u00f5lpsasti juhtida uksekella t\u00f6\u00f6d oma nutiseadme kaudu ning olla alati kursis, kui keegi sinu uksele l\u00e4heneb \u2013 olenemata asukohast. See uksekell \u00fchendub Zigbee v\u00e4rava kaudu, v\u00f5imaldab kaugjuhtimist ning annab m\u00e4rku madala patarei taseme korral. Seadme paigaldus on kiire ja lihtne t\u00e4nu plug-and-play lahendusele.<\/p>\n<p><img decoding=\"async\" src=\"https:\/\/blankpage.ee\/_ruumist-ruumi\/wp-content\/uploads\/2025\/04\/1-402.webp\" alt=\"Nutikas Zigbee uksekell Heiman HS2DB valge korpus\"\/><\/p>\n<h3>Kindel ja ulatuslik juhtmevaba \u00fchendus<\/h3>\n<p>Iga kord, kui vajutad uksekella nuppu, saadetakse teade Zigbee v\u00e4ravale ning selle kaudu otse sinu nutiseadmesse. Nutikas Zigbee uksekell \u00fchildub suurep\u00e4raselt Zigbee gateway&#8217;ga ning seadistamine on lihtne \u2013 vajuta lisamisnuppu ja seadme lisandumist kinnitab helisignaal. Juhtmevaba ulatus on kuni 100 meetrit ning katvust saab v\u00e4rava abil veelgi laiendada, et uksekella heli oleks alati kuuldav.<\/p>\n<p><img decoding=\"async\" src=\"https:\/\/blankpage.ee\/_ruumist-ruumi\/wp-content\/uploads\/2025\/04\/2-402.webp\" alt=\"Juhtmevaba Zigbee uksekella signaali leviala kodus\"\/><\/p>\n<h3>Reaalajas teavitused telefoni<\/h3>\n<p>Heiman HS2DB Tuya uksekell saadab kohese m\u00e4rguande sinu telefoni iga kord, kui uksekella kasutatakse. Nii oled alati teadlik, kes uksele tuleb, isegi kui oled t\u00f6\u00f6l, jalutamas v\u00f5i reisil.<\/p>\n<p><img decoding=\"async\" src=\"https:\/\/blankpage.ee\/_ruumist-ruumi\/wp-content\/uploads\/2025\/04\/4-376.webp\" alt=\"Uksekell annab m\u00e4rguande Tuya rakenduse kaudu sinu nutitelefoni\"\/><\/p>\n<h3>Isikup\u00e4rane helin ja kaasaegne disain<\/h3>\n<p>Uksekell v\u00f5imaldab valida erinevaid meloodiaid, et see sobituks sinu maitsega. Kompaktne m\u00f5\u00f5t ja kerge kaal teevad seadme paigaldamise mugavaks ning diskreetne disain sobitub igale sissep\u00e4\u00e4sule.<\/p>\n<p><img decoding=\"async\" src=\"https:\/\/blankpage.ee\/_ruumist-ruumi\/wp-content\/uploads\/2025\/04\/7-259.webp\" alt=\"Heiman nutika uksekella detailne vaade ja minimalistlik disain\"\/><\/p>\n<h3>Komplekti kuulub<\/h3>\n<ul>\n<li>Nutikas uksekell<\/li>\n<li>Uksekella nupp<\/li>\n<li>Kinnitusdetailid<\/li>\n<li>Kasutusjuhend<\/li>\n<li>Patarei<\/li>\n<li>Kruvid (2 tk)<\/li>\n<li>Seinakinnituse t\u00fc\u00fcblid (2 tk)<\/li>\n<li>Kahepoolne teip<\/li>\n<\/ul>\n<h3>Tehnilised andmed<\/h3>\n<table>\n<tbody>\n<tr>\n<th>Tootja<\/th>\n<td>Heiman<\/td>\n<\/tr>\n<tr>\n<th>Mudel<\/th>\n<td>HS2DB Tuya<\/td>\n<\/tr>\n<tr>\n<th>T\u00f6\u00f6pinge<\/th>\n<td>DC 3V (1 \u00d7 CR2450)<\/td>\n<\/tr>\n<tr>\n<th>\u00dchendusviis<\/th>\n<td>Zigbee<\/td>\n<\/tr>\n<tr>\n<th>T\u00f6\u00f6temperatuur<\/th>\n<td>0&nbsp;\u2103 ~ +40&nbsp;\u2103<\/td>\n<\/tr>\n<tr>\n<th>T\u00f6\u00f6niiskus<\/th>\n<td>Kuni 95% RH (kondenseerumata)<\/td>\n<\/tr>\n<tr>\n<th>M\u00f5\u00f5dud<\/th>\n<td>\u03a662,4 mm \u00d7 14,6 mm<\/td>\n<\/tr>\n<tr>\n<th>Raadiosagedus<\/th>\n<td>2400\u20132480 MHz<\/td>\n<\/tr>\n<tr>\n<th>Maksimaalne raadiosageduse v\u00f5imsus<\/th>\n<td>8 dB<\/td>\n<\/tr>\n<tr>\n<th>\u00dclekande ulatus<\/th>\n<td>Kuni 100 m<\/td>\n<\/tr>\n<\/tbody>\n<\/table>\n","protected":false},"excerpt":{"rendered":"<p>Nutikas Zigbee uksekell Heiman HS2DB Tuya \u2013 100 m, seadistatav helin Nutikas Zigbee uksekell pakub igap\u00e4evast mugavust ja kindlustunnet. Saad h\u00f5lpsasti juhtida uksekella t\u00f6\u00f6d oma nutiseadme kaudu ning olla alati kursis, kui keegi sinu uksele l\u00e4heneb \u2013 olenemata asukohast. See uksekell \u00fchendub Zigbee v\u00e4rava kaudu, v\u00f5imaldab kaugjuhtimist ning annab m\u00e4rku madala patarei taseme korral. Seadme [&hellip;]<\/p>\n","protected":false},"featured_media":172458,"comment_status":"open","ping_status":"open","template":"","meta":[],"product_brand":[3077],"product_cat":[3044],"product_tag":[],"class_list":{"0":"post-172453","1":"product","2":"type-product","3":"status-publish","4":"has-post-thumbnail","6":"product_brand-heiman","7":"product_cat-juurdepaasu-kontroll","8":"product_shipping_class-innpro","10":"first","11":"instock","12":"sale","13":"taxable","14":"shipping-taxable","15":"purchasable","16":"product-type-simple"},"_links":{"self":[{"href":"https:\/\/blankpage.ee\/_ruumist-ruumi\/wp-json\/wp\/v2\/product\/172453","targetHints":{"allow":["GET"]}}],"collection":[{"href":"https:\/\/blankpage.ee\/_ruumist-ruumi\/wp-json\/wp\/v2\/product"}],"about":[{"href":"https:\/\/blankpage.ee\/_ruumist-ruumi\/wp-json\/wp\/v2\/types\/product"}],"replies":[{"embeddable":true,"href":"https:\/\/blankpage.ee\/_ruumist-ruumi\/wp-json\/wp\/v2\/comments?post=172453"}],"wp:featuredmedia":[{"embeddable":true,"href":"https:\/\/blankpage.ee\/_ruumist-ruumi\/wp-json\/wp\/v2\/media\/172458"}],"wp:attachment":[{"href":"https:\/\/blankpage.ee\/_ruumist-ruumi\/wp-json\/wp\/v2\/media?parent=172453"}],"wp:term":[{"taxonomy":"product_brand","embeddable":true,"href":"https:\/\/blankpage.ee\/_ruumist-ruumi\/wp-json\/wp\/v2\/product_brand?post=172453"},{"taxonomy":"product_cat","embeddable":true,"href":"https:\/\/blankpage.ee\/_ruumist-ruumi\/wp-json\/wp\/v2\/product_cat?post=172453"},{"taxonomy":"product_tag","embeddable":true,"href":"https:\/\/blankpage.ee\/_ruumist-ruumi\/wp-json\/wp\/v2\/product_tag?post=172453"}],"curies":[{"name":"wp","href":"https:\/\/api.w.org\/{rel}","templated":true}]}}