{"id":172482,"date":"2025-04-19T08:17:06","date_gmt":"2025-04-19T08:17:06","guid":{"rendered":"https:\/\/ruumistruumi.ee\/pood\/zigbee-nutisireen-heiman-hs2wd-tuya-juhtmevaba-alarmisireen-akuvaruga-95-db\/"},"modified":"2025-08-21T08:19:05","modified_gmt":"2025-08-21T08:19:05","slug":"zigbee-nutisireen-heiman-hs2wd-tuya-juhtmevaba-alarmisireen-akuvaruga-95-db","status":"publish","type":"product","link":"https:\/\/blankpage.ee\/_ruumist-ruumi\/pood\/zigbee-nutisireen-heiman-hs2wd-tuya-juhtmevaba-alarmisireen-akuvaruga-95-db\/","title":{"rendered":"Zigbee nutisireen Heiman HS2WD Tuya \u2013 juhtmevaba alarmisireen akuvaruga (95 dB)"},"content":{"rendered":"<h3>Zigbee nutisireen Heiman HS2WD Tuya \u2013 t\u00f5hus juhtmevaba alarm kodu turvamiseks<\/h3>\n<p>Zigbee nutisireen Heiman HS2WD t\u00f6\u00f6tab Zigbee v\u00f5rgus ning on juhtmevaba, pakkudes usaldusv\u00e4\u00e4rset turvalahendust igasse nutikodusse. Sireen \u00fchildub Zigbee l\u00fc\u00fcsi kaudu otse sinu nutitelefoni v\u00f5i tahvelarvuti rakendusega, v\u00f5imaldades alarmi mugavalt seadistada ja juhtida. Sisseehitatud laetav aku ning voolukatkestuse indikaator tagavad seadme t\u00f6\u00f6kindluse isegi elektrikatkestuse ajal.<\/p>\n<p><img decoding=\"async\" src=\"https:\/\/blankpage.ee\/_ruumist-ruumi\/wp-content\/uploads\/2025\/04\/1-405.webp\" alt=\"Heiman Zigbee nutisireen \u2013 \u00fcmmargune valge kujundus ja br\u00e4ndi logo\"\/><\/p>\n<h3>Tugev helisignaal ja valgush\u00e4ire kaitseks sissetungijate eest<\/h3>\n<p>HS2WD mudelil on v\u00f5imas, kuni 95 dB helitugevusega alarmisireen ning ere valguss\u00e4hvatus, mis teevad ohuolukorrast k\u00f5igile selgelt m\u00e4rku. Nutikas Zigbee alarm t\u00f6\u00f6tab hoiatades nii heliliselt kui visuaalselt, aidates t\u00f5husalt sissetungijaid heidutada.<\/p>\n<p><img decoding=\"async\" src=\"https:\/\/blankpage.ee\/_ruumist-ruumi\/wp-content\/uploads\/2025\/04\/2-405.webp\" alt=\"Alarmi sireen t\u00e4isheliga ja valgussignaaliga\"\/><\/p>\n<h3>Paindlik \u00fchilduvus erinevate seadmetega<\/h3>\n<p>Zigbee nutisireen \u00fchildub Zigbee HA 1.2 standardi l\u00fc\u00fcsidega, v\u00f5imaldades sidumist mitmesuguste andurite ja nutikodu seadmetega. Selline seadmete kooslus v\u00f5imaldab \u00fcles ehitada tervikliku ja h\u00e4sti juhitava turvas\u00fcsteemi, mida saad hallata \u00fchest rakendusest.<\/p>\n<p><img decoding=\"async\" src=\"https:\/\/blankpage.ee\/_ruumist-ruumi\/wp-content\/uploads\/2025\/04\/3-387.webp\" alt=\"Zigbee seadmetega \u00fchilduv nutisireen\"\/><\/p>\n<h3>Teavitused ja kaugjuhtimine k\u00f5ikjal<\/h3>\n<p>Sekundite jooksul saad kaugteavitusi nutitelefoni v\u00f5i tahvelarvuti kaudu. Zigbee nutisireen v\u00f5imaldab alarmi aktiveerida ja seadet juhtida ka siis, kui viibid kodust eemal. See tagab suurema turvatunde igas olukorras.<\/p>\n<p><img decoding=\"async\" src=\"https:\/\/blankpage.ee\/_ruumist-ruumi\/wp-content\/uploads\/2025\/04\/4-379.webp\" alt=\"Kaugjuhitav Zigbee alarm nutiseadmes\"\/><\/p>\n<h3>Katkematu t\u00f6\u00f6 t\u00e4nu akuvarule<\/h3>\n<p>Heiman HS2WD sisseehitatud akuga t\u00f6\u00f6tab kuni 4 tundi p\u00e4rast voolukatkestust ning sireen j\u00e4\u00e4b h\u00e4ire korral t\u00f6\u00f6le veel 5 minutiks. See aitab sinu kodu kaitsta ootamatute elektrikatkestuste ajal.<\/p>\n<p><img decoding=\"async\" src=\"https:\/\/blankpage.ee\/_ruumist-ruumi\/wp-content\/uploads\/2025\/04\/5-323.webp\" alt=\"Zigbee nutisireen varutoitega ja akuikooniga\"\/><\/p>\n<h3>Lihtne paigaldus \u2013 Plug &#038; Play<\/h3>\n<p>Sireeni paigaldus on kiire ja lihtne t\u00e4nu Plug &#038; Play lahendusele. Eelnev kogemus pole vajalik \u2013 paigaldamisega saad hakkama iga\u00fcks.<\/p>\n<p><img decoding=\"async\" src=\"https:\/\/blankpage.ee\/_ruumist-ruumi\/wp-content\/uploads\/2025\/04\/6-297.webp\" alt=\"Juhtmevaba Zigbee nutisireeni kiire paigaldus\"\/><\/p>\n<div class=\"table-wrapper\">\n<table>\n<tbody>\n<tr>\n<th>Tootja<\/th>\n<td>Heiman<\/td>\n<\/tr>\n<tr>\n<th>Mudel<\/th>\n<td>HS2WD Tuya<\/td>\n<\/tr>\n<tr>\n<th>T\u00f6\u00f6pinge<\/th>\n<td>AC 100-240V~ 50Hz\/60Hz, 10mA<\/td>\n<\/tr>\n<tr>\n<th>Varuaku<\/th>\n<td>3,7V, 720mAh<\/td>\n<\/tr>\n<tr>\n<th>Helitugevus<\/th>\n<td>95dB (1 m kaugusel)<\/td>\n<\/tr>\n<tr>\n<th>Juhtmevaba ulatus<\/th>\n<td>\u226480 m (avatud siseruumis)<\/td>\n<\/tr>\n<tr>\n<th>T\u00f6\u00f6tamistemperatuur<\/th>\n<td>-10 \u2103 ~ +50 \u2103<\/td>\n<\/tr>\n<tr>\n<th>\u00d5huniiskus<\/th>\n<td>\u226495% RH (mittekondenseeruval kujul)<\/td>\n<\/tr>\n<tr>\n<th>V\u00f5rgulahendus<\/th>\n<td>Zigbee<\/td>\n<\/tr>\n<tr>\n<th>M\u00f5\u00f5dud<\/th>\n<td>80 mm x H32 mm<\/td>\n<\/tr>\n<tr>\n<th>Raadiosagedus<\/th>\n<td>2400-2480 MHz<\/td>\n<\/tr>\n<tr>\n<th>Maksimaalne raadiosageduse v\u00f5imsus<\/th>\n<td>19dBm<\/td>\n<\/tr>\n<\/tbody>\n<\/table>\n<\/div>\n","protected":false},"excerpt":{"rendered":"<p>Zigbee nutisireen Heiman HS2WD Tuya \u2013 t\u00f5hus juhtmevaba alarm kodu turvamiseks Zigbee nutisireen Heiman HS2WD t\u00f6\u00f6tab Zigbee v\u00f5rgus ning on juhtmevaba, pakkudes usaldusv\u00e4\u00e4rset turvalahendust igasse nutikodusse. Sireen \u00fchildub Zigbee l\u00fc\u00fcsi kaudu otse sinu nutitelefoni v\u00f5i tahvelarvuti rakendusega, v\u00f5imaldades alarmi mugavalt seadistada ja juhtida. Sisseehitatud laetav aku ning voolukatkestuse indikaator tagavad seadme t\u00f6\u00f6kindluse isegi elektrikatkestuse ajal. [&hellip;]<\/p>\n","protected":false},"featured_media":172489,"comment_status":"open","ping_status":"open","template":"","meta":[],"product_brand":[3077],"product_cat":[3044],"product_tag":[],"class_list":{"0":"post-172482","1":"product","2":"type-product","3":"status-publish","4":"has-post-thumbnail","6":"product_brand-heiman","7":"product_cat-juurdepaasu-kontroll","8":"product_shipping_class-innpro","10":"first","11":"instock","12":"sale","13":"taxable","14":"shipping-taxable","15":"purchasable","16":"product-type-simple"},"_links":{"self":[{"href":"https:\/\/blankpage.ee\/_ruumist-ruumi\/wp-json\/wp\/v2\/product\/172482","targetHints":{"allow":["GET"]}}],"collection":[{"href":"https:\/\/blankpage.ee\/_ruumist-ruumi\/wp-json\/wp\/v2\/product"}],"about":[{"href":"https:\/\/blankpage.ee\/_ruumist-ruumi\/wp-json\/wp\/v2\/types\/product"}],"replies":[{"embeddable":true,"href":"https:\/\/blankpage.ee\/_ruumist-ruumi\/wp-json\/wp\/v2\/comments?post=172482"}],"wp:featuredmedia":[{"embeddable":true,"href":"https:\/\/blankpage.ee\/_ruumist-ruumi\/wp-json\/wp\/v2\/media\/172489"}],"wp:attachment":[{"href":"https:\/\/blankpage.ee\/_ruumist-ruumi\/wp-json\/wp\/v2\/media?parent=172482"}],"wp:term":[{"taxonomy":"product_brand","embeddable":true,"href":"https:\/\/blankpage.ee\/_ruumist-ruumi\/wp-json\/wp\/v2\/product_brand?post=172482"},{"taxonomy":"product_cat","embeddable":true,"href":"https:\/\/blankpage.ee\/_ruumist-ruumi\/wp-json\/wp\/v2\/product_cat?post=172482"},{"taxonomy":"product_tag","embeddable":true,"href":"https:\/\/blankpage.ee\/_ruumist-ruumi\/wp-json\/wp\/v2\/product_tag?post=172482"}],"curies":[{"name":"wp","href":"https:\/\/api.w.org\/{rel}","templated":true}]}}