{"id":172571,"date":"2025-04-19T08:25:09","date_gmt":"2025-04-19T08:25:09","guid":{"rendered":"https:\/\/ruumistruumi.ee\/pood\/nutikas-turvakaamera-yi-2k-pro-3mp-wi-fi-ooreziim-kahesuunaline-heli\/"},"modified":"2025-08-21T08:19:04","modified_gmt":"2025-08-21T08:19:04","slug":"nutikas-turvakaamera-yi-2k-pro-3mp-wi-fi-ooreziim-kahesuunaline-heli","status":"publish","type":"product","link":"https:\/\/blankpage.ee\/_ruumist-ruumi\/pood\/nutikas-turvakaamera-yi-2k-pro-3mp-wi-fi-ooreziim-kahesuunaline-heli\/","title":{"rendered":"Nutikas turvakaamera YI 2K Pro 3MP (Wi-Fi, \u00f6\u00f6re\u017eiim, kahesuunaline heli)"},"content":{"rendered":"<h3>Nutikas turvakaamera YI 2K Pro 3MP<\/h3>\n<p>Nutikas turvakaamera YI 2K Pro 3MP on usaldusv\u00e4\u00e4rne lahendus kodu siseruumide j\u00e4lgimiseks. 2K (2304 \u00d7 1296) k\u00f5rglahutusega pilt tagab detailirohked salvestused, mis v\u00f5imaldab lihtsalt iga olulise hetke j\u00e4\u00e4dvustada. T\u00e4nu intelligentsele liikumis- ja helituvastusele reageerib kaamera kiiresti igale ootamatule s\u00fcndmusele. Inimsilueti tuvastamine aitab v\u00e4hendada valeteavitusi, samas kui helituvastus, n\u00e4iteks lapse nutu v\u00f5i muude ebatavaliste helide puhul, annab aegsasti m\u00e4rguande v\u00f5imaliku ohu kohta.<\/p>\n<p><img decoding=\"async\" src=\"https:\/\/blankpage.ee\/_ruumist-ruumi\/wp-content\/uploads\/2025\/04\/4-384.webp\" alt=\"nutikas turvakaamera YI 2K Pro 3MP eluruumis\"\/><\/p>\n<h3>Suurep\u00e4rane pildikvaliteet ja lai vaatenurk<\/h3>\n<p>Kaamera objektiiviga on v\u00f5imalik j\u00e4lgida ruume t\u00e4nu vaatenurkadele 106\u00b0 (diagonaalne), 87\u00b0 (horisontaalne) ja 52\u00b0 (vertikaalne). Nii katab seadeldis laiemad alad ning v\u00e4hendab pimedaid soppe. 2K lahutusv\u00f5ime toob k\u00f5ik vajalikud detailid selgelt esile.<\/p>\n<p><img decoding=\"async\" src=\"https:\/\/blankpage.ee\/_ruumist-ruumi\/wp-content\/uploads\/2025\/04\/5-330.webp\" alt=\"sisekaamera k\u00f5rge 2K detailsus\"\/><\/p>\n<h3>Lihtne suhtlemine t\u00e4nu kahesuunalisele helile<\/h3>\n<p>Integreeritud mikrofon ja k\u00f5lar muudavad v\u00f5imaliku kahesuunalise suhtluse\u2014olgu sul vaja r\u00e4\u00e4kida toas viibijatega v\u00f5i peletada soovimatu k\u00fclaline, seda saab teha igal ajal ja k\u00f5ikjalt.<\/p>\n<p><img decoding=\"async\" src=\"https:\/\/blankpage.ee\/_ruumist-ruumi\/wp-content\/uploads\/2025\/04\/1-413.webp\" alt=\"kahesuunalise heli funktsiooniga turvakaamera kasutamisel\"\/><\/p>\n<h3>Turvaline salvestamine \u2013 pilveteenus ja microSD tugi<\/h3>\n<p>Kaamera toetab kuni 128 GB microSD-m\u00e4lukaarte ja YI Cloud pilveteenust, pakkudes salvestistele turvalist ja pidevat ligip\u00e4\u00e4su. V\u00f5imalik seadistada j\u00e4lgimisalasid ehk valvetsone, keskendudes ainult olulistele piirkondadele. K\u00f5ik funktsioonid on mugavalt juhitavad l\u00e4bi Yi Home mobiilirakenduse.<\/p>\n<p><img decoding=\"async\" src=\"https:\/\/blankpage.ee\/_ruumist-ruumi\/wp-content\/uploads\/2025\/04\/9-107.webp\" alt=\"turvakaamera salvestiste haldamine pilveteenuse kaudu\"\/><\/p>\n<h3>T\u00f5hus \u00f6\u00f6re\u017eiim \u2013 turvalisus igal hetkel<\/h3>\n<p>Kuus v\u00f5imsat 940 nm infrapunavalgustit tagavad selged ja detailsed \u00f6\u00f6salvestused. Ka t\u00e4iesti pimedas ruumis on kodu j\u00e4lgimine alati tagatud t\u00e4nu nutika turvakaamera \u00f6\u00f6re\u017eiimile.<\/p>\n<p><img decoding=\"async\" src=\"https:\/\/blankpage.ee\/_ruumist-ruumi\/wp-content\/uploads\/2025\/04\/6-301.webp\" alt=\"turvakaamera \u00f6\u00f6re\u017eiimis pimedas\"\/><\/p>\n<h3>Ajalise intervalliga salvestus ning personaalsed re\u017eiimid<\/h3>\n<p>Ajalise intervalliga videosalvestus annab v\u00f5imaluse j\u00e4\u00e4dvustada p\u00e4eva jooksul toimuvad muutused v\u00f5i valmistada huvitavaid videoklippe. Nutikas turvakaamera Home ja Away re\u017eiimid v\u00f5imaldavad seadistada teavitused vastavalt sellele, kas viibid kodus v\u00f5i eemal ning aitavad kontrollida, millal ja millist infot saad.<\/p>\n<p><img decoding=\"async\" src=\"https:\/\/blankpage.ee\/_ruumist-ruumi\/wp-content\/uploads\/2025\/04\/2-409.webp\" alt=\"kodukaamera intervallidega videosalvestuse v\u00f5imekus\"\/><\/p>\n<h3>P\u00f5hiandmed<\/h3>\n<table>\n<tr>\n<th>Tootja<\/th>\n<td>YI<\/td>\n<\/tr>\n<tr>\n<th>Mudel<\/th>\n<td>2K Pro<\/td>\n<\/tr>\n<tr>\n<th>Tootekood<\/th>\n<td>Y624<\/td>\n<\/tr>\n<tr>\n<th>M\u00f5\u00f5tmed<\/th>\n<td>68,4 \u00d7 68,4 \u00d7 108 mm<\/td>\n<\/tr>\n<tr>\n<th>Kaal<\/th>\n<td>135 g<\/td>\n<\/tr>\n<tr>\n<th>Resolutsioon<\/th>\n<td>2304 \u00d7 1296<\/td>\n<\/tr>\n<tr>\n<th>Vaatenurgad<\/th>\n<td>106\u00b0\/87\u00b0\/52\u00b0<\/td>\n<\/tr>\n<tr>\n<th>Infrapuna<\/th>\n<td>6 \u00d7 940 nm LED<\/td>\n<\/tr>\n<tr>\n<th>M\u00e4lumaht<\/th>\n<td>Kuni 128 GB microSD \/ YI Cloud<\/td>\n<\/tr>\n<tr>\n<th>Wi-Fi<\/th>\n<td>2,4 GHz<\/td>\n<\/tr>\n<tr>\n<th>Toiteallikas<\/th>\n<td>5 V \/ 1 A<\/td>\n<\/tr>\n<tr>\n<th>T\u00f6\u00f6temperatuur<\/th>\n<td>10 \u2013 50 \u00b0C<\/td>\n<\/tr>\n<tr>\n<th>\u00d5huniiskus<\/th>\n<td>20 \u2013 70% RH<\/td>\n<\/tr>\n<\/table>\n<h3>Komplektis:<\/h3>\n<ul>\n<li>nutikas turvakaamera YI 2K Pro 3MP<\/li>\n<li>USB-kaabel<\/li>\n<li>Toiteadapter<\/li>\n<li>Kasutusjuhend<\/li>\n<\/ul>\n","protected":false},"excerpt":{"rendered":"<p>Nutikas turvakaamera YI 2K Pro 3MP Nutikas turvakaamera YI 2K Pro 3MP on usaldusv\u00e4\u00e4rne lahendus kodu siseruumide j\u00e4lgimiseks. 2K (2304 \u00d7 1296) k\u00f5rglahutusega pilt tagab detailirohked salvestused, mis v\u00f5imaldab lihtsalt iga olulise hetke j\u00e4\u00e4dvustada. T\u00e4nu intelligentsele liikumis- ja helituvastusele reageerib kaamera kiiresti igale ootamatule s\u00fcndmusele. Inimsilueti tuvastamine aitab v\u00e4hendada valeteavitusi, samas kui helituvastus, n\u00e4iteks lapse [&hellip;]<\/p>\n","protected":false},"featured_media":172578,"comment_status":"open","ping_status":"open","template":"","meta":[],"product_brand":[3081],"product_cat":[3056],"product_tag":[],"class_list":{"0":"post-172571","1":"product","2":"type-product","3":"status-publish","4":"has-post-thumbnail","6":"product_brand-yi","7":"product_cat-ip-kaamerad","8":"product_shipping_class-innpro","10":"first","11":"instock","12":"sale","13":"taxable","14":"shipping-taxable","15":"purchasable","16":"product-type-simple"},"_links":{"self":[{"href":"https:\/\/blankpage.ee\/_ruumist-ruumi\/wp-json\/wp\/v2\/product\/172571","targetHints":{"allow":["GET"]}}],"collection":[{"href":"https:\/\/blankpage.ee\/_ruumist-ruumi\/wp-json\/wp\/v2\/product"}],"about":[{"href":"https:\/\/blankpage.ee\/_ruumist-ruumi\/wp-json\/wp\/v2\/types\/product"}],"replies":[{"embeddable":true,"href":"https:\/\/blankpage.ee\/_ruumist-ruumi\/wp-json\/wp\/v2\/comments?post=172571"}],"wp:featuredmedia":[{"embeddable":true,"href":"https:\/\/blankpage.ee\/_ruumist-ruumi\/wp-json\/wp\/v2\/media\/172578"}],"wp:attachment":[{"href":"https:\/\/blankpage.ee\/_ruumist-ruumi\/wp-json\/wp\/v2\/media?parent=172571"}],"wp:term":[{"taxonomy":"product_brand","embeddable":true,"href":"https:\/\/blankpage.ee\/_ruumist-ruumi\/wp-json\/wp\/v2\/product_brand?post=172571"},{"taxonomy":"product_cat","embeddable":true,"href":"https:\/\/blankpage.ee\/_ruumist-ruumi\/wp-json\/wp\/v2\/product_cat?post=172571"},{"taxonomy":"product_tag","embeddable":true,"href":"https:\/\/blankpage.ee\/_ruumist-ruumi\/wp-json\/wp\/v2\/product_tag?post=172571"}],"curies":[{"name":"wp","href":"https:\/\/api.w.org\/{rel}","templated":true}]}}