{"id":172663,"date":"2025-04-19T08:35:52","date_gmt":"2025-04-19T08:35:52","guid":{"rendered":"https:\/\/ruumistruumi.ee\/pood\/nutikad-joulu-tuled-yeelight-20-m-200-led-rgbic-ip44-bluetooth\/"},"modified":"2025-08-21T08:19:03","modified_gmt":"2025-08-21T08:19:03","slug":"nutikad-joulu-tuled-yeelight-20-m-200-led-rgbic-ip44-bluetooth","status":"publish","type":"product","link":"https:\/\/blankpage.ee\/_ruumist-ruumi\/pood\/nutikad-joulu-tuled-yeelight-20-m-200-led-rgbic-ip44-bluetooth\/","title":{"rendered":"Nutikad j\u00f5ulu tuled Yeelight 20 m (200 LED, RGBIC, IP44, Bluetooth)"},"content":{"rendered":"<h3>Nutikad j\u00f5ulu tuled Yeelight 20 m \u2013 isikup\u00e4rane valgus sinu koju ja aeda<\/h3>\n<p>Nutikad j\u00f5ulu tuled annavad v\u00f5imaluse luua ainulaadne meeleolu nii siseruumides kui \u00f5ues. Yeelighti 20-meetrine valguskett koosneb 200 RGBIC LED-ist, mis pakuvad valikus kuni 16 miljonit v\u00e4rvitooni ja lugematul hulgal valgusefekte. T\u00e4nu nutikusele sobib see valguskett suurep\u00e4raselt j\u00f5ulupuu, r\u00f5du, akende v\u00f5i maja fassaadi dekoreerimiseks. Pikkus annab v\u00f5imaluse kaunistada ka suuremaid alasid ning valguskett on juhitav mugavalt l\u00e4bi \u00e4pi.<\/p>\n<p><img decoding=\"async\" src=\"https:\/\/blankpage.ee\/_ruumist-ruumi\/wp-content\/uploads\/2025\/04\/7-272.webp\" alt=\"Nutikad j\u00f5ulu tuled mitmev\u00e4rvilise LED valgusega, 20 meetrit\"\/><\/p>\n<h3>Mitmek\u00fclgsed valgusefektid ja d\u00fcnaamilisus<\/h3>\n<p>Valida saab enam kui 20 erineva valgusre\u017eiimi vahel, mis sobivad nii p\u00fchadeks kui igap\u00e4evaseks kaunistuseks. T\u00e4nu rakenduse DIY valikule on v\u00f5imalik luua just sulle sobivad valgusmustrid. RGBIC tehnoloogia v\u00f5imaldab iga LED-i individuaalset juhtimist ning pakub mitmekihilist valgusm\u00e4ngu.<\/p>\n<p><img decoding=\"async\" src=\"https:\/\/blankpage.ee\/_ruumist-ruumi\/wp-content\/uploads\/2025\/04\/1-422.webp\" alt=\"LED valguskett mustriliste valgusefektidega j\u00f5uludeks\"\/><\/p>\n<h3>Valgusti s\u00fcnkroonis muusikaga<\/h3>\n<p>Spetsiaalne muusikare\u017eiim v\u00f5imaldab nutikatel j\u00f5ulu tuledel reageerida heli ja r\u00fctmiga, muutes \u00f5hkkonna energiast pakatavaks pere\u00f5htutel, pidudel ja laulupidudel.<\/p>\n<p><img decoding=\"async\" src=\"https:\/\/blankpage.ee\/_ruumist-ruumi\/wp-content\/uploads\/2025\/04\/8-134.webp\" alt=\"J\u00f5uluvalguskett reageerimas muusikale ja muutmas v\u00e4rve\"\/><\/p>\n<h3>Mugav juhtimine rakenduse kaudu<\/h3>\n<p>Yeelight \u00e4pi abil saad h\u00f5lpsasti muuta valguse v\u00e4rvust, eredust, mustreid ja efekte. Intuitiivne kasutajaliides v\u00f5imaldab sul nutikaid j\u00f5ulu tulesid kiiresti vastavalt vajadusele seadistada.<\/p>\n<p><img decoding=\"async\" src=\"https:\/\/blankpage.ee\/_ruumist-ruumi\/wp-content\/uploads\/2025\/04\/9-109.webp\" alt=\"Yeelight valguskett nutitelefoni rakenduse juhtimiskuvaga\"\/><\/p>\n<h3>Kestab igas olukorras<\/h3>\n<p>Yeelight j\u00f5uluvalguskett on sobilik nii sise- kui v\u00e4litingimustesse: IP44 veekindlus ja t\u00f6\u00f6temperatuur -20\u00b0C kuni +60\u00b0C annavad kindlustunde, et valguskaunistusi saab kasutada ka aiad, terrassid ja r\u00f5dud igal aastaajal.<\/p>\n<p><img decoding=\"async\" src=\"https:\/\/blankpage.ee\/_ruumist-ruumi\/wp-content\/uploads\/2025\/04\/2-418.webp\" alt=\"Veekindel j\u00f5uluvalguskett \u00f5ues, talvises kasutuses\"\/><\/p>\n<h3>\u00dchildub Yeelight \u00f6kos\u00fcsteemiga<\/h3>\n<p>Nutikad j\u00f5ulu tuled sobituvad sujuvalt teiste Yeelight lahendustega, nagu kardinavalgustid \u2013 v\u00f5imaldades luua laiahaardelisi ja \u00fchtseid valguslahendusi p\u00fchadeks v\u00f5i s\u00fcndmusteks.<\/p>\n<p><img decoding=\"async\" src=\"https:\/\/blankpage.ee\/_ruumist-ruumi\/wp-content\/uploads\/2025\/04\/3-403.webp\" alt=\"Valguskett koos teiste Yeelight valgustoodetega siseruumides\"\/><\/p>\n<h3>Komplektis:<\/h3>\n<ul>\n<li>Yeelight j\u00f5uluvalguskett (20 m)<\/li>\n<li>Juhtpult<\/li>\n<li>Toiteadapter<\/li>\n<li>Kasutusjuhend<\/li>\n<\/ul>\n<div class=\"table-wrapper\">\n<table>\n<tbody>\n<tr>\n<th>Tootja<\/th>\n<td>Yeelight<\/td>\n<\/tr>\n<tr>\n<th>Mudel<\/th>\n<td>YLYDD-0056<\/td>\n<\/tr>\n<tr>\n<th>Pikkus<\/th>\n<td>20 m<\/td>\n<\/tr>\n<tr>\n<th>Tehnoloogia<\/th>\n<td>RGBIC<\/td>\n<\/tr>\n<tr>\n<th>LED-elementide arv<\/th>\n<td>200<\/td>\n<\/tr>\n<tr>\n<th>\u00dchenduvus<\/th>\n<td>Bluetooth<\/td>\n<\/tr>\n<tr>\n<th>Voolutugevus<\/th>\n<td>100\u2013240 V, 50\/60 Hz (toiteadapter)<\/td>\n<\/tr>\n<tr>\n<th>V\u00f5imsus<\/th>\n<td>DC 12V\u20132A \/ 24W<\/td>\n<\/tr>\n<tr>\n<th>Veekindlus<\/th>\n<td>IP44<\/td>\n<\/tr>\n<\/tbody>\n<\/table>\n<\/div>\n<p>Nutikad j\u00f5ulu tuled annavad igale kodule ja aiale piduliku, v\u00e4rvikireva ja erilise ilme.<\/p>\n","protected":false},"excerpt":{"rendered":"<p>Nutikad j\u00f5ulu tuled Yeelight 20 m \u2013 isikup\u00e4rane valgus sinu koju ja aeda Nutikad j\u00f5ulu tuled annavad v\u00f5imaluse luua ainulaadne meeleolu nii siseruumides kui \u00f5ues. Yeelighti 20-meetrine valguskett koosneb 200 RGBIC LED-ist, mis pakuvad valikus kuni 16 miljonit v\u00e4rvitooni ja lugematul hulgal valgusefekte. T\u00e4nu nutikusele sobib see valguskett suurep\u00e4raselt j\u00f5ulupuu, r\u00f5du, akende v\u00f5i maja fassaadi [&hellip;]<\/p>\n","protected":false},"featured_media":172670,"comment_status":"open","ping_status":"open","template":"","meta":[],"product_brand":[2933],"product_cat":[3058],"product_tag":[],"class_list":{"0":"post-172663","1":"product","2":"type-product","3":"status-publish","4":"has-post-thumbnail","6":"product_brand-yeelight","7":"product_cat-dekoratiivne-valgustus","8":"product_shipping_class-innpro","10":"first","11":"instock","12":"sale","13":"taxable","14":"shipping-taxable","15":"purchasable","16":"product-type-simple"},"_links":{"self":[{"href":"https:\/\/blankpage.ee\/_ruumist-ruumi\/wp-json\/wp\/v2\/product\/172663","targetHints":{"allow":["GET"]}}],"collection":[{"href":"https:\/\/blankpage.ee\/_ruumist-ruumi\/wp-json\/wp\/v2\/product"}],"about":[{"href":"https:\/\/blankpage.ee\/_ruumist-ruumi\/wp-json\/wp\/v2\/types\/product"}],"replies":[{"embeddable":true,"href":"https:\/\/blankpage.ee\/_ruumist-ruumi\/wp-json\/wp\/v2\/comments?post=172663"}],"wp:featuredmedia":[{"embeddable":true,"href":"https:\/\/blankpage.ee\/_ruumist-ruumi\/wp-json\/wp\/v2\/media\/172670"}],"wp:attachment":[{"href":"https:\/\/blankpage.ee\/_ruumist-ruumi\/wp-json\/wp\/v2\/media?parent=172663"}],"wp:term":[{"taxonomy":"product_brand","embeddable":true,"href":"https:\/\/blankpage.ee\/_ruumist-ruumi\/wp-json\/wp\/v2\/product_brand?post=172663"},{"taxonomy":"product_cat","embeddable":true,"href":"https:\/\/blankpage.ee\/_ruumist-ruumi\/wp-json\/wp\/v2\/product_cat?post=172663"},{"taxonomy":"product_tag","embeddable":true,"href":"https:\/\/blankpage.ee\/_ruumist-ruumi\/wp-json\/wp\/v2\/product_tag?post=172663"}],"curies":[{"name":"wp","href":"https:\/\/api.w.org\/{rel}","templated":true}]}}