{"id":172701,"date":"2025-04-19T08:38:31","date_gmt":"2025-04-19T08:38:31","guid":{"rendered":"https:\/\/ruumistruumi.ee\/pood\/nutikas-releeluliti-komplekt-shelly-plus-1pm-2-tk-energiatarbimise-mootmisega-bluetooth\/"},"modified":"2025-08-21T08:19:03","modified_gmt":"2025-08-21T08:19:03","slug":"nutikas-releeluliti-komplekt-shelly-plus-1pm-2-tk-energiatarbimise-mootmisega-bluetooth","status":"publish","type":"product","link":"https:\/\/blankpage.ee\/_ruumist-ruumi\/pood\/nutikas-releeluliti-komplekt-shelly-plus-1pm-2-tk-energiatarbimise-mootmisega-bluetooth\/","title":{"rendered":"Nutikas releel\u00fcliti komplekt Shelly Plus 1PM (2 tk, energiatarbimise m\u00f5\u00f5tmisega, Bluetooth)"},"content":{"rendered":"<h3>Nutikas releel\u00fcliti komplekt Shelly Plus 1PM (2 tk, WiFi\/Bluetooth, energiatarbimise m\u00f5\u00f5tmisega)<\/h3>\n<p>Nutikas releel\u00fcliti komplekt sobib ideaalselt k\u00f5igile, kes soovivad t\u00e4ielikku kontrolli oma kodu elektriseadmete \u00fcle. Shelly Plus 1PM on usaldusv\u00e4\u00e4rne nutikas releel\u00fcliti, mis v\u00f5imaldab seadmete kaugjuhtimist ja energiatarbimise j\u00e4lgimist. Komplektis on kaks seadet, et saaksid korraga automatiseerida mitmeid seadmeid ning muuta kodu t\u00f5eliselt nutikaks.<\/p>\n<h3>Paindlik juhtimine igast asukohast<\/h3>\n<p>Shelly Plus 1PM nutikas releel\u00fcliti komplekti abil saad oma seadmeid juhtida ja j\u00e4lgida k\u00f5ikjalt maailmast. \u00dchenda need WiFi v\u00f5rku v\u00f5i koduautomaatika s\u00fcsteemi, et l\u00fclitada sisse- v\u00f5i v\u00e4lja valgusteid, k\u00fctteseadmeid v\u00f5i muid elektritarvikuid ning j\u00e4lgida energiatarbimist reaalajas. See annab sulle vabaduse ja mugavuse oma igap\u00e4evaste elektriseadmete kasutamisel.<\/p>\n<p>\n<img decoding=\"async\" src=\"https:\/\/blankpage.ee\/_ruumist-ruumi\/wp-content\/uploads\/2025\/04\/7-274.webp\" alt=\"Shelly Plus 1PM nutikas releel\u00fcliti komplekt: kaks seadet laual\" \/>\n<\/p>\n<h3>Kompaktne ja lihtne paigaldada<\/h3>\n<p>Nutikas releel\u00fcliti komplekt on loodud paigaldamiseks standardsetesse elektrikarpidesse, l\u00fclitite v\u00f5i pistikupesade taha. T\u00e4nu oma kompaktsusele ei v\u00f5ta releed palju ruumi ja sobivad igasse ruumi, pakkudes paindlikku juhtimisv\u00f5imalust t\u00e4nap\u00e4evases kodus.<\/p>\n<p>\n<img decoding=\"async\" src=\"https:\/\/blankpage.ee\/_ruumist-ruumi\/wp-content\/uploads\/2025\/04\/1-426.webp\" alt=\"Shelly Plus 1PM relee paigaldus elektrikilpi l\u00e4hivaates\" \/>\n<\/p>\n<h3>K\u00f5rged turvalisusstandardid<\/h3>\n<p>See nutikas releel\u00fcliti komplekt tagab lisaks mugavusele ka turvalisuse: seadmetel on \u00fclekuumenemis-, \u00fclepinge- ja \u00fclevoolukaitse. Need turvameetmed kaitsevad sinu koduseadmeid rikete eest ning v\u00f5imaldavad seadmeid kasutada kindlalt ja ohutult.<\/p>\n<p>\n<img decoding=\"async\" src=\"https:\/\/blankpage.ee\/_ruumist-ruumi\/wp-content\/uploads\/2025\/04\/2-422.webp\" alt=\"Nutikas releel\u00fcliti l\u00e4hivaade juhtliidestele\" \/>\n<\/p>\n<h3>J\u00e4lgi energiakulu nutikalt<\/h3>\n<p>Shelly Plus 1PM kaudu saad reaalajas j\u00e4lgida liitunud seadmete energiatarbimist. See v\u00f5imaldab optimeerida kodu energiakasutust ja hoida elektriarved kontrolli all. Energiatarbimise j\u00e4lgimine v\u00f5imaldab teha l\u00e4bim\u00f5eldud valikuid ja langetada kulusid.<\/p>\n<p>\n<img decoding=\"async\" src=\"https:\/\/blankpage.ee\/_ruumist-ruumi\/wp-content\/uploads\/2025\/04\/8-138.webp\" alt=\"Shelly rakenduse energiatarbimise statistika\" \/>\n<\/p>\n<h3>Komplekti sisu<\/h3>\n<ul class=\"list-disc pl-5\">\n<li>Shelly Plus 1PM nutikas releel\u00fcliti komplekt (2 tk)<\/li>\n<\/ul>\n<div class=\"table-wrapper\">\n<table>\n<tbody>\n<tr>\n<th>Tootja<\/th>\n<td>Shelly<\/td>\n<\/tr>\n<tr>\n<th>Mudel<\/th>\n<td>Plus 1PM<\/td>\n<\/tr>\n<tr>\n<th>M\u00f5\u00f5dud<\/th>\n<td>37 \u00d7 42 \u00d7 16 mm<\/td>\n<\/tr>\n<tr>\n<th>Kaal<\/th>\n<td>27 g<\/td>\n<\/tr>\n<tr>\n<th>T\u00f6\u00f6temperatuur<\/th>\n<td>-20\u00b0C kuni 40\u00b0C<\/td>\n<\/tr>\n<tr>\n<th>\u00d5huniiskus<\/th>\n<td>30% kuni 70%<\/td>\n<\/tr>\n<tr>\n<th>Maks. k\u00f5rgus<\/th>\n<td>2000 m<\/td>\n<\/tr>\n<tr>\n<th>Toitepinge<\/th>\n<td>110\u2013240 V AC \/ 24\u201330 V DC<\/td>\n<\/tr>\n<tr>\n<th>Energiatarve<\/th>\n<td>&lt; 1,2 W<\/td>\n<\/tr>\n<tr>\n<th>AC l\u00fclituspinge<\/th>\n<td>240 V<\/td>\n<\/tr>\n<tr>\n<th>DC l\u00fclituspinge<\/th>\n<td>30 V<\/td>\n<\/tr>\n<tr>\n<th>Maks. AC l\u00fclitusvool<\/th>\n<td>16 A<\/td>\n<\/tr>\n<tr>\n<th>Maks. DC l\u00fclitusvool<\/th>\n<td>10 A<\/td>\n<\/tr>\n<tr>\n<th>RF sagedusala<\/th>\n<td>2400 &#8211; 2495 MHz<\/td>\n<\/tr>\n<tr>\n<th>Wi-Fi protokoll<\/th>\n<td>802.11 b\/g\/n<\/td>\n<\/tr>\n<tr>\n<th>Wi-Fi leviala<\/th>\n<td>kuni 30 m<\/td>\n<\/tr>\n<tr>\n<th>Bluetooth protokoll<\/th>\n<td>4.2<\/td>\n<\/tr>\n<tr>\n<th>Bluetooth leviala<\/th>\n<td>kuni 10 m<\/td>\n<\/tr>\n<tr>\n<th>\u00dchilduvus<\/th>\n<td>Google, Samsung SmartThings, Alexa<\/td>\n<\/tr>\n<\/tbody>\n<\/table>\n<\/div>\n<p>Nutikas releel\u00fcliti komplekt aitab muuta sinu kodu t\u00f5eliselt nutikaks, pakkudes t\u00f5husat, ohutut ja mugavat elektriseadmete juhtimist.<\/p>\n","protected":false},"excerpt":{"rendered":"<p>Nutikas releel\u00fcliti komplekt Shelly Plus 1PM (2 tk, WiFi\/Bluetooth, energiatarbimise m\u00f5\u00f5tmisega) Nutikas releel\u00fcliti komplekt sobib ideaalselt k\u00f5igile, kes soovivad t\u00e4ielikku kontrolli oma kodu elektriseadmete \u00fcle. Shelly Plus 1PM on usaldusv\u00e4\u00e4rne nutikas releel\u00fcliti, mis v\u00f5imaldab seadmete kaugjuhtimist ja energiatarbimise j\u00e4lgimist. Komplektis on kaks seadet, et saaksid korraga automatiseerida mitmeid seadmeid ning muuta kodu t\u00f5eliselt nutikaks. Paindlik [&hellip;]<\/p>\n","protected":false},"featured_media":172706,"comment_status":"open","ping_status":"open","template":"","meta":[],"product_brand":[3069],"product_cat":[3043],"product_tag":[],"class_list":{"0":"post-172701","1":"product","2":"type-product","3":"status-publish","4":"has-post-thumbnail","6":"product_brand-shelly","7":"product_cat-nutikontrollerid","8":"product_shipping_class-innpro","10":"first","11":"instock","12":"sale","13":"taxable","14":"shipping-taxable","15":"purchasable","16":"product-type-simple"},"_links":{"self":[{"href":"https:\/\/blankpage.ee\/_ruumist-ruumi\/wp-json\/wp\/v2\/product\/172701","targetHints":{"allow":["GET"]}}],"collection":[{"href":"https:\/\/blankpage.ee\/_ruumist-ruumi\/wp-json\/wp\/v2\/product"}],"about":[{"href":"https:\/\/blankpage.ee\/_ruumist-ruumi\/wp-json\/wp\/v2\/types\/product"}],"replies":[{"embeddable":true,"href":"https:\/\/blankpage.ee\/_ruumist-ruumi\/wp-json\/wp\/v2\/comments?post=172701"}],"wp:featuredmedia":[{"embeddable":true,"href":"https:\/\/blankpage.ee\/_ruumist-ruumi\/wp-json\/wp\/v2\/media\/172706"}],"wp:attachment":[{"href":"https:\/\/blankpage.ee\/_ruumist-ruumi\/wp-json\/wp\/v2\/media?parent=172701"}],"wp:term":[{"taxonomy":"product_brand","embeddable":true,"href":"https:\/\/blankpage.ee\/_ruumist-ruumi\/wp-json\/wp\/v2\/product_brand?post=172701"},{"taxonomy":"product_cat","embeddable":true,"href":"https:\/\/blankpage.ee\/_ruumist-ruumi\/wp-json\/wp\/v2\/product_cat?post=172701"},{"taxonomy":"product_tag","embeddable":true,"href":"https:\/\/blankpage.ee\/_ruumist-ruumi\/wp-json\/wp\/v2\/product_tag?post=172701"}],"curies":[{"name":"wp","href":"https:\/\/api.w.org\/{rel}","templated":true}]}}