{"id":172717,"date":"2025-04-19T08:40:44","date_gmt":"2025-04-19T08:40:44","guid":{"rendered":"https:\/\/ruumistruumi.ee\/pood\/nutikas-luliti-komplekt-energiatarbimise-mootjaga-shelly-1pm-mini-gen3-wi-fi-bluetooth-2-tk-komplektis\/"},"modified":"2025-08-21T08:19:03","modified_gmt":"2025-08-21T08:19:03","slug":"nutikas-luliti-komplekt-energiatarbimise-mootjaga-shelly-1pm-mini-gen3-wi-fi-bluetooth-2-tk-komplektis","status":"publish","type":"product","link":"https:\/\/blankpage.ee\/_ruumist-ruumi\/pood\/nutikas-luliti-komplekt-energiatarbimise-mootjaga-shelly-1pm-mini-gen3-wi-fi-bluetooth-2-tk-komplektis\/","title":{"rendered":"Nutikas l\u00fcliti komplekt energiatarbimise m\u00f5\u00f5tjaga Shelly 1PM Mini Gen3 (Wi-Fi\/Bluetooth, 2 tk komplektis)"},"content":{"rendered":"<h3>Nutikas l\u00fcliti komplekt Shelly 1PM Mini Gen3 \u2013 kahe seadmega lahendus<\/h3>\n<p>Nutikas l\u00fcliti komplekt Shelly 1PM Mini Gen3 muudab sinu elektriseadmete juhtimise ja energiatarbimise j\u00e4lgimise lihtsaks ja nutikaks. Komplektselt on kaasas kaks juhtimis\u00fcksust, mille abil saad muuta oma kodu v\u00f5i kontori targemaks ning energiat\u00f5husamaks. L\u00fcliteid saad juhtida kaugelt l\u00e4bi Wi-Fi v\u00f5i Bluetoothi nutitelefoni, tahvelarvuti v\u00f5i arvuti abil. Seade \u00fchildub enamlevinud koduautomaatika platvormidega nagu Google Home, Amazon Alexa ja Samsung SmartThings.<\/p>\n<p>\n<img decoding=\"async\" src=\"https:\/\/blankpage.ee\/_ruumist-ruumi\/wp-content\/uploads\/2025\/04\/2-424.webp\" alt=\"Nutikas l\u00fcliti komplekt Shelly 1PM Mini Gen3 kahe juhtseadmega\"\/>\n<\/p>\n<h3>Kompaktne suurus, v\u00f5imas funktsionaalsus<\/h3>\n<p>Shelly 1PM Mini Gen3 nutikas l\u00fcliti komplekt pakub t\u00e4nu kaasaegsele protsessorile ja suuremale m\u00e4lumahule parimat j\u00f5udlust. \u00c4\u00e4rmiselt kompaktne korpus v\u00f5imaldab paigaldada seadme tavalisse seinakontakti v\u00f5i l\u00fclitikarpi ka v\u00e4ikeses ruumis. See sobib suurep\u00e4raselt pistikute, valgusl\u00fclitite v\u00f5i teiste elektriseadmete taha peitmiseks.<\/p>\n<p>\n<img decoding=\"async\" src=\"https:\/\/blankpage.ee\/_ruumist-ruumi\/wp-content\/uploads\/2025\/04\/1-429.webp\" alt=\"Nutikas l\u00fcliti paigaldamine seinakontakti karpi\"\/>\n<\/p>\n<h3>Kaugjuhtimine ja automaatika nutika l\u00fcliti komplekti abil<\/h3>\n<p>Nutika l\u00fcliti komplekt v\u00f5imaldab elektriseadmeid sisse ja v\u00e4lja l\u00fclitada ka siis, kui oled kodust eemal. Kui tekib kahtlus, kas valgus j\u00e4i p\u00f5lema v\u00f5i m\u00f5ni seade t\u00f6\u00f6le, saad need mugavalt rakenduse kaudu v\u00e4lja l\u00fclitada. V\u00f5imalik on seadistada automaatseid t\u00f6\u00f6re\u017eiime, ajastusi ning luua individuaalseid stsenaariume vastavalt enda rutiinile.<\/p>\n<p>\n<img decoding=\"async\" src=\"https:\/\/blankpage.ee\/_ruumist-ruumi\/wp-content\/uploads\/2025\/04\/8-139.webp\" alt=\"Nutika l\u00fcliti kaugjuhtimine mobiilirakendusega\"\/>\n<\/p>\n<h3>Wi-Fi levi laiendamine ja stabiilsus<\/h3>\n<p>Shelly 1PM Mini Gen3 nutikas l\u00fcliti komplekt v\u00f5ib aidata tugevdada sinu kodu v\u00f5i kontori Wi-Fi v\u00f5rku, toimides signaaliv\u00f5imendina \u2013 see tagab stabiilsema \u00fchenduse ka kaugemates ruumides.<\/p>\n<p>\n<img decoding=\"async\" src=\"https:\/\/blankpage.ee\/_ruumist-ruumi\/wp-content\/uploads\/2025\/04\/4-396.webp\" alt=\"Wi-Fi v\u00f5rgu tugevuse parandamine nutika l\u00fcliti komplektiga\"\/>\n<\/p>\n<h3>Energiatarbimise m\u00f5\u00f5tmine ja anal\u00fc\u00fcs<\/h3>\n<p>Seadmetel on integreeritud energiatarbimise m\u00f5\u00f5dikud, mis v\u00f5imaldavad j\u00e4lgida iga \u00fchendatud seadme reaalajas energiakasutust. See annab sulle t\u00e4pse \u00fclevaate, millised seadmed tarbivad enim elektrit ning aitab optimeerida kodust energiakulu efektiivselt ja l\u00e4bipaistvalt.<\/p>\n<p>\n<img decoding=\"async\" src=\"https:\/\/blankpage.ee\/_ruumist-ruumi\/wp-content\/uploads\/2025\/04\/6-310.webp\" alt=\"Elektritarbimise j\u00e4lgimine nutika l\u00fcliti komplekti abil\"\/>\n<\/p>\n<h3>Nutikas l\u00fcliti komplekti tehnilised andmed<\/h3>\n<table>\n<tbody>\n<tr>\n<th>Tootja<\/th>\n<td>Shelly<\/td>\n<\/tr>\n<tr>\n<th>Mudel<\/th>\n<td>1PM Mini Gen3<\/td>\n<\/tr>\n<tr>\n<th>Toitepinge<\/th>\n<td>110\u2013240 VAC<\/td>\n<\/tr>\n<tr>\n<th>Maksimaalne l\u00fclitamisvool<\/th>\n<td>8 A \/ 240 VAC<\/td>\n<\/tr>\n<tr>\n<th>Maksimaalne l\u00fclitusv\u00f5imsus<\/th>\n<td>2000 W<\/td>\n<\/tr>\n<tr>\n<th>Energiatarbimise m\u00f5\u00f5tmine<\/th>\n<td>Jah<\/td>\n<\/tr>\n<tr>\n<th>Wi-Fi tugi<\/th>\n<td>802.11 b\/g\/n, kuni 30 m siseruumis \/ 50 m v\u00e4ljas<\/td>\n<\/tr>\n<tr>\n<th>Bluetooth tugi<\/th>\n<td>4.2, kuni 10 m siseruumis \/ 30 m v\u00e4ljas<\/td>\n<\/tr>\n<tr>\n<th>M\u00f5\u00f5dud<\/th>\n<td>29 x 34 x 16 mm<\/td>\n<\/tr>\n<tr>\n<th>Paigaldus<\/th>\n<td>Seinakontakti karpi<\/td>\n<\/tr>\n<\/tbody>\n<\/table>\n<ul>\n<li>Komplektis 2 nutikat l\u00fclitit Shelly 1PM Mini Gen3<\/li>\n<\/ul>\n","protected":false},"excerpt":{"rendered":"<p>Nutikas l\u00fcliti komplekt Shelly 1PM Mini Gen3 \u2013 kahe seadmega lahendus Nutikas l\u00fcliti komplekt Shelly 1PM Mini Gen3 muudab sinu elektriseadmete juhtimise ja energiatarbimise j\u00e4lgimise lihtsaks ja nutikaks. Komplektselt on kaasas kaks juhtimis\u00fcksust, mille abil saad muuta oma kodu v\u00f5i kontori targemaks ning energiat\u00f5husamaks. L\u00fcliteid saad juhtida kaugelt l\u00e4bi Wi-Fi v\u00f5i Bluetoothi nutitelefoni, tahvelarvuti v\u00f5i [&hellip;]<\/p>\n","protected":false},"featured_media":172723,"comment_status":"open","ping_status":"open","template":"","meta":[],"product_brand":[3069],"product_cat":[3043],"product_tag":[],"class_list":{"0":"post-172717","1":"product","2":"type-product","3":"status-publish","4":"has-post-thumbnail","6":"product_brand-shelly","7":"product_cat-nutikontrollerid","8":"product_shipping_class-innpro","10":"first","11":"instock","12":"sale","13":"taxable","14":"shipping-taxable","15":"purchasable","16":"product-type-simple"},"_links":{"self":[{"href":"https:\/\/blankpage.ee\/_ruumist-ruumi\/wp-json\/wp\/v2\/product\/172717","targetHints":{"allow":["GET"]}}],"collection":[{"href":"https:\/\/blankpage.ee\/_ruumist-ruumi\/wp-json\/wp\/v2\/product"}],"about":[{"href":"https:\/\/blankpage.ee\/_ruumist-ruumi\/wp-json\/wp\/v2\/types\/product"}],"replies":[{"embeddable":true,"href":"https:\/\/blankpage.ee\/_ruumist-ruumi\/wp-json\/wp\/v2\/comments?post=172717"}],"wp:featuredmedia":[{"embeddable":true,"href":"https:\/\/blankpage.ee\/_ruumist-ruumi\/wp-json\/wp\/v2\/media\/172723"}],"wp:attachment":[{"href":"https:\/\/blankpage.ee\/_ruumist-ruumi\/wp-json\/wp\/v2\/media?parent=172717"}],"wp:term":[{"taxonomy":"product_brand","embeddable":true,"href":"https:\/\/blankpage.ee\/_ruumist-ruumi\/wp-json\/wp\/v2\/product_brand?post=172717"},{"taxonomy":"product_cat","embeddable":true,"href":"https:\/\/blankpage.ee\/_ruumist-ruumi\/wp-json\/wp\/v2\/product_cat?post=172717"},{"taxonomy":"product_tag","embeddable":true,"href":"https:\/\/blankpage.ee\/_ruumist-ruumi\/wp-json\/wp\/v2\/product_tag?post=172717"}],"curies":[{"name":"wp","href":"https:\/\/api.w.org\/{rel}","templated":true}]}}