{"id":172745,"date":"2025-04-19T08:42:46","date_gmt":"2025-04-19T08:42:46","guid":{"rendered":"https:\/\/ruumistruumi.ee\/pood\/kolmekanaliline-nutikas-seinaluliti-sonoff-m5-3c-80-grafiit-raamile\/"},"modified":"2025-08-21T08:19:03","modified_gmt":"2025-08-21T08:19:03","slug":"kolmekanaliline-nutikas-seinaluliti-sonoff-m5-3c-80-grafiit-raamile","status":"publish","type":"product","link":"https:\/\/blankpage.ee\/_ruumist-ruumi\/pood\/kolmekanaliline-nutikas-seinaluliti-sonoff-m5-3c-80-grafiit-raamile\/","title":{"rendered":"Kolmekanaliline nutikas seinal\u00fcliti Sonoff M5-3C-80 (grafiit, raamile)"},"content":{"rendered":"<h3>Nutikas seinal\u00fcliti Sonoff M5-3C-80 \u2013 kolm kanalit, WiFi, grafiit, raamile<\/h3>\n<p>Kolmekanaliline nutikas seinal\u00fcliti Sonoff M5-3C-80 sobib ideaalselt nii uue kui ka olemasoleva valgustuse juhtimiseks. T\u00e4nu WiFi-\u00fchendusele saad seadmeid juhtida mugavalt ka eemalt l\u00e4bi eWeLinki rakenduse. Nutika seinal\u00fcliti abil on sul alati v\u00f5imalus valgusteid sisse ja v\u00e4lja l\u00fclitada nii f\u00fc\u00fcsiliste nuppude, mobiili\u00e4pi kui ka h\u00e4\u00e4lassistentidega, nagu Alexa, Google Home, Alice ja Siri Shortcuts. Kasutus on intuitiivne igas vanuses kasutajale.<\/p>\n<p>\n<img decoding=\"async\" src=\"https:\/\/blankpage.ee\/_ruumist-ruumi\/wp-content\/uploads\/2025\/04\/8-140.webp\" alt=\"Kolmekanaliline nutikas seinal\u00fcliti Sonoff M5-3C-80 esivaates nuppudega\"\/>\n<\/p>\n<h3>Kasutusmugavus ka igap\u00e4evaselt<\/h3>\n<p>Nupud reageerivad kindlalt ka kinnastega, valguse saab p\u00f5lema \u00fche lihtsa vajutusega. Nutikas seinal\u00fcliti integreerub h\u00f5lpsalt peamiste h\u00e4\u00e4leassistentidega, v\u00f5imaldades sul valgustust juhtida nii kodus olles kui ka eemal viibides. K\u00f5ikidel juhtudel saad valguse v\u00f5i seadmete juhtimist kohandada just vastavalt oma vajadustele.<\/p>\n<p>\n<img decoding=\"async\" src=\"https:\/\/blankpage.ee\/_ruumist-ruumi\/wp-content\/uploads\/2025\/04\/1-432.webp\" alt=\"Nutikas seinal\u00fcliti Sonoff M5-3C-80 rakendusega v\u00f5i h\u00e4\u00e4lega juhtimiseks\"\/>\n<\/p>\n<h3>Turvaline ja usaldusv\u00e4\u00e4rne valik<\/h3>\n<p>Sonoff M5-3C-80 nutikas seinal\u00fcliti on CE-sertifikaadiga, millega tagatakse ohutu kasutamine nii k\u00f5rg- kui ka madalpingelistes \u00fchendustes. L\u00fcliti korpus on valmistatud tulekindlast PC V0 plastikust ja talub k\u00f5rgeid temperatuure, pakkudes lisaturvalisust sinu kodus.<\/p>\n<p>\n<img decoding=\"async\" src=\"https:\/\/blankpage.ee\/_ruumist-ruumi\/wp-content\/uploads\/2025\/04\/6-313.webp\" alt=\"Nutikas seinal\u00fcliti Sonoff M5-3C-80 CE-sertifikaadiga turvalisus\"\/>\n<\/p>\n<h3>Paindlikud nutifunktsioonid ja seadistused<\/h3>\n<p>L\u00fclitil on reguleeritava eredusega LED-indikaator, mis aitab seda pimedas h\u00f5lpsasti leida. V\u00f5imalik on seadistada isikup\u00e4raseid nutistsenaariume \u2013 n\u00e4iteks l\u00fclitub valgus automaatselt sisse, kui ukseandur registreerib ukse avamise. Seadistatavad taimerid v\u00f5imaldavad valguste automaatset l\u00fclitumist etteantud kellaaegadel. See teeb selle ideaalseks nii magamistuppa kui ka teistesse ruumidesse.<\/p>\n<p>\n<img decoding=\"async\" src=\"https:\/\/blankpage.ee\/_ruumist-ruumi\/wp-content\/uploads\/2025\/04\/4-398.webp\" alt=\"Automaatstseen nutika seinal\u00fclitiga Sonoff \u2013 valgus p\u00f5lema ukse avamisel\"\/>\n<\/p>\n<h3>Ideaalne integreerimiseks k\u00f5igi nutikodulahendustega<\/h3>\n<p>Sonoffi nutikas seinal\u00fcliti \u00fchildub NSPaneli ja teiste Sonoffi seadmetega, v\u00f5imaldades valguste juhtimist ka puuteekraanilt v\u00f5i erinevatest kohtadest. Hoolikalt valitud grafiitv\u00e4rv annab igale interj\u00f6\u00f6rile stiilse ja \u00fchtlase ilme.<\/p>\n<p>\n<img decoding=\"async\" src=\"https:\/\/blankpage.ee\/_ruumist-ruumi\/wp-content\/uploads\/2025\/04\/5-343.webp\" alt=\"Nutikas seinal\u00fcliti Sonoffi grafiidiv\u00e4rvi ja kaasaegse disainiga paigaldusel\"\/>\n<\/p>\n<h3>Lihtne ja kiire paigaldus, kaasaegne disain<\/h3>\n<p>Seade sobib enamikesse standardsetesse paigalduskarpidesse ning t\u00e4nu minimalistlikule disainile n\u00e4eb see hea v\u00e4lja igas interj\u00f6\u00f6ris.<\/p>\n<p>\n<img decoding=\"async\" src=\"https:\/\/blankpage.ee\/_ruumist-ruumi\/wp-content\/uploads\/2025\/04\/2-427.webp\" alt=\"Kolmekanalilise nutika seinal\u00fcliti paigaldus ja standardm\u00f5\u00f5dud\"\/>\n<\/p>\n<h3>Komplektis<\/h3>\n<ul>\n<li>Nutikas seinal\u00fcliti Sonoff M5-3C-80<\/li>\n<li>2 kinnitus kruvi<\/li>\n<\/ul>\n<div class=\"table-wrapper\">\n<table>\n<tbody>\n<tr>\n<th>Tootja<\/th>\n<td>Sonoff<\/td>\n<\/tr>\n<tr>\n<th>Mudel<\/th>\n<td>M5-3C-80<\/td>\n<\/tr>\n<tr>\n<th>Materjal<\/th>\n<td>PC V0 tulekindel plastik<\/td>\n<\/tr>\n<tr>\n<th>M\u00f5\u00f5dud<\/th>\n<td>86 x 71 x 12,8 x 29,9 mm<\/td>\n<\/tr>\n<tr>\n<th>Kanalite arv<\/th>\n<td>3<\/td>\n<\/tr>\n<tr>\n<th>\u00dchenduvus<\/th>\n<td>WiFi 2.4 GHz (IEEE 802.11 b\/g\/n)<\/td>\n<\/tr>\n<tr>\n<th>Nimipinge<\/th>\n<td>100\u2013240 V AC, 50\/60 Hz<\/td>\n<\/tr>\n<tr>\n<th>V\u00e4ljund<\/th>\n<td>100\u2013240 V AC, 50\/60 Hz<\/td>\n<\/tr>\n<tr>\n<th>V\u00e4ljundvool<\/th>\n<td>6 A (2 A kanalil)<\/td>\n<\/tr>\n<tr>\n<th>Maksimaalne v\u00f5imsus<\/th>\n<td>1320 W (440 W kanalil)<\/td>\n<\/tr>\n<tr>\n<th>T\u00f6\u00f6tamistemperatuur<\/th>\n<td>-10\u00b0C kuni 40\u00b0C<\/td>\n<\/tr>\n<tr>\n<th>Mikrokontroller<\/th>\n<td>ESP32<\/td>\n<\/tr>\n<tr>\n<th>Sertifikaadid<\/th>\n<td>CE<\/td>\n<\/tr>\n<tr>\n<th>Rakendus<\/th>\n<td>eWeLink<\/td>\n<\/tr>\n<tr>\n<th>H\u00e4\u00e4ljuhtimine<\/th>\n<td>Jah (Alexa, Google Home, Alice, Siri)<\/td>\n<\/tr>\n<tr>\n<th>\u00dchilduvus<\/th>\n<td>NSPanel, DW2-WiFi ukseandur<\/td>\n<\/tr>\n<tr>\n<th>Lisafunktsioonid<\/th>\n<td>Reguleeritav LED-indikaator, ajastused ja automaatsed stseenid, kahesuunaline ja mitmesuunaline juhtimine<\/td>\n<\/tr>\n<tr>\n<th>Paigaldus<\/th>\n<td>Standardne paigalduskarp (\u00fchilduv enamiku karpidega)<\/td>\n<\/tr>\n<\/tbody>\n<\/table>\n<\/div>\n","protected":false},"excerpt":{"rendered":"<p>Nutikas seinal\u00fcliti Sonoff M5-3C-80 \u2013 kolm kanalit, WiFi, grafiit, raamile Kolmekanaliline nutikas seinal\u00fcliti Sonoff M5-3C-80 sobib ideaalselt nii uue kui ka olemasoleva valgustuse juhtimiseks. T\u00e4nu WiFi-\u00fchendusele saad seadmeid juhtida mugavalt ka eemalt l\u00e4bi eWeLinki rakenduse. Nutika seinal\u00fcliti abil on sul alati v\u00f5imalus valgusteid sisse ja v\u00e4lja l\u00fclitada nii f\u00fc\u00fcsiliste nuppude, mobiili\u00e4pi kui ka h\u00e4\u00e4lassistentidega, nagu [&hellip;]<\/p>\n","protected":false},"featured_media":172752,"comment_status":"open","ping_status":"open","template":"","meta":[],"product_brand":[3037],"product_cat":[3039],"product_tag":[],"class_list":{"0":"post-172745","1":"product","2":"type-product","3":"status-publish","4":"has-post-thumbnail","6":"product_brand-sonoff","7":"product_cat-lulitid","8":"product_shipping_class-innpro","10":"first","11":"instock","12":"sale","13":"taxable","14":"shipping-taxable","15":"purchasable","16":"product-type-simple"},"_links":{"self":[{"href":"https:\/\/blankpage.ee\/_ruumist-ruumi\/wp-json\/wp\/v2\/product\/172745","targetHints":{"allow":["GET"]}}],"collection":[{"href":"https:\/\/blankpage.ee\/_ruumist-ruumi\/wp-json\/wp\/v2\/product"}],"about":[{"href":"https:\/\/blankpage.ee\/_ruumist-ruumi\/wp-json\/wp\/v2\/types\/product"}],"replies":[{"embeddable":true,"href":"https:\/\/blankpage.ee\/_ruumist-ruumi\/wp-json\/wp\/v2\/comments?post=172745"}],"wp:featuredmedia":[{"embeddable":true,"href":"https:\/\/blankpage.ee\/_ruumist-ruumi\/wp-json\/wp\/v2\/media\/172752"}],"wp:attachment":[{"href":"https:\/\/blankpage.ee\/_ruumist-ruumi\/wp-json\/wp\/v2\/media?parent=172745"}],"wp:term":[{"taxonomy":"product_brand","embeddable":true,"href":"https:\/\/blankpage.ee\/_ruumist-ruumi\/wp-json\/wp\/v2\/product_brand?post=172745"},{"taxonomy":"product_cat","embeddable":true,"href":"https:\/\/blankpage.ee\/_ruumist-ruumi\/wp-json\/wp\/v2\/product_cat?post=172745"},{"taxonomy":"product_tag","embeddable":true,"href":"https:\/\/blankpage.ee\/_ruumist-ruumi\/wp-json\/wp\/v2\/product_tag?post=172745"}],"curies":[{"name":"wp","href":"https:\/\/api.w.org\/{rel}","templated":true}]}}