{"id":172773,"date":"2025-04-19T08:45:58","date_gmt":"2025-04-19T08:45:58","guid":{"rendered":"https:\/\/ruumistruumi.ee\/pood\/nutikas-seinakluliti-sonoff-m5-1c-80-wifi-1-kanal-grafiit\/"},"modified":"2025-08-21T08:19:03","modified_gmt":"2025-08-21T08:19:03","slug":"nutikas-seinakluliti-sonoff-m5-1c-80-wifi-1-kanal-grafiit","status":"publish","type":"product","link":"https:\/\/blankpage.ee\/_ruumist-ruumi\/pood\/nutikas-seinakluliti-sonoff-m5-1c-80-wifi-1-kanal-grafiit\/","title":{"rendered":"Nutikas seinakl\u00fcliti Sonoff M5-1C-80, WiFi, 1 kanal, grafiit"},"content":{"rendered":"<h3>Sonoff M5-1C-80 nutikas seinakl\u00fcliti WiFi-\u00fchendusega, 1 kanal, grafiit<\/h3>\n<p>Sonoff M5-1C-80 on \u00fche kanaliga mehhaaniline nutikas seinakl\u00fcliti, mis \u00fchendab moodsad tehnoloogiad ning kasutajas\u00f5braliku juhtimise. T\u00e4nu eWeLinki rakendusele saad koduseid valgusteid ja seadmeid hallata asukohast s\u00f5ltumata. L\u00fcliti kasutamine on mugav iga\u00fchele \u2013 kontrolli seda f\u00fc\u00fcsilise nupu, nutitelefoni rakenduse v\u00f5i h\u00e4\u00e4lk\u00e4skluste abil.<\/p>\n<p><img decoding=\"async\" border=\"0\" src=\"https:\/\/blankpage.ee\/_ruumist-ruumi\/wp-content\/uploads\/2025\/04\/11-30.webp\" alt=\"Nutikas seinakl\u00fcliti Sonoff M5-1C-80 ja juhtimine telefoniga\"\/><\/p>\n<h3>Paindlik kasutamine ja nutijuhtimine<\/h3>\n<p>Sonoff M5-1C-80 reageerib kiirelt ja usaldusv\u00e4\u00e4rselt nupuvajutusele, t\u00f6\u00f6tab ka kinnastega ning vajab vaid \u00fcht kl\u00f5psu valguse sissel\u00fclitamiseks. L\u00fcliti \u00fchildub Alexa, Google Home\u2019i, Alice\u2019i ja Siri h\u00e4\u00e4ljuhtimisega, v\u00f5imaldades valguste juhtimist puutevabalt \u2013 eriti mugav igap\u00e4evaelus.<\/p>\n<p><img decoding=\"async\" border=\"0\" src=\"https:\/\/blankpage.ee\/_ruumist-ruumi\/wp-content\/uploads\/2025\/04\/1-434.webp\" alt=\"Sonoff nutikas seinakl\u00fcliti juhtimine f\u00fc\u00fcsilise nupuga\"\/><\/p>\n<h3>Turvalisus ja vastupidavus<\/h3>\n<p>Sonoff M5-1C-80 arendamisel on silmas peetud turvalisust: CE-sertifikaat ja kuumakindel plastist korpus tagavad kindluse nii kasutamisel kui paigaldamisel. L\u00fcliti l\u00e4bim\u00f5eldud konstruktsioon v\u00f5imaldab vajadusel k\u00f5rgepinge ja madalpinge turvalist eraldamist.<\/p>\n<p><img decoding=\"async\" border=\"0\" src=\"https:\/\/blankpage.ee\/_ruumist-ruumi\/wp-content\/uploads\/2025\/04\/6-315.webp\" alt=\"Sonoff M5-1C-80 nutika seinakl\u00fcliti turvaline ehitus l\u00e4hipildis\"\/><\/p>\n<h3>Kohandatav funktsionaalsus ja automaatika<\/h3>\n<p>Reguleeritava eredusega LED-indikaator muudab l\u00fcliti leidmise pimedas lihtsaks. Nutikates kodulahendustes saab seinakl\u00fcliti \u00fchendada n\u00e4iteks DW2-WiFi ukseanduriga \u2013 valgus l\u00fclitub automaatselt sisse ukse avanemisel. Lisaks on v\u00f5imalik seadistada ajastusi, et valgus s\u00fcttiks soovitud aegadel.<\/p>\n<p><img decoding=\"async\" border=\"0\" src=\"https:\/\/blankpage.ee\/_ruumist-ruumi\/wp-content\/uploads\/2025\/04\/4-400.webp\" alt=\"Sonoff M5 nutika seinakl\u00fcliti LED-indikaator pimedas\"\/><\/p>\n<h3>Lai \u00fchilduvus ja lihtne paigaldus kaasaegsesse interj\u00f6\u00f6ri<\/h3>\n<p>Nutikas seinakl\u00fcliti on \u00fchilduv NSPanel puutetundlike juhtpultide ja erinevate nutikodu tarvikutega, v\u00f5imaldades juhtida valgusteid ka mitmest kohast, ilma lisajuhtmestuseta. Grafiidiv\u00e4rvi minimalistlik disain sobitub suurep\u00e4raselt igasse t\u00e4nap\u00e4evasesse interj\u00f6\u00f6ri. Paigaldus on kiire ja sobib enamiku standardsete seinakarpidega.<\/p>\n<p><img decoding=\"async\" border=\"0\" src=\"https:\/\/blankpage.ee\/_ruumist-ruumi\/wp-content\/uploads\/2025\/04\/2-429.webp\" alt=\"Grafiidiv\u00e4rvi nutikas seinakl\u00fcliti Sonoff kaasaegses elutoas\"\/><\/p>\n<h3>Komplektis<\/h3>\n<ul>\n<li>seinakl\u00fcliti<\/li>\n<li>2 kinnitusklruvi<\/li>\n<li>kasutusjuhend<\/li>\n<\/ul>\n<h3>Tehnilised andmed<\/h3>\n<table>\n<tr>\n<th>Tootja<\/th>\n<td>Sonoff<\/td>\n<\/tr>\n<tr>\n<th>Mudel<\/th>\n<td>M5-1C-80<\/td>\n<\/tr>\n<tr>\n<th>Materjal<\/th>\n<td>PC V0 leegikindel plast<\/td>\n<\/tr>\n<tr>\n<th>M\u00f5\u00f5tmed<\/th>\n<td>86 \u00d7 71 \u00d7 12.8 \u00d7 29.9 mm<\/td>\n<\/tr>\n<tr>\n<th>Kanalite arv<\/th>\n<td>1<\/td>\n<\/tr>\n<tr>\n<th>\u00dchenduvus<\/th>\n<td>2.4 GHz WiFi (IEEE 802.11 b\/g\/n)<\/td>\n<\/tr>\n<tr>\n<th>T\u00f6\u00f6pinge<\/th>\n<td>100\u2013240 V AC, 50\/60 Hz<\/td>\n<\/tr>\n<tr>\n<th>V\u00e4ljundvool<\/th>\n<td>10 A<\/td>\n<\/tr>\n<tr>\n<th>Maksimaalne v\u00f5imsus<\/th>\n<td>2200 W<\/td>\n<\/tr>\n<tr>\n<th>T\u00f6\u00f6tamistemperatuur<\/th>\n<td>-10\u00b0C kuni 40\u00b0C<\/td>\n<\/tr>\n<tr>\n<th>Mikrokontroller<\/th>\n<td>ESP32<\/td>\n<\/tr>\n<tr>\n<th>Sertifikaadid<\/th>\n<td>CE<\/td>\n<\/tr>\n<tr>\n<th>Rakendus<\/th>\n<td>eWeLink<\/td>\n<\/tr>\n<tr>\n<th>H\u00e4\u00e4ljuhtimine<\/th>\n<td>Jah (Alexa, Google Home, Alice, Siri)<\/td>\n<\/tr>\n<tr>\n<th>\u00dchilduvus<\/th>\n<td>NSPanel, DW2-WiFi ukseandur<\/td>\n<\/tr>\n<tr>\n<th>T\u00e4iustatud funktsioonid<\/th>\n<td>Reguleeritav LED-indikaator, ajastused, nutikad stseenid, mitmepunktiline juhtimine<\/td>\n<\/tr>\n<tr>\n<th>Paigaldus<\/th>\n<td>Standardne paigalduskast<\/td>\n<\/tr>\n<\/table>\n","protected":false},"excerpt":{"rendered":"<p>Sonoff M5-1C-80 nutikas seinakl\u00fcliti WiFi-\u00fchendusega, 1 kanal, grafiit Sonoff M5-1C-80 on \u00fche kanaliga mehhaaniline nutikas seinakl\u00fcliti, mis \u00fchendab moodsad tehnoloogiad ning kasutajas\u00f5braliku juhtimise. T\u00e4nu eWeLinki rakendusele saad koduseid valgusteid ja seadmeid hallata asukohast s\u00f5ltumata. L\u00fcliti kasutamine on mugav iga\u00fchele \u2013 kontrolli seda f\u00fc\u00fcsilise nupu, nutitelefoni rakenduse v\u00f5i h\u00e4\u00e4lk\u00e4skluste abil. Paindlik kasutamine ja nutijuhtimine Sonoff M5-1C-80 [&hellip;]<\/p>\n","protected":false},"featured_media":172780,"comment_status":"open","ping_status":"open","template":"","meta":[],"product_brand":[3037],"product_cat":[3039],"product_tag":[],"class_list":{"0":"post-172773","1":"product","2":"type-product","3":"status-publish","4":"has-post-thumbnail","6":"product_brand-sonoff","7":"product_cat-lulitid","8":"product_shipping_class-innpro","10":"first","11":"instock","12":"sale","13":"taxable","14":"shipping-taxable","15":"purchasable","16":"product-type-simple"},"_links":{"self":[{"href":"https:\/\/blankpage.ee\/_ruumist-ruumi\/wp-json\/wp\/v2\/product\/172773","targetHints":{"allow":["GET"]}}],"collection":[{"href":"https:\/\/blankpage.ee\/_ruumist-ruumi\/wp-json\/wp\/v2\/product"}],"about":[{"href":"https:\/\/blankpage.ee\/_ruumist-ruumi\/wp-json\/wp\/v2\/types\/product"}],"replies":[{"embeddable":true,"href":"https:\/\/blankpage.ee\/_ruumist-ruumi\/wp-json\/wp\/v2\/comments?post=172773"}],"wp:featuredmedia":[{"embeddable":true,"href":"https:\/\/blankpage.ee\/_ruumist-ruumi\/wp-json\/wp\/v2\/media\/172780"}],"wp:attachment":[{"href":"https:\/\/blankpage.ee\/_ruumist-ruumi\/wp-json\/wp\/v2\/media?parent=172773"}],"wp:term":[{"taxonomy":"product_brand","embeddable":true,"href":"https:\/\/blankpage.ee\/_ruumist-ruumi\/wp-json\/wp\/v2\/product_brand?post=172773"},{"taxonomy":"product_cat","embeddable":true,"href":"https:\/\/blankpage.ee\/_ruumist-ruumi\/wp-json\/wp\/v2\/product_cat?post=172773"},{"taxonomy":"product_tag","embeddable":true,"href":"https:\/\/blankpage.ee\/_ruumist-ruumi\/wp-json\/wp\/v2\/product_tag?post=172773"}],"curies":[{"name":"wp","href":"https:\/\/api.w.org\/{rel}","templated":true}]}}