{"id":172787,"date":"2025-04-19T08:45:58","date_gmt":"2025-04-19T08:45:58","guid":{"rendered":"https:\/\/ruumistruumi.ee\/pood\/veelekke-anduri-pikenduskaabel-sonoff-wldc200-2-m-uhilduvus-snzb-05p\/"},"modified":"2025-08-21T08:19:03","modified_gmt":"2025-08-21T08:19:03","slug":"veelekke-anduri-pikenduskaabel-sonoff-wldc200-2-m-uhilduvus-snzb-05p","status":"publish","type":"product","link":"https:\/\/blankpage.ee\/_ruumist-ruumi\/pood\/veelekke-anduri-pikenduskaabel-sonoff-wldc200-2-m-uhilduvus-snzb-05p\/","title":{"rendered":"Veelekke anduri pikenduskaabel Sonoff WLDC200, 2 m (\u00fchilduvus SNZB-05P)"},"content":{"rendered":"<h3>Veelekke anduri kaabel Sonoff WLDC200 SNZB-05P laiendamiseks<\/h3>\n<p>Veelekke anduri kaabel Sonoff WLDC200 on 2 meetri pikkune pikenduskaabel, mis sobib ideaalselt kasutamiseks SNZB-05P veelekkeanduriga. Selle kaabli abil saad suurendada lekete avastamisala ja kontrollida niiskust ka raskesti ligip\u00e4\u00e4setavates kohtades. Kaabli kogu pind reageerib veele, v\u00f5imaldades t\u00f5husa ja kiire lekke tuvastamise nii kodus kui ka t\u00f6\u00f6stusruumides.<\/p>\n<p>\n<img decoding=\"async\" src=\"https:\/\/blankpage.ee\/_ruumist-ruumi\/wp-content\/uploads\/2025\/04\/7-278.webp\" alt=\"Veelekke anduri kaabel Sonoff WLDC200, 2 m SNZB-05P jaoks\"\/>\n<\/p>\n<h3>Mitmek\u00fclgsed \u00fchendusv\u00f5imalused veelekke kaitseks<\/h3>\n<p>Erinevaid pikenduskaableid saab omavahel j\u00e4rjestikku \u00fchendada, mis v\u00f5imaldab kaablis\u00fcsteemi paindlikult kohandada nii v\u00e4ikestesse korteritesse kui ka suurtesse t\u00f6\u00f6stusruumidesse. Nii tagad veelekke kaabli abil t\u00f5husa kaitsestuse ja tuvastad v\u00f5imalikud lekked ka k\u00f5ige keerulisemates kohtades.<\/p>\n<p>\n<img decoding=\"async\" src=\"https:\/\/blankpage.ee\/_ruumist-ruumi\/wp-content\/uploads\/2025\/04\/8-141.webp\" alt=\"Pikenduskaabel veelekkeandurile paigaldatud erinevates ruumides\"\/>\n<\/p>\n<h3>Komplekti kuulub<\/h3>\n<ul>\n<li>2 m veelekke anduri pikenduskaabel<\/li>\n<li>3 kinnitusklambrit<\/li>\n<li>kasutusjuhend<\/li>\n<\/ul>\n<h3>Tehnilised andmed<\/h3>\n<table>\n<tr>\n<th>Tootja<\/th>\n<td>Sonoff<\/td>\n<\/tr>\n<tr>\n<th>Mudel<\/th>\n<td>WLDC200<\/td>\n<\/tr>\n<tr>\n<th>\u00dchilduvus<\/th>\n<td>SNZB-05P<\/td>\n<\/tr>\n<tr>\n<th>T\u00f6\u00f6keskkonna temperatuur<\/th>\n<td>-10\u00b0C kuni 60\u00b0C<\/td>\n<\/tr>\n<tr>\n<th>T\u00f6\u00f6keskkonna niiskus<\/th>\n<td>0\u201380% RH<\/td>\n<\/tr>\n<tr>\n<th>Materjal<\/th>\n<td>PC, ABS<\/td>\n<\/tr>\n<tr>\n<th>Pikkus<\/th>\n<td>2 m<\/td>\n<\/tr>\n<tr>\n<th>Kaal<\/th>\n<td>32 g<\/td>\n<\/tr>\n<\/table>\n","protected":false},"excerpt":{"rendered":"<p>Veelekke anduri kaabel Sonoff WLDC200 SNZB-05P laiendamiseks Veelekke anduri kaabel Sonoff WLDC200 on 2 meetri pikkune pikenduskaabel, mis sobib ideaalselt kasutamiseks SNZB-05P veelekkeanduriga. Selle kaabli abil saad suurendada lekete avastamisala ja kontrollida niiskust ka raskesti ligip\u00e4\u00e4setavates kohtades. Kaabli kogu pind reageerib veele, v\u00f5imaldades t\u00f5husa ja kiire lekke tuvastamise nii kodus kui ka t\u00f6\u00f6stusruumides. Mitmek\u00fclgsed \u00fchendusv\u00f5imalused [&hellip;]<\/p>\n","protected":false},"featured_media":172790,"comment_status":"open","ping_status":"open","template":"","meta":[],"product_brand":[3037],"product_cat":[3042],"product_tag":[],"class_list":{"0":"post-172787","1":"product","2":"type-product","3":"status-publish","4":"has-post-thumbnail","6":"product_brand-sonoff","7":"product_cat-andurid","8":"product_shipping_class-innpro","10":"first","11":"instock","12":"sale","13":"taxable","14":"shipping-taxable","15":"purchasable","16":"product-type-simple"},"_links":{"self":[{"href":"https:\/\/blankpage.ee\/_ruumist-ruumi\/wp-json\/wp\/v2\/product\/172787","targetHints":{"allow":["GET"]}}],"collection":[{"href":"https:\/\/blankpage.ee\/_ruumist-ruumi\/wp-json\/wp\/v2\/product"}],"about":[{"href":"https:\/\/blankpage.ee\/_ruumist-ruumi\/wp-json\/wp\/v2\/types\/product"}],"replies":[{"embeddable":true,"href":"https:\/\/blankpage.ee\/_ruumist-ruumi\/wp-json\/wp\/v2\/comments?post=172787"}],"wp:featuredmedia":[{"embeddable":true,"href":"https:\/\/blankpage.ee\/_ruumist-ruumi\/wp-json\/wp\/v2\/media\/172790"}],"wp:attachment":[{"href":"https:\/\/blankpage.ee\/_ruumist-ruumi\/wp-json\/wp\/v2\/media?parent=172787"}],"wp:term":[{"taxonomy":"product_brand","embeddable":true,"href":"https:\/\/blankpage.ee\/_ruumist-ruumi\/wp-json\/wp\/v2\/product_brand?post=172787"},{"taxonomy":"product_cat","embeddable":true,"href":"https:\/\/blankpage.ee\/_ruumist-ruumi\/wp-json\/wp\/v2\/product_cat?post=172787"},{"taxonomy":"product_tag","embeddable":true,"href":"https:\/\/blankpage.ee\/_ruumist-ruumi\/wp-json\/wp\/v2\/product_tag?post=172787"}],"curies":[{"name":"wp","href":"https:\/\/api.w.org\/{rel}","templated":true}]}}