{"id":172826,"date":"2025-04-19T08:48:10","date_gmt":"2025-04-19T08:48:10","guid":{"rendered":"https:\/\/ruumistruumi.ee\/pood\/sonoff-zigbee-luliti-zbminir2-wifi-kompaktne-10a\/"},"modified":"2025-08-21T08:19:02","modified_gmt":"2025-08-21T08:19:02","slug":"sonoff-zigbee-luliti-zbminir2-wifi-kompaktne-10a","status":"publish","type":"product","link":"https:\/\/blankpage.ee\/_ruumist-ruumi\/pood\/sonoff-zigbee-luliti-zbminir2-wifi-kompaktne-10a\/","title":{"rendered":"Sonoff ZigBee l\u00fcliti ZBMINIR2 (WiFi, kompaktne, 10A)"},"content":{"rendered":"<h3>Sonoff ZigBee l\u00fcliti ZBMINIR2<\/h3>\n<p><b>Sonoff ZigBee l\u00fcliti<\/b> on kompaktne ja mitmek\u00fclgne nutikas l\u00fcliti, mis sobib ideaalselt kaasaegsetesse koduautomaatikalahendustesse. T\u00e4nu laiendatud ZigBee levialale, mitmek\u00fclgsele l\u00fclititoele, &#8220;detach mode&#8221; funktsioonile ning seadmete kaitsele on see nutikas seade ideaalne v\u00f5imalus olemasolevate taval\u00fclitite uuendamiseks. <b>Sonoff ZigBee l\u00fcliti<\/b> tagab turvalisuse, t\u00f6\u00f6kindluse ja \u00fchildub erinevate nutikodu \u00f6kos\u00fcsteemidega, tuues sind l\u00e4hemale t\u00f5eliselt arukale kodule.<\/p>\n<p>\n<img decoding=\"async\" src=\"https:\/\/blankpage.ee\/_ruumist-ruumi\/wp-content\/uploads\/2025\/04\/2-431.webp\" alt=\"Sonoff ZigBee l\u00fcliti valge kompaktne korpus\" \/>\n<\/p>\n<h3>Kompaktne disain ja v\u00f5imas j\u00f5udlus<\/h3>\n<p>Seade on 40% v\u00e4iksema korpusega kui eelk\u00e4ijad ning ZigBee signaali ulatus on kuni viis korda suurem (kuni 200 m). Nii on sonoff zigbee l\u00fcliti suurep\u00e4rane lahendus v\u00f5rgus &#8220;surnud tsoonide&#8221; k\u00f5rvaldamiseks ja sobib praktiliselt igasse paigalduskarpi. Nutikas l\u00fcliti v\u00f5imaldab olemasolevate l\u00fclitite kiiret uuendamist, et valgusteid ja muid seadmeid mugavalt kaugjuhtida.<\/p>\n<p>\n<img decoding=\"async\" src=\"https:\/\/blankpage.ee\/_ruumist-ruumi\/wp-content\/uploads\/2025\/04\/3-409.webp\" alt=\"Kompaktne ZigBee l\u00fcliti paigaldatuna elektrikarbis\" \/>\n<\/p>\n<h3>Muudab taval\u00fclitid nutikaks<\/h3>\n<p>ZBMINIR2 v\u00f5imaldab muuta olemasolevad taval\u00fclitid nutikaks, s\u00e4ilitades nende k\u00e4sitsi juhtimise v\u00f5imaluse. Toetab erinevat t\u00fc\u00fcpi l\u00fcliteid \u2013 ukse-, kell-, p\u00f6\u00f6rd- ja SPDT-l\u00fclitid \u2013 ning v\u00f5imaldab kahepoolset juhtimist. See annab nutika juhtimise sinu kodus paindlikult ja lihtsasti.<\/p>\n<p>\n<img decoding=\"async\" src=\"https:\/\/blankpage.ee\/_ruumist-ruumi\/wp-content\/uploads\/2025\/04\/5-346.webp\" alt=\"Traditsiooniline seinal\u00fcliti, mida juhitakse ZigBee kaudu\" \/>\n<\/p>\n<h3>T\u00e4iuslik koost\u00f6\u00f6 nutipirnidega<\/h3>\n<p>&#8220;Detach mode&#8221; abil j\u00e4\u00e4b nutipirn alati v\u00f5rku isegi siis, kui f\u00fc\u00fcsiline l\u00fcliti on v\u00e4lja l\u00fclitatud. See v\u00e4listab katkestused ja kindlustab, et nutifunktsioonid t\u00f6\u00f6tavad alati probleemideta.<\/p>\n<p>\n<img decoding=\"async\" src=\"https:\/\/blankpage.ee\/_ruumist-ruumi\/wp-content\/uploads\/2025\/04\/7-280.webp\" alt=\"Nutikas ZigBee l\u00fcliti t\u00f6\u00f6tab alati koos nutipirniga\" \/>\n<\/p>\n<h3>ZigBee v\u00f5rgu ulatuse laiendamine<\/h3>\n<p>&#8220;Turbo mode&#8221; v\u00f5imaldab ZBMINIR2-l t\u00f6\u00f6tada signaaliv\u00f5imendajana: seade tugevdab v\u00f5rku, v\u00e4hendab \u00fchenduse kadumise riski ja aitab ehitada t\u00f6\u00f6kindlama automaatikas\u00fcsteemi.<\/p>\n<p>\n<img decoding=\"async\" src=\"https:\/\/blankpage.ee\/_ruumist-ruumi\/wp-content\/uploads\/2025\/04\/10-32.webp\" alt=\"ZigBee v\u00f5rgu katvuse suurendamine automaatikas\u00fcsteemis\" \/>\n<\/p>\n<h3>K\u00f5rge turvalisus ja t\u00f6\u00f6kindlus<\/h3>\n<p>ZBMINIR2 kaitseb \u00fchendatud seadmeid: viivitatud sissel\u00fclitus hoiab \u00e4ra kahjustused, mis v\u00f5ivad tekkida ootamatu voolu taastumisel. Tulekindel V-0 plastikust korpus ja kvaliteetsed klemmid tagavad vastupidavuse ning ohutuse. Toode vastab k\u00f5rgetele standarditele ja on edukalt l\u00e4binud vastupidavustestid.<\/p>\n<p>\n<img decoding=\"async\" src=\"https:\/\/blankpage.ee\/_ruumist-ruumi\/wp-content\/uploads\/2025\/04\/6-317.webp\" alt=\"Turvaline paigaldatud ZigBee nutikas l\u00fcliti\" \/>\n<\/p>\n<h3>Lai \u00fchilduvus erinevate ZigBee platvormidega<\/h3>\n<p>Sonoff ZigBee l\u00fcliti \u00fchildub mitmete ZigBee keskustega, nagu SONOFF ZigBee Bridge\/Pro, Philips Hue, SmartThings Hub V3 v\u00f5i Echo seadmed. ZigBee 3.0 toe kaudu saab seda integreerida ka teiste tootjate nutikodulahendustega.<\/p>\n<p>\n<img decoding=\"async\" src=\"https:\/\/blankpage.ee\/_ruumist-ruumi\/wp-content\/uploads\/2025\/04\/4-401.webp\" alt=\"Nutikas Sonoff ZigBee l\u00fcliti \u00fchildub erinevate platvormidega\" \/>\n<\/p>\n<h3>Komplektis<\/h3>\n<ul>\n<li>Nutikas l\u00fcliti<\/li>\n<li>Kasutusjuhend<\/li>\n<\/ul>\n<h3>Tehnilised andmed<\/h3>\n<table>\n<tr>\n<th>Tootja<\/th>\n<td>Sonoff<\/td>\n<\/tr>\n<tr>\n<th>Mudel<\/th>\n<td>ZBMINIR2<\/td>\n<\/tr>\n<tr>\n<th>Toitepinge<\/th>\n<td>100-240V~ 50\/60Hz 10A<\/td>\n<\/tr>\n<tr>\n<th>Maksimaalne koormus<\/th>\n<td>2400W (240V)<\/td>\n<\/tr>\n<tr>\n<th>Juhtmevaba \u00fchendus<\/th>\n<td>ZigBee 3.0<\/td>\n<\/tr>\n<tr>\n<th>V\u00e4rvus<\/th>\n<td>Valge<\/td>\n<\/tr>\n<tr>\n<th>Korpuse materjal<\/th>\n<td>PC V0 (tulekindel plastik)<\/td>\n<\/tr>\n<tr>\n<th>M\u00f5\u00f5dud<\/th>\n<td>39,5 \u00d7 33 \u00d7 16,8 mm<\/td>\n<\/tr>\n<tr>\n<th>Kaal<\/th>\n<td>26,7 g<\/td>\n<\/tr>\n<tr>\n<th>Juhtmestik<\/th>\n<td>N\u00f5uab neutraaljuhtme olemasolu<\/td>\n<\/tr>\n<tr>\n<th>V\u00f5rgu roll<\/th>\n<td>Ruuter<\/td>\n<\/tr>\n<tr>\n<th>Alamseadmete tugi<\/th>\n<td>64<\/td>\n<\/tr>\n<tr>\n<th>V\u00e4lise l\u00fcliti tugi<\/th>\n<td>Jah<\/td>\n<\/tr>\n<tr>\n<th>Turbo mode<\/th>\n<td>Jah<\/td>\n<\/tr>\n<tr>\n<th>Relay disconnect mode<\/th>\n<td>Jah<\/td>\n<\/tr>\n<tr>\n<th>Toite oleku kuvamine<\/th>\n<td>Jah<\/td>\n<\/tr>\n<tr>\n<th>Grupihaldus<\/th>\n<td>Jah<\/td>\n<\/tr>\n<tr>\n<th>OTA uuendused<\/th>\n<td>Jah<\/td>\n<\/tr>\n<\/table>\n","protected":false},"excerpt":{"rendered":"<p>Sonoff ZigBee l\u00fcliti ZBMINIR2 Sonoff ZigBee l\u00fcliti on kompaktne ja mitmek\u00fclgne nutikas l\u00fcliti, mis sobib ideaalselt kaasaegsetesse koduautomaatikalahendustesse. T\u00e4nu laiendatud ZigBee levialale, mitmek\u00fclgsele l\u00fclititoele, &#8220;detach mode&#8221; funktsioonile ning seadmete kaitsele on see nutikas seade ideaalne v\u00f5imalus olemasolevate taval\u00fclitite uuendamiseks. Sonoff ZigBee l\u00fcliti tagab turvalisuse, t\u00f6\u00f6kindluse ja \u00fchildub erinevate nutikodu \u00f6kos\u00fcsteemidega, tuues sind l\u00e4hemale t\u00f5eliselt arukale [&hellip;]<\/p>\n","protected":false},"featured_media":172834,"comment_status":"open","ping_status":"open","template":"","meta":[],"product_brand":[3037],"product_cat":[3043],"product_tag":[],"class_list":{"0":"post-172826","1":"product","2":"type-product","3":"status-publish","4":"has-post-thumbnail","6":"product_brand-sonoff","7":"product_cat-nutikontrollerid","8":"product_shipping_class-innpro","10":"first","11":"instock","12":"sale","13":"taxable","14":"shipping-taxable","15":"purchasable","16":"product-type-simple"},"_links":{"self":[{"href":"https:\/\/blankpage.ee\/_ruumist-ruumi\/wp-json\/wp\/v2\/product\/172826","targetHints":{"allow":["GET"]}}],"collection":[{"href":"https:\/\/blankpage.ee\/_ruumist-ruumi\/wp-json\/wp\/v2\/product"}],"about":[{"href":"https:\/\/blankpage.ee\/_ruumist-ruumi\/wp-json\/wp\/v2\/types\/product"}],"replies":[{"embeddable":true,"href":"https:\/\/blankpage.ee\/_ruumist-ruumi\/wp-json\/wp\/v2\/comments?post=172826"}],"wp:featuredmedia":[{"embeddable":true,"href":"https:\/\/blankpage.ee\/_ruumist-ruumi\/wp-json\/wp\/v2\/media\/172834"}],"wp:attachment":[{"href":"https:\/\/blankpage.ee\/_ruumist-ruumi\/wp-json\/wp\/v2\/media?parent=172826"}],"wp:term":[{"taxonomy":"product_brand","embeddable":true,"href":"https:\/\/blankpage.ee\/_ruumist-ruumi\/wp-json\/wp\/v2\/product_brand?post=172826"},{"taxonomy":"product_cat","embeddable":true,"href":"https:\/\/blankpage.ee\/_ruumist-ruumi\/wp-json\/wp\/v2\/product_cat?post=172826"},{"taxonomy":"product_tag","embeddable":true,"href":"https:\/\/blankpage.ee\/_ruumist-ruumi\/wp-json\/wp\/v2\/product_tag?post=172826"}],"curies":[{"name":"wp","href":"https:\/\/api.w.org\/{rel}","templated":true}]}}