{"id":172853,"date":"2025-04-19T08:50:26","date_gmt":"2025-04-19T08:50:26","guid":{"rendered":"https:\/\/ruumistruumi.ee\/pood\/nutikas-veeklapp-sonoff-swv-bsp-zigbee-3-4-ip55-patareitoitel\/"},"modified":"2025-08-21T08:19:02","modified_gmt":"2025-08-21T08:19:02","slug":"nutikas-veeklapp-sonoff-swv-bsp-zigbee-3-4-ip55-patareitoitel","status":"publish","type":"product","link":"https:\/\/blankpage.ee\/_ruumist-ruumi\/pood\/nutikas-veeklapp-sonoff-swv-bsp-zigbee-3-4-ip55-patareitoitel\/","title":{"rendered":"Nutikas veeklapp Sonoff SWV-BSP ZigBee (3\/4&#8243;, IP55, patareitoitel)"},"content":{"rendered":"<h3>Nutikas veeklapp Sonoff SWV-BSP ZigBee (3\/4&#8243;, IP55, patareitoitel)<\/h3>\n<p>Nutikas veeklapp Sonoff SWV-BSP ZigBee muudab kastmiss\u00fcsteemi juhtimise lihtsaks ja paindlikuks. See lahendus sobib ideaalselt aia-, muru- ja k\u00f6\u00f6giviljapeenarde automaatseks kastmiseks. Kiire paigaldus ning mitmed nutikad funktsioonid v\u00f5imaldavad kastmist kohandada vastavalt vajadusele \u2013 nii optimeerid veekasutust ning hoolitsed taimede eest ka eemal olles. Klapi kasutamiseks on vajalik ZigBee l\u00fc\u00fcs.<\/p>\n<p><img decoding=\"async\" src=\"https:\/\/blankpage.ee\/_ruumist-ruumi\/wp-content\/uploads\/2025\/04\/1-435.webp\" alt=\"nutikas veeklapp Sonoff SWV-BSP ZigBee aiakastmiseks\" \/><\/p>\n<h3>Lihtne paigaldus ja paindlik kastmine<\/h3>\n<p>Paigalda Sonoff ZigBee veeklapp lihtsalt kraani ja aiavooliku vahele ning automatiseeri kastmiss\u00fcsteem. Seadmel on kaks t\u00f6\u00f6re\u017eiimi: ajap\u00f5hine ja kogusep\u00f5hine kastmine. N\u00e4iteks saad seadistada, et ventiil avatakse 30 minutiks v\u00f5i juhitakse l\u00e4bi 30 liitrit vett teatud ajaintervalliga.<\/p>\n<p><img decoding=\"async\" src=\"https:\/\/blankpage.ee\/_ruumist-ruumi\/wp-content\/uploads\/2025\/04\/9-112.webp\" alt=\"veeklapi paigaldamine aiavooliku ja kraani vahele\" \/><\/p>\n<h3>Kaugjuhtimine ja veekasutuse statistika<\/h3>\n<p>Nutikat veeklappi saad mugavalt juhtida eWeLink rakenduse abil. M\u00f5ne nupuvajutusega alustad kastmist v\u00f5i vaatad kuni 180 p\u00e4eva veekasutuse ajalugu p\u00e4evade, n\u00e4dalate ning kuude l\u00f5ikes. See aitab kastmist planeerida ning veetarbimist v\u00e4hendada.<\/p>\n<p><img decoding=\"async\" src=\"https:\/\/blankpage.ee\/_ruumist-ruumi\/wp-content\/uploads\/2025\/04\/10-34.webp\" alt=\"veeklapi kaugjuhtimine eWeLink rakendusega\" \/><\/p>\n<h3>Targad automatiseerimised ja h\u00e4\u00e4ljuhtimine<\/h3>\n<p>Seade v\u00f5imaldab seadistada erinevaid automaatseid kastmisskeeme ning \u00fchildub Alexa ja Google Home nutik\u00f5laritega. Veeklapi saad vajadusel k\u00e4ivitada v\u00f5i sulgeda ka h\u00e4\u00e4lk\u00e4sklusega, n\u00e4iteks kui hakkab vihma sadama.<\/p>\n<p><img decoding=\"async\" src=\"https:\/\/blankpage.ee\/_ruumist-ruumi\/wp-content\/uploads\/2025\/04\/3-410.webp\" alt=\"veeklapp Alexa ja Google Home nutik\u00f5laritega \u00fchilduvus\" \/><\/p>\n<h3>Pikaajaline patareitoide ja t\u00f6\u00f6kindlus<\/h3>\n<p>Nutikas veeklapp t\u00f6\u00f6tab nelja AA patareiga kuni 20 kuud j\u00e4rjest. Seade j\u00e4lgib pidevalt veetarbimist ja annab probleemidest koheselt m\u00e4rku. Soovi korral saad ventiili \u00fchendada ka n\u00e4iteks ZBDongle-P v\u00f5i ZBDongle-E avatud l\u00e4htekoodiga s\u00fcsteemidega.<\/p>\n<p><img decoding=\"async\" src=\"https:\/\/blankpage.ee\/_ruumist-ruumi\/wp-content\/uploads\/2025\/04\/7-282.webp\" alt=\"nutika veeklapi pikk t\u00f6\u00f6aeg patareitoitel\" \/><\/p>\n<h3>T\u00e4iuslik lahendus igale aiale<\/h3>\n<p>\u00dchest platvormist saad juhtida mitut nutikat veeklappi ning luua tervikliku, tsoonip\u00f5hise automaatse kastmiss\u00fcsteemi. Kastmise parameetreid on lihtne kohandada iga taimegrupi vajaduste j\u00e4rgi.<\/p>\n<p><img decoding=\"async\" src=\"https:\/\/blankpage.ee\/_ruumist-ruumi\/wp-content\/uploads\/2025\/04\/8-143.webp\" alt=\"tsoonip\u00f5hine automaatne kastmiss\u00fcsteem\" \/><\/p>\n<div class=\"table-wrapper\">\n<table>\n<tbody>\n<tr>\n<th>Tootja<\/th>\n<td>Sonoff<\/td>\n<\/tr>\n<tr>\n<th>Mudel<\/th>\n<td>SWV-BSP<\/td>\n<\/tr>\n<tr>\n<th>Pinge<\/th>\n<td>6 V (4 \u00d7 AA 1,5V patareid)<\/td>\n<\/tr>\n<tr>\n<th>Juhtmevaba \u00fchendus<\/th>\n<td>ZigBee 3.0<\/td>\n<\/tr>\n<tr>\n<th>Veekindlus<\/th>\n<td>IP55<\/td>\n<\/tr>\n<tr>\n<th>T\u00f6\u00f6tamistemperatuur<\/th>\n<td>5\u201360\u00b0C<\/td>\n<\/tr>\n<tr>\n<th>Kastmisvee temperatuur<\/th>\n<td>5\u201340\u00b0C<\/td>\n<\/tr>\n<tr>\n<th>T\u00f6\u00f6tamise \u00f5huniiskus<\/th>\n<td>5\u201395% RH, mitte kondenseeruv<\/td>\n<\/tr>\n<tr>\n<th>T\u00f6\u00f6r\u00f5hk<\/th>\n<td>0,06\u20130,8 MPa<\/td>\n<\/tr>\n<tr>\n<th>Kesta materjal<\/th>\n<td>PC + ABS<\/td>\n<\/tr>\n<tr>\n<th>M\u00f5\u00f5dud<\/th>\n<td>152 \u00d7 100 \u00d7 46 mm<\/td>\n<\/tr>\n<tr>\n<th>V\u00e4rvus<\/th>\n<td>must<\/td>\n<\/tr>\n<tr>\n<th>Standard<\/th>\n<td>British Standard Pipe<\/td>\n<\/tr>\n<tr>\n<th>Keermet\u00e4his<\/th>\n<td>G3\/4-14<\/td>\n<\/tr>\n<tr>\n<th>Nimim\u00f5\u00f5t<\/th>\n<td>3\/4&#8243;<\/td>\n<\/tr>\n<tr>\n<th>Keerme t\u00fc\u00fcp<\/th>\n<td>\u00fcmarate servadega<\/td>\n<\/tr>\n<\/tbody>\n<\/table>\n<\/div>\n","protected":false},"excerpt":{"rendered":"<p>Nutikas veeklapp Sonoff SWV-BSP ZigBee (3\/4&#8243;, IP55, patareitoitel) Nutikas veeklapp Sonoff SWV-BSP ZigBee muudab kastmiss\u00fcsteemi juhtimise lihtsaks ja paindlikuks. See lahendus sobib ideaalselt aia-, muru- ja k\u00f6\u00f6giviljapeenarde automaatseks kastmiseks. Kiire paigaldus ning mitmed nutikad funktsioonid v\u00f5imaldavad kastmist kohandada vastavalt vajadusele \u2013 nii optimeerid veekasutust ning hoolitsed taimede eest ka eemal olles. Klapi kasutamiseks on vajalik [&hellip;]<\/p>\n","protected":false},"featured_media":172860,"comment_status":"open","ping_status":"open","template":"","meta":[],"product_brand":[3037],"product_cat":[3065],"product_tag":[],"class_list":{"0":"post-172853","1":"product","2":"type-product","3":"status-publish","4":"has-post-thumbnail","6":"product_brand-sonoff","7":"product_cat-nutiaed","8":"product_shipping_class-innpro","10":"first","11":"instock","12":"sale","13":"taxable","14":"shipping-taxable","15":"purchasable","16":"product-type-simple"},"_links":{"self":[{"href":"https:\/\/blankpage.ee\/_ruumist-ruumi\/wp-json\/wp\/v2\/product\/172853","targetHints":{"allow":["GET"]}}],"collection":[{"href":"https:\/\/blankpage.ee\/_ruumist-ruumi\/wp-json\/wp\/v2\/product"}],"about":[{"href":"https:\/\/blankpage.ee\/_ruumist-ruumi\/wp-json\/wp\/v2\/types\/product"}],"replies":[{"embeddable":true,"href":"https:\/\/blankpage.ee\/_ruumist-ruumi\/wp-json\/wp\/v2\/comments?post=172853"}],"wp:featuredmedia":[{"embeddable":true,"href":"https:\/\/blankpage.ee\/_ruumist-ruumi\/wp-json\/wp\/v2\/media\/172860"}],"wp:attachment":[{"href":"https:\/\/blankpage.ee\/_ruumist-ruumi\/wp-json\/wp\/v2\/media?parent=172853"}],"wp:term":[{"taxonomy":"product_brand","embeddable":true,"href":"https:\/\/blankpage.ee\/_ruumist-ruumi\/wp-json\/wp\/v2\/product_brand?post=172853"},{"taxonomy":"product_cat","embeddable":true,"href":"https:\/\/blankpage.ee\/_ruumist-ruumi\/wp-json\/wp\/v2\/product_cat?post=172853"},{"taxonomy":"product_tag","embeddable":true,"href":"https:\/\/blankpage.ee\/_ruumist-ruumi\/wp-json\/wp\/v2\/product_tag?post=172853"}],"curies":[{"name":"wp","href":"https:\/\/api.w.org\/{rel}","templated":true}]}}