{"id":172980,"date":"2025-04-19T09:03:01","date_gmt":"2025-04-19T09:03:01","guid":{"rendered":"https:\/\/ruumistruumi.ee\/pood\/nutikas-kardina-relee-shelly-qubino-wave-pro-shutter-din-energiatarbimise-mootmisega\/"},"modified":"2025-08-21T08:19:00","modified_gmt":"2025-08-21T08:19:00","slug":"nutikas-kardina-relee-shelly-qubino-wave-pro-shutter-din-energiatarbimise-mootmisega","status":"publish","type":"product","link":"https:\/\/blankpage.ee\/_ruumist-ruumi\/pood\/nutikas-kardina-relee-shelly-qubino-wave-pro-shutter-din-energiatarbimise-mootmisega\/","title":{"rendered":"Nutikas kardina relee Shelly Qubino Wave Pro Shutter DIN, energiatarbimise m\u00f5\u00f5tmisega"},"content":{"rendered":"<h3>Nutikas kardina relee Shelly Qubino Wave Pro Shutter \u2013 mugav automatiseerimine ja energiatarbimise m\u00f5\u00f5tmine<\/h3>\n<p>Nutikas kardina relee Shelly Qubino Wave Pro Shutter on usaldusv\u00e4\u00e4rne DIN-liistule paigaldatav seade, mis v\u00f5imaldab sul h\u00f5lpsalt juhtida kardinaid, ruloosid, markiise v\u00f5i ribikardinaid otse elektrikilbist. Integreeritud energiatarbimise m\u00f5\u00f5tmine annab reaalajas t\u00e4pse \u00fclevaate iga kanali voolutarbimisest, aidates optimeerida elektrikulu nii kodus kui ka \u00e4riruumides.<\/p>\n<p>\n<img decoding=\"async\" src=\"https:\/\/blankpage.ee\/_ruumist-ruumi\/wp-content\/uploads\/2025\/04\/5-352.webp\" border=\"0\" alt=\"nutikas kardina relee Shelly Qubino paigaldatud DIN-liistule\" \/>\n<\/p>\n<h3>T\u00e4pne juhtimine ja paindlik kasutamine<\/h3>\n<p>See nutikas kardina relee suudab \u00fche kanali kohta juhtida kuni 16 A koormust, sobides ka n\u00f5udlikumatele s\u00fcsteemidele. Kohanda liikumised vastavalt p\u00e4ikese t\u00f5usule, loojangule v\u00f5i oma igap\u00e4evagrutiinile \u2013 ajastused ja automaatstsenaariumid aitavad muuta igap\u00e4evaelu mugavamaks. T\u00e4nu ulatuslikule konfigureeritavusele saad kohandada juhtimist t\u00e4pselt vastavalt oma vajadustele.<\/p>\n<p>\n<img decoding=\"async\" src=\"https:\/\/blankpage.ee\/_ruumist-ruumi\/wp-content\/uploads\/2025\/04\/2-444.webp\" border=\"0\" alt=\"DIN-liistule paigaldatud relee energiatarbimise m\u00f5\u00f5tmisega \u2013 juhtmeklemmide l\u00e4hivaade\" \/>\n<\/p>\n<h3>Z-Wave tehnoloogia eelised<\/h3>\n<p>Shelly Qubino Wave Pro Shutter kasutab usaldusv\u00e4\u00e4rset Z-Wave\u00ae S800 protsessorit, mis tagab laitmatu koost\u00f6\u00f6 enam kui 4000 teise Z-Wave seadmega \u00fclemaailmselt. S\u00f5ltumata tootjast saad \u00fchendada erinevaid seadmeid ning kasutada kindlat ja turvalist \u00fchendust koos madala energiatarbega (alla 0,3 W). Leviulatus kuni 40 m ning AES128 turvakr\u00fcpteering tagavad stabiilsuse ja andmete turvalisuse.<\/p>\n<p>\n<img decoding=\"async\" src=\"https:\/\/blankpage.ee\/_ruumist-ruumi\/wp-content\/uploads\/2025\/04\/7-285.webp\" border=\"0\" alt=\"Z-Wave nutikas relee Shelly Qubino energia- ja koormusn\u00e4itude kuva\" \/>\n<\/p>\n<h3>Paindlik regulaator igas ruumis<\/h3>\n<p>Nutikas kardina relee pakub sulle v\u00f5imalust t\u00e4pselt reguleerida kardinate, ruloode v\u00f5i ribikardinate asendit ning reguleerida valguse hulka vastavalt soovile. Seadista erinevaid ajastusi ja stseene v\u00f5i loo nutikaid automaatikaid, mis muudavad kodu v\u00f5i kontori elu lihtsamaks. Funktsioon \u201eSmart Scenes\u201c v\u00f5imaldab s\u00fcnkroniseerida mitmeid Z-Wave seadmeid, pakkudes t\u00e4ielikku juhtimist kogu s\u00fcsteemile ilma eraldi keskseadmeta.<\/p>\n<p>\n<img decoding=\"async\" src=\"https:\/\/blankpage.ee\/_ruumist-ruumi\/wp-content\/uploads\/2025\/04\/3-423.webp\" border=\"0\" alt=\"nutika ruloorelee juhtimine ning moodsa musta disainiga\" \/>\n<\/p>\n<h3>Turvalisus ja lihtne paigaldus<\/h3>\n<p>Integreeritud \u00fclekuumenemise-, \u00fclekoormuse- ja \u00fclepinge kaitse tagab selle relee ohutu ja usaldusv\u00e4\u00e4rse kasutamise pikaks ajaks. Paigaldamine DIN-liistule elektrijaotuskilbis on kiire ja mugav, kerge plastikkorpus muudab k\u00e4sitsemise lihtsaks. Nutikas kardina relee sobib suurep\u00e4raselt nii kodudes, kontorites kui ka uusarendustes.<\/p>\n<p>\n<img decoding=\"async\" src=\"https:\/\/blankpage.ee\/_ruumist-ruumi\/wp-content\/uploads\/2025\/04\/1-446.webp\" border=\"0\" alt=\"elektrikilbis DIN-liistule kinnitatav must nutikas relee\" \/>\n<\/p>\n<table>\n<tbody>\n<tr>\n<th>Tootja<\/th>\n<td>Shelly<\/td>\n<\/tr>\n<tr>\n<th>Mudel<\/th>\n<td>Qubino Wave Pro<\/td>\n<\/tr>\n<tr>\n<th>Toitepinge<\/th>\n<td>110\u2013240 V AC, 50\/60 Hz<\/td>\n<\/tr>\n<tr>\n<th>Maksimaalne voolukoormus<\/th>\n<td>16 A (kanali kohta)<\/td>\n<\/tr>\n<tr>\n<th>Tarbimise m\u00f5\u00f5tmine<\/th>\n<td>Jah<\/td>\n<\/tr>\n<tr>\n<th>Energiakulu<\/th>\n<td>&lt; 0,3 W<\/td>\n<\/tr>\n<tr>\n<th>Leviulatus siseruumides<\/th>\n<td>Kuni 40 m<\/td>\n<\/tr>\n<tr>\n<th>Protsessor<\/th>\n<td>Z-Wave\u00ae S800<\/td>\n<\/tr>\n<tr>\n<th>Paigaldus<\/th>\n<td>DIN-liist<\/td>\n<\/tr>\n<tr>\n<th>V\u00e4rv<\/th>\n<td>Must<\/td>\n<\/tr>\n<tr>\n<th>M\u00f5\u00f5tmed<\/th>\n<td>94 \u00d7 19 \u00d7 69 mm<\/td>\n<\/tr>\n<tr>\n<th>Kaal<\/th>\n<td>75 g<\/td>\n<\/tr>\n<tr>\n<th>T\u00f6\u00f6temperatuur<\/th>\n<td>-20\u00b0C kuni 40\u00b0C<\/td>\n<\/tr>\n<\/tbody>\n<\/table>\n","protected":false},"excerpt":{"rendered":"<p>Nutikas kardina relee Shelly Qubino Wave Pro Shutter \u2013 mugav automatiseerimine ja energiatarbimise m\u00f5\u00f5tmine Nutikas kardina relee Shelly Qubino Wave Pro Shutter on usaldusv\u00e4\u00e4rne DIN-liistule paigaldatav seade, mis v\u00f5imaldab sul h\u00f5lpsalt juhtida kardinaid, ruloosid, markiise v\u00f5i ribikardinaid otse elektrikilbist. Integreeritud energiatarbimise m\u00f5\u00f5tmine annab reaalajas t\u00e4pse \u00fclevaate iga kanali voolutarbimisest, aidates optimeerida elektrikulu nii kodus kui [&hellip;]<\/p>\n","protected":false},"featured_media":172986,"comment_status":"open","ping_status":"open","template":"","meta":[],"product_brand":[3069],"product_cat":[3043],"product_tag":[],"class_list":{"0":"post-172980","1":"product","2":"type-product","3":"status-publish","4":"has-post-thumbnail","6":"product_brand-shelly","7":"product_cat-nutikontrollerid","8":"product_shipping_class-innpro","10":"first","11":"instock","12":"sale","13":"taxable","14":"shipping-taxable","15":"purchasable","16":"product-type-simple"},"_links":{"self":[{"href":"https:\/\/blankpage.ee\/_ruumist-ruumi\/wp-json\/wp\/v2\/product\/172980","targetHints":{"allow":["GET"]}}],"collection":[{"href":"https:\/\/blankpage.ee\/_ruumist-ruumi\/wp-json\/wp\/v2\/product"}],"about":[{"href":"https:\/\/blankpage.ee\/_ruumist-ruumi\/wp-json\/wp\/v2\/types\/product"}],"replies":[{"embeddable":true,"href":"https:\/\/blankpage.ee\/_ruumist-ruumi\/wp-json\/wp\/v2\/comments?post=172980"}],"wp:featuredmedia":[{"embeddable":true,"href":"https:\/\/blankpage.ee\/_ruumist-ruumi\/wp-json\/wp\/v2\/media\/172986"}],"wp:attachment":[{"href":"https:\/\/blankpage.ee\/_ruumist-ruumi\/wp-json\/wp\/v2\/media?parent=172980"}],"wp:term":[{"taxonomy":"product_brand","embeddable":true,"href":"https:\/\/blankpage.ee\/_ruumist-ruumi\/wp-json\/wp\/v2\/product_brand?post=172980"},{"taxonomy":"product_cat","embeddable":true,"href":"https:\/\/blankpage.ee\/_ruumist-ruumi\/wp-json\/wp\/v2\/product_cat?post=172980"},{"taxonomy":"product_tag","embeddable":true,"href":"https:\/\/blankpage.ee\/_ruumist-ruumi\/wp-json\/wp\/v2\/product_tag?post=172980"}],"curies":[{"name":"wp","href":"https:\/\/api.w.org\/{rel}","templated":true}]}}