{"id":173028,"date":"2025-04-19T09:07:50","date_gmt":"2025-04-19T09:07:50","guid":{"rendered":"https:\/\/ruumistruumi.ee\/pood\/nutikas-alarm-sireen-zigbee-imou-zr1-85-db-toiteadapter-sein-lagi\/"},"modified":"2025-08-21T08:19:00","modified_gmt":"2025-08-21T08:19:00","slug":"nutikas-alarm-sireen-zigbee-imou-zr1-85-db-toiteadapter-sein-lagi","status":"publish","type":"product","link":"https:\/\/blankpage.ee\/_ruumist-ruumi\/pood\/nutikas-alarm-sireen-zigbee-imou-zr1-85-db-toiteadapter-sein-lagi\/","title":{"rendered":"Nutikas alarm-sireen ZigBee IMOU ZR1 (85 dB, toiteadapter, sein\/lagi)"},"content":{"rendered":"<h3>Nutikas alarm-sireen ZigBee IMOU ZR1 (85 dB, toiteadapter, sein\/lagi)<\/h3>\n<p>Nutikas alarm-sireen IMOU ZR1 pakub usaldusv\u00e4\u00e4rset kaitset nii sinu kodule kui ka kontorile. Seade integreerub ZigBee turvas\u00fcsteemi ning \u00fchildub IMOU v\u00e4ravaga (soetatakse eraldi), mis v\u00f5imaldab saada koheseid teavitusi nutiseadmesse p\u00e4rast liikumis- v\u00f5i sissetungih\u00e4iret. H\u00e4ire korral annab nutikas alarm-sireen helisignaali (kuni 85 dB) ning aktiveerib ka valgusm\u00e4rguande, mis suurendab turvalisust ja aitab soovimatud k\u00fclalised eemale peletada.<\/p>\n<p><img decoding=\"async\" src=\"https:\/\/blankpage.ee\/_ruumist-ruumi\/wp-content\/uploads\/2025\/04\/2-447.webp\" alt=\"Nutika alarm-sireeni IMOU ZR1 paigaldus seinale koos nutitelefoniga\"\/><\/p>\n<h3>Kaugjuhtimine ja paindlik lahendus ZigBee s\u00fcsteemile<\/h3>\n<p>P\u00e4rast alarmi aktiveerimist saad selle nutitelefoni rakendusega mugavalt t\u00fchistada v\u00f5i seadistada \u2013 v\u00f5imalik ka v\u00e4rava kaudu. Nutikas alarm-sireen IMOU ZR1 kasutab ZigBee protokolli, t\u00f6\u00f6tades 2,4 GHz sagedusel, mis tagab stabiilse ja t\u00f6\u00f6kindla \u00fchenduse. Saad reguleerida helitugevust kuni 85 dB vastavalt vajadusele, sobides kasutamiseks erinevas suuruses ruumides.<\/p>\n<p><img decoding=\"async\" src=\"https:\/\/blankpage.ee\/_ruumist-ruumi\/wp-content\/uploads\/2025\/04\/7-288.webp\" alt=\"IMOU ZR1 nutikas alarm-sireen rakenduse kaugjuhtimise vaade\"\/><\/p>\n<h3>Vastupidav ja universaalne IMOU ZR1 alarm-sireen<\/h3>\n<p>Nutikas alarm-sireen on valmistatud kvaliteetsetest materjalidest, mis peavad vastu suurele temperatuurivahemikule (-25\u00b0C kuni +55\u00b0C). Selle saab paigaldada nii siseruumidesse kui ka v\u00e4listingimustesse \u2013 seintele v\u00f5i lakke. Komplektis on k\u00f5ik vajalik mugavaks paigaldamiseks: kinnitusvahendid, 3M kleeppadi ja kasutusjuhend.<\/p>\n<p><img decoding=\"async\" src=\"https:\/\/blankpage.ee\/_ruumist-ruumi\/wp-content\/uploads\/2025\/04\/3-429.webp\" alt=\"IMOU ZR1 alarm-sireeni ja kinnitusv\u00f5imaluste detailid\"\/><\/p>\n<h3>Komplektis<\/h3>\n<ul>\n<li>IMOU ZR1 nutikas alarm-sireen<\/li>\n<li>3M kleeppadi<\/li>\n<li>Kruvi ja t\u00fc\u00fcbel<\/li>\n<li>Toiteadapter<\/li>\n<li>Kasutusjuhend<\/li>\n<\/ul>\n<h3>T\u00e4htsamad tehnilised andmed<\/h3>\n<table>\n<tr>\n<th>Tootja<\/th>\n<td>IMOU<\/td>\n<\/tr>\n<tr>\n<th>Mudel<\/th>\n<td>ZR1<\/td>\n<\/tr>\n<tr>\n<th>M\u00f5\u00f5dud<\/th>\n<td>\u03a680x34mm<\/td>\n<\/tr>\n<tr>\n<th>T\u00f6\u00f6pinge<\/th>\n<td>DC 12V<\/td>\n<\/tr>\n<tr>\n<th>T\u00f6\u00f6temperatuur<\/th>\n<td>-25\u00b0C kuni +55\u00b0C<\/td>\n<\/tr>\n<tr>\n<th>T\u00f6\u00f6vool<\/th>\n<td>\u2264250mA<\/td>\n<\/tr>\n<tr>\n<th>Paigaldus<\/th>\n<td>Sein v\u00f5i lagi<\/td>\n<\/tr>\n<tr>\n<th>Juhtmevaba protokoll<\/th>\n<td>ZigBee<\/td>\n<\/tr>\n<tr>\n<th>Sagedus<\/th>\n<td>2,4 GHz<\/td>\n<\/tr>\n<tr>\n<th>Side kaugus<\/th>\n<td>kuni 200 m<\/td>\n<\/tr>\n<tr>\n<th>Sireeni helitugevus<\/th>\n<td>\u226585 dB<\/td>\n<\/tr>\n<tr>\n<th>Ootere\u017eiimi vool<\/th>\n<td>\u226420 \u03bcA<\/td>\n<\/tr>\n<tr>\n<th>Edastusv\u00f5imsus<\/th>\n<td>\u226415 dBm<\/td>\n<\/tr>\n<tr>\n<th>Vastuv\u00f5tutundlikkus<\/th>\n<td>-96 dBm<\/td>\n<\/tr>\n<\/table>\n","protected":false},"excerpt":{"rendered":"<p>Nutikas alarm-sireen ZigBee IMOU ZR1 (85 dB, toiteadapter, sein\/lagi) Nutikas alarm-sireen IMOU ZR1 pakub usaldusv\u00e4\u00e4rset kaitset nii sinu kodule kui ka kontorile. Seade integreerub ZigBee turvas\u00fcsteemi ning \u00fchildub IMOU v\u00e4ravaga (soetatakse eraldi), mis v\u00f5imaldab saada koheseid teavitusi nutiseadmesse p\u00e4rast liikumis- v\u00f5i sissetungih\u00e4iret. H\u00e4ire korral annab nutikas alarm-sireen helisignaali (kuni 85 dB) ning aktiveerib ka valgusm\u00e4rguande, [&hellip;]<\/p>\n","protected":false},"featured_media":173035,"comment_status":"open","ping_status":"open","template":"","meta":[],"product_brand":[3003],"product_cat":[3044],"product_tag":[],"class_list":{"0":"post-173028","1":"product","2":"type-product","3":"status-publish","4":"has-post-thumbnail","6":"product_brand-imou","7":"product_cat-juurdepaasu-kontroll","8":"product_shipping_class-innpro","10":"first","11":"outofstock","12":"sale","13":"taxable","14":"shipping-taxable","15":"purchasable","16":"product-type-simple"},"_links":{"self":[{"href":"https:\/\/blankpage.ee\/_ruumist-ruumi\/wp-json\/wp\/v2\/product\/173028","targetHints":{"allow":["GET"]}}],"collection":[{"href":"https:\/\/blankpage.ee\/_ruumist-ruumi\/wp-json\/wp\/v2\/product"}],"about":[{"href":"https:\/\/blankpage.ee\/_ruumist-ruumi\/wp-json\/wp\/v2\/types\/product"}],"replies":[{"embeddable":true,"href":"https:\/\/blankpage.ee\/_ruumist-ruumi\/wp-json\/wp\/v2\/comments?post=173028"}],"wp:featuredmedia":[{"embeddable":true,"href":"https:\/\/blankpage.ee\/_ruumist-ruumi\/wp-json\/wp\/v2\/media\/173035"}],"wp:attachment":[{"href":"https:\/\/blankpage.ee\/_ruumist-ruumi\/wp-json\/wp\/v2\/media?parent=173028"}],"wp:term":[{"taxonomy":"product_brand","embeddable":true,"href":"https:\/\/blankpage.ee\/_ruumist-ruumi\/wp-json\/wp\/v2\/product_brand?post=173028"},{"taxonomy":"product_cat","embeddable":true,"href":"https:\/\/blankpage.ee\/_ruumist-ruumi\/wp-json\/wp\/v2\/product_cat?post=173028"},{"taxonomy":"product_tag","embeddable":true,"href":"https:\/\/blankpage.ee\/_ruumist-ruumi\/wp-json\/wp\/v2\/product_tag?post=173028"}],"curies":[{"name":"wp","href":"https:\/\/api.w.org\/{rel}","templated":true}]}}