{"id":173057,"date":"2025-04-19T09:10:22","date_gmt":"2025-04-19T09:10:22","guid":{"rendered":"https:\/\/ruumistruumi.ee\/pood\/nutikas-kohalolekuandur-meross-ms600-wifi-matter-pir-radar\/"},"modified":"2025-08-21T08:18:59","modified_gmt":"2025-08-21T08:18:59","slug":"nutikas-kohalolekuandur-meross-ms600-wifi-matter-pir-radar","status":"publish","type":"product","link":"https:\/\/blankpage.ee\/_ruumist-ruumi\/pood\/nutikas-kohalolekuandur-meross-ms600-wifi-matter-pir-radar\/","title":{"rendered":"Nutikas kohalolekuandur Meross MS600 (WiFi, Matter, PIR, radar)"},"content":{"rendered":"<h3>Nutikas kohalolekuandur Meross MS600 (WiFi, Matter, PIR, radar)<\/h3>\n<p>Nutikas kohalolekuandur on suure t\u00e4psusega seade, mis \u00fchendab liikumisanduri ja millimeeterlaine radari tehnoloogia. Meross MS600 suudab tuvastada liikumist ning inimese kohalolekut ka siis, kui inimene on paigal. See muudab anduri eriti sobivaks nutikodu automaatika jaoks, n\u00e4iteks valgustuse v\u00f5i turvas\u00fcsteemide juhtimiseks. Matter protokolli kasutamiseks on vajalik eraldiseisev l\u00fc\u00fcs (ei kuulu komplekti).<\/p>\n<p><img decoding=\"async\" alt=\"Nutikas kohalolekuandur Meross MS600 karbiga\" src=\"https:\/\/blankpage.ee\/_ruumist-ruumi\/wp-content\/uploads\/2025\/04\/6-324.webp\" \/><\/p>\n<h3>Kaksikandur t\u00e4pseks tuvastuseks<\/h3>\n<p>Meross MS600 nutikas kohalolekuandur kasutab PIR-andurit ning millimeeterlaine radarit, minimeerides valeh\u00e4ireid, mille v\u00f5ivad p\u00f5hjustada n\u00e4iteks robotolmuimejad v\u00f5i varjud. Integreeritud valgusandur v\u00f5imaldab valgustuse automaatset juhtimist vastavalt ruumis olevatele valgusoludele.<\/p>\n<p><img decoding=\"async\" alt=\"Nutika kohalolekuanduri Meross MS600 sensori t\u00f6\u00f6 p\u00f5him\u00f5te\" src=\"https:\/\/blankpage.ee\/_ruumist-ruumi\/wp-content\/uploads\/2025\/04\/3-432.webp\" \/><\/p>\n<h3>Lai \u00fchilduvus nutikodu s\u00fcsteemidega<\/h3>\n<p>Andur t\u00f6\u00f6tab Matter platvormil ning \u00fchildub paljude tuntud nutikodu s\u00fcsteemidega, nagu HomeKit, Alexa, Google Home ja Meross rakendus. See v\u00f5imaldab mugavat juhtimist l\u00e4bi Sinu eelistatud seadmete, pakkudes stabiilsust, v\u00e4ikest viivitust, k\u00f5rgemat privaatsust ning v\u00f5imalust t\u00f6\u00f6tada ka ilma interneti\u00fchenduseta.<\/p>\n<p><img decoding=\"async\" alt=\"Nutika kohalolekuanduri Matter \u00fchilduvus erinevate nutikodu seadmetega\" src=\"https:\/\/blankpage.ee\/_ruumist-ruumi\/wp-content\/uploads\/2025\/04\/7-289.webp\" \/><\/p>\n<h3>Privaatsus ja turvalisus Sinu kodus<\/h3>\n<p>Erinevalt kaameratest ei salvesta nutikas kohalolekuandur videot ega kogu tundlikku teavet ruumist. Radartehnoloogia tuvastab ka v\u00e4ikseimad liigutused, v\u00e4hendades valeh\u00e4ireid. Lahkudes kodust saad anduri sissetungi korral teavituse telefoni kaudu.<\/p>\n<p><img decoding=\"async\" alt=\"Kohalolekuanduri privaatsus ja turvalisus nutikodus\" src=\"https:\/\/blankpage.ee\/_ruumist-ruumi\/wp-content\/uploads\/2025\/04\/8-148.webp\" \/><\/p>\n<h3>Paindlik paigaldus ja lai tuvastusulatus<\/h3>\n<p>Sensori paigaldusalus v\u00f5imaldab 360\u00b0 p\u00f6\u00f6ramist ja 180\u00b0 kallutamist, mis muudab tuvastusnurga seadistamise lihtsaks. Liikumise tuvastusulatus on kuni 12 meetrit ning kohalolekutuvastus t\u00f6\u00f6tab kuni 6 meetri raadiuses. Kaablid saab korralikult paigaldada t\u00e4nu kaasasolevatele kaablikorraldajatele.<\/p>\n<p><img decoding=\"async\" alt=\"Nutikas kohalolekuandur Meross MS600 paigaldusalusel\" src=\"https:\/\/blankpage.ee\/_ruumist-ruumi\/wp-content\/uploads\/2025\/04\/4-417.webp\" \/><\/p>\n<h3>Lai kasutusvaldkond erinevates ruumides<\/h3>\n<p>Nutikas kohalolekuandur sobib ideaalselt kodudesse, garaa\u017eidesse, hotellidesse ja \u00e4ripindadele. N\u00e4iteks v\u00f5imaldab see automaatselt k\u00e4ivitada vannitoa ventilatsiooni, kui andur tuvastab viibimise \u00fcle 5 minuti v\u00f5i l\u00fclitada konditsioneeri v\u00e4lja, kui lahkud magamistoast.<\/p>\n<p><img decoding=\"async\" alt=\"Kohalolekuanduri kasutusv\u00f5imalused erinevates nutikodu rakendustes\" src=\"https:\/\/blankpage.ee\/_ruumist-ruumi\/wp-content\/uploads\/2025\/04\/5-358.webp\" \/><\/p>\n<h3>Komplekti kuulub<\/h3>\n<ul>\n<li>MS600 andur<\/li>\n<li>Toitekaabel<\/li>\n<li>Toiteadapter<\/li>\n<li>Kolm kaablikorraldajat<\/li>\n<li>Kinnituskleebis<\/li>\n<li>Kaitsekate<\/li>\n<li>Kasutusjuhend<\/li>\n<\/ul>\n<h3>Tehnilised n\u00e4itajad<\/h3>\n<table>\n<tr>\n<th>Tootja<\/th>\n<td>Meross<\/td>\n<\/tr>\n<tr>\n<th>Mudel<\/th>\n<td>MS600<\/td>\n<\/tr>\n<tr>\n<th>Sisestuspinge<\/th>\n<td>5V~, 1A<\/td>\n<\/tr>\n<tr>\n<th>Radari sagedus<\/th>\n<td>24 GHz (ISM)<\/td>\n<\/tr>\n<tr>\n<th>Pistik<\/th>\n<td>USB-C<\/td>\n<\/tr>\n<tr>\n<th>Nupp<\/th>\n<td>Taastamine<\/td>\n<\/tr>\n<tr>\n<th>LED<\/th>\n<td>1x LED<\/td>\n<\/tr>\n<tr>\n<th>M\u00f5\u00f5dud (L x S x K)<\/th>\n<td>75,4 x 34,7 x 38,4 mm<\/td>\n<\/tr>\n<tr>\n<th>Sisemine antenn<\/th>\n<td>1 tk<\/td>\n<\/tr>\n<tr>\n<th>Wi-Fi standardid<\/th>\n<td>IEEE 802.11 b\/g\/n, 2.4 GHz, 1T1R<\/td>\n<\/tr>\n<tr>\n<th>V\u00f5rgu turvalisus<\/th>\n<td>64\/128-bitine WEP, WPA-PSK\/WPA2-PSK (ei toeta ettev\u00f5tte Wi-Fi v\u00f5rke)<\/td>\n<\/tr>\n<tr>\n<th>Sertifikaadid<\/th>\n<td>CE, FCC, IC, WEEE<\/td>\n<\/tr>\n<tr>\n<th>S\u00fcsteemin\u00f5uded<\/th>\n<td>Nutikas telefon iOS 16.1 v\u00f5i uuem, Android 8.1 v\u00f5i uuem, Bluetooth 4.2 v\u00f5i uuem; 2,4 GHz WiFi-v\u00f5rk<\/td>\n<\/tr>\n<tr>\n<th>T\u00f6\u00f6tamistemperatuur<\/th>\n<td>-10 ~ 45\u2103<\/td>\n<\/tr>\n<tr>\n<th>Ladustamistemperatuur<\/th>\n<td>-40\u00b0C~70\u00b0C<\/td>\n<\/tr>\n<tr>\n<th>\u00d5huniiskus t\u00f6\u00f6tamisel<\/th>\n<td>20~95% RH<\/td>\n<\/tr>\n<tr>\n<th>\u00d5huniiskus ladustamisel<\/th>\n<td>5% ~ 90% (mittekondenseeruv)<\/td>\n<\/tr>\n<\/table>\n","protected":false},"excerpt":{"rendered":"<p>Nutikas kohalolekuandur Meross MS600 (WiFi, Matter, PIR, radar) Nutikas kohalolekuandur on suure t\u00e4psusega seade, mis \u00fchendab liikumisanduri ja millimeeterlaine radari tehnoloogia. Meross MS600 suudab tuvastada liikumist ning inimese kohalolekut ka siis, kui inimene on paigal. See muudab anduri eriti sobivaks nutikodu automaatika jaoks, n\u00e4iteks valgustuse v\u00f5i turvas\u00fcsteemide juhtimiseks. Matter protokolli kasutamiseks on vajalik eraldiseisev l\u00fc\u00fcs [&hellip;]<\/p>\n","protected":false},"featured_media":173064,"comment_status":"open","ping_status":"open","template":"","meta":[],"product_brand":[3050],"product_cat":[3042],"product_tag":[],"class_list":{"0":"post-173057","1":"product","2":"type-product","3":"status-publish","4":"has-post-thumbnail","6":"product_brand-meross","7":"product_cat-andurid","8":"product_shipping_class-innpro","10":"first","11":"instock","12":"sale","13":"taxable","14":"shipping-taxable","15":"purchasable","16":"product-type-simple"},"_links":{"self":[{"href":"https:\/\/blankpage.ee\/_ruumist-ruumi\/wp-json\/wp\/v2\/product\/173057","targetHints":{"allow":["GET"]}}],"collection":[{"href":"https:\/\/blankpage.ee\/_ruumist-ruumi\/wp-json\/wp\/v2\/product"}],"about":[{"href":"https:\/\/blankpage.ee\/_ruumist-ruumi\/wp-json\/wp\/v2\/types\/product"}],"replies":[{"embeddable":true,"href":"https:\/\/blankpage.ee\/_ruumist-ruumi\/wp-json\/wp\/v2\/comments?post=173057"}],"wp:featuredmedia":[{"embeddable":true,"href":"https:\/\/blankpage.ee\/_ruumist-ruumi\/wp-json\/wp\/v2\/media\/173064"}],"wp:attachment":[{"href":"https:\/\/blankpage.ee\/_ruumist-ruumi\/wp-json\/wp\/v2\/media?parent=173057"}],"wp:term":[{"taxonomy":"product_brand","embeddable":true,"href":"https:\/\/blankpage.ee\/_ruumist-ruumi\/wp-json\/wp\/v2\/product_brand?post=173057"},{"taxonomy":"product_cat","embeddable":true,"href":"https:\/\/blankpage.ee\/_ruumist-ruumi\/wp-json\/wp\/v2\/product_cat?post=173057"},{"taxonomy":"product_tag","embeddable":true,"href":"https:\/\/blankpage.ee\/_ruumist-ruumi\/wp-json\/wp\/v2\/product_tag?post=173057"}],"curies":[{"name":"wp","href":"https:\/\/api.w.org\/{rel}","templated":true}]}}