{"id":173079,"date":"2025-04-19T09:13:34","date_gmt":"2025-04-19T09:13:34","guid":{"rendered":"https:\/\/ruumistruumi.ee\/pood\/sonoff-nutikas-luliti-mini-d-wifi-matter-kuivkontakt-ac-dc-12-48v\/"},"modified":"2025-08-21T08:18:59","modified_gmt":"2025-08-21T08:18:59","slug":"sonoff-nutikas-luliti-mini-d-wifi-matter-kuivkontakt-ac-dc-12-48v","status":"publish","type":"product","link":"https:\/\/blankpage.ee\/_ruumist-ruumi\/pood\/sonoff-nutikas-luliti-mini-d-wifi-matter-kuivkontakt-ac-dc-12-48v\/","title":{"rendered":"SONOFF nutikas l\u00fcliti MINI-D, WiFi, Matter, kuivkontakt, AC\/DC 12\u201348V"},"content":{"rendered":"<h3>SONOFF nutikas l\u00fcliti MINI-D, WiFi, Matter, kuivkontakt, AC\/DC 12\u201348V<\/h3>\n<p>SONOFF nutikas l\u00fcliti MINI-D on kompaktne juhtseade, mis v\u00f5imaldab sul erinevaid koduautomaatika s\u00fcsteeme juhtida mugavalt l\u00e4bi juhtmevaba \u00fchenduse. T\u00e4nu Matter standardi toele \u00fchildub see sonoff nutikas l\u00fcliti sujuvalt enamlevinud nutikodulahendustega, nagu Google Home, Apple Home ja Amazon Alexa. Lisaks saab mooduli siduda Home Assistantiga, pakkudes laialdasi v\u00f5imalusi oma kodu v\u00f5i t\u00f6\u00f6keskkonna automatiseerimiseks. Seadet saad kasutada nii v\u00e4iksepinge rakendustes (n\u00e4iteks garaa\u017eiuste, k\u00fcttes\u00fcsteemide v\u00f5i ventiilide juhtimisel) kui ka suuremate koormuste kontrollimiseks kontaktori abil.<\/p>\n<p><img decoding=\"async\" src=\"https:\/\/blankpage.ee\/_ruumist-ruumi\/wp-content\/uploads\/2025\/04\/4-418.webp\" alt=\"SONOFF nutikas l\u00fcliti MINI-D kompaktne disain, eesvaade\" \/><\/p>\n<h3>Matter standardi tugi ja nutikas kodu juhtimine<\/h3>\n<p>SONOFF MINI-D nutikas l\u00fcliti toetab Matter standardit, mis t\u00e4hendab, et saad seda h\u00f5lpsalt integreerida erinevate koduautomaatika platvormidega. Hallata saab seadet valitud tarkvara abil, seadistades ajastusi v\u00f5i automaatseid stsenaariume ning suurendades nii kodu mugavust ja energiat\u00f5husust.<\/p>\n<p><img decoding=\"async\" src=\"https:\/\/blankpage.ee\/_ruumist-ruumi\/wp-content\/uploads\/2025\/04\/3-433.webp\" alt=\"Nutikas automaatika moodul Matter standardiga juhtimiseks\" \/><\/p>\n<h3>Paindlik juhtimine ja kuivkontaktiga l\u00fclitus<\/h3>\n<p>L\u00fcliti kuivkontakt v\u00f5imaldab ohutut juhtimist seadmetele, mis n\u00f5uavad vooluringi avamist v\u00f5i sulgemist ilma voolu rakendamata. See suurendab turvalisust ning aitab v\u00e4hendada seadmete kahjustumise v\u00f5imalust. Seadet sobib kasutada n\u00e4iteks elektrilukkude, v\u00e4ravate ja k\u00fctteautomaatika juhtimiseks.<\/p>\n<p><img decoding=\"async\" src=\"https:\/\/blankpage.ee\/_ruumist-ruumi\/wp-content\/uploads\/2025\/04\/7-291.webp\" alt=\"Kuivkontaktiga nutikas l\u00fcliti \u00fchendusklemmid\" \/><\/p>\n<h3>Lai toitepinge ja kasutusv\u00f5imalused<\/h3>\n<p>SONOFF nutikas l\u00fcliti MINI-D t\u00f6\u00f6tab nii vahelduv- (100\u2013240V, 0,1A) kui ka alalisvoolul (12\u201348V, 1A), sobides erinevatesse paigalduskeskkondadesse: t\u00fc\u00fcpilistesse koduinstallatsioonidesse v\u00f5i t\u00f6\u00f6stusautomaatikasse.<\/p>\n<p><img decoding=\"async\" src=\"https:\/\/blankpage.ee\/_ruumist-ruumi\/wp-content\/uploads\/2025\/04\/1-452.webp\" alt=\"Juhtimismoodul kodu- ja t\u00f6\u00f6stusautomaatika jaoks\" \/><\/p>\n<h3>Juhtimine kodust eemal ja kaugjuurdep\u00e4\u00e4s<\/h3>\n<p>\u00dcks olulisemaid kasutusvaldkondi on garaa\u017eiuste ning v\u00e4ravate kaugjuhtimine. Nutirakenduse abil saad v\u00e4ravat avada v\u00f5i sulgeda k\u00f5ikjalt, tagades turvalisuse ja mugavuse. Kaamera lisamisel on v\u00e4rava olek alati kontrolli all.<\/p>\n<p><img decoding=\"async\" src=\"https:\/\/blankpage.ee\/_ruumist-ruumi\/wp-content\/uploads\/2025\/04\/5-360.webp\" alt=\"Garaa\u017eiukse kaugjuhtimine SONOFF nutika l\u00fcliti abil\" \/><\/p>\n<h3>Liidestus k\u00fcttes\u00fcsteemi ja termostaatidega<\/h3>\n<p>SONOFF nutikas l\u00fcliti MINI-D v\u00f5imaldab ka katelde, termostaatide v\u00f5i radiaatorite juhtimist. Kaugjuhtimine ja ajastused aitavad optimeerida kodu k\u00fctmist ja v\u00e4hendada energiakulu.<\/p>\n<p><img decoding=\"async\" src=\"https:\/\/blankpage.ee\/_ruumist-ruumi\/wp-content\/uploads\/2025\/04\/6-326.webp\" alt=\"SONOFF nutikas l\u00fcliti k\u00fctte lahendustes\" \/><\/p>\n<h3>Suuremate elektrikoormuste kontroll kontaktori kaudu<\/h3>\n<p>T\u00e4nu madalale voolutarbele saab mooduli abil juhtida ka suuremat v\u00f5imsust n\u00f5udvaid seadmeid kontaktori abil, n\u00e4iteks pumpasid, ventilaatoreid v\u00f5i t\u00f6\u00f6stusvalgustust.<\/p>\n<p><img decoding=\"async\" src=\"https:\/\/blankpage.ee\/_ruumist-ruumi\/wp-content\/uploads\/2025\/04\/8-149.webp\" alt=\"Automaatikajuhtmoodul suurte seadmete jaoks, SONOFF\" \/><\/p>\n<h3>Ventiiilide ja kastmiss\u00fcsteemide automatiseerimine<\/h3>\n<p>MINI-D nutikas l\u00fcliti sobib solenoidventiilide v\u00f5i v\u00e4ikeste elektrimootorite (kuni 8 W) juhtimiseks, mis teeb selle kasulikuks aiakastmise ja muude automaatsete protsesside juures. SONOFF nutikas l\u00fcliti muudab aiahoolduse mugavamaks ja t\u00f5husamaks.<\/p>\n<p><img decoding=\"async\" src=\"https:\/\/blankpage.ee\/_ruumist-ruumi\/wp-content\/uploads\/2025\/04\/2-451.webp\" alt=\"Juhtimismoodul SONOFF ventiilide ja kastmiss\u00fcsteemide jaoks\" \/><\/p>\n<h3>Tehnilised andmed<\/h3>\n<table>\n<tr>\n<th>Tootja<\/th>\n<td>SONOFF<\/td>\n<\/tr>\n<tr>\n<th>Mudel<\/th>\n<td>MINI-D<\/td>\n<\/tr>\n<tr>\n<th>Traadita \u00fchendus<\/th>\n<td>Wi-Fi: IEEE 802.11 b\/g\/n 2.4GHz<\/td>\n<\/tr>\n<tr>\n<th>Maksimaalne koormus<\/th>\n<td>24V\u2393 \u2013 2A (takistuslik koormus), 12\/24V\u2393 \u2013 8W<\/td>\n<\/tr>\n<tr>\n<th>Toitepinge<\/th>\n<td>100\u2013240V~ 50\/60Hz, 0,1A max v\u00f5i 12\u201348V\u2393, 1A max<\/td>\n<\/tr>\n<tr>\n<th>Materjal<\/th>\n<td>PC<\/td>\n<\/tr>\n<tr>\n<th>M\u00f5\u00f5tmed<\/th>\n<td>43 \u00d7 41 \u00d7 21,5 mm<\/td>\n<\/tr>\n<tr>\n<th>Kaal<\/th>\n<td>34,5 g<\/td>\n<\/tr>\n<tr>\n<th>V\u00e4rv<\/th>\n<td>Valge<\/td>\n<\/tr>\n<\/table>\n<p>SONOFF nutikas l\u00fcliti MINI-D sobib paigaldamiseks kodudesse, t\u00f6\u00f6stusautomaatikasse ja aiandusse \u2013 pakkudes turvalisust, mugavust ning mitmek\u00fclgseid v\u00f5imalusi igap\u00e4evaste elektriseadmete juhtimiseks.<\/p>\n","protected":false},"excerpt":{"rendered":"<p>SONOFF nutikas l\u00fcliti MINI-D, WiFi, Matter, kuivkontakt, AC\/DC 12\u201348V SONOFF nutikas l\u00fcliti MINI-D on kompaktne juhtseade, mis v\u00f5imaldab sul erinevaid koduautomaatika s\u00fcsteeme juhtida mugavalt l\u00e4bi juhtmevaba \u00fchenduse. T\u00e4nu Matter standardi toele \u00fchildub see sonoff nutikas l\u00fcliti sujuvalt enamlevinud nutikodulahendustega, nagu Google Home, Apple Home ja Amazon Alexa. Lisaks saab mooduli siduda Home Assistantiga, pakkudes laialdasi [&hellip;]<\/p>\n","protected":false},"featured_media":173088,"comment_status":"open","ping_status":"open","template":"","meta":[],"product_brand":[3037],"product_cat":[3043],"product_tag":[],"class_list":{"0":"post-173079","1":"product","2":"type-product","3":"status-publish","4":"has-post-thumbnail","6":"product_brand-sonoff","7":"product_cat-nutikontrollerid","8":"product_shipping_class-innpro","10":"first","11":"instock","12":"sale","13":"taxable","14":"shipping-taxable","15":"purchasable","16":"product-type-simple"},"_links":{"self":[{"href":"https:\/\/blankpage.ee\/_ruumist-ruumi\/wp-json\/wp\/v2\/product\/173079","targetHints":{"allow":["GET"]}}],"collection":[{"href":"https:\/\/blankpage.ee\/_ruumist-ruumi\/wp-json\/wp\/v2\/product"}],"about":[{"href":"https:\/\/blankpage.ee\/_ruumist-ruumi\/wp-json\/wp\/v2\/types\/product"}],"replies":[{"embeddable":true,"href":"https:\/\/blankpage.ee\/_ruumist-ruumi\/wp-json\/wp\/v2\/comments?post=173079"}],"wp:featuredmedia":[{"embeddable":true,"href":"https:\/\/blankpage.ee\/_ruumist-ruumi\/wp-json\/wp\/v2\/media\/173088"}],"wp:attachment":[{"href":"https:\/\/blankpage.ee\/_ruumist-ruumi\/wp-json\/wp\/v2\/media?parent=173079"}],"wp:term":[{"taxonomy":"product_brand","embeddable":true,"href":"https:\/\/blankpage.ee\/_ruumist-ruumi\/wp-json\/wp\/v2\/product_brand?post=173079"},{"taxonomy":"product_cat","embeddable":true,"href":"https:\/\/blankpage.ee\/_ruumist-ruumi\/wp-json\/wp\/v2\/product_cat?post=173079"},{"taxonomy":"product_tag","embeddable":true,"href":"https:\/\/blankpage.ee\/_ruumist-ruumi\/wp-json\/wp\/v2\/product_tag?post=173079"}],"curies":[{"name":"wp","href":"https:\/\/api.w.org\/{rel}","templated":true}]}}