{"id":173099,"date":"2025-04-19T09:13:34","date_gmt":"2025-04-19T09:13:34","guid":{"rendered":"https:\/\/ruumistruumi.ee\/pood\/nutikas-juhtpaneel-sonoff-nspanel-pro-120-4-7-puuteekraan-matter-zigbee-wifi-must\/"},"modified":"2025-08-21T08:18:59","modified_gmt":"2025-08-21T08:18:59","slug":"nutikas-juhtpaneel-sonoff-nspanel-pro-120-4-7-puuteekraan-matter-zigbee-wifi-must","status":"publish","type":"product","link":"https:\/\/blankpage.ee\/_ruumist-ruumi\/pood\/nutikas-juhtpaneel-sonoff-nspanel-pro-120-4-7-puuteekraan-matter-zigbee-wifi-must\/","title":{"rendered":"Nutikas juhtpaneel SONOFF NSPanel Pro 120, 4.7&#8243; puuteekraan, Matter, Zigbee, WiFi, must"},"content":{"rendered":"<h3>Nutikas juhtpaneel SONOFF NSPanel Pro 120, 4,7&#8243; puuteekraan, Matter, Zigbee, WiFi, must<\/h3>\n<p>Nutikas juhtpaneel SONOFF NSPanel Pro 120 koondab endasse WiFi, Bluetoothi, Zigbee 3.0 ja Matteri toe, v\u00f5imaldades k\u00f5iki nutikodu seadmeid mugavalt hallata. 4,7-tolline TFT LCD puuteekraan (resolutsioon 750 \u00d7 1334 px) pakub kasutajas\u00f5bralikku liidest, mille kaudu saad juhtida valgustust, temperatuuri, turvas\u00fcsteemi ja muid funktsioone. Sisseehitatud Zigbee 3.0 keskjaam ja Matteri tugi tagavad laia \u00fchilduvuse erinevate tootjate seadmetega. Lisaks saad j\u00e4lgida energiatarbimist, seadistada turvare\u017eiime ning kasutada kahepoolse k\u00f5nega interkoomi funktsiooni.<\/p>\n<p><img decoding=\"async\" alt=\"SONOFF NSPanel Pro 120 nutikas juhtpaneel t\u00f6\u00f6korras puuteekraanil\" src=\"https:\/\/blankpage.ee\/_ruumist-ruumi\/wp-content\/uploads\/2025\/04\/2-452.webp\"\/><\/p>\n<h3>Paindlik Zigbee ja Matteri tugi<\/h3>\n<p>See juhtpaneel toimib Zigbee 3.0 keskseadmena, v\u00f5imaldades kiiresti lisada ja hallata nii SONOFFi kui ka teiste Zigbee standardit toetavate seadmeid. Matteri tugi avardab seadmekasutusvalikuid ning hoiab nutiv\u00f5rgu t\u00e4ielikult kontrolli all. Soovi korral saad kasutada nutikat juhtpaneeli ka Zigbee v\u00f5imendina, mis suurendab seadmete \u00fchenduse t\u00f6\u00f6kindlust ja leviala.<\/p>\n<p><img decoding=\"async\" alt=\"Juhtpaneel Zigbee ja Matter seadmete haldamiseks\" src=\"https:\/\/blankpage.ee\/_ruumist-ruumi\/wp-content\/uploads\/2025\/04\/6-327.webp\"\/><\/p>\n<h3>Nutikas temperatuurihaldus ja anduritega integreerimine<\/h3>\n<p>SONOFF NSPanel Pro 120 \u00fchildub erinevate sensoritega (nt SNZB-02P, TH Elite), v\u00f5imaldades t\u00e4pset sise\u00f5hu temperatuuri j\u00e4lgimist. Saad m\u00e4\u00e4rata automatiseeritud graafikuid, j\u00e4lgida reaalajas tingimusi ning juhtida k\u00fcttes\u00fcsteeme ja jahutust energiat\u00f5husalt.<\/p>\n<p><img decoding=\"async\" alt=\"Temperatuurianduriga \u00fchendatud juhtpaneel nutikodus\" src=\"https:\/\/blankpage.ee\/_ruumist-ruumi\/wp-content\/uploads\/2025\/04\/5-361.webp\"\/><\/p>\n<h3>Turvalisus ja reaalajas j\u00e4lgimine<\/h3>\n<p>Valikus on kolm turvare\u017eiimi: &#8220;Kodust \u00e4ra&#8221; re\u017eiim saadab teavitusi liikumise- v\u00f5i ukse avastamisel, &#8220;Kodus&#8221; re\u017eiim kaitseb sisenemiste eest ja &#8220;Uinumis&#8221; re\u017eiim sobib \u00f6iseks kaitseks. Kaamera integreerimise v\u00f5imalus lubab kodu j\u00e4lgida reaalajas. Sisseehitatud mikrofon ja k\u00f5lar v\u00f5imaldavad kahepoolset suhtlust.<\/p>\n<p><img decoding=\"async\" alt=\"Turvas\u00fcsteemi juhtimine nutika SONOFF juhtpaneeliga\" src=\"https:\/\/blankpage.ee\/_ruumist-ruumi\/wp-content\/uploads\/2025\/04\/4-419.webp\"\/><\/p>\n<h3>Kohandatav kasutajaliides ning energiatarbimise j\u00e4lgimine<\/h3>\n<p>Juhtpaneeli liidest saab kohandada vastavalt soovile: valida on kahe koduekraani stiili, mitmete eelvalitud v\u00f5i oma taustapiltide ning paigutatavate vidinate vahel. Puuteekraan kuvab kuni 16,7 miljonit v\u00e4rvi, valgusandur reguleerib automaatselt ekraani eredust. Nutikas juhtpaneel \u00fchildub erinevate energiatarbimise j\u00e4lgimise seadmetega (nt POW Elite, POW Origin, S40, S31, DUALR3), aidates igap\u00e4evast energiakasutust optimeerida. Lisaks saab veebilehtede otseteid (Google, YouTube, Pinterest jne) ekraanile kinnitada.<\/p>\n<p><img decoding=\"async\" alt=\"Energiatarbimise j\u00e4lgimise v\u00f5imalused SONOFF nutikas juhtpaneelil\" src=\"https:\/\/blankpage.ee\/_ruumist-ruumi\/wp-content\/uploads\/2025\/04\/3-434.webp\"\/><\/p>\n<h3>V\u00f5imekas riistvara ning sujuv t\u00f6\u00f6<\/h3>\n<p>Seadet juhib neljatuumaline ARM Cortex-A35 protsessor, varustuseks on 2GB DDR3 RAM ja 8GB eMMC 5.1 sisem\u00e4lu, mis garanteerivad kiire ja t\u00f5rgeteta t\u00f6\u00f6. Nutikas juhtpaneel toetab k\u00f5nesidet teiste paneelidega ning rakenduse (eWeLink) kaudu.<\/p>\n<p><img decoding=\"async\" alt=\"SONOFF NSPanel Pro 120 protsessori ja riistvara \u00fclevaade\" src=\"https:\/\/blankpage.ee\/_ruumist-ruumi\/wp-content\/uploads\/2025\/04\/8-150.webp\"\/><\/p>\n<h3>Lai \u00fchilduvus ning nutikate lahenduste tugi<\/h3>\n<p>Paneel toetab eWeLink Remote funktsiooni ning sobitub Homebridge&#8217;i, Node-REDi ja Paral-Sync lahendustega. Avatud API v\u00f5imaldab luua personaalseid automatiseeritud lahendusi. Toetatud on kuni 32 keelt, kuva kella ja 7 p\u00e4eva ilmaprognoosi ning k\u00fclalisre\u017eiimi funktsioonid \u2013 ideaalne mugava ja turvalise nutikodu eluks.<\/p>\n<p><img decoding=\"async\" alt=\"Automatiseerimisv\u00f5imalused SONOFF nutika juhtpaneeliga\" src=\"https:\/\/blankpage.ee\/_ruumist-ruumi\/wp-content\/uploads\/2025\/04\/1-453.webp\"\/><\/p>\n<div class=\"table-wrapper\">\n<table>\n<tbody>\n<tr>\n<th>Tootja<\/th>\n<td>SONOFF<\/td>\n<\/tr>\n<tr>\n<th>Mudel<\/th>\n<td>NSPanel120PB<\/td>\n<\/tr>\n<tr>\n<th>Ekraani suurus<\/th>\n<td>4,7&#8243;<\/td>\n<\/tr>\n<tr>\n<th>Resolutsioon<\/th>\n<td>750 \u00d7 1334 px<\/td>\n<\/tr>\n<tr>\n<th>Toide<\/th>\n<td>100\u2013240V~ 50\/60Hz 0,15A max.<\/td>\n<\/tr>\n<tr>\n<th>Protsessor<\/th>\n<td>4-tuummeline ARM Cortex-A35<\/td>\n<\/tr>\n<tr>\n<th>GPU<\/th>\n<td>Mali G31-2EE<\/td>\n<\/tr>\n<tr>\n<th>\u00dchenduvus<\/th>\n<td>Wi-Fi IEEE 802.11 b\/g\/n 2.4GHz, Zigbee 3.0<\/td>\n<\/tr>\n<tr>\n<th>T\u00f6\u00f6keskkonna niiskus<\/th>\n<td>5\u201390% RH, mitte kondenseeruv<\/td>\n<\/tr>\n<tr>\n<th>T\u00f6\u00f6keskkonna temperatuur<\/th>\n<td>0\u00b0C \u2013 40\u00b0C<\/td>\n<\/tr>\n<tr>\n<th>Korpus<\/th>\n<td>PC V0 + CRS + karastatud klaas<\/td>\n<\/tr>\n<tr>\n<th>M\u00f5\u00f5tmed<\/th>\n<td>122,5 \u00d7 74,5 \u00d7 39,5 mm<\/td>\n<\/tr>\n<tr>\n<th>Sertifikaadid<\/th>\n<td>CE\/FCC\/ISED\/RoHS<\/td>\n<\/tr>\n<\/tbody>\n<\/table>\n<\/div>\n","protected":false},"excerpt":{"rendered":"<p>Nutikas juhtpaneel SONOFF NSPanel Pro 120, 4,7&#8243; puuteekraan, Matter, Zigbee, WiFi, must Nutikas juhtpaneel SONOFF NSPanel Pro 120 koondab endasse WiFi, Bluetoothi, Zigbee 3.0 ja Matteri toe, v\u00f5imaldades k\u00f5iki nutikodu seadmeid mugavalt hallata. 4,7-tolline TFT LCD puuteekraan (resolutsioon 750 \u00d7 1334 px) pakub kasutajas\u00f5bralikku liidest, mille kaudu saad juhtida valgustust, temperatuuri, turvas\u00fcsteemi ja muid funktsioone. [&hellip;]<\/p>\n","protected":false},"featured_media":173107,"comment_status":"open","ping_status":"open","template":"","meta":[],"product_brand":[3037],"product_cat":[3057],"product_tag":[],"class_list":{"0":"post-173099","1":"product","2":"type-product","3":"status-publish","4":"has-post-thumbnail","6":"product_brand-sonoff","7":"product_cat-juhtpaneelid","8":"product_shipping_class-innpro","10":"first","11":"instock","12":"sale","13":"taxable","14":"shipping-taxable","15":"purchasable","16":"product-type-simple"},"_links":{"self":[{"href":"https:\/\/blankpage.ee\/_ruumist-ruumi\/wp-json\/wp\/v2\/product\/173099","targetHints":{"allow":["GET"]}}],"collection":[{"href":"https:\/\/blankpage.ee\/_ruumist-ruumi\/wp-json\/wp\/v2\/product"}],"about":[{"href":"https:\/\/blankpage.ee\/_ruumist-ruumi\/wp-json\/wp\/v2\/types\/product"}],"replies":[{"embeddable":true,"href":"https:\/\/blankpage.ee\/_ruumist-ruumi\/wp-json\/wp\/v2\/comments?post=173099"}],"wp:featuredmedia":[{"embeddable":true,"href":"https:\/\/blankpage.ee\/_ruumist-ruumi\/wp-json\/wp\/v2\/media\/173107"}],"wp:attachment":[{"href":"https:\/\/blankpage.ee\/_ruumist-ruumi\/wp-json\/wp\/v2\/media?parent=173099"}],"wp:term":[{"taxonomy":"product_brand","embeddable":true,"href":"https:\/\/blankpage.ee\/_ruumist-ruumi\/wp-json\/wp\/v2\/product_brand?post=173099"},{"taxonomy":"product_cat","embeddable":true,"href":"https:\/\/blankpage.ee\/_ruumist-ruumi\/wp-json\/wp\/v2\/product_cat?post=173099"},{"taxonomy":"product_tag","embeddable":true,"href":"https:\/\/blankpage.ee\/_ruumist-ruumi\/wp-json\/wp\/v2\/product_tag?post=173099"}],"curies":[{"name":"wp","href":"https:\/\/api.w.org\/{rel}","templated":true}]}}